{"id":1152,"date":"2013-03-23T14:31:54","date_gmt":"2013-03-23T13:31:54","guid":{"rendered":"http:\/\/www.itkommando.hu\/site\/?page_id=1152"},"modified":"2021-07-14T12:35:30","modified_gmt":"2021-07-14T11:35:30","slug":"a-weblapokrol-2-a-domain-nevekrol","status":"publish","type":"page","link":"https:\/\/www.itkommando.hu\/site\/a_halozat_szolgalataban\/tanulmanyok\/a-weblapokrol\/a-weblapokrol-2-a-domain-nevekrol\/","title":{"rendered":"A weblapokr\u00f3l. A domain nevekr\u0151l"},"content":{"rendered":"<p>Az <a title=\"A weblapokr\u00f3l\" href=\"http:\/\/www.itkommando.hu\/site\/a_halozat_szolgalataban\/tanulmanyok\/a-weblapokrol\/\">el\u0151z\u0151 r\u00e9szben<\/a> \u00e1ttekintett\u00fck a weblapk\u00e9sz\u00edt\u00e9s legfontosabb k\u00e9rd\u00e9seit.<\/p>\n<p>A c\u00e9lk\u00f6z\u00f6ns\u00e9g meghat\u00e1roz\u00e1sa a legfontosabb, ez meghat\u00e1rozza az oldal nyelv\u00e9t, nyelvezet\u00e9t, valamint megjelen\u00e9s\u00e9t. Ahhoz, hogy a weboldalt <em>www.cegnev.hu<\/em> form\u00e1ban el\u00e9rhess\u00e9k a domain nevet be kell jegyezni. A megfelel\u0151 domain name(k) kiv\u00e1laszt\u00e1sa igen fontos, hiszen ez az egyik kulcsa annak, hogy el\u00e9rj\u00e9k a weboldalakat.<img loading=\"lazy\" decoding=\"async\" class=\"alignright\" src=\"http:\/\/recomhub.com\/blog\/wp-content\/uploads\/2016\/03\/domain-name.jpg\" alt=\"A domain nevek kiv\u00e1laszt\u00e1sa\" width=\"324\" height=\"216\" \/><\/p>\n<p>Szempontok, amit, mindenkinek a saj\u00e1t ig\u00e9nyei szerint kell b\u0151v\u00edtenie:<\/p>\n<ul>\n<li>k\u00f6nnyen megjegyezhet\u0151<\/li>\n<li>utal az oldal tartalm\u00e1ra (c\u00e9gn\u00e9v, szolg\u00e1ltat\u00e1sn\u00e9v, m\u00e1rkan\u00e9v)<\/li>\n<li>r\u00f6vid<\/li>\n<li>idegen nyelven se legyen k\u00e9tes \u00e9rtelm\u0171 (p\u00e9ld\u00e1ul a Fut\u00f3 utcai C\u00e9gek K\u00f6re sz\u00e1m\u00e1ra sem aj\u00e1nljuk a fuck.hu bejegyz\u00e9s\u00e9t), hacsak a c\u00e9l nem a polg\u00e1rpukkaszt\u00e1s.<\/li>\n<li>ne legyen k\u00f6nnyen \u00f6sszet\u00e9vesztet\u0151 m\u00e1s hasonl\u00f3 tartalm\u00fa oldalakkal<\/li>\n<\/ul>\n<h3>A domain n\u00e9v v\u00e9gz\u0151d\u00e9se (.hu .com .eu) kiv\u00e1laszt\u00e1sa<\/h3>\n<p>Itt is a c\u00e9lk\u00f6z\u00f6ns\u00e9g megv\u00e1laszt\u00e1sa hat\u00e1rozza meg a v\u00e1laszt\u00e1st.<\/p>\n<p>Ha csak magyar \u00fcgyfeleket szeretn\u00e9nk el\u00e9rni, akkor nem vit\u00e1s, hogy a .hu domaint kell el\u0151nyben r\u00e9szes\u00edteni. Ha a t\u00f6bb eur\u00f3pai, vagy eur\u00f3p\u00e1n k\u00edv\u00fcli\u00a0 orsz\u00e1gban \u00e9l\u0151 \u00fcgyfelet szeretn\u00e9nk kiszolg\u00e1lni,\u00a0 a .eu, illetve .com illetve a nemzeti domaineket is sz\u00fcks\u00e9ges lehet haszn\u00e1lni.<\/p>\n<p>A .com .eu v\u00e9gz\u0151d\u00e9s\u0171 domain neveket esetleg \u00e9rdemes lehet az\u00e9rt befoglalni, hogy m\u00e1s ne haszn\u00e1lhassa arra, hogy a mi c\u00e9g\u00fcnket lej\u00e1rassa.<\/p>\n<h3>Szabad-e a kiv\u00e1lasztott n\u00e9v?<\/h3>\n<p>Ha kiv\u00e1lasztottuk a nevet ellen\u0151rizni kell, hogy m\u00e9g szabad-e az adott n\u00e9v. Ezt az Internetszolg\u00e1ltat\u00f3k Tan\u00e1cs\u00e1nak <a title=\"ISzT\" href=\"https:\/\/www.domain.hu\/\">weboldal\u00e1n<\/a> \u00e9rdemes megtenni.<\/p>\n<p>Ha a kiv\u00e1lasztott n\u00e9v, szabad, akkor meg lehet ind\u00edtani a bejegyz\u00e9st. A bejegyz\u00e9ssel egy szolg\u00e1ltat\u00f3 c\u00e9get \u00e9rdemes megb\u00edzni. A bejegyz\u00e9s \u00e9s a fenntart\u00e1s k\u00f6lts\u00e9ge \u00e9vente n\u00e9h\u00e1ny ezer forint.<\/p>\n<p>Ha m\u00e1r foglalt, akkor \u00e9rdemes \u00fajragondolni:<\/p>\n<ul>\n<li>Haszn\u00e1ljunk .hu helyett .eu-t vagy .com-ot<\/li>\n<li>Tal\u00e1lunk teljesen \u00faj nevet<\/li>\n<li>valahogy kieg\u00e9sz\u00edtj\u00fck (cegnev.hu helyett cegnevkft.hu)<\/li>\n<li>V\u00e1s\u00e1roljuk meg az aktu\u00e1lis tulajdonost\u00f3l<\/li>\n<\/ul>\n<h3>\u00a0\u201eTypo&#8221; haszn\u00e1lata<\/h3>\n<p>\u00c9rdemes lehet egy nagy forgalm\u00fa oldal c\u00edm\u00e9nek elg\u00e9pelt v\u00e1ltozat\u00e1t (is) bejegyezni (p\u00e9ld\u00e1ul origo.hu helyett roigo.hu), hogy az\u00a0\u201eelt\u00e9vedt v\u00e1ndorokat begy\u0171jts\u00fck&#8221;. Ebben az esetben figyelembe kell venni, a szerz\u0151i \u00e9s szomsz\u00e9dos valamint a v\u00e9djegyoltalmi el\u0151\u00edr\u00e1sokat.<\/p>\n<p>Kapcsol\u00f3d\u00f3 oldalak<\/p>\n<ul id=\"menu-tanacsoktanulmanyok\">\n<li id=\"menu-item-1150\"><a href=\"http:\/\/www.itkommando.hu\/site\/a_halozat_szolgalataban\/tanulmanyok\/a-weblapokrol\/\">A weblapokr\u00f3l<\/a><\/li>\n<li><a href=\"http:\/\/www.itkommando.hu\/site\/a_halozat_szolgalataban\/tanulmanyok\/a-weblapokrol\/a-weblapokrol-3-a-weblap-felepiteserol\/\">A weblapokr\u00f3l. A weblap fel\u00e9p\u00edt\u00e9s\u00e9r\u0151l<\/a><\/li>\n<li><a href=\"http:\/\/www.itkommando.hu\/site\/a_halozat_szolgalataban\/tanulmanyok\/video-beagyazasa-a-weboldalba\/\">Vide\u00f3 be\u00e1gyaz\u00e1sa a weboldalba<\/a><\/li>\n<\/ul>\n","protected":false},"excerpt":{"rendered":"<p>Az el\u0151z\u0151 r\u00e9szben \u00e1ttekintett\u00fck a weblapk\u00e9sz\u00edt\u00e9s legfontosabb k\u00e9rd\u00e9seit. A c\u00e9lk\u00f6z\u00f6ns\u00e9g meghat\u00e1roz\u00e1sa a legfontosabb, ez meghat\u00e1rozza az oldal nyelv\u00e9t, nyelvezet\u00e9t, valamint megjelen\u00e9s\u00e9t. Ahhoz, hogy a weboldalt www.cegnev.hu form\u00e1ban el\u00e9rhess\u00e9k a domain&hellip;<a href=\"https:\/\/www.itkommando.hu\/site\/a_halozat_szolgalataban\/tanulmanyok\/a-weblapokrol\/a-weblapokrol-2-a-domain-nevekrol\/\" class=\"more-link\"><span class=\"more-button\">Tov\u00e1bb a r\u00e9szletekre<span class=\"screen-reader-text\">A weblapokr\u00f3l. A domain nevekr\u0151l<\/span><\/span><\/a><\/p>\n","protected":false},"author":1,"featured_media":1000,"parent":1103,"menu_order":0,"comment_status":"closed","ping_status":"closed","template":"","meta":{"footnotes":""},"categories":[10,55,71],"tags":[],"class_list":["post-1152","page","type-page","status-publish","has-post-thumbnail","hentry","category-vasarlas","category-web","category-weblapokrol"],"aioseo_notices":[],"_links":{"self":[{"href":"https:\/\/www.itkommando.hu\/site\/wp-json\/wp\/v2\/pages\/1152","targetHints":{"allow":["GET"]}}],"collection":[{"href":"https:\/\/www.itkommando.hu\/site\/wp-json\/wp\/v2\/pages"}],"about":[{"href":"https:\/\/www.itkommando.hu\/site\/wp-json\/wp\/v2\/types\/page"}],"author":[{"embeddable":true,"href":"https:\/\/www.itkommando.hu\/site\/wp-json\/wp\/v2\/users\/1"}],"replies":[{"embeddable":true,"href":"https:\/\/www.itkommando.hu\/site\/wp-json\/wp\/v2\/comments?post=1152"}],"version-history":[{"count":33,"href":"https:\/\/www.itkommando.hu\/site\/wp-json\/wp\/v2\/pages\/1152\/revisions"}],"predecessor-version":[{"id":5479,"href":"https:\/\/www.itkommando.hu\/site\/wp-json\/wp\/v2\/pages\/1152\/revisions\/5479"}],"up":[{"embeddable":true,"href":"https:\/\/www.itkommando.hu\/site\/wp-json\/wp\/v2\/pages\/1103"}],"wp:featuredmedia":[{"embeddable":true,"href":"https:\/\/www.itkommando.hu\/site\/wp-json\/wp\/v2\/media\/1000"}],"wp:attachment":[{"href":"https:\/\/www.itkommando.hu\/site\/wp-json\/wp\/v2\/media?parent=1152"}],"wp:term":[{"taxonomy":"category","embeddable":true,"href":"https:\/\/www.itkommando.hu\/site\/wp-json\/wp\/v2\/categories?post=1152"},{"taxonomy":"post_tag","embeddable":true,"href":"https:\/\/www.itkommando.hu\/site\/wp-json\/wp\/v2\/tags?post=1152"}],"curies":[{"name":"wp","href":"https:\/\/api.w.org\/{rel}","templated":true}]}}