{"id":1281,"date":"2013-04-24T15:58:22","date_gmt":"2013-04-24T14:58:22","guid":{"rendered":"http:\/\/www.itkommando.hu\/site\/?page_id=1281"},"modified":"2021-07-30T19:17:24","modified_gmt":"2021-07-30T18:17:24","slug":"virusirto-programok","status":"publish","type":"page","link":"https:\/\/www.itkommando.hu\/site\/a_halozat_szolgalataban\/tanulmanyok\/virusirto-programok\/","title":{"rendered":"V\u00edrusirt\u00f3 programok"},"content":{"rendered":"<p><img loading=\"lazy\" decoding=\"async\" class=\"alignright\" src=\"https:\/\/upload.wikimedia.org\/wikipedia\/commons\/3\/31\/Crystal_Clear_app_antivirus.png\" alt=\"Antiv\u00edrus \" width=\"128\" height=\"128\" \/>A v\u00edrusirt\u00f3 programok alapvet\u0151 eszk\u00f6zei a rosszindulat\u00fa programok elleni v\u00e9dekez\u00e9snek, azonban nem csodaszerek.<\/p>\n<p>Az alapvet\u0151 m\u0171k\u00f6d\u00e9si elv\u00fck, hogy az adott v\u00edrusban felkutatnak egy jellegzetes k\u00f3dszakaszt (szakaszokat) \u00e9s annak alapj\u00e1n azonos\u00edtj\u00e1k. Ha egy programban ezt (ezeket) a szakaszokat megtal\u00e1lj\u00e1,k a v\u00edrust azonos\u00edtott\u00e1k,\u00a0 \u00e9s ennek megfelel\u0151en j\u00e1rnak el. \u00daj v\u00edrusok eset\u00e9n az adatb\u00e1zis friss\u00edt\u00e9se ak\u00e1r t\u00f6bb napot is ig\u00e9nybe vehet.<\/p>\n<p>A heurisztikus v\u00e9delem arra szolg\u00e1l, hogy a rosszindulat\u00fa programokat tev\u00e9kenys\u00e9g\u00fck alapj\u00e1n blokkolj\u00e1k. Ez a m\u00f3dszer akkor is ny\u00fajt v\u00e9delmet, ha az adott v\u00edrus m\u00e9g nem szerepel az adatb\u00e1zisban, vagy a saj\u00e1t programunkban van valami fat\u00e1lis hiba.<\/p>\n<p>A fentiekb\u0151l l\u00e1tszik, hogy a v\u00edrusirt\u00f3k legink\u00e1bb egy v\u00e9d\u0151olt\u00e1shoz hasonl\u00edtanak, csak azokat a k\u00e1rtev\u0151ket ismerik fel, amelyeknek felismer\u00e9s\u00e9re felk\u00e9sz\u00edtett\u00e9k \u0151ket.<\/p>\n<h3>Megv\u00e1s\u00e1rolt, ingyenes, Crackelt<\/h3>\n<p>A megv\u00e1s\u00e1rolt programokhoz:<\/p>\n<ul>\n<li>j\u00e1r t\u00e1mogat\u00e1s<\/li>\n<li>t\u00f6bb c\u00e9gn\u00e9l el\u0151bb friss\u00fcl, mint az ingyenes<\/li>\n<li>gyakran t\u00f6bb szolg\u00e1ltat\u00e1sa\/be\u00e1ll\u00edt\u00e1si lehet\u0151s\u00e9ge van (most tegye fel a kez\u00e9t, aki a v\u00edrusirt\u00f3j\u00e1t nem alap be\u00e1ll\u00edt\u00e1ssal haszn\u00e1lja)<\/li>\n<\/ul>\n<p>Az ingyenes programok \u00e1ltal\u00e1ban:<\/p>\n<ul>\n<li>csak otthoni\/nonprofit c\u00e9lra ingyenesek<\/li>\n<li>nem j\u00e1r hozz\u00e1juk t\u00e1mogat\u00e1s<\/li>\n<li>a friss\u00edt\u00e9sek k\u00e9s\u0151bb jelennek meg<\/li>\n<li>a szolg\u00e1ltat\u00e1saik behat\u00e1roltabbak, mint a fizet\u0151sek\u00e9<\/li>\n<\/ul>\n<p>Crackelt programok:<\/p>\n<ul>\n<li>gyakran maga a crack is v\u00edrussal fert\u0151z\u0151tt<\/li>\n<li><strong>illeg\u00e1lis<\/strong><\/li>\n<li>nem j\u00e1r hozz\u00e1 t\u00e1mogat\u00e1s<\/li>\n<\/ul>\n<h3>Windows, Linux, Android, IOS<\/h3>\n<p>Gyakran k\u00e9rdezik, hogy a ####\u00a0 (szabadon behelyettes\u00edthet\u0151) oper\u00e1ci\u00f3s rendszer\u0171 k\u00e9sz\u00fcl\u00e9kre sz\u00fcks\u00e9ges-e v\u00edrusv\u00e9delmi rendszert telep\u00edteni.<\/p>\n<p>Az \u00e9n g\u00e9pemre kell-e v\u00edrusv\u00e9delmet telep\u00edteni?<\/p>\n<p>Erre az egyetlen korrekt v\u00e1lasz az, hogy &#8222;ha Te nem tudod \u00e9n honnan tudjam?&#8221;.<\/p>\n<p>Nem kell v\u00edrusv\u00e9delmet telep\u00edteni egy olyan rendszerre sem, amely az al\u00e1bbi felt\u00e9teleknek mindegyik\u00e9nek megfelel:<\/p>\n<ul>\n<li>A kies\u00e9se nem okoz k\u00e1rt vagy bossz\u00fas\u00e1got<\/li>\n<li>A rajta t\u00e1rolt adatok nem jelentenek \u00e9rt\u00e9ket<\/li>\n<li>Nem jelent probl\u00e9m\u00e1t hogy m\u00e1s eszk\u00f6z\u00f6ket is megfert\u0151zhet<\/li>\n<\/ul>\n<p>Valamint az al\u00e1bbi esetekben<\/p>\n<ul>\n<li>Az adott rendszerre nem jelent meg v\u00edrusirt\u00f3 program<\/li>\n<li>A rendszer sziget\u00fczemben m\u0171k\u00f6dik, \u00e9s csak a karbantart\u00f3 c\u00e9g munkat\u00e1rsai telep\u00edtenek r\u00e1 programot, illetve l\u00e1tj\u00e1k el adattal<\/li>\n<\/ul>\n<p>Sajnos a Windows mellett az Android lett a rosszindulat\u00fa programok \u00edr\u00f3inak a m\u00e1sik kedvenc c\u00e9lpontja. N\u00e9h\u00e1ny esetben a gy\u00e1ri programcsomagban is el\u0151fordul rosszindulat\u00fa k\u00f3d. Ez \u00e1ltal\u00e1ban az als\u00f3 kateg\u00f3ri\u00e1s k\u00e9sz\u00fcl\u00e9kekn\u00e9l fordul el\u0151, b\u00e1r a k\u00f6zelm\u00faltban egy \u00fcgyfel\u00fcnk rekl\u00e1mablakokra panaszkodott, amelyek \u00e1ll\u00edt\u00e1sa szerint az els\u0151 perct\u0151l megjelentek a telefonj\u00e1n. Egy v\u00edrusirt\u00e1s seg\u00edtett, a k\u00e9sz\u00fcl\u00e9k egy neves gy\u00e1rt\u00f3 olcs\u00f3 modellje volt.<\/p>\n<p>Term\u00e9szetesen minden (elterjedt) oper\u00e1ci\u00f3s rendszerre l\u00e9tezik v\u00edrus, ez\u00e9rt a v\u00e9dekez\u00e9sr\u0151l c\u00e9lszer\u0171 gondoskodni.<\/p>\n<h3>Melyik programot v\u00e1lasszam?<\/h3>\n<p>Ha megk\u00e9rdezik, melyik a j\u00f3 v\u00edrusirt\u00f3 program, az a helyes v\u00e1lasz, hogy az, amelyik megfogja az a v\u00edrust, ami holnap pr\u00f3b\u00e1lkozik r\u00e1 a sz\u00e1m\u00edt\u00f3g\u00e9pre.<\/p>\n<p>Amire oda kell figyelni:<\/p>\n<ul>\n<li>Csak ismert, neves v\u00edrusirt\u00f3t haszn\u00e1ljunk.<\/li>\n<li>Ellen\u0151rizz\u00fck, hogy a v\u00edrusirt\u00f3 egy\u00fctt m\u0171k\u00f6dik-e a saj\u00e1t programokkal (k\u00e9rdezz\u00fck meg a programoz\u00f3t, forgalmaz\u00f3t).<\/li>\n<li>El\u0151sz\u00f6r a pr\u00f3bav\u00e1ltozatot telep\u00edts\u00fck, n\u00e9zz\u00fck meg, mindenben megfelel-e sz ig\u00e9nyeinknek.<\/li>\n<li>R\u00e9gebbi munka\u00e1llom\u00e1sok eset\u00e9n ellen\u0151rizni kell, hogy a v\u00edrusirt\u00f3 megfelel\u0151en m\u0171k\u00f6dik-e rajta (javasolt minimum k\u00f6vetelm\u00e9nyek).<\/li>\n<\/ul>\n<p>A v\u00e1s\u00e1rl\u00e1skor meg kell r\u00f3la gy\u0151z\u0151dni, hogy a megfelel\u0151 csomagot v\u00e1lasztottuk, lehet, hogy \u00e9rdemes akkor is X-es csomagot v\u00e1lasztani, ha a v\u00e9dend\u0151 eszk\u00f6z\u00f6k sz\u00e1ma alacsonyabb, de a kedvezm\u00e9ny magasabb.<\/p>\n<p>Az elad\u00f3val \u00e9rdemes tiszt\u00e1zni, hogy a mobil eszk\u00f6z\u00f6k v\u00e9delm\u00e9re a licencel\u00e9s hogyan vonatkozik (van-e r\u00e1 k\u00fcl\u00f6n aj\u00e1nlatuk).<\/p>\n<h3>Az egy\u00e9b v\u00edrusv\u00e9delmi int\u00e9zked\u00e9sek<\/h3>\n<p>A v\u00edrusv\u00e9delem els\u0151 vonala nem a v\u00edrusirt\u00f3, hanem a saj\u00e1t rendszer megfelel\u0151 fel\u00e9p\u00edt\u00e9se.<\/p>\n<ul>\n<li>A nem sz\u00fcks\u00e9ges programok \u00e9s szolg\u00e1ltat\u00e1sok elt\u00e1vol\u00edt\u00e1sa.<\/li>\n<li>Ha vannak megosztott mapp\u00e1k, az \u00edr\u00e1si jogokat a lehets\u00e9ges m\u00e9rt\u00e9kben korl\u00e1tozzuk.<\/li>\n<li>A napi munk\u00e1hoz ne haszn\u00e1ljunk rendszergazda jogosults\u00e1ggal rendelkez\u0151 fi\u00f3kot.<\/li>\n<li>Az alap\u00e9rtelmezett jelsz\u00f3t minden eszk\u00f6z\u00f6n v\u00e1ltoztassuk meg.<\/li>\n<li>Az e-mail forgalmat kezelj\u00fck k\u00f6r\u00fcltekint\u00e9ssel. Ha egy ismer\u0151st\u0151l olyan tartalommal j\u00f6n e-mail, ami t\u0151le szokatlan, ne nyissuk meg a mell\u00e9kletet.<\/li>\n<\/ul>\n<p>V\u00e9g\u00fcl a teljess\u00e9g ig\u00e9nye n\u00e9lk\u00fcl n\u00e9h\u00e1ny gy\u00e1rt\u00f3:<\/p>\n<ul>\n<li><a title=\"Avira antivirus\" href=\"http:\/\/www.avira.com\/en\/index\" target=\"_blank\" rel=\"noopener\">Avira<\/a><\/li>\n<li><a title=\"Avast antivirus\" href=\"http:\/\/www.avast.com\/en-eu\/index\" target=\"_blank\" rel=\"noopener\">Avast<\/a><\/li>\n<li><a title=\"AVG antivirus\" href=\"http:\/\/www.avg.com\/eu-en\/homepage\" target=\"_blank\" rel=\"noopener\">AVG<\/a><\/li>\n<li><a title=\"Norton antivirus\" href=\"http:\/\/hu.norton.com\/antivirus\/\" target=\"_blank\" rel=\"noopener\">Norton Antivirus<\/a><\/li>\n<li><a title=\"Sophos antivirus\" href=\"http:\/\/www.tmsi.hu\/sophos\" target=\"_blank\" rel=\"noopener\">Sophos<\/a><\/li>\n<\/ul>\n<p>Kapcsol\u00f3d\u00f3 cikkek<\/p>\n<ul>\n<li id=\"menu-item-1344\"><a href=\"http:\/\/www.itkommando.hu\/site\/mobileszkozok-vedelme\/\">Mobileszk\u00f6z\u00f6k v\u00e9delme<\/a><\/li>\n<li><a href=\"http:\/\/www.itkommando.hu\/site\/a_halozat_szolgalataban\/tanulmanyok\/szoftver-valasztasa\/\">Szoftver v\u00e1laszt\u00e1sa<\/a><\/li>\n<\/ul>\n","protected":false},"excerpt":{"rendered":"<p>A v\u00edrusirt\u00f3 programok alapvet\u0151 eszk\u00f6zei a rosszindulat\u00fa programok elleni v\u00e9dekez\u00e9snek, azonban nem csodaszerek. Az alapvet\u0151 m\u0171k\u00f6d\u00e9si elv\u00fck, hogy az adott v\u00edrusban felkutatnak egy jellegzetes k\u00f3dszakaszt (szakaszokat) \u00e9s annak alapj\u00e1n azonos\u00edtj\u00e1k.&hellip;<a href=\"https:\/\/www.itkommando.hu\/site\/a_halozat_szolgalataban\/tanulmanyok\/virusirto-programok\/\" class=\"more-link\"><span class=\"more-button\">Tov\u00e1bb a r\u00e9szletekre<span class=\"screen-reader-text\">V\u00edrusirt\u00f3 programok<\/span><\/span><\/a><\/p>\n","protected":false},"author":1,"featured_media":983,"parent":397,"menu_order":0,"comment_status":"closed","ping_status":"closed","template":"","meta":{"footnotes":""},"categories":[14,11,13,16,10],"tags":[],"class_list":["post-1281","page","type-page","status-publish","has-post-thumbnail","hentry","category-biztonsag","category-munkaallomas","category-szoftver","category-tanacsok","category-vasarlas"],"aioseo_notices":[],"_links":{"self":[{"href":"https:\/\/www.itkommando.hu\/site\/wp-json\/wp\/v2\/pages\/1281","targetHints":{"allow":["GET"]}}],"collection":[{"href":"https:\/\/www.itkommando.hu\/site\/wp-json\/wp\/v2\/pages"}],"about":[{"href":"https:\/\/www.itkommando.hu\/site\/wp-json\/wp\/v2\/types\/page"}],"author":[{"embeddable":true,"href":"https:\/\/www.itkommando.hu\/site\/wp-json\/wp\/v2\/users\/1"}],"replies":[{"embeddable":true,"href":"https:\/\/www.itkommando.hu\/site\/wp-json\/wp\/v2\/comments?post=1281"}],"version-history":[{"count":20,"href":"https:\/\/www.itkommando.hu\/site\/wp-json\/wp\/v2\/pages\/1281\/revisions"}],"predecessor-version":[{"id":5693,"href":"https:\/\/www.itkommando.hu\/site\/wp-json\/wp\/v2\/pages\/1281\/revisions\/5693"}],"up":[{"embeddable":true,"href":"https:\/\/www.itkommando.hu\/site\/wp-json\/wp\/v2\/pages\/397"}],"wp:featuredmedia":[{"embeddable":true,"href":"https:\/\/www.itkommando.hu\/site\/wp-json\/wp\/v2\/media\/983"}],"wp:attachment":[{"href":"https:\/\/www.itkommando.hu\/site\/wp-json\/wp\/v2\/media?parent=1281"}],"wp:term":[{"taxonomy":"category","embeddable":true,"href":"https:\/\/www.itkommando.hu\/site\/wp-json\/wp\/v2\/categories?post=1281"},{"taxonomy":"post_tag","embeddable":true,"href":"https:\/\/www.itkommando.hu\/site\/wp-json\/wp\/v2\/tags?post=1281"}],"curies":[{"name":"wp","href":"https:\/\/api.w.org\/{rel}","templated":true}]}}