{"id":129,"date":"2012-11-16T10:54:22","date_gmt":"2012-11-16T09:54:22","guid":{"rendered":"http:\/\/www.itkommando.hu\/site\/?page_id=129"},"modified":"2017-01-19T11:40:05","modified_gmt":"2017-01-19T10:40:05","slug":"arajanlat-keres","status":"publish","type":"page","link":"https:\/\/www.itkommando.hu\/site\/arajanlat-keres\/","title":{"rendered":"\u00c1raj\u00e1nlatk\u00e9r\u00e9s"},"content":{"rendered":"<p>[si-contact-form form=&#8217;1&#8242;]<\/p>\n","protected":false},"excerpt":{"rendered":"<p>[si-contact-form form=&#8217;1&#8242;]<\/p>\n","protected":false},"author":1,"featured_media":1003,"parent":0,"menu_order":0,"comment_status":"closed","ping_status":"closed","template":"","meta":{"footnotes":""},"categories":[3,14,9],"tags":[],"class_list":["post-129","page","type-page","status-publish","has-post-thumbnail","hentry","category-akciok","category-biztonsag","category-szerver"],"aioseo_notices":[],"_links":{"self":[{"href":"https:\/\/www.itkommando.hu\/site\/wp-json\/wp\/v2\/pages\/129","targetHints":{"allow":["GET"]}}],"collection":[{"href":"https:\/\/www.itkommando.hu\/site\/wp-json\/wp\/v2\/pages"}],"about":[{"href":"https:\/\/www.itkommando.hu\/site\/wp-json\/wp\/v2\/types\/page"}],"author":[{"embeddable":true,"href":"https:\/\/www.itkommando.hu\/site\/wp-json\/wp\/v2\/users\/1"}],"replies":[{"embeddable":true,"href":"https:\/\/www.itkommando.hu\/site\/wp-json\/wp\/v2\/comments?post=129"}],"version-history":[{"count":6,"href":"https:\/\/www.itkommando.hu\/site\/wp-json\/wp\/v2\/pages\/129\/revisions"}],"predecessor-version":[{"id":3990,"href":"https:\/\/www.itkommando.hu\/site\/wp-json\/wp\/v2\/pages\/129\/revisions\/3990"}],"wp:featuredmedia":[{"embeddable":true,"href":"https:\/\/www.itkommando.hu\/site\/wp-json\/wp\/v2\/media\/1003"}],"wp:attachment":[{"href":"https:\/\/www.itkommando.hu\/site\/wp-json\/wp\/v2\/media?parent=129"}],"wp:term":[{"taxonomy":"category","embeddable":true,"href":"https:\/\/www.itkommando.hu\/site\/wp-json\/wp\/v2\/categories?post=129"},{"taxonomy":"post_tag","embeddable":true,"href":"https:\/\/www.itkommando.hu\/site\/wp-json\/wp\/v2\/tags?post=129"}],"curies":[{"name":"wp","href":"https:\/\/api.w.org\/{rel}","templated":true}]}}