{"id":1338,"date":"2013-04-29T08:20:50","date_gmt":"2013-04-29T07:20:50","guid":{"rendered":"http:\/\/www.itkommando.hu\/site\/?page_id=1338"},"modified":"2021-09-20T13:02:32","modified_gmt":"2021-09-20T12:02:32","slug":"mobileszkozok-vedelme","status":"publish","type":"page","link":"https:\/\/www.itkommando.hu\/site\/a_halozat_szolgalataban\/tanulmanyok\/mobileszkozok-vedelme\/","title":{"rendered":"Mobileszk\u00f6z\u00f6k v\u00e9delme"},"content":{"rendered":"<figure id=\"attachment_2105\" aria-describedby=\"caption-attachment-2105\" style=\"width: 229px\" class=\"wp-caption alignright\"><a href=\"http:\/\/www.itkommando.hu\/site\/wp-content\/uploads\/tablet.jpg\"><img loading=\"lazy\" decoding=\"async\" class=\"size-full wp-image-2105 \" src=\"http:\/\/www.itkommando.hu\/site\/wp-content\/uploads\/tablet.jpg\" alt=\"T\u00e1blag\u00e9p\" width=\"229\" height=\"240\" \/><\/a><figcaption id=\"caption-attachment-2105\" class=\"wp-caption-text\">Az okostelefonok \u00e9s tabletek v\u00edrus \u00e9s rosszindulat\u00fa programok elleni v\u00e9delme egyre fontosabb feladat<br \/>Forr\u00e1s <a href=\"https:\/\/commons.wikimedia.org\/wiki\/File:Tablet.jpg\"> Wikipedia <\/a><\/figcaption><\/figure>\n<p>Manaps\u00e1g szinte mindenkinek van okostelefonja, t\u00e1blag\u00e9pe, vagy hasonl\u00f3 szerkezete. Sajnos ezeket sem ker\u00fclik el a rosszindulat\u00fa programok, emberek. V\u00e9delm\u00fck pedig tal\u00e1n m\u00e9g a PC-kn\u00e9l is fontosabb, hiszen rengeteg szem\u00e9lyes adatot t\u00e1rolnak, illetve emelt d\u00edjas h\u00edv\u00e1sokkal, SMS-ekkel jelent\u0151s kiad\u00e1sokat tudnak gener\u00e1lni.<\/p>\n<p>Ezeket az eszk\u00f6z\u00f6ket \u00e9rdemes v\u00e9deni:<\/p>\n<ul>\n<li>lop\u00e1s<\/li>\n<li>illet\u00e9ktelen haszn\u00e1lat<\/li>\n<li>mechanikai s\u00e9r\u00fcl\u00e9sek<\/li>\n<li>v\u00edrusok<\/li>\n<\/ul>\n<p>ellen.<\/p>\n<h2>Lop\u00e1s:<\/h2>\n<p>Nyilv\u00e1nos helyen fontos, hogy vigy\u00e1zunk elektronikus eszk\u00f6zeinkre. Tartsuk \u0151ket a zseb\u00fcnkben vagy a t\u00e1sk\u00e1nkban. Semmif\u00e9lek\u00e9ppen ne hagyjuk szem el\u0151l a tolvajoknak.<\/p>\n<h2>Illet\u00e9ktelen haszn\u00e1lat:<\/h2>\n<p>A k\u00f6zvetlen hozz\u00e1f\u00e9r\u00e9st k\u00e9perny\u0151z\u00e1rral vagy pink\u00f3ddal lehet megnehez\u00edteni. Term\u00e9szetesen nem tuti v\u00e9delem (mint ahogy semmi sem az), de egy jelent\u0151s akad\u00e1ly. Egy j\u00f3l be\u00e1ll\u00edtott k\u00e9perny\u0151z\u00e1r a lop\u00e1s es\u00e9ly\u00e9t is cs\u00f6kkenti, valamint megakad\u00e1lyozza, hogy az ember n\u00e9h\u00e1ny rossz\u00edz\u0171 tr\u00e9fa vagy nagyobb k\u00e1rok elszenved\u0151je legyen.<\/p>\n<h2>Mechanikai s\u00e9r\u00fcl\u00e9sek:<\/h2>\n<p><img loading=\"lazy\" decoding=\"async\" class=\"size-medium wp-image-5726 alignright\" src=\"https:\/\/www.itkommando.hu\/site\/wp-content\/uploads\/45259347801_1e899439f7_w-300x200.jpg\" alt=\"\" width=\"300\" height=\"200\" srcset=\"https:\/\/www.itkommando.hu\/site\/wp-content\/uploads\/45259347801_1e899439f7_w-300x200.jpg 300w, https:\/\/www.itkommando.hu\/site\/wp-content\/uploads\/45259347801_1e899439f7_w.jpg 400w\" sizes=\"auto, (max-width: 300px) 100vw, 300px\" \/>Mechanikai s\u00e9r\u00fcl\u00e9s ellen nem tehet\u00fcnk t\u00fal sokat. Az egyetlen dolog, ami seg\u00edthet az, ha vigy\u00e1zunk r\u00e1! Fontos, hogy legyen k\u00e9sz\u00fcl\u00e9k\u00fcnk\u00f6n \u00fcveg vagy m\u0171anyag f\u00f3lia \u00e9s telefontok. Telefontok eset\u00e9n aj\u00e1nlani szoktuk, hogy vegyenek vastagabbat, er\u0151sebbet mert azzal is cs\u00f6kkenhet annak az es\u00e9lye, hogy k\u00e9sz\u00fcl\u00e9k\u00fcnket \u00f6sszet\u00f6rj\u00fck.<\/p>\n<h2>V\u00edrusok:<\/h2>\n<p>A v\u00edrusirt\u00f3 programok telep\u00edt\u00e9se term\u00e9szetesen itt is alapk\u00f6vetelm\u00e9ny. A v\u00edrusirt\u00f3 programok sz\u00e9les v\u00e1laszt\u00e9ka \u00e9rhet\u0151 el mind IOS, mind Android alap\u00fa k\u00e9sz\u00fcl\u00e9kekre. Ezeknek a fizet\u0151s verzi\u00f3i is n\u00e9h\u00e1ny sz\u00e1z forintn\u00e1l indulnak, amelyet ak\u00e1r egy h\u00e1ztart\u00e1s is megengedhet mag\u00e1nak, amennyiben nem, term\u00e9szetesen ott vannak az ingyenesek.<\/p>\n<p>Programokat az adott oper\u00e1ci\u00f3s rendszerhez tartoz\u00f3 helyr\u0151l (Apple strore, Google play) \u00e9rdemes let\u00f6lteni, mert ott ellen\u0151rzik a tartalmakat (term\u00e9szetesen mindig fordulnak el\u0151 hib\u00e1k). Telep\u00edt\u00e9skor enged\u00e9lyt k\u00e9rnek a telefon er\u0151forr\u00e1sainak haszn\u00e1lat\u00e1hoz. Ezt a sz\u00f6veget gondosan el kell olvasni. Ha egy program olyan er\u0151forr\u00e1shoz k\u00e9r hozz\u00e1f\u00e9r\u00e9st, amelyre nincs nyilv\u00e1nval\u00f3an sz\u00fcks\u00e9ge (p\u00e9ld\u00e1ul: egy j\u00e1t\u00e9k, vagy k\u00e9pn\u00e9z\u0151 a n\u00e9vjegyz\u00e9khez), akkor ne telep\u00edts\u00fck, hiszen val\u00f3sz\u00edn\u0171, hogy nem k\u00edv\u00e1nt szolg\u00e1ltat\u00e1sai vannak.<\/p>\n<p>Viszont nagyon fontos telep\u00edt\u00e9se el\u0151tt gondoljuk meg, hogy val\u00f3ban sz\u00fcks\u00e9g\u00fcnk van-e r\u00e1, mert egy nem telep\u00edtett program nem okozhat probl\u00e9m\u00e1t\u2026<\/p>\n<h2>Egy\u00e9b:<\/h2>\n<p>Mindig kapcsoljunk ki minden olyan kommunik\u00e1ci\u00f3s csatorn\u00e1t, amit nem haszn\u00e1lunk (Utc\u00e1n ritk\u00e1n haszn\u00e1lunk WiFi-t, a Bluetooth, tipikusan az a szolg\u00e1ltat\u00e1s, amit \u00e9rdemes kikapcsolni, ha \u00e9ppen nem haszn\u00e1ljuk).<\/p>\n<p>A j\u00f3zan \u00e9szr\u0151l sem szabad elfelejtkezni. Rendszeresek az olyan e-mail-ek\u00a0\u00e9s SMS-ek, amelyek p\u00e9ld\u00e1ul csomagk\u00f6vet\u0151 \u00fczenetnek l\u00e1tszanak \u00e9s egy linken lehet a \u201ecsomag\u201d \u00e1llapot\u00e1t megtekinteni. Ezek a linkek \u00e1ltal\u00e1ban rosszindulat\u00fa k\u00f3dra mutatnak. Ilyen linket csak akkor nyissunk meg, ha val\u00f3ban v\u00e1runk csomagot az adott szolg\u00e1ltat\u00f3t\u00f3l.<\/p>\n<p>A v\u00edrusirt\u00f3 programok telep\u00edt\u00e9se term\u00e9szetesen itt is alapk\u00f6vetelm\u00e9ny. A v\u00edrusirt\u00f3 programok sz\u00e9les v\u00e1laszt\u00e9ka \u00e9rhet\u0151 el mind IOS, mind Android alap\u00fa<\/p>\n<p>Nagy seg\u00edts\u00e9g lehet, ha biztos\u00edt\u00e1st k\u00f6t\u00fcnk a mobilunkra, az al\u00e1\u00edr\u00e1s el\u0151tt azonban alaposan olvassuk \u00e1t a szerz\u0151d\u00e9st, hogy val\u00f3ban fizet-e azokban az esetekben, amire sz\u00e1m\u00edtunk.<\/p>\n<p>A vonatkoz\u00f3 YouTube vide\u00f3nk:<br \/>\n<iframe loading=\"lazy\" title=\"YouTube video player\" src=\"https:\/\/www.youtube.com\/embed\/8RimCQDvm7s\" width=\"560\" height=\"315\" frameborder=\"0\" allowfullscreen=\"allowfullscreen\"><\/iframe><\/p>\n<h3>Kapcsol\u00f3d\u00f3 cikkek<\/h3>\n<ul id=\"menu-tanacsoktanulmanyok\">\n<li id=\"menu-item-1500\"><a href=\"http:\/\/www.itkommando.hu\/site\/a_halozat_szolgalataban\/tanulmanyok\/sporoljunk_a_telefonszamlan\/\">Sp\u00f3roljunk a telefonsz\u00e1ml\u00e1n<\/a><\/li>\n<li id=\"menu-item-1054\"><a href=\"http:\/\/www.itkommando.hu\/site\/a_halozat_szolgalataban\/tanulmanyok\/a-virusokrol\/\">A v\u00edrusokr\u00f3l<\/a><\/li>\n<li><a href=\"http:\/\/www.itkommando.hu\/site\/a_halozat_szolgalataban\/tanulmanyok\/a-virusokrol\/\">V\u00edrusirt\u00f3 programok<\/a><\/li>\n<li><a href=\"http:\/\/www.itkommando.hu\/site\/a_halozat_szolgalataban\/tanulmanyok\/a-fekete-telefon\/\">A fekete telefon<\/a><\/li>\n<\/ul>\n","protected":false},"excerpt":{"rendered":"<p>Manaps\u00e1g szinte mindenkinek van okostelefonja, t\u00e1blag\u00e9pe, vagy hasonl\u00f3 szerkezete. Sajnos ezeket sem ker\u00fclik el a rosszindulat\u00fa programok, emberek. V\u00e9delm\u00fck pedig tal\u00e1n m\u00e9g a PC-kn\u00e9l is fontosabb, hiszen rengeteg szem\u00e9lyes adatot&hellip;<a href=\"https:\/\/www.itkommando.hu\/site\/a_halozat_szolgalataban\/tanulmanyok\/mobileszkozok-vedelme\/\" class=\"more-link\"><span class=\"more-button\">Tov\u00e1bb a r\u00e9szletekre<span class=\"screen-reader-text\">Mobileszk\u00f6z\u00f6k v\u00e9delme<\/span><\/span><\/a><\/p>\n","protected":false},"author":1,"featured_media":5716,"parent":397,"menu_order":0,"comment_status":"closed","ping_status":"closed","template":"","meta":{"footnotes":""},"categories":[14,63,13,16,15],"tags":[],"class_list":["post-1338","page","type-page","status-publish","has-post-thumbnail","hentry","category-biztonsag","category-mobil-eszkozok","category-szoftver","category-tanacsok","category-uzembiztonsag"],"aioseo_notices":[],"_links":{"self":[{"href":"https:\/\/www.itkommando.hu\/site\/wp-json\/wp\/v2\/pages\/1338","targetHints":{"allow":["GET"]}}],"collection":[{"href":"https:\/\/www.itkommando.hu\/site\/wp-json\/wp\/v2\/pages"}],"about":[{"href":"https:\/\/www.itkommando.hu\/site\/wp-json\/wp\/v2\/types\/page"}],"author":[{"embeddable":true,"href":"https:\/\/www.itkommando.hu\/site\/wp-json\/wp\/v2\/users\/1"}],"replies":[{"embeddable":true,"href":"https:\/\/www.itkommando.hu\/site\/wp-json\/wp\/v2\/comments?post=1338"}],"version-history":[{"count":19,"href":"https:\/\/www.itkommando.hu\/site\/wp-json\/wp\/v2\/pages\/1338\/revisions"}],"predecessor-version":[{"id":5728,"href":"https:\/\/www.itkommando.hu\/site\/wp-json\/wp\/v2\/pages\/1338\/revisions\/5728"}],"up":[{"embeddable":true,"href":"https:\/\/www.itkommando.hu\/site\/wp-json\/wp\/v2\/pages\/397"}],"wp:featuredmedia":[{"embeddable":true,"href":"https:\/\/www.itkommando.hu\/site\/wp-json\/wp\/v2\/media\/5716"}],"wp:attachment":[{"href":"https:\/\/www.itkommando.hu\/site\/wp-json\/wp\/v2\/media?parent=1338"}],"wp:term":[{"taxonomy":"category","embeddable":true,"href":"https:\/\/www.itkommando.hu\/site\/wp-json\/wp\/v2\/categories?post=1338"},{"taxonomy":"post_tag","embeddable":true,"href":"https:\/\/www.itkommando.hu\/site\/wp-json\/wp\/v2\/tags?post=1338"}],"curies":[{"name":"wp","href":"https:\/\/api.w.org\/{rel}","templated":true}]}}