{"id":1373,"date":"2013-05-03T06:51:30","date_gmt":"2013-05-03T05:51:30","guid":{"rendered":"http:\/\/www.itkommando.hu\/site\/?page_id=1373"},"modified":"2021-07-09T09:09:10","modified_gmt":"2021-07-09T08:09:10","slug":"a-hataron-belenezhetnek-az-adatainba","status":"publish","type":"page","link":"https:\/\/www.itkommando.hu\/site\/a_halozat_szolgalataban\/tanulmanyok\/a-hataron-belenezhetnek-az-adatainba\/","title":{"rendered":"A hat\u00e1ron belen\u00e9zhetnek az adatainkba"},"content":{"rendered":"<p>Egyes orsz\u00e1gokban a h\u00e1t\u00e1r\u0151rizeti szervek belen\u00e9zhetnek a <a title=\"izraelben beleolvasnak a turistak emailjeibe\" href=\"http:\/\/index.hu\/tech\/2013\/04\/25\/izraelben_beleolvasnak_a_turistak_emailjeibe\/\" target=\"_blank\" rel=\"noopener\">beutaz\u00f3k e-mail fi\u00f3kj\u00e1ba<\/a>, megvizsg\u00e1lhatj\u00e1k a mobileszk\u00f6zeiken, notebookjukon t\u00e1rolt adatokat, f\u00e9nyk\u00e9peket.<\/p>\n<figure style=\"width: 314px\" class=\"wp-caption alignright\"><a href=\"http:\/\/upload.wikimedia.org\/wikipedia\/commons\/d\/da\/A_Turing_Bombe%2C_Bletchley_Park_-_geograph.org.uk_-_1591001.jpg\"><img loading=\"lazy\" decoding=\"async\" class=\" \" title=\"Turing bomba, amelynek a neve f\u00e9lre\u00e9rt\u00e9shez vezethet\" src=\"http:\/\/upload.wikimedia.org\/wikipedia\/commons\/d\/da\/A_Turing_Bombe%2C_Bletchley_Park_-_geograph.org.uk_-_1591001.jpg\" alt=\"Turing bomba (k\u00f3dfejt\u0151 g\u00e9p a II. vil\u00e1gh\u00e1bor\u00faban)\" width=\"314\" height=\"235\" \/><\/a><figcaption class=\"wp-caption-text\">Turing bomba (k\u00f3dfejt\u0151 g\u00e9p a II. vil\u00e1gh\u00e1bor\u00faban)<br \/>Forr\u00e1s <a href=\"http:\/\/commons.wikimedia.org\/wiki\/File:A_Turing_Bombe,_Bletchley_Park_-_geograph.org.uk_-_1591001.jpg\">Wikimedia commons<\/a><\/figcaption><\/figure>\n<p>A nyelvi probl\u00e9m\u00e1k miatt egy ilyen elj\u00e1r\u00e1s agg\u00e1lyos lehet, hiszen a legt\u00f6bb nyelvp\u00e1rban l\u00e9tezik a <a title=\"Hamis bar\u00e1tok\" href=\"http:\/\/www.nyest.hu\/hirek\/angol-magyar-hamis-baratok\" target=\"_blank\" rel=\"noopener\"><strong>hamis bar\u00e1tok<\/strong><\/a> (faux amis) jelens\u00e9ge, amikor egy-egy hasonl\u00f3 alak\u00fa sz\u00f3 eg\u00e9szen m\u00e1st jelent. Ilyen p\u00e9ld\u00e1ul a farmer (nadr\u00e1g), ami angolul jeans, m\u00edg a farmer a f\u00f6ldm\u0171ves Ebb\u0151l a szempontb\u00f3l kellemetlenebb sz\u00f3 a <a title=\"Gift m\u00e9reg vagy aj\u00e1nd\u00e9k\" href=\"http:\/\/www.nyest.hu\/hirek\/gyogyszer-vagy-kabitoszer-meselnek-az-hamis-baratok\" target=\"_blank\" rel=\"noopener\">gift ami angolul aj\u00e1nd\u00e9k, de n\u00e9met\u00fcl m\u00e9reg<\/a>. De biztos ami biztos, az\u00e9rt mutatok egy kit\u0171n\u0151 <a title=\"Bomba recept\" href=\"http:\/\/www.mindmegette.hu\/csokolade-bomba.recept\" target=\"_blank\" rel=\"noopener\">bomba receptet<\/a> (finom, csokis). A matematik\u00e1t kedvel\u0151knek a <a href=\"http:\/\/magyarnarancs.hu\/tudomany\/kodfejtes_a_ii_vilaghaboruban_bomba_otlet-66063\" target=\"_blank\" rel=\"noopener\">turing-bomba<\/a> is lehet \u00e9rdekes. A cikk megmutatja, milyen fontos lehet egy bomba \u00f6tlet. Az \u00e9retts\u00e9gin pedig csal\u00e1snak sz\u00e1m\u00edt, ha valaki <strong>pusk\u00e1t<\/strong> haszn\u00e1l. A b\u00e1rban nagyon finom <strong>Molotov Kokt\u00e9lt<\/strong> kevernek, ami lehet egy kellemes ital, vagy gy\u00fajt\u00f3palack.<\/p>\n<p>N\u00e9h\u00e1ny hasonl\u00f3 hamis bar\u00e1tot \u00f6sszefoglalok egy t\u00e1bl\u00e1zatba:<\/p>\n\n<table id=\"wp-table-reloaded-id-16-no-1\" class=\"wp-table-reloaded wp-table-reloaded-id-16\">\n<thead>\n\t<tr class=\"row-1 odd\">\n\t\t<th class=\"column-1\">Angol<\/th><th class=\"column-2\">Magyar<\/th>\n\t<\/tr>\n<\/thead>\n<tbody>\n\t<tr class=\"row-2 even\">\n\t\t<td class=\"column-1\">Act (akci\u00f3)<\/td><td class=\"column-2\">Akt (meztelen alkot\u00e1s)<\/td>\n\t<\/tr>\n\t<tr class=\"row-3 odd\">\n\t\t<td class=\"column-1\">Epic (sz\u00e1nalmas)<\/td><td class=\"column-2\">Epikus (fenk\u00f6lt)<\/td>\n\t<\/tr>\n\t<tr class=\"row-4 even\">\n\t\t<td class=\"column-1\">Bufet (sv\u00e9dasztal)<\/td><td class=\"column-2\">B\u00fcf\u00e9<\/td>\n\t<\/tr>\n\t<tr class=\"row-5 odd\">\n\t\t<td class=\"column-1\">Gymnasium (tornaterem)<\/td><td class=\"column-2\">Gimn\u00e1zium (iskolafajta)<\/td>\n\t<\/tr>\n\t<tr class=\"row-6 even\">\n\t\t<td class=\"column-1\">Farmer (f\u00f6ldm\u0171ves)<\/td><td class=\"column-2\">Farmer (nadr\u00e1g\/v\u00e1szon)<\/td>\n\t<\/tr>\n\t<tr class=\"row-7 odd\">\n\t\t<td class=\"column-1\">Novel (reg\u00e9ny)<\/td><td class=\"column-2\">Novella (r\u00f6vid t\u00f6rt\u00e9net)<\/td>\n\t<\/tr>\n<\/tbody>\n<\/table>\n\n<p>Egy-egy ilyen f\u00e9lre\u00e9rt\u00e9s a hat\u00e1r\u00e1tl\u00e9p\u00e9s alkalm\u00e1val kellemetlen perceket (\u00f3r\u00e1kat) okozhat, am\u00edg a t\u00e9ved\u00e9s tiszt\u00e1z\u00f3dik.<\/p>\n<p>Hasonl\u00f3an kellemetlen meglepet\u00e9st okozhatnak az \u00f6sszef\u00fcgg\u00e9seib\u0151l kiragadott f\u00e9nyk\u00e9pek, dokumentumok.<\/p>\n<p>Term\u00e9szetesen ez ellen is lehet v\u00e9dekezni. \u00c9rdemes t\u00f6bb e-mail c\u00edmet haszn\u00e1lni, az egyes feladatokhoz m\u00e1st \u00e9s m\u00e1st. Ha a feladatot megoldottuk, az email c\u00edmet meg lehet sz\u00fcntetni. Ezzel a m\u00f3dszerrel a spamforgalom is korl\u00e1tozhat\u00f3, illetve ha meg kell mutatni egy e-mail c\u00edmet a hat\u00f3s\u00e1goknak, az kevesebb inform\u00e1ci\u00f3t tartalmaz, ami kevesebb f\u00e9lre\u00e9rt\u00e9sre ad lehet\u0151s\u00e9get.<\/p>\n<p>Olyan esetben, ha fenn\u00e1ll a lehet\u0151s\u00e9ge, hogy egy szitu\u00e1ci\u00f3ban (tipikusan hat\u00e1r\u00e1tl\u00e9p\u00e9s) beletekintenek az adathordoz\u00f3ink tartalm\u00e1ba, erre b\u00f6lcsen k\u00e9sz\u00fclj\u00fcnk fel:<\/p>\n<ul>\n<li>minden olyan adatot, adathordoz\u00f3t, amire \u00fat k\u00f6zben nincs sz\u00fcks\u00e9g\u00fcnk, hagyjunk otthon<\/li>\n<li>az \u00faton k\u00e9sz\u00fclt k\u00e9peket, dokumentumokat a hat\u00e1r \u00e1tl\u00e9p\u00e9se el\u0151tt t\u00f6lts\u00fck fel a \u201efelh\u0151be&#8221; (<a title=\"Google Drive\" href=\"https:\/\/accounts.google.com\/ServiceLogin?service=wise&amp;passive=1209600&amp;continue=https:\/\/drive.google.com\/?tab%3Dwo%23&amp;followup=https:\/\/drive.google.com\/?tab%3Dwo&amp;ltmpl=drive\" target=\"_blank\" rel=\"noopener\">Google drive<\/a>, <a title=\"told acuccot\" href=\"http:\/\/www.toldacuccot.hu\/\" target=\"_blank\" rel=\"noopener\">Told a cuccot<\/a>, <a title=\"dropbox\" href=\"https:\/\/www.dropbox.com\/\" target=\"_blank\" rel=\"noopener\">dropbox, <\/a>saj\u00e1t, interneten el\u00e9rhet\u0151 t\u00e1rhely)<\/li>\n<li>az adathordoz\u00f3kon csak olyan adatok\/programok legyenek amikre felt\u00e9tlen\u00fcl sz\u00fcks\u00e9g van<\/li>\n<\/ul>\n<p><strong>Figyelem:<\/strong> c\u00e9ges eszk\u00f6z\u00f6k eset\u00e9n sz\u00fcks\u00e9ges az informatikussal t\u00f6rt\u00e9n\u0151 egyeztet\u00e9s<\/p>\n<h3>Kapcsol\u00f3d\u00f3 cikkek<\/h3>\n<ul id=\"menu-tanacsoktanulmanyok\">\n<li id=\"menu-item-2024\"><a href=\"http:\/\/www.itkommando.hu\/site\/hogyan-bannak-a-szolgaltatok-az-adatainkkal\/\">Hogyan b\u00e1nnak a szolg\u00e1ltat\u00f3k az adatainkkal?<\/a><\/li>\n<li><a href=\"http:\/\/www.itkommando.hu\/site\/a_halozat_szolgalataban\/tanulmanyok\/gondolatok-az-internetes-labnyomrol\/\">Gondolatok az internetes l\u00e1bnyomr\u00f3l<\/a><\/li>\n<\/ul>\n","protected":false},"excerpt":{"rendered":"<p>Egyes orsz\u00e1gokban a h\u00e1t\u00e1r\u0151rizeti szervek belen\u00e9zhetnek a beutaz\u00f3k e-mail fi\u00f3kj\u00e1ba, megvizsg\u00e1lhatj\u00e1k a mobileszk\u00f6zeiken, notebookjukon t\u00e1rolt adatokat, f\u00e9nyk\u00e9peket. A nyelvi probl\u00e9m\u00e1k miatt egy ilyen elj\u00e1r\u00e1s agg\u00e1lyos lehet, hiszen a legt\u00f6bb nyelvp\u00e1rban&hellip;<a href=\"https:\/\/www.itkommando.hu\/site\/a_halozat_szolgalataban\/tanulmanyok\/a-hataron-belenezhetnek-az-adatainba\/\" class=\"more-link\"><span class=\"more-button\">Tov\u00e1bb a r\u00e9szletekre<span class=\"screen-reader-text\">A hat\u00e1ron belen\u00e9zhetnek az adatainkba<\/span><\/span><\/a><\/p>\n","protected":false},"author":1,"featured_media":4502,"parent":397,"menu_order":0,"comment_status":"closed","ping_status":"closed","template":"","meta":{"footnotes":""},"categories":[14,63,11,13,16,55],"tags":[],"class_list":["post-1373","page","type-page","status-publish","has-post-thumbnail","hentry","category-biztonsag","category-mobil-eszkozok","category-munkaallomas","category-szoftver","category-tanacsok","category-web"],"aioseo_notices":[],"_links":{"self":[{"href":"https:\/\/www.itkommando.hu\/site\/wp-json\/wp\/v2\/pages\/1373","targetHints":{"allow":["GET"]}}],"collection":[{"href":"https:\/\/www.itkommando.hu\/site\/wp-json\/wp\/v2\/pages"}],"about":[{"href":"https:\/\/www.itkommando.hu\/site\/wp-json\/wp\/v2\/types\/page"}],"author":[{"embeddable":true,"href":"https:\/\/www.itkommando.hu\/site\/wp-json\/wp\/v2\/users\/1"}],"replies":[{"embeddable":true,"href":"https:\/\/www.itkommando.hu\/site\/wp-json\/wp\/v2\/comments?post=1373"}],"version-history":[{"count":27,"href":"https:\/\/www.itkommando.hu\/site\/wp-json\/wp\/v2\/pages\/1373\/revisions"}],"predecessor-version":[{"id":5007,"href":"https:\/\/www.itkommando.hu\/site\/wp-json\/wp\/v2\/pages\/1373\/revisions\/5007"}],"up":[{"embeddable":true,"href":"https:\/\/www.itkommando.hu\/site\/wp-json\/wp\/v2\/pages\/397"}],"wp:featuredmedia":[{"embeddable":true,"href":"https:\/\/www.itkommando.hu\/site\/wp-json\/wp\/v2\/media\/4502"}],"wp:attachment":[{"href":"https:\/\/www.itkommando.hu\/site\/wp-json\/wp\/v2\/media?parent=1373"}],"wp:term":[{"taxonomy":"category","embeddable":true,"href":"https:\/\/www.itkommando.hu\/site\/wp-json\/wp\/v2\/categories?post=1373"},{"taxonomy":"post_tag","embeddable":true,"href":"https:\/\/www.itkommando.hu\/site\/wp-json\/wp\/v2\/tags?post=1373"}],"curies":[{"name":"wp","href":"https:\/\/api.w.org\/{rel}","templated":true}]}}