{"id":1399,"date":"2013-05-03T14:41:02","date_gmt":"2013-05-03T13:41:02","guid":{"rendered":"http:\/\/www.itkommando.hu\/site\/?page_id=1399"},"modified":"2021-07-13T21:04:27","modified_gmt":"2021-07-13T20:04:27","slug":"a-wikipedia-legnagyobb-atverese","status":"publish","type":"page","link":"https:\/\/www.itkommando.hu\/site\/a-wikipedia-legnagyobb-atverese\/","title":{"rendered":"\u201eA Wikip\u00e9dia legnagyobb \u00e1tver\u00e9se&#8221;"},"content":{"rendered":"<p>2013.05.01-\u00e9n l\u00e1tott napvil\u00e1got a <a title=\"Jurij Gadjukin\" href=\"http:\/\/index.hu\/tech\/2013\/05\/01\/lelepleztek_a_wikipedia_legnagyobb_atvereset\/?token=59ca1449ca30dacb531e317df2851b0b\" target=\"_blank\" rel=\"noopener\">h\u00edr \u201eA Wikip\u00e9dia legnagyobb \u00e1tver\u00e9se&#8221; c\u00edmmel<\/a>, miszerint lelepleztek egy fikt\u00edv szovjet filmrendez\u0151r\u0151l, Jurij Gadjukinr\u00f3l k\u00e9sz\u00fclt cikket az angol Wikip\u00e9di\u00e1n.<\/p>\n<p>Ez az Index.hu cikk ugyanazzal a hangzatos c\u00edmmel ind\u00edt, mint az <a title=\"portug\u00e1l-indiai h\u00e1bor\u00fa\" href=\"http:\/\/index.hu\/tech\/2013\/01\/06\/leleplezodott_a_wikipedia_legnagyobb_atverese\/?token=0def83bcaff0b4b67ad4cd1ae845c18d\" target=\"_blank\" rel=\"noopener\">el\u0151z\u0151,<\/a> ar\u00f3l sz\u00f3l\u00f3\u00a0 cikk eset\u00e9n.<\/p>\n<p>A k\u00e9t eset azonban eg\u00e9szen m\u00e1s. A Prtug\u00e1l.Indiai h\u00e1bor\u00far\u00f3l sz\u00f3l\u00f3 Wikip\u00e9dia cikk teljesen fikt\u00edv, amelyet a Wikip\u00e9dia kedv\u00e9\u00e9rt kre\u00e1ltak. Az Index.hu \u00e1ltal haszn\u00e1lt c\u00edm itt is hat\u00e1svad\u00e1sz, mert nem lehet tudni, hogy nem lappang-e m\u00e9g n\u00e9h\u00e1ny enn\u00e9l r\u00e9gebbi, vagy fontosabb t\u00e9m\u00e1ban k\u00e9sz\u00fclt fikt\u00edv cikk a n\u00e9gymilli\u00f3 angol nyelv\u0171 t\u00e1rsa k\u00f6z\u00f6tt.<\/p>\n<p>A Jurij Gadjukinr\u00f3l k\u00e9sz\u00fclt cikk azonban teljesen m\u00e1s eset. Itt egy tervezett \u00e1ldokumentumfilmhez\u00a0 l\u00e9trehoztak egy karaktert, amihez IMDB (nemzetk\u00f6zi filmadatb\u00e1zis) bejegyz\u00e9s, facebook rajong\u00f3i csoport, \u00fajs\u00e1gcikkek, d\u00edjak tartoztak. A film soha nem k\u00e9sz\u00fclt el, azonban a kital\u00e1l\u00f3i elkezdt\u00e9k a rendez\u0151 figur\u00e1j\u00e1t egyre alaposabban kidolgozni, egyre t\u00f6bb weboldalon szerepeltetni. A Wikip\u00e9dia a ciikkekkel kapcsolatban azt \u00edrja el\u0151, hogy forr\u00e1sokkal al\u00e1t\u00e1maszthat\u00f3 legyen. Ez ebben az esetben teljes m\u00e9rt\u00e9kben teljes\u00fclt, teh\u00e1t a cikk \u201ejogosan l\u00e9tezett&#8221;. A rendelkez\u00e9sre \u00e1ll\u00f3 &#8211; hitelesnek t\u0171n\u0151\u00a0 &#8211; forr\u00e1sok alapj\u00e1n b\u00e1rki azt gondolhatta, hogy l\u00e9tez\u0151 szem\u00e9lyr\u0151l van sz\u00f3.<\/p>\n<p><a href=\"https:\/\/commons.wikimedia.org\/wiki\/File:W%C3%A1gner,_S%C3%A1ndor_-_The_Self-_Sacrifice_of_Titusz_Dugovics_-_Google_Art_Project.jpg\"><img loading=\"lazy\" decoding=\"async\" class=\"alignright size-medium\" src=\"https:\/\/upload.wikimedia.org\/wikipedia\/commons\/thumb\/a\/a8\/W%C3%A1gner%2C_S%C3%A1ndor_-_The_Self-_Sacrifice_of_Titusz_Dugovics_-_Google_Art_Project.jpg\/210px-W%C3%A1gner%2C_S%C3%A1ndor_-_The_Self-_Sacrifice_of_Titusz_Dugovics_-_Google_Art_Project.jpg\" width=\"210\" height=\"239\" \/><\/a>A hasonl\u00f3 jelens\u00e9gek a t\u00f6rt\u00e9nelemben sem ritk\u00e1k: <a href=\"https:\/\/hu.wikipedia.org\/wiki\/Dugovics_Titusz\">Dugovics Titusz<\/a>, akinek h\u0151stett\u00e9t tank\u00f6nyvek \u00e9s Wagner S\u00e1ndor festm\u00e9nye is meg\u00f6r\u00f6k\u00edti, val\u00f3sz\u00edn\u0171leg sose l\u00e9tezett, neve, p\u00e9ld\u00e1ul \u00e9vsz\u00e1zadokkal az eml\u00e9kezetes n\u00e1ndorfeh\u00e9rv\u00e1ri diadal ut\u00e1n lett a h\u0151ssel \u00f6sszekapcsolva, amikor a Dugovics csal\u00e1dnak eredetlegend\u00e1ra volt sz\u00fcks\u00e9ge az 1800-as \u00e9vek elej\u00e9n.<\/p>\n<p>Az els\u0151 eset ellen szigor\u00fabb, esetleg a szakmais\u00e1got sem n\u00e9lk\u00fcl\u00f6z\u0151 min\u0151s\u00e9gbiztos\u00edt\u00e1si rendszerrel lehetett volna v\u00e9dekezni (ami ellentmondana a Wikip\u00e9dia alapelveinek, ink\u00e1bb a Nupedia ir\u00e1ny\u00e1ba mutatna). A m\u00e1sodik esetben \u00e9ppen egy Wikip\u00e9dia szerkeszt\u0151 volt az, aki a csal\u00e1st leleplezte. Teh\u00e1t a m\u00e1sodik cikk c\u00edme helyesen:<\/p>\n<p><strong>\u201eA Wikip\u00e9dia leleplezett egy \u00e9vek \u00f3ta tart\u00f3 csal\u00e1ssorozatot&#8221;<\/strong><\/p>\n<h3>Kapcsol\u00f3d\u00f3 cikkek<\/h3>\n<ul>\n<li><a href=\"http:\/\/www.itkommando.hu\/site\/a_halozat_szolgalataban\/tanulmanyok\/wikipedia\/\">Wikip\u00e9dia<\/a><\/li>\n<li><a href=\"http:\/\/www.itkommando.hu\/site\/a_halozat_szolgalataban\/tanulmanyok\/gondolatok-az-internetes-labnyomrol\/\">Gondolatok az internetes l\u00e1bnyomr\u00f3l<\/a><\/li>\n<\/ul>\n<p><strong>\u00a0<\/strong><\/p>\n","protected":false},"excerpt":{"rendered":"<p>2013.05.01-\u00e9n l\u00e1tott napvil\u00e1got a h\u00edr \u201eA Wikip\u00e9dia legnagyobb \u00e1tver\u00e9se&#8221; c\u00edmmel, miszerint lelepleztek egy fikt\u00edv szovjet filmrendez\u0151r\u0151l, Jurij Gadjukinr\u00f3l k\u00e9sz\u00fclt cikket az angol Wikip\u00e9di\u00e1n. Ez az Index.hu cikk ugyanazzal a hangzatos&hellip;<a href=\"https:\/\/www.itkommando.hu\/site\/a-wikipedia-legnagyobb-atverese\/\" class=\"more-link\"><span class=\"more-button\">Tov\u00e1bb a r\u00e9szletekre<span class=\"screen-reader-text\">\u201eA Wikip\u00e9dia legnagyobb \u00e1tver\u00e9se&#8221;<\/span><\/span><\/a><\/p>\n","protected":false},"author":1,"featured_media":1003,"parent":0,"menu_order":0,"comment_status":"closed","ping_status":"closed","template":"","meta":{"footnotes":""},"categories":[16,67],"tags":[],"class_list":["post-1399","page","type-page","status-publish","has-post-thumbnail","hentry","category-tanacsok","category-wikipedia"],"aioseo_notices":[],"_links":{"self":[{"href":"https:\/\/www.itkommando.hu\/site\/wp-json\/wp\/v2\/pages\/1399","targetHints":{"allow":["GET"]}}],"collection":[{"href":"https:\/\/www.itkommando.hu\/site\/wp-json\/wp\/v2\/pages"}],"about":[{"href":"https:\/\/www.itkommando.hu\/site\/wp-json\/wp\/v2\/types\/page"}],"author":[{"embeddable":true,"href":"https:\/\/www.itkommando.hu\/site\/wp-json\/wp\/v2\/users\/1"}],"replies":[{"embeddable":true,"href":"https:\/\/www.itkommando.hu\/site\/wp-json\/wp\/v2\/comments?post=1399"}],"version-history":[{"count":19,"href":"https:\/\/www.itkommando.hu\/site\/wp-json\/wp\/v2\/pages\/1399\/revisions"}],"predecessor-version":[{"id":5447,"href":"https:\/\/www.itkommando.hu\/site\/wp-json\/wp\/v2\/pages\/1399\/revisions\/5447"}],"wp:featuredmedia":[{"embeddable":true,"href":"https:\/\/www.itkommando.hu\/site\/wp-json\/wp\/v2\/media\/1003"}],"wp:attachment":[{"href":"https:\/\/www.itkommando.hu\/site\/wp-json\/wp\/v2\/media?parent=1399"}],"wp:term":[{"taxonomy":"category","embeddable":true,"href":"https:\/\/www.itkommando.hu\/site\/wp-json\/wp\/v2\/categories?post=1399"},{"taxonomy":"post_tag","embeddable":true,"href":"https:\/\/www.itkommando.hu\/site\/wp-json\/wp\/v2\/tags?post=1399"}],"curies":[{"name":"wp","href":"https:\/\/api.w.org\/{rel}","templated":true}]}}