{"id":1417,"date":"2013-05-08T09:46:45","date_gmt":"2013-05-08T08:46:45","guid":{"rendered":"http:\/\/www.itkommando.hu\/site\/?page_id=1417"},"modified":"2021-07-12T17:57:14","modified_gmt":"2021-07-12T16:57:14","slug":"hibaznak-az-androidos-virusirtok","status":"publish","type":"page","link":"https:\/\/www.itkommando.hu\/site\/a_halozat_szolgalataban\/tanulmanyok\/hibaznak-az-androidos-virusirtok\/","title":{"rendered":"Hib\u00e1znak az androidos v\u00edrusirt\u00f3k"},"content":{"rendered":"<p>A v\u00edrusirt\u00f3 programokr\u00f3l m\u00e1r mi is <a title=\"V\u00edrusirt\u00f3 programok\" href=\"http:\/\/www.itkommando.hu\/site\/a_halozat_szolgalataban\/tanulmanyok\/virusirto-programok\/\" target=\"_blank\" rel=\"noopener\">\u00edrtunk<\/a>. Az ott le\u00edrtak a mobil eszk\u00f6z\u00f6kre is \u00e9rv\u00e9nyesek, azonban val\u00f3sz\u00edn\u0171leg a rendelkez\u00e9sre \u00e1ll\u00f3 kisebb sz\u00e1m\u00edt\u00e1si teljes\u00edtm\u00e9ny miatt a mobil platformokon egyszer\u0171bb elj\u00e1r\u00e1sokat haszn\u00e1nak. Ez az\u00e9rt elgondolkodtat\u00f3, mert a mobil eszk\u00f6z\u00f6k terjed\u00e9s\u00e9vel, az azon t\u00e1rolt adatok \u00e9rt\u00e9k\u00e9nek n\u00f6veked\u00e9s\u00e9vel, a fenyegetetts\u00e9g\u00fck is meredeken emelkedik.<\/p>\n<p>Az androidos k\u00e9sz\u00fcl\u00e9kekhez k\u00e9sz\u00fclt v\u00edrusirt\u00f3kat a <strong>Northwestern University<\/strong> \u00e9s a <strong>North Carolina State University<\/strong> munkat\u00e1rsai <a title=\"Az eredet vizsg\u00e1lat le\u00edr\u00e1sa\" href=\"http:\/\/list.cs.northwestern.edu\/mobile\/droidchameleon_nu_eecs_13_01.pdf\" target=\"_blank\" rel=\"noopener\">megvizsg\u00e1lt\u00e1k<\/a>, \u00e9s azt tapasztalt\u00e1k, hogy a megb\u00edzhat\u00f3s\u00e1guk nem \u00e9ri el az elv\u00e1rhat\u00f3 szintet.<\/p>\n<p>A vizsg\u00e1lat l\u00e9nyege, hogy hat ismert k\u00e1rtev\u0151t kisebb m\u00e9rt\u00e9kben m\u00f3dos\u00edtottak, \u00e9s megvizsg\u00e1lt\u00e1k a t\u00edz ismert \u00e9s elterjedt v\u00edrusirt\u00f3 programmal.<\/p>\n<p>A vizsg\u00e1laton a m\u00f3dos\u00edtott programok felismer\u00e9s\u00e9vel minden v\u00edrusirt\u00f3nak voltak gondjai.<\/p>\n<p>A Lookout Inc. (amely felfedezte a k\u00e1rtev\u0151t) v\u00edrusirt\u00f3ja a\u00a0DroidDreem 14 m\u00f3dos\u00edtott verzi\u00f3ja k\u00f6z\u00fcl egyet sem ismert fel.<\/p>\n<p>A technikai r\u00e9szleteket az eredeti dokumentumban az angolul tud\u00f3k megtekinthetik, mi most azzal foglalkozunk, hogy hogyan lehet megel\u0151zni a fert\u0151z\u00e9st.<\/p>\n<ul>\n<li>csak olyan programokat telep\u00edts\u00fcnk, amelyre val\u00f3ban sz\u00fcks\u00e9g van<\/li>\n<li>WiFi, Bluetooth, 3G, egy\u00e9b kommunik\u00e1ci\u00f3s csatorn\u00e1k k\u00f6z\u00fcl mindig csak az legyen bekapcsolva, amire \u00e9ppen sz\u00fcks\u00e9g van (ez az \u00fczemid\u0151t is emeli)<\/li>\n<li>legyen bekapcsolt v\u00edrusirt\u00f3, mert a gyakorlatban jobban teljes\u00edtenek, mint a szintetikus tesztben<\/li>\n<li>minden program telep\u00edt\u00e9sekor ellen\u0151rizni kell, hogy mely er\u0151forr\u00e1sokhoz k\u00e9r hozz\u00e1f\u00e9r\u00e9st. Ha valamely er\u0151forr\u00e1s haszn\u00e1lata indokolatlannak t\u0171nik, ink\u00e1bb keress\u00fcnk helyettes\u00edt\u0151 term\u00e9ket.<\/li>\n<\/ul>\n<h3>Kapcsol\u00f3d\u00f3 cikkek<\/h3>\n<ul>\n<li><a href=\"http:\/\/www.itkommando.hu\/site\/a_halozat_szolgalataban\/tanulmanyok\/szoftver-valasztasa\/\">Szoftver v\u00e1laszt\u00e1sa<\/a><\/li>\n<li><a href=\"http:\/\/www.itkommando.hu\/site\/a_halozat_szolgalataban\/tanulmanyok\/az-internetre-kotott-eszkozok-vedelme\/\">Az Internetre k\u00f6t\u00f6tt eszk\u00f6z\u00f6k v\u00e9delme<\/a><\/li>\n<li><a href=\"http:\/\/www.itkommando.hu\/site\/a_halozat_szolgalataban\/tanulmanyok\/a-virusokrol\/\">A v\u00edrusokr\u00f3l<\/a><\/li>\n<li><a href=\"http:\/\/www.itkommando.hu\/site\/a_halozat_szolgalataban\/tanulmanyok\/virusirto-programok\/\">V\u00edrusirt\u00f3 programok<\/a><\/li>\n<\/ul>\n","protected":false},"excerpt":{"rendered":"<p>A v\u00edrusirt\u00f3 programokr\u00f3l m\u00e1r mi is \u00edrtunk. Az ott le\u00edrtak a mobil eszk\u00f6z\u00f6kre is \u00e9rv\u00e9nyesek, azonban val\u00f3sz\u00edn\u0171leg a rendelkez\u00e9sre \u00e1ll\u00f3 kisebb sz\u00e1m\u00edt\u00e1si teljes\u00edtm\u00e9ny miatt a mobil platformokon egyszer\u0171bb elj\u00e1r\u00e1sokat haszn\u00e1nak.&hellip;<a href=\"https:\/\/www.itkommando.hu\/site\/a_halozat_szolgalataban\/tanulmanyok\/hibaznak-az-androidos-virusirtok\/\" class=\"more-link\"><span class=\"more-button\">Tov\u00e1bb a r\u00e9szletekre<span class=\"screen-reader-text\">Hib\u00e1znak az androidos v\u00edrusirt\u00f3k<\/span><\/span><\/a><\/p>\n","protected":false},"author":1,"featured_media":999,"parent":397,"menu_order":0,"comment_status":"closed","ping_status":"closed","template":"","meta":{"footnotes":""},"categories":[14,63,13,16,15,55],"tags":[],"class_list":["post-1417","page","type-page","status-publish","has-post-thumbnail","hentry","category-biztonsag","category-mobil-eszkozok","category-szoftver","category-tanacsok","category-uzembiztonsag","category-web"],"aioseo_notices":[],"_links":{"self":[{"href":"https:\/\/www.itkommando.hu\/site\/wp-json\/wp\/v2\/pages\/1417","targetHints":{"allow":["GET"]}}],"collection":[{"href":"https:\/\/www.itkommando.hu\/site\/wp-json\/wp\/v2\/pages"}],"about":[{"href":"https:\/\/www.itkommando.hu\/site\/wp-json\/wp\/v2\/types\/page"}],"author":[{"embeddable":true,"href":"https:\/\/www.itkommando.hu\/site\/wp-json\/wp\/v2\/users\/1"}],"replies":[{"embeddable":true,"href":"https:\/\/www.itkommando.hu\/site\/wp-json\/wp\/v2\/comments?post=1417"}],"version-history":[{"count":6,"href":"https:\/\/www.itkommando.hu\/site\/wp-json\/wp\/v2\/pages\/1417\/revisions"}],"predecessor-version":[{"id":5262,"href":"https:\/\/www.itkommando.hu\/site\/wp-json\/wp\/v2\/pages\/1417\/revisions\/5262"}],"up":[{"embeddable":true,"href":"https:\/\/www.itkommando.hu\/site\/wp-json\/wp\/v2\/pages\/397"}],"wp:featuredmedia":[{"embeddable":true,"href":"https:\/\/www.itkommando.hu\/site\/wp-json\/wp\/v2\/media\/999"}],"wp:attachment":[{"href":"https:\/\/www.itkommando.hu\/site\/wp-json\/wp\/v2\/media?parent=1417"}],"wp:term":[{"taxonomy":"category","embeddable":true,"href":"https:\/\/www.itkommando.hu\/site\/wp-json\/wp\/v2\/categories?post=1417"},{"taxonomy":"post_tag","embeddable":true,"href":"https:\/\/www.itkommando.hu\/site\/wp-json\/wp\/v2\/tags?post=1417"}],"curies":[{"name":"wp","href":"https:\/\/api.w.org\/{rel}","templated":true}]}}