{"id":1472,"date":"2013-05-23T09:14:16","date_gmt":"2013-05-23T08:14:16","guid":{"rendered":"http:\/\/www.itkommando.hu\/site\/?page_id=1472"},"modified":"2021-07-14T13:03:48","modified_gmt":"2021-07-14T12:03:48","slug":"bizalmas","status":"publish","type":"page","link":"https:\/\/www.itkommando.hu\/site\/a_halozat_szolgalataban\/tanulmanyok\/bizalmas\/","title":{"rendered":"Bizalmas kommunik\u00e1ci\u00f3"},"content":{"rendered":"<p>Gyakran el\u0151fordul (k\u00fcl\u00f6n\u00f6sen nagy irodah\u00e1zakban) hogy t\u00f6bb c\u00e9g k\u00f6z\u00f6s internetkapcsolatot, vagy telefonk\u00f6zpontot haszn\u00e1l. Ilyenkor a bizalmas kommunik\u00e1ci\u00f3 n\u00e9mi odafigyel\u00e9st ig\u00e9nyelhet.<br \/>\n<a href=\"https:\/\/commons.wikimedia.org\/wiki\/File:Telephone_maintenance._90_miles_line_maintained,_and_tolls_collected_by_Forestry._-_NARA_-_295184.tif\"><img loading=\"lazy\" decoding=\"async\" class=\"alignright\" src=\"https:\/\/upload.wikimedia.org\/wikipedia\/commons\/thumb\/6\/61\/Telephone_maintenance._90_miles_line_maintained%2C_and_tolls_collected_by_Forestry._-_NARA_-_295184.tif\/lossy-page1-137px-Telephone_maintenance._90_miles_line_maintained%2C_and_tolls_collected_by_Forestry._-_NARA_-_295184.tif.jpg\" alt=\"\" width=\"137\" height=\"240\" \/><\/a><\/p>\n<p>A demokr\u00e1cia \u00e9s a szabads\u00e1g fellegv\u00e1r\u00e1nak tartott Egyes\u00fclt \u00c1llamokban minden telefonh\u00edv\u00e1st <a title=\"Az Egyes\u00fclt \u00c1llamokban minden telefonh\u00edv\u00e1st r\u00f6gz\u00edtenek \" href=\"http:\/\/www.origo.hu\/techbazis\/20130509-nehany-szekrenyben-elferne-az-osszes-magyar-hivas.html\" target=\"_blank\" rel=\"noopener\">lehallgatnak<\/a>.<\/p>\n<p>A cikk c\u00e9lja annak k\u00f6r\u00fclj\u00e1r\u00e1sa, hogy mik\u00e9ppen lehet ilyen k\u00f6r\u00fclm\u00e9nyek k\u00f6z\u00f6tt bizalmas besz\u00e9lget\u00e9seket folytatni.<br \/>\nA k\u00fcl\u00f6nb\u00f6z\u0151 VPN szolg\u00e1ltat\u00f3kr\u00f3l k\u00e9t kor\u00e1bbi (<a title=\"N\u00e9vtelen\u00fcl a neten\" href=\"http:\/\/www.itkommando.hu\/site\/a_halozat_szolgalataban\/tanulmanyok\/nevtelenul-a-neten\/\" target=\"_blank\" rel=\"noopener\">N\u00e9vtelen\u00fcl a Neten<\/a>, <a title=\"N\u00e9vtelen\u00fcl a neten 2.\" href=\"http:\/\/www.itkommando.hu\/site\/a_halozat_szolgalataban\/tanulmanyok\/nevtelenul-a-neten2\/\" target=\"_blank\" rel=\"noopener\">N\u00e9vtelen\u00fcl a Neten 2<\/a>) cikk\u00fcnkben volt sz\u00f3. A VPN szolg\u00e1ltat\u00f3k ig\u00e9nybev\u00e9tel\u00e9vel a kommunik\u00e1ci\u00f3 a saj\u00e1t eszk\u00f6zr\u0151l (mobiltelefon, PC, tablet) titkos\u00edtva jut el a VPN m\u00e1sik\u00a0 v\u00e9g\u00e9ig. A <a title=\"Skype \u00e1rak\" href=\"http:\/\/www.skype.com\/en\/rates\/\" target=\"_blank\" rel=\"noopener\">Skype<\/a>, <a title=\"Viber\" href=\"http:\/\/www.viber.com\/\" target=\"_blank\" rel=\"noopener\">Viber,<\/a> <a href=\"https:\/\/signal.org\/download\/\">Signal<\/a> \u00e9s a hasonl\u00f3 programok az internetkapcsolatot haszn\u00e1lva biztos\u00edtanak a telefonhoz hasonl\u00f3, illetve azon t\u00falmutat\u00f3 szolg\u00e1ltat\u00e1sokat (sz\u00f3beli besz\u00e9lget\u00e9s, \u00fczenetk\u00fcld\u00e9s, video telefon\u00e1l\u00e1s, k\u00e9p- f\u00e1jl k\u00fcld\u00e9s).<\/p>\n<p>Az eszk\u00f6z\u00f6ket \u00f6sszeszedt\u00fck, \u00e9p\u00edts\u00fck fel a rendszert:<\/p>\n<p>A VPN-szolg\u00e1ltat\u00f3k k\u00f6z\u00fcl a fizet\u0151s HideMyAss a hang\u00e1tvitelhez is megfelel\u0151 szolg\u00e1ltat\u00e1st ny\u00fajt, az \u00e9ves d\u00edja kb. 79$, azonban sajnos csak angol nyelven \u00e9rhet\u0151 el. Ett\u0151l azonban nem kell megijedni, el\u00e9g a telep\u00edt\u00e9s idej\u00e9re sz\u00fcks\u00e9g szerint ig\u00e9nybe venni egy angol nyelvet j\u00f3l besz\u00e9l\u0151 ismer\u0151s seg\u00edts\u00e9g\u00e9t.\u00a0 A fentebb felsorolt kommunik\u00e1ci\u00f3s programok ingyenesen haszn\u00e1lhat\u00f3ak egym\u00e1s k\u00f6z\u00f6tti besz\u00e9lget\u00e9sre.<\/p>\n<p>A HideMyAss kliensprogramja az \u00f6sszes fontosabb oper\u00e1ci\u00f3s rendszerre (Windows, OsX, Android, DDWRT) el\u00e9rhet\u0151.<\/p>\n<p>A telep\u00edt\u00e9s ut\u00e1n a <em>Country selection<\/em> r\u00e9szben v\u00e1lasszunk ki egy eur\u00f3pai orsz\u00e1got, innent\u0151l kezdve, ha a HideMyAss akt\u00edv, a k\u00edv\u00fcl\u00e1ll\u00f3nak \u00fagy t\u0171nik, mintha abban az orsz\u00e1gban haszn\u00e1ln\u00e1nk az internetet.<\/p>\n<p>A HideMyAss kliens, tartalmaz tov\u00e1bbi biztons\u00e1gi be\u00e1ll\u00edt\u00e1sokat, amelyek kezel\u00e9s\u00e9ben sz\u00edvesen ny\u00fajtunk seg\u00edts\u00e9get.<\/p>\n<p>A HideMyAss kliens elind\u00edt\u00e1sa ut\u00e1n el lehet ind\u00edtani a v\u00e1lasztott besz\u00e9lget\u0151s programot \u00e9s \u00e9lvezni a besz\u00e9lget\u00e9st.<\/p>\n<p>Amennyiben a besz\u00e9lget\u0151partner is hasonl\u00f3 el\u0151vigy\u00e1zatoss\u00e1gok haszn\u00e1lat\u00e1val \u00e9l, \u201ek\u00fcls\u0151 szeml\u00e9l\u0151&#8221; sz\u00e1m\u00e1ra a besz\u00e9lget\u00e9s t\u00e9nye is nehezen felder\u00edthet\u0151.<\/p>\n<p>Term\u00e9szetesen a minden kommunik\u00e1ci\u00f3n\u00e1l (ide\u00e9rtve a titkos\u00edtottakat is) akkor j\u00e1runk el helyesen, ha felt\u00e9telezz\u00fck, hogy harmadik f\u00e9l k\u00e9pes belehallgatni.<\/p>\n<p>FRISS\u00cdT\u00c9S<\/p>\n<p>Term\u00e9szetesen amennyiben a chat (\u00edrott) kommunik\u00e1ci\u00f3 elegend\u0151, az ingyenes szolg\u00e1ltat\u00f3k is megfelel\u0151 param\u00e9tereket biztos\u00edtanak. Ennek az \u00e1ra, az, hogy az el\u00e9rhet\u0151<\/p>\n<ul>\n<li>s\u00e1vsz\u00e9less\u00e9g<\/li>\n<li>adatforgalom<\/li>\n<li>a VPN kapcsolat ideje<\/li>\n<\/ul>\n<p>korl\u00e1tozott.<\/p>\n<p>Ilyen szolg\u00e1ltat\u00f3k (tal\u00e1lomra v\u00e1lasztva):<\/p>\n<ul>\n<li><a title=\"VPNbook bizalmas kommunik\u00e1ci\u00f3\" href=\"http:\/\/www.vpnbook.com\/\" target=\"_blank\" rel=\"noopener\">VPNbook<\/a> \u00a0(proxy szolg\u00e1ltat\u00e1st is ny\u00fajt)<\/li>\n<li><a title=\"TorVPN rejtett kommunik\u00e1ci\u00f3\" href=\"http:\/\/torvpn.com\/magyar\/ingyen_vpn.html\" target=\"_blank\" rel=\"noopener\">TorVPN<\/a>\u00a0magyar VPN szolg\u00e1ltat\u00f3<\/li>\n<\/ul>\n<p>Az OpenVPN protokollt biztons\u00e1gosabbnak tartj\u00e1k, mint a Windowsba be\u00e9p\u00edtett pptp \u00e9s L2TP protokollokat. Amennyiben nem az oper\u00e1ci\u00f3s rendszerbe \u00e9p\u00edtett klienst haszn\u00e1ljuk a csatlakoz\u00e1s\u00e1hoz, mindenk\u00e9ppen a gy\u00e1rt\u00f3 oldal\u00e1r\u00f3l t\u00f6lts\u00fck le azt. Azok a VPN kliensek, amit a VPN szolg\u00e1ltat\u00f3 oldal\u00e1r\u00f3l lehet let\u00f6lteni, gyakran k\u00e9m vagy rekl\u00e1mpump\u00e1l\u00f3 (adware) szolg\u00e1ltat\u00e1ssal is el van l\u00e1tva.<\/p>\n<p>Az online kommunik\u00e1ci\u00f3 sor\u00e1n ne felejts\u00fck el a r\u00e9gi szlogent:\u00a0\u201eNem telefont\u00e9ma&#8221;.<\/p>\n<h3>Kapcsol\u00f3d\u00f3 cikkek<\/h3>\n<ul id=\"menu-tanacsoktanulmanyok\">\n<li id=\"menu-item-1255\"><a href=\"http:\/\/www.itkommando.hu\/site\/a_halozat_szolgalataban\/tanulmanyok\/a-titkositasi-eljarasokrol\/\">A titkos\u00edt\u00e1si elj\u00e1r\u00e1sokr\u00f3l<\/a><\/li>\n<li id=\"menu-item-1834\"><a href=\"http:\/\/www.itkommando.hu\/site\/a_halozat_szolgalataban\/tanulmanyok\/gondolatok-az-internetes-labnyomrol\/\">Gondolatok az internetes l\u00e1bnyomr\u00f3l<\/a><\/li>\n<li id=\"menu-item-1866\"><a href=\"http:\/\/www.itkommando.hu\/site\/a_halozat_szolgalataban\/tanulmanyok\/gondolatok-az-internetes-labnyomrol-2\/\">Gondolatok az internetes l\u00e1bnyomr\u00f3l 2.<\/a><\/li>\n<\/ul>\n","protected":false},"excerpt":{"rendered":"<p>Gyakran el\u0151fordul (k\u00fcl\u00f6n\u00f6sen nagy irodah\u00e1zakban) hogy t\u00f6bb c\u00e9g k\u00f6z\u00f6s internetkapcsolatot, vagy telefonk\u00f6zpontot haszn\u00e1l. Ilyenkor a bizalmas kommunik\u00e1ci\u00f3 n\u00e9mi odafigyel\u00e9st ig\u00e9nyelhet. A demokr\u00e1cia \u00e9s a szabads\u00e1g fellegv\u00e1r\u00e1nak tartott Egyes\u00fclt \u00c1llamokban minden&hellip;<a href=\"https:\/\/www.itkommando.hu\/site\/a_halozat_szolgalataban\/tanulmanyok\/bizalmas\/\" class=\"more-link\"><span class=\"more-button\">Tov\u00e1bb a r\u00e9szletekre<span class=\"screen-reader-text\">Bizalmas kommunik\u00e1ci\u00f3<\/span><\/span><\/a><\/p>\n","protected":false},"author":1,"featured_media":1006,"parent":397,"menu_order":0,"comment_status":"closed","ping_status":"closed","template":"","meta":{"footnotes":""},"categories":[14,63,13,16,65],"tags":[],"class_list":["post-1472","page","type-page","status-publish","has-post-thumbnail","hentry","category-biztonsag","category-mobil-eszkozok","category-szoftver","category-tanacsok","category-voiceoverip"],"aioseo_notices":[],"_links":{"self":[{"href":"https:\/\/www.itkommando.hu\/site\/wp-json\/wp\/v2\/pages\/1472","targetHints":{"allow":["GET"]}}],"collection":[{"href":"https:\/\/www.itkommando.hu\/site\/wp-json\/wp\/v2\/pages"}],"about":[{"href":"https:\/\/www.itkommando.hu\/site\/wp-json\/wp\/v2\/types\/page"}],"author":[{"embeddable":true,"href":"https:\/\/www.itkommando.hu\/site\/wp-json\/wp\/v2\/users\/1"}],"replies":[{"embeddable":true,"href":"https:\/\/www.itkommando.hu\/site\/wp-json\/wp\/v2\/comments?post=1472"}],"version-history":[{"count":29,"href":"https:\/\/www.itkommando.hu\/site\/wp-json\/wp\/v2\/pages\/1472\/revisions"}],"predecessor-version":[{"id":5109,"href":"https:\/\/www.itkommando.hu\/site\/wp-json\/wp\/v2\/pages\/1472\/revisions\/5109"}],"up":[{"embeddable":true,"href":"https:\/\/www.itkommando.hu\/site\/wp-json\/wp\/v2\/pages\/397"}],"wp:featuredmedia":[{"embeddable":true,"href":"https:\/\/www.itkommando.hu\/site\/wp-json\/wp\/v2\/media\/1006"}],"wp:attachment":[{"href":"https:\/\/www.itkommando.hu\/site\/wp-json\/wp\/v2\/media?parent=1472"}],"wp:term":[{"taxonomy":"category","embeddable":true,"href":"https:\/\/www.itkommando.hu\/site\/wp-json\/wp\/v2\/categories?post=1472"},{"taxonomy":"post_tag","embeddable":true,"href":"https:\/\/www.itkommando.hu\/site\/wp-json\/wp\/v2\/tags?post=1472"}],"curies":[{"name":"wp","href":"https:\/\/api.w.org\/{rel}","templated":true}]}}