{"id":1545,"date":"2013-06-23T15:02:12","date_gmt":"2013-06-23T14:02:12","guid":{"rendered":"http:\/\/www.itkommando.hu\/site\/?page_id=1545"},"modified":"2021-07-14T11:00:38","modified_gmt":"2021-07-14T10:00:38","slug":"a-tor-hasznalata","status":"publish","type":"page","link":"https:\/\/www.itkommando.hu\/site\/a_halozat_szolgalataban\/tanulmanyok\/a-tor-hasznalata\/","title":{"rendered":"A TOR rendszer r\u00f6vid ismertet\u00e9se"},"content":{"rendered":"<p>A <a title=\"A TOR honlapja (angol)\" href=\"https:\/\/www.torproject.org\/\" target=\"_blank\" rel=\"noopener\">TOR projekt<\/a>&nbsp;az amerikai <a href=\"http:\/\/www.onion-router.net\/\">U.S. Naval Research Laboratory<\/a> onion router programj\u00e1nak a harmadik gener\u00e1ci\u00f3ja.<\/p>\n<p>A TOR projekt c\u00e9lja a szabad kommunik\u00e1ci\u00f3 biztos\u00edt\u00e1sa azokban az orsz\u00e1gokban, ahol a sz\u00f3l\u00e1sszabads\u00e1g korl\u00e1tozott. <a title=\"Lehallgatj\u00e1k az internetet\" href=\"http:\/\/www.origo.hu\/techbazis\/20130622-a-britek-is-segitik-az-internet-nagyuzemi-lehallgatasat.html\" target=\"_blank\" rel=\"noopener\">Egyes szervezetek<\/a> (illetve<a title=\"Az eszk\u00f6z \u00faj, a megfigyel\u00e9s maradt a r\u00e9gi\" href=\"http:\/\/index.hu\/tech\/2013\/06\/24\/prism_nsa\/\" target=\"_blank\" rel=\"noopener\"> itt<\/a>) el\u0151szeretettel figyelik meg az emberek internethaszn\u00e1lat\u00e1t. Mivel ez az adatmennyis\u00e9g felbecs\u00fclhetetlen\u00fcl nagy, a feldolgoz\u00e1st r\u00e9szben automatiz\u00e1lj\u00e1k. Ha ehhez esetleg a nyelvi probl\u00e9m\u00e1kat is hozz\u00e1 vessz\u00fck, r\u00f6gt\u00f6n kider\u00fcl, hogy nem sz\u00fcks\u00e9ges, hogy b\u00e1rmilyen illeg\u00e1lis tev\u00e9kenys\u00e9get v\u00e9gezz\u00fcnk ahhoz, hogy a titkosszolg\u00e1latok \u201el\u00e1t\u00f3ter\u00e9be ker\u00fclj\u00fcnk&#8221;.<\/p>\n<p>\u00cdme n\u00e9h\u00e1ny \u201evesz\u00e9lyes&#8221; kommunik\u00e1ci\u00f3:<\/p>\n<ul>\n<li>A m\u00falt h\u00e9ten egy <strong>bomba<\/strong> n\u0151vel volt randim.<\/li>\n<li>A l\u00e1nyom <strong>pusk\u00e1t<\/strong> \u00edrt a dolgozathoz, de v\u00e9g\u00fcl nem haszn\u00e1lta.<\/li>\n<li>A feles\u00e9gem a Jeep Cherokee m\u00e9ret\u0171 <strong>tankokat<\/strong> szereti.<\/li>\n<li>\u00c1mor <strong>nyila<\/strong> b\u00e1rkit eltal\u00e1lhat.<\/li>\n<\/ul>\n<p>Term\u00e9szetesen a sor nagyon hosszan folytathat\u00f3.<\/p>\n<p>FRISS\u00cdT\u00c9S: Egy internetes civakod\u00e1s <sup><a href=\"#footnote_1_1545\" id=\"identifier_1_1545\" class=\"footnote-link footnote-identifier-link\" title=\"&nbsp;rosszul siker&uuml;lt vicc\">1<\/a><\/sup>&nbsp;is t\u00f6bb h\u00f3napot \u00e9rhet b\u00f6rt\u00f6nben, ahol a rabt\u00e1rsak is gyilkosk\u00e9nt b\u00e1nnak az elk\u00f6vet\u0151vel. <sup><a href=\"#footnote_2_1545\" id=\"identifier_2_1545\" class=\"footnote-link footnote-identifier-link\" title=\"&nbsp;Az Interneten civakod&oacute; fiatalt h&oacute;napokig kezelt&eacute;k gyilkosk&eacute;nt\">2<\/a><\/sup> ,b\u00e1r ha egy gyilkoss\u00e1gra k\u00e9sz\u00fcl\u0151 b\u0171n\u00f6z\u0151t hagytak volna futni, m\u00e9g nagyobb felh\u00e1borod\u00e1st okozott volna.<\/p>\n<p>A n\u00e9vtelens\u00e9g biztos\u00edt\u00e1s\u00e1nak egyik eszk\u00f6ze a TOR.<\/p>\n<p>A projekt t\u00f6bb oper\u00e1ci\u00f3s rendszerre, illetve t\u00f6bb form\u00e1ban k\u00edn\u00e1l megold\u00e1st. A projekt c\u00e9lja a n\u00e9vtelens\u00e9g, nem a b\u00f6ng\u00e9sz\u00e9s t\u00e9ny\u00e9nek, vagy tartalm\u00e1nak elrejt\u00e9se!<\/p>\n<p>A rendszer lehet\u0151v\u00e9 teszi, hogy a felhaszn\u00e1l\u00f3k an\u00e9lk\u00fcl l\u00e1togassanak meg weboldalakat, hogy azok azonos\u00edtani tudn\u00e1k ak\u00e1r a felhaszn\u00e1l\u00f3t, ak\u00e1r az orsz\u00e1got, ahonnan a k\u00e9r\u00e9s indult.<\/p>\n<figure style=\"width: 323px\" class=\"wp-caption alignright\"><a href=\"https:\/\/hu.wikipedia.org\/wiki\/F%C3%A1jl:Samplecircuit.gif\"><img loading=\"lazy\" decoding=\"async\" class=\" \" src=\"https:\/\/upload.wikimedia.org\/wikipedia\/hu\/b\/b7\/Samplecircuit.gif\" alt=\"P\u00e9lda kommunik\u00e1ci\u00f3\" width=\"323\" height=\"242\"><\/a><figcaption class=\"wp-caption-text\">Egy p\u00e9lda a kommunik\u00e1ci\u00f3ra. Az \u00e1br\u00e1n l\u00e1that\u00f3, hogy nincs olyan r\u00e9sztvev\u0151 a kapcsolatban, amely egyszerre ismeri a kommunik\u00e1ci\u00f3 k\u00e9t v\u00e9gpontj\u00e1t.<\/figcaption><\/figure>\n<p>Mivel a rendszer az egyszer kialak\u00edtott adat\u00fatvonalakat v\u00e9letlenszer\u0171 id\u0151k\u00f6z\u00f6kben felsz\u00e1molja \u00e9s \u00fajakat \u00e9p\u00edt ki, valamint a TOR rendszeren bel\u00fcl minden kommunik\u00e1ci\u00f3 titkos\u00edtva \u00e9s fragment\u00e1lva ker\u00fcl tov\u00e1bb\u00edt\u00e1sra, a kommunik\u00e1ci\u00f3 akkor is bizalmas marad, ha a h\u00e1l\u00f3zatba rosszindulat\u00fa tag \u00e9p\u00fcl be. Az exitnode (ahol a kommunik\u00e1ci\u00f3 kil\u00e9p a TOR h\u00e1l\u00f3zatb\u00f3l) a kommunik\u00e1ci\u00f3 tartalm\u00e1t ismeri, a kommunik\u00e1ci\u00f3 m\u00e1sik r\u00e9sztvev\u0151j\u00e9t azonban nem.<\/p>\n<p>A megold\u00e1s a tapasztalatok szerint elegend\u0151en biztons\u00e1gos, ha a szem\u00e9lyazonoss\u00e1gunkat el szeretn\u00e9nk rejteni.<\/p>\n<p>A TOR honlapja szerint a k\u00f6vetkez\u0151 csoportoknak aj\u00e1nlj\u00e1k a term\u00e9k\u00fcket:<\/p>\n<ul>\n<li>Csal\u00e1dtagok \u00e9s bar\u00e1tok k\u00f6z\u00f6tti kommunik\u00e1ci\u00f3ra, hogy megv\u00e9dj\u00e9k a gyermekeiket \u00e9s m\u00e9lt\u00f3s\u00e1gukat az inkorrekt eszk\u00f6z\u00f6ket haszn\u00e1l\u00f3 v\u00e1llalkoz\u00e1sokkal szemben<\/li>\n<li>V\u00e1llalkoz\u00e1soknak az \u00fczleti strat\u00e9gi\u00e1k \u00e9s adatgy\u0171jt\u00e9sek titokban tart\u00e1s\u00e1ra<\/li>\n<li>Blogereknek, akik k\u00e9nyes t\u00e9m\u00e1kat feszegetnek<\/li>\n<li>Informatikusoknak, a saj\u00e1t rendszereik v\u00e9delm\u00e9nek tesztel\u00e9s\u00e9re (feh\u00e9r kalapos hackel\u00e9s)<\/li>\n<li>Aktivist\u00e1knak, akiket a tev\u00e9kenys\u00e9g\u00fck miatt kellemetlens\u00e9gek \u00e9rhetnek<\/li>\n<li>\u00dajs\u00e1g\u00edr\u00f3knak, hogy a forr\u00e1saikat biztons\u00e1gban tarthass\u00e1k<\/li>\n<li>Katon\u00e1knak, hogy a kommunik\u00e1ci\u00f3ikat titokban tarts\u00e1k (ez volt az eredeti c\u00e9l)<\/li>\n<\/ul>\n<h3>H\u00e1tr\u00e1nyai<\/h3>\n<p>A fentieken k\u00edv\u00fcl a b\u0171n\u00f6z\u0151k is <a title=\"A web s\u00f6t\u00e9t oldala\" href=\"http:\/\/index.hu\/tech\/2013\/01\/29\/bejartuk_a_web_sotet_oldalat\/\" target=\"_blank\" rel=\"noopener\">felfedezt\u00e9k<\/a> maguknak a n\u00e9vtelens\u00e9gben rejl\u0151 lehet\u0151s\u00e9geket.<\/p>\n<p>A TOR rendszeren kereszt\u00fcl el\u00e9rhet\u0151 s\u00e1vsz\u00e9less\u00e9g \u00e1ltal\u00e1ban jelent\u0151sen alacsonyabb, mint a k\u00f6zvetlen internetkapcsolaton m\u00e9rt.<\/p>\n<p>A <a title=\"Facebook t\u00e1mad\u00e1st \u00e9rz\u00e9kelt a TOR fel\u00f6l\" href=\"https:\/\/blog.torproject.org\/blog\/facebook-and-tor\" target=\"_blank\" rel=\"noopener\">facebook<\/a> \u00e9s egy\u00e9b szolg\u00e1ltat\u00f3k gyakran blokkolj\u00e1k a TOR exitnode-kat, mivel azokon kereszt\u00fcl automatikus t\u00e1mad\u00e1st \u00e9rz\u00e9kelnek, illetve a folyamatosan v\u00e1ltoz\u00f3 IP-c\u00edm egyes szolg\u00e1ltat\u00e1sok ig\u00e9nybev\u00e9tel\u00e9t megnehez\u00edti.<\/p>\n<p>Az inkognit\u00f3nk megtart\u00e1sa \u00e9rdek\u00e9ben olyan szolg\u00e1ltat\u00e1st nem (vagy igen fokozott figyelemmel) c\u00e9lszer\u0171 ig\u00e9nybe venni amelyek bejelentkez\u00e9st vagy egy\u00e9b azonos\u00edt\u00e1st ig\u00e9nyelnek.<\/p>\n<h3>&nbsp;Kapcsol\u00f3d\u00f3 cikkek<\/h3>\n<ul>\n<li><a title=\"\u00c1lland\u00f3 link ehhez A TOR h\u00e1l\u00f3zat biztons\u00e1ga\" href=\"http:\/\/www.itkommando.hu\/site\/a_halozat_szolgalataban\/tanulmanyok\/a-tor-halozat-biztonsaga\/\" rel=\"bookmark\">A TOR h\u00e1l\u00f3zat biztons\u00e1ga<\/a><\/li>\n<li><a title=\"\u00c1lland\u00f3 link ehhez E-mai a TOR rendszeren bel\u00fcl\" href=\"http:\/\/www.itkommando.hu\/site\/e-mai-a-tor-rendszeren-belul\/\" rel=\"bookmark\">E-mai a TOR rendszeren bel\u00fcl<\/a><\/li>\n<li><a title=\"\u00c1lland\u00f3 link ehhez A TOR haszn\u00e1lata\" href=\"http:\/\/www.itkommando.hu\/site\/a_halozat_szolgalataban\/tanulmanyok\/a-tor-hasznalata-2\/\" rel=\"bookmark\">A TOR haszn\u00e1lata<\/a><\/li>\n<li><a href=\"http:\/\/www.itkommando.hu\/site\/a_halozat_szolgalataban\/tanulmanyok\/gondolatok-az-internetes-labnyomrol\/\">Gondolatok az internetes l\u00e1bnyomr\u00f3l<\/a><\/li>\n<li><a href=\"http:\/\/www.itkommando.hu\/site\/a_halozat_szolgalataban\/tanulmanyok\/a-hataron-belenezhetnek-az-adatainba\/\">A hat\u00e1ron belen\u00e9zhetnek az adatainkba<\/a><\/li>\n<\/ul>\n<ol class=\"footnotes\"><li id=\"footnote_1_1545\" class=\"footnote\">&nbsp;<a title=\"Rosszul siker\u00fclt vicc\" href=\"http:\/\/index.hu\/tech\/2013\/06\/28\/borton_fenyeget_egy_tinedzsert_facebookos_ironizalas_miatt\/?token=d25c7ab7fa74e9e7afdc65dee1e08ee2\" target=\"_blank\" rel=\"noopener\">rosszul siker\u00fclt vicc <\/a><span class=\"footnote-back-link-wrapper\">[<a href=\"#identifier_1_1545\" class=\"footnote-link footnote-back-link\">&#8617;<\/a>]<\/span><\/li><li id=\"footnote_2_1545\" class=\"footnote\">&nbsp;<a title=\"A facebookon fenyeget\u0151z\u0151 fiatalt h\u00f3napokig tartott\u00e1k biztons\u00e1gos b\u00f6rt\u00f6nben\" href=\"http:\/\/444.hu\/2014\/02\/26\/rossz-poent-sutott-el-a-facebookon-10-evet-kaphat-terrorizmusert\/\">Az Interneten civakod\u00f3 fiatalt h\u00f3napokig kezelt\u00e9k gyilkosk\u00e9n<\/a>t <span class=\"footnote-back-link-wrapper\">[<a href=\"#identifier_2_1545\" class=\"footnote-link footnote-back-link\">&#8617;<\/a>]<\/span><\/li><\/ol>","protected":false},"excerpt":{"rendered":"<p>A TOR projekt&nbsp;az amerikai U.S. Naval Research Laboratory onion router programj\u00e1nak a harmadik gener\u00e1ci\u00f3ja. A TOR projekt c\u00e9lja a szabad kommunik\u00e1ci\u00f3 biztos\u00edt\u00e1sa azokban az orsz\u00e1gokban, ahol a sz\u00f3l\u00e1sszabads\u00e1g korl\u00e1tozott. Egyes&hellip;<a href=\"https:\/\/www.itkommando.hu\/site\/a_halozat_szolgalataban\/tanulmanyok\/a-tor-hasznalata\/\" class=\"more-link\"><span class=\"more-button\">Tov\u00e1bb a r\u00e9szletekre<span class=\"screen-reader-text\">A TOR rendszer r\u00f6vid ismertet\u00e9se<\/span><\/span><\/a><\/p>\n","protected":false},"author":1,"featured_media":1575,"parent":397,"menu_order":0,"comment_status":"closed","ping_status":"closed","template":"","meta":{"footnotes":""},"categories":[14,13,16,66,55],"tags":[],"class_list":["post-1545","page","type-page","status-publish","has-post-thumbnail","hentry","category-biztonsag","category-szoftver","category-tanacsok","category-tor","category-web"],"aioseo_notices":[],"_links":{"self":[{"href":"https:\/\/www.itkommando.hu\/site\/wp-json\/wp\/v2\/pages\/1545","targetHints":{"allow":["GET"]}}],"collection":[{"href":"https:\/\/www.itkommando.hu\/site\/wp-json\/wp\/v2\/pages"}],"about":[{"href":"https:\/\/www.itkommando.hu\/site\/wp-json\/wp\/v2\/types\/page"}],"author":[{"embeddable":true,"href":"https:\/\/www.itkommando.hu\/site\/wp-json\/wp\/v2\/users\/1"}],"replies":[{"embeddable":true,"href":"https:\/\/www.itkommando.hu\/site\/wp-json\/wp\/v2\/comments?post=1545"}],"version-history":[{"count":25,"href":"https:\/\/www.itkommando.hu\/site\/wp-json\/wp\/v2\/pages\/1545\/revisions"}],"predecessor-version":[{"id":5476,"href":"https:\/\/www.itkommando.hu\/site\/wp-json\/wp\/v2\/pages\/1545\/revisions\/5476"}],"up":[{"embeddable":true,"href":"https:\/\/www.itkommando.hu\/site\/wp-json\/wp\/v2\/pages\/397"}],"wp:featuredmedia":[{"embeddable":true,"href":"https:\/\/www.itkommando.hu\/site\/wp-json\/wp\/v2\/media\/1575"}],"wp:attachment":[{"href":"https:\/\/www.itkommando.hu\/site\/wp-json\/wp\/v2\/media?parent=1545"}],"wp:term":[{"taxonomy":"category","embeddable":true,"href":"https:\/\/www.itkommando.hu\/site\/wp-json\/wp\/v2\/categories?post=1545"},{"taxonomy":"post_tag","embeddable":true,"href":"https:\/\/www.itkommando.hu\/site\/wp-json\/wp\/v2\/tags?post=1545"}],"curies":[{"name":"wp","href":"https:\/\/api.w.org\/{rel}","templated":true}]}}