{"id":1561,"date":"2013-06-25T09:00:38","date_gmt":"2013-06-25T08:00:38","guid":{"rendered":"http:\/\/www.itkommando.hu\/site\/?page_id=1561"},"modified":"2021-07-12T12:52:30","modified_gmt":"2021-07-12T11:52:30","slug":"a-tor-hasznalata-2","status":"publish","type":"page","link":"https:\/\/www.itkommando.hu\/site\/a_halozat_szolgalataban\/tanulmanyok\/a-tor-hasznalata-2\/","title":{"rendered":"A TOR haszn\u00e1lata"},"content":{"rendered":"<p>A sorozat <a title=\"A TOR rendszer r\u00f6vid ismertet\u00e9se\" href=\"http:\/\/www.itkommando.hu\/site\/a_halozat_szolgalataban\/tanulmanyok\/a-tor-hasznalata\/\" target=\"_blank\" rel=\"noopener\">el\u0151z\u0151 r\u00e9sz\u00e9ben<\/a> v\u00e1zlatosan ismertett\u00fck a TOR rendszer m\u0171k\u00f6d\u00e9s\u00e9t. Most a telep\u00edt\u00e9s\u00e9t \u00e9s haszn\u00e1lat\u00e9t ismertetj\u00fck.<\/p>\n<p>A programot <a title=\"A TOR browser let\u00f6lt\u00e9se\" href=\"https:\/\/www.torproject.org\/dist\/torbrowser\/tor-browser-2.3.25-8_en-US.exe\" target=\"_blank\" rel=\"noopener\">innen<\/a> lehet let\u00f6lteni. A telep\u00edt\u0151 l\u00e9trehoz egy <code>Tor Browser<\/code> nev\u0171 mapp\u00e1t, amelyben egy <code>Start Tor Browser.exe<\/code> programot tal\u00e1lunk. Ennek elind\u00edt\u00e1sa ut\u00e1n egy speci\u00e1lisan be\u00e1ll\u00edtott Firefox b\u00f6ng\u00e9sz\u0151 indul el. A be\u00e1ll\u00edt\u00f3 ablakot val\u00f3sz\u00edn\u0171leg a b\u00f6ng\u00e9sz\u0151 ablak m\u00f6g\u00f6tt tal\u00e1ljuk.<\/p>\n<figure id=\"attachment_1564\" aria-describedby=\"caption-attachment-1564\" style=\"width: 323px\" class=\"wp-caption alignnone\"><a href=\"http:\/\/www.itkommando.hu\/site\/wp-content\/uploads\/tor1.png\"><img loading=\"lazy\" decoding=\"async\" class=\"wp-image-1564 \" title=\"Vidalia\" src=\"http:\/\/www.itkommando.hu\/site\/wp-content\/uploads\/tor1.png\" alt=\"A TOR be\u00e1ll\u00edt\u00f3 ablaka\" width=\"323\" height=\"337\" srcset=\"https:\/\/www.itkommando.hu\/site\/wp-content\/uploads\/tor1.png 462w, https:\/\/www.itkommando.hu\/site\/wp-content\/uploads\/tor1-287x300.png 287w\" sizes=\"auto, (max-width: 323px) 100vw, 323px\" \/><\/a><figcaption id=\"caption-attachment-1564\" class=\"wp-caption-text\">A TOR be\u00e1ll\u00edt\u00f3 ablaka<\/figcaption><\/figure>\n<p>A <code>Settings<\/code>-re kattintva bej\u00f6n a be\u00e1ll\u00edt\u00e1si ablak:<\/p>\n<figure id=\"attachment_1565\" aria-describedby=\"caption-attachment-1565\" style=\"width: 339px\" class=\"wp-caption alignnone\"><a href=\"http:\/\/www.itkommando.hu\/site\/wp-content\/uploads\/tor2.png\"><img loading=\"lazy\" decoding=\"async\" class=\"wp-image-1565 \" title=\"Nyelv be\u00e1ll\u00edt\u00e1sa\" src=\"http:\/\/www.itkommando.hu\/site\/wp-content\/uploads\/tor2.png\" alt=\"Nyelv be\u00e1ll\u00edt\u00e1sa\" width=\"339\" height=\"278\" srcset=\"https:\/\/www.itkommando.hu\/site\/wp-content\/uploads\/tor2.png 941w, https:\/\/www.itkommando.hu\/site\/wp-content\/uploads\/tor2-300x246.png 300w\" sizes=\"auto, (max-width: 339px) 100vw, 339px\" \/><\/a><figcaption id=\"caption-attachment-1565\" class=\"wp-caption-text\">El\u0151sz\u00f6r a nyelvet \u00e1ll\u00edtjuk be<\/figcaption><\/figure>\n<p>Itt a nyelvet magyarra \u00e1ll\u00edtottuk, mivel errefel\u00e9 ez az \u00e1ltal\u00e1nosan haszn\u00e1lt, de a nyelvek sz\u00e9les v\u00e1laszt\u00e9ka\u00a0 \u00e1ll rendelkez\u00e9sre. Ezzel egy\u00fctt aj\u00e1nlom az angol (English) megtart\u00e1s\u00e1t, mert az a nemzetk\u00f6zi, egy esetleges t\u00e1voli rosszindulat\u00fa vizsg\u00e1l\u00f3d\u00e1s ennyivel kevesebbet tud meg\u00e1llap\u00edtani.<\/p>\n<p>A be\u00e1ll\u00edt\u00e1sok k\u00f6z\u00f6tt a legfontosabb a &#8222;megoszt\u00e1s fejezet&#8221; gondos be\u00e1ll\u00edt\u00e1sa:<\/p>\n<figure id=\"attachment_1566\" aria-describedby=\"caption-attachment-1566\" style=\"width: 339px\" class=\"wp-caption alignnone\"><a href=\"http:\/\/www.itkommando.hu\/site\/wp-content\/uploads\/tor3.png\"><img loading=\"lazy\" decoding=\"async\" class=\"wp-image-1566 \" src=\"http:\/\/www.itkommando.hu\/site\/wp-content\/uploads\/tor3.png\" alt=\"Megoszt\u00e1s be\u00e1ll\u00edt\u00e1sok a TOR-ban\" width=\"339\" height=\"278\" srcset=\"https:\/\/www.itkommando.hu\/site\/wp-content\/uploads\/tor3.png 941w, https:\/\/www.itkommando.hu\/site\/wp-content\/uploads\/tor3-300x246.png 300w\" sizes=\"auto, (max-width: 339px) 100vw, 339px\" \/><\/a><figcaption id=\"caption-attachment-1566\" class=\"wp-caption-text\">A megoszt\u00e1s be\u00e1ll\u00edt\u00e1sa<\/figcaption><\/figure>\n<p>Az alap be\u00e1ll\u00edt\u00e1s, a <code>Csak kliens ind\u00edt\u00e1sa<\/code> &#8211; ilyenkor a TOR h\u00e1l\u00f3zat el\u0151nyeit \u00e9lvezhetj\u00fck, de a rendszer m\u0171k\u00f6d\u00e9s\u00e9hez nem j\u00e1rulunk hozz\u00e1.<\/p>\n<p>A k\u00f6vetkez\u0151 lehet\u0151s\u00e9g a <code>A forgalom TOR h\u00e1l\u00f3zaton bel\u00fcli megoszt\u00e1sa (nem kil\u00e9p\u0151-eloszt\u00f3)<\/code>. Ilyenkor a TOR h\u00e1l\u00f3zaton bel\u00fcli forgalomban r\u00e9szt vesz\u00fcnk, azonban miden adatforgalom, amely rajtunk kereszt\u00fcl megy, titkos\u00edtott \u00e9s hi\u00e1nyos. Ha az internetes s\u00e1vsz\u00e9less\u00e9g\u00fcnk megengedi, c\u00e9lszer\u0171 ezt a lehet\u0151s\u00e9get v\u00e1lasztani, mivel ilyenkor an\u00e9lk\u00fcl seg\u00edt\u00fcnk m\u00e1soknak, hogy abb\u00f3l nek\u00fcnk h\u00e1tr\u00e1nyunk sz\u00e1rmazna.<\/p>\n<p>A t\u00f6bbi be\u00e1ll\u00edt\u00e1st csak azoknak aj\u00e1nljuk, akik fel tudjuk m\u00e9rni annak hat\u00e1sait, mivel a kil\u00e9p\u0151-eloszt\u00f3k (exitnode) az inform\u00e1ci\u00f3t m\u00e1r titkos\u00edtatlanul, a saj\u00e1t nev\u00fckben k\u00fcldik ki az internetre.<\/p>\n<p>Innent\u0151l a TorBrowser ablak\u00e1ban biztons\u00e1gosan b\u00f6ng\u00e9szhet\u00fcnk.<\/p>\n<p>Azon szolg\u00e1ltat\u00e1sok ig\u00e9nybe v\u00e9tele azonban, amelyek a f\u00f6ldrajzi helyzet\u00fcnket is ellen\u0151rzi bel\u00e9p\u00e9skor (Gmail, Facebook), a TOR h\u00e1l\u00f3zaton kereszt\u00fcl neh\u00e9zkes, azonban nem is c\u00e9lszer\u0171, hiszen ezek a szolg\u00e1ltat\u00e1sok am\u00fagy is felfedn\u00e9k az inkognit\u00f3nkat.<\/p>\n<p>E-mail c\u00e9lj\u00e1ra l\u00e9tezik az TorMail a TOR rendszeren bel\u00fcl (sajnos mostan\u00e1ban a m\u0171k\u00f6d\u00e9se esetleges), amellyel a n\u00e9vtelens\u00e9g\u00fcnket meg\u0151rizve levelezhet\u00fcnk a nagyvil\u00e1ggal. (A sorozat k\u00f6vetkez\u0151 r\u00e9sze err\u0151l fog sz\u00f3lni.)<\/p>\n<h3>A TOR haszn\u00e1lata<\/h3>\n<p>A TOR a sz\u00e1m\u00edt\u00f3g\u00e9pen mint egy egyszer\u0171 internetes keres\u0151 jelenik meg. Elvileg csak azt vessz\u00fck \u00e9szre, hogy amikor ezt haszn\u00e1ljuk, az internet\u00fcnk sokkal lassabbnak t\u0171nik.<br \/>\nAhhoz, hogy az elv\u00e1rt biztons\u00e1got ny\u00fajtsa, p\u00e1r szab\u00e1lyt \u00e9rdemes betartani:<\/p>\n<ul>\n<li>Ne torrentezz\u00fcnk a TOR h\u00e1l\u00f3zaton.<\/li>\n<li>TOR browswsert haszn\u00e1ljunk (kicsit k\u00e9nyelmetlenebb, mint a megszokott b\u00f6ng\u00e9sz\u0151nk, de ezt els\u0151sorban a magasabb biztons\u00e1g indokolja).<\/li>\n<li>A let\u00f6lt\u00f6tt dokumentumokat ne nyissuk meg, am\u00edg az internethez csatlakozunk.<\/li>\n<li>Ha be\u00e1ll\u00edtjuk a TOR Bridge relay lehet\u0151s\u00e9get telep\u00edt\u00e9skor, akkor a saj\u00e1t forgalmunkat el tudjuk rejteni a t\u00f6bbiek\u00e9 k\u00f6z\u00f6tt, nehez\u00edtve az esetleges azonos\u00edt\u00e1sunkat.<\/li>\n<\/ul>\n<h3>Kapcsol\u00f3d\u00f3 cikkek<\/h3>\n<ul>\n<li><a href=\"http:\/\/www.itkommando.hu\/site\/a_halozat_szolgalataban\/tanulmanyok\/a-tor-rejtett-szolgaltatasai\/\">A TOR rejtett szolg\u00e1tat\u00e1sai<\/a><\/li>\n<li><a href=\"http:\/\/www.itkommando.hu\/site\/a_halozat_szolgalataban\/tanulmanyok\/a-tor-halozat-biztonsaga\/\">A TOR rendszer biztons\u00e1ga<\/a><\/li>\n<li><a href=\"http:\/\/www.itkommando.hu\/site\/a_halozat_szolgalataban\/tanulmanyok\/a-tor-hasznalata\/\">A TOR rendszer r\u00f6vid ismertet\u00e9se<\/a><\/li>\n<\/ul>\n","protected":false},"excerpt":{"rendered":"<p>A sorozat el\u0151z\u0151 r\u00e9sz\u00e9ben v\u00e1zlatosan ismertett\u00fck a TOR rendszer m\u0171k\u00f6d\u00e9s\u00e9t. Most a telep\u00edt\u00e9s\u00e9t \u00e9s haszn\u00e1lat\u00e9t ismertetj\u00fck. A programot innen lehet let\u00f6lteni. A telep\u00edt\u0151 l\u00e9trehoz egy Tor Browser nev\u0171 mapp\u00e1t, amelyben&hellip;<a href=\"https:\/\/www.itkommando.hu\/site\/a_halozat_szolgalataban\/tanulmanyok\/a-tor-hasznalata-2\/\" class=\"more-link\"><span class=\"more-button\">Tov\u00e1bb a r\u00e9szletekre<span class=\"screen-reader-text\">A TOR haszn\u00e1lata<\/span><\/span><\/a><\/p>\n","protected":false},"author":1,"featured_media":1575,"parent":397,"menu_order":0,"comment_status":"closed","ping_status":"closed","template":"","meta":{"footnotes":""},"categories":[14,11,13,16,66],"tags":[],"class_list":["post-1561","page","type-page","status-publish","has-post-thumbnail","hentry","category-biztonsag","category-munkaallomas","category-szoftver","category-tanacsok","category-tor"],"aioseo_notices":[],"_links":{"self":[{"href":"https:\/\/www.itkommando.hu\/site\/wp-json\/wp\/v2\/pages\/1561","targetHints":{"allow":["GET"]}}],"collection":[{"href":"https:\/\/www.itkommando.hu\/site\/wp-json\/wp\/v2\/pages"}],"about":[{"href":"https:\/\/www.itkommando.hu\/site\/wp-json\/wp\/v2\/types\/page"}],"author":[{"embeddable":true,"href":"https:\/\/www.itkommando.hu\/site\/wp-json\/wp\/v2\/users\/1"}],"replies":[{"embeddable":true,"href":"https:\/\/www.itkommando.hu\/site\/wp-json\/wp\/v2\/comments?post=1561"}],"version-history":[{"count":24,"href":"https:\/\/www.itkommando.hu\/site\/wp-json\/wp\/v2\/pages\/1561\/revisions"}],"predecessor-version":[{"id":5060,"href":"https:\/\/www.itkommando.hu\/site\/wp-json\/wp\/v2\/pages\/1561\/revisions\/5060"}],"up":[{"embeddable":true,"href":"https:\/\/www.itkommando.hu\/site\/wp-json\/wp\/v2\/pages\/397"}],"wp:featuredmedia":[{"embeddable":true,"href":"https:\/\/www.itkommando.hu\/site\/wp-json\/wp\/v2\/media\/1575"}],"wp:attachment":[{"href":"https:\/\/www.itkommando.hu\/site\/wp-json\/wp\/v2\/media?parent=1561"}],"wp:term":[{"taxonomy":"category","embeddable":true,"href":"https:\/\/www.itkommando.hu\/site\/wp-json\/wp\/v2\/categories?post=1561"},{"taxonomy":"post_tag","embeddable":true,"href":"https:\/\/www.itkommando.hu\/site\/wp-json\/wp\/v2\/tags?post=1561"}],"curies":[{"name":"wp","href":"https:\/\/api.w.org\/{rel}","templated":true}]}}