{"id":1595,"date":"2013-07-04T10:30:48","date_gmt":"2013-07-04T09:30:48","guid":{"rendered":"http:\/\/www.itkommando.hu\/site\/?page_id=1595"},"modified":"2021-07-13T21:07:09","modified_gmt":"2021-07-13T20:07:09","slug":"e-mai-a-tor-rendszeren-belul","status":"publish","type":"page","link":"https:\/\/www.itkommando.hu\/site\/e-mai-a-tor-rendszeren-belul\/","title":{"rendered":"E-mai a TOR rendszeren bel\u00fcl"},"content":{"rendered":"<p>A TOR mail sajnos 2013-ban besz\u00fcntette a szolg\u00e1ltat\u00e1sait, amikor az FBI rajta\u00fct\u00f6tt a szolg\u00e1ltat\u00e1s \u00fczemeltet\u0151 <a href=\"https:\/\/web.archive.org\/web\/20030202180211\/http:\/\/freedomhosting.com:80\/\">Freedom Hosting-on<\/a>. Ez az oldal ez\u00e9rt csak \u201eeml\u00e9k \u00e1ll\u00edt\u00e1sra&#8221; szolg\u00e1l.<\/p>\n<p>A TOR rendszer arra is \u00a0biztos\u00edt lehet\u0151s\u00e9get, hogy n\u00e9vtelen\u00fcl k\u00fcldj\u00fcnk e-mailt.<\/p>\n<p>A regisztr\u00e1ci\u00f3hoz csak a tervezett e-mail c\u00edm \u00e9s jelsz\u00f3 kell (\u00e9s az elmaradhatatlan grafikus ellen\u0151rz\u00e9s).<\/p>\n<p>A TOR rendszeren bel\u00fcl el\u00e9rhet\u0151 szolg\u00e1ltat\u00e1sok a\u00a0 .onion domain alatt tal\u00e1lhat\u00f3ak. A Tormail l\u00e9nyege az, hogy teljesen anonim levelez\u00e9si lehet\u0151s\u00e9get biztos\u00edt az \u00fcgyf\u00e9lnek. A szolg\u00e1ltat\u00e1snak nagy h\u00e1tr\u00e1nya is a teljes anonimit\u00e1s, mivel a partner sem lehet biztos abban, hogy kivel van kapcsolatban. (A szerz\u0151 megjegyz\u00e9se: a hagyom\u00e1nyos e-mail eset\u00e9n is sz\u00fcks\u00e9ges, hogy a levelez\u0151 partnerek ellen\u0151rizz\u00e9k, hogy kivel leveleznek.)<\/p>\n<figure id=\"attachment_1601\" aria-describedby=\"caption-attachment-1601\" style=\"width: 342px\" class=\"wp-caption alignright\"><a href=\"http:\/\/www.itkommando.hu\/site\/wp-content\/uploads\/TorReg.png\"><img loading=\"lazy\" decoding=\"async\" class=\" wp-image-1601 \" src=\"http:\/\/www.itkommando.hu\/site\/wp-content\/uploads\/TorReg.png\" alt=\"A regisztr\u00e1ci\u00f3s oldal \" width=\"342\" height=\"270\" srcset=\"https:\/\/www.itkommando.hu\/site\/wp-content\/uploads\/TorReg.png 1018w, https:\/\/www.itkommando.hu\/site\/wp-content\/uploads\/TorReg-300x237.png 300w\" sizes=\"auto, (max-width: 342px) 100vw, 342px\" \/><\/a><figcaption id=\"caption-attachment-1601\" class=\"wp-caption-text\">A regisztr\u00e1ci\u00f3s oldal<\/figcaption><\/figure>\n<p>A TORMail nem t\u00e1rol adatokat a lev\u00e9l k\u00fcld\u0151j\u00e9r\u0151l (erre az \u00fczemeltet\u0151k becs\u00fclet szavukat adj\u00e1k), illetve az adatokat kereszt\u00fclvezetik a TOR rendszer\u00e9n, ezzel sok azonos\u00edt\u00f3 adatot (IP c\u00edm) elt\u00fcntetnek, megv\u00e1ltoztatnak. A rendszer az e-mail tartalm\u00e1nak olvas\u00e1s\u00e1t, annak elemz\u00e9s\u00e9t nem befoly\u00e1solja, ez\u00e9rt annak \u00edr\u00e1sakor erre figyelemmel kell lenni.<\/p>\n<p>A webmail fel\u00fclet kiz\u00e1r\u00f3lag angol nyelven el\u00e9rhet\u0151.<\/p>\n<p>A teljes anonimit\u00e1s is csak a lev\u00e9l k\u00fcld\u0151j\u00e9nek visszakereshet\u0151s\u00e9g\u00e9re vonatkozik, a levelez\u00e9s tartalm\u00e1nak elemz\u00e9s\u00e9t m\u00e1s eszk\u00f6z\u00f6kkel lehet megnehez\u00edteni.<\/p>\n<p>A TORMail webes fel\u00fclete a http:\/\/jhiwjjlqpyawmpjx.onion\/ c\u00edmen \u00e9rhet\u0151 el. ahogy a .onion domain mutatja ez csak a TOR rendszer\u00e9n bel\u00fclr\u0151l l\u00e1that\u00f3.<\/p>\n<p>A TORMail rendszerbe a regisztr\u00e1ci\u00f3 a lehet\u0151 legegyszer\u0171bb.<\/p>\n<p>Az e-mail c\u00edm \u00e9s a v\u00e1lasztott jelsz\u00f3 be\u00edr\u00e1sa ut\u00e1n csak az ellen\u0151rz\u0151 k\u00f3dot kell megadni, \u00e9s p\u00e1r perc m\u00falva m\u00e1r k\u00fcldhetj\u00fck is a leveleinket.<\/p>\n<p>A login k\u00e9perny\u0151n v\u00e1laszthatunk a Contol panel, Round Cube, Squirrel Mail k\u00f6z\u00f6tt.<\/p>\n<p>A controllpanel egyetlen lehet\u0151s\u00e9get aj\u00e1nl: meg lehet v\u00e1ltoztatni a jelsz\u00f3t.<\/p>\n<p>A k\u00e9t webmail kliens k\u00f6z\u00fcl a suirelmail egyszer\u0171bb kin\u00e9zet\u0171, m\u00edg a rouncube kicsit jobban kezelhet\u0151, de javascriptet ig\u00e9nyel. Ha a b\u00f6ng\u00e9sz\u0151nkben a javascript enged\u00e9lyezve van, akkor t\u00e1volr\u00f3l b\u00e1rki lek\u00e9rdezheti a val\u00f3s adatainkat, teh\u00e1t a TOR rendszer neh\u00e9zkess\u00e9g\u00e9t feleslegesen v\u00e1llaltuk.<\/p>\n<p>A webmail rendszerbe val\u00f3 bel\u00e9p\u00e9s ut\u00e1n m\u00e1r a megszokott m\u00f3don k\u00fcldhet\u00fcnk \u00e9s fogadhatunk leveleket. Az e-mail c\u00edm\u00fcnk nev@tormail.org lesz, ahol a n\u00e9v a v\u00e1lasztott felhaszn\u00e1l\u00f3nev\u00fcnk.<\/p>\n<p>A TORMail term\u00e9szetesen el\u00e9rhet\u0151 asztali levelez\u0151 programokb\u00f3l is (outlook, firebird \u00e9s t\u00e1rsaik), a be\u00e1ll\u00edt\u00e1sok a TORMail weboldal\u00e1n a HELP f\u00fcl alatt megtal\u00e1lhat\u00f3ak angol nyelven.<\/p>\n<p>A level\u00fcnk felad\u00f3ja nev@tormail.org lesz.<\/p>\n<p>FRISS\u00cdT\u00c9S: A Tormail mostan\u00e1ban nem el\u00e9rhet\u0151, de a Freemail.hu elfogadhat\u00f3an m\u0171k\u00f6dik a Tor rendszerrel.<\/p>\n","protected":false},"excerpt":{"rendered":"<p>A TOR mail sajnos 2013-ban besz\u00fcntette a szolg\u00e1ltat\u00e1sait, amikor az FBI rajta\u00fct\u00f6tt a szolg\u00e1ltat\u00e1s \u00fczemeltet\u0151 Freedom Hosting-on. Ez az oldal ez\u00e9rt csak \u201eeml\u00e9k \u00e1ll\u00edt\u00e1sra&#8221; szolg\u00e1l. A TOR rendszer arra is&hellip;<a href=\"https:\/\/www.itkommando.hu\/site\/e-mai-a-tor-rendszeren-belul\/\" class=\"more-link\"><span class=\"more-button\">Tov\u00e1bb a r\u00e9szletekre<span class=\"screen-reader-text\">E-mai a TOR rendszeren bel\u00fcl<\/span><\/span><\/a><\/p>\n","protected":false},"author":1,"featured_media":1575,"parent":0,"menu_order":3,"comment_status":"closed","ping_status":"closed","template":"","meta":{"footnotes":""},"categories":[14,11,13,16,66,55],"tags":[],"class_list":["post-1595","page","type-page","status-publish","has-post-thumbnail","hentry","category-biztonsag","category-munkaallomas","category-szoftver","category-tanacsok","category-tor","category-web"],"aioseo_notices":[],"_links":{"self":[{"href":"https:\/\/www.itkommando.hu\/site\/wp-json\/wp\/v2\/pages\/1595","targetHints":{"allow":["GET"]}}],"collection":[{"href":"https:\/\/www.itkommando.hu\/site\/wp-json\/wp\/v2\/pages"}],"about":[{"href":"https:\/\/www.itkommando.hu\/site\/wp-json\/wp\/v2\/types\/page"}],"author":[{"embeddable":true,"href":"https:\/\/www.itkommando.hu\/site\/wp-json\/wp\/v2\/users\/1"}],"replies":[{"embeddable":true,"href":"https:\/\/www.itkommando.hu\/site\/wp-json\/wp\/v2\/comments?post=1595"}],"version-history":[{"count":22,"href":"https:\/\/www.itkommando.hu\/site\/wp-json\/wp\/v2\/pages\/1595\/revisions"}],"predecessor-version":[{"id":5449,"href":"https:\/\/www.itkommando.hu\/site\/wp-json\/wp\/v2\/pages\/1595\/revisions\/5449"}],"wp:featuredmedia":[{"embeddable":true,"href":"https:\/\/www.itkommando.hu\/site\/wp-json\/wp\/v2\/media\/1575"}],"wp:attachment":[{"href":"https:\/\/www.itkommando.hu\/site\/wp-json\/wp\/v2\/media?parent=1595"}],"wp:term":[{"taxonomy":"category","embeddable":true,"href":"https:\/\/www.itkommando.hu\/site\/wp-json\/wp\/v2\/categories?post=1595"},{"taxonomy":"post_tag","embeddable":true,"href":"https:\/\/www.itkommando.hu\/site\/wp-json\/wp\/v2\/tags?post=1595"}],"curies":[{"name":"wp","href":"https:\/\/api.w.org\/{rel}","templated":true}]}}