{"id":1765,"date":"2013-08-13T11:21:01","date_gmt":"2013-08-13T10:21:01","guid":{"rendered":"http:\/\/www.itkommando.hu\/site\/?page_id=1765"},"modified":"2021-10-19T09:13:02","modified_gmt":"2021-10-19T08:13:02","slug":"a-mentesiadathordozo-kivalasztasa","status":"publish","type":"page","link":"https:\/\/www.itkommando.hu\/site\/a_halozat_szolgalataban\/tanulmanyok\/a-mentesiadathordozo-kivalasztasa\/","title":{"rendered":"A ment\u00e9si adathordoz\u00f3 kiv\u00e1laszt\u00e1sa"},"content":{"rendered":"<p>A ment\u00e9si rend kialak\u00edt\u00e1s\u00e1hoz el\u0151sz\u00f6r hasonl\u00edtsuk \u00f6ssze a lehet\u0151s\u00e9geket eszk\u00f6z\u00f6k szerint:<\/p>\n<p><strong>\n<table id=\"wp-table-reloaded-id-4-no-1\" class=\"wp-table-reloaded wp-table-reloaded-id-4\">\n<thead>\n\t<tr class=\"row-1 odd\">\n\t\t<th class=\"column-1\">Eszk\u00f6z<\/th><th class=\"column-2\">Automatiz\u00e1lhat\u00f3<\/th><th class=\"column-3\">V\u00edrus vesz\u00e9lyezteti?<\/th><th class=\"column-4\">Fajlagos \u00e1r<\/th><th class=\"column-5\">Bizalmass\u00e1g<\/th>\n\t<\/tr>\n<\/thead>\n<tbody>\n\t<tr class=\"row-2 even\">\n\t\t<td class=\"column-1\">Pendrive<\/td><td class=\"column-2\">Nem<\/td><td class=\"column-3\">Igen<\/td><td class=\"column-4\">magas<\/td><td class=\"column-5\">Az adathordoz\u00f3 fizikai v\u00e9delm\u00e9vel biztos\u00edthat\u00f3<\/td>\n\t<\/tr>\n\t<tr class=\"row-3 odd\">\n\t\t<td class=\"column-1\">K\u00fcls\u0151 HDD<\/td><td class=\"column-2\">Igen<\/td><td class=\"column-3\">Igen<\/td><td class=\"column-4\">Alacsony<\/td><td class=\"column-5\">Az adathordoz\u00f3 fizikai v\u00e9delm\u00e9vel biztos\u00edthat\u00f3<\/td>\n\t<\/tr>\n\t<tr class=\"row-4 even\">\n\t\t<td class=\"column-1\">Szalagos egy\u00e9g<\/td><td class=\"column-2\">Igen<\/td><td class=\"column-3\">Nem<\/td><td class=\"column-4\">Az egys\u00e9g \u00e1ra magas, a szalag \u00e1ltal\u00e1ban gazdas\u00e1gos, azonban a HDD-khez k\u00e9pest egyre kisebb a k\u00fcl\u00f6nbs\u00e9g<\/td><td class=\"column-5\">Az adathordoz\u00f3 fizikai v\u00e9delm\u00e9vel biztos\u00edthat\u00f3<\/td>\n\t<\/tr>\n\t<tr class=\"row-5 odd\">\n\t\t<td class=\"column-1\">T\u00e1voli (online) t\u00e1rhely<\/td><td class=\"column-2\">igen<\/td><td class=\"column-3\">Nem<\/td><td class=\"column-4\">? <br \/>\r\nAk\u00e1r ingyenes is lehet.<\/td><td class=\"column-5\">Az adatok titkos\u00edt\u00e1s\u00e1val, elrejt\u00e9s\u00e9vel<\/td>\n\t<\/tr>\n\t<tr class=\"row-6 even\">\n\t\t<td class=\"column-1\">Optikai lemez (CD\/DVD)<\/td><td class=\"column-2\">Igen<\/td><td class=\"column-3\">Kev\u00e9ss\u00e9<\/td><td class=\"column-4\">Alacsony<\/td><td class=\"column-5\">Az adathordoz\u00f3 fizikai v\u00e9delm\u00e9vel biztos\u00edthat\u00f3<\/td>\n\t<\/tr>\n<\/tbody>\n<\/table>\n<\/strong><\/p>\n<h3>Szalagos egys\u00e9g<\/h3>\n<figure style=\"width: 224px\" class=\"wp-caption alignright\"><a href=\"http:\/\/upload.wikimedia.org\/wikipedia\/commons\/5\/5d\/Dat-tapes17_hg.jpg?uselang=hu\"><img loading=\"lazy\" decoding=\"async\" class=\"   \" src=\"http:\/\/upload.wikimedia.org\/wikipedia\/commons\/thumb\/5\/5d\/Dat-tapes17_hg.jpg\/320px-Dat-tapes17_hg.jpg?uselang=hu\" alt=\"Ment\u0151 (backup) kazett\u00e1k\" width=\"224\" height=\"161\"><\/a><figcaption class=\"wp-caption-text\">Adatkazett\u00e1k t\u00e1rol\u00f3fi\u00f3kban<br \/>Forr\u00e1s: <a href=\"http:\/\/commons.wikimedia.org\/wiki\/File:Dat-tapes17_hg.jpg?uselang=hu\" target=\"_blank\" rel=\"noopener\">commons.wikimedia.org<\/a><\/figcaption><\/figure>\n<p>A szalagos egys\u00e9get SOHO (otthoni vagy kisirodai) k\u00f6rnyezetben csak abban az esetben javasoljuk, ha az eszk\u00f6z m\u00e1r rendelkez\u00e9sre \u00e1ll, mivel az \u00e1ra \u00e1ltal\u00e1ban igen magas.<\/p>\n<p>El\u0151nye, hogy az adathordoz\u00f3 viszonylag olcs\u00f3, ez\u00e9rt elfogadhat\u00f3 k\u00f6lts\u00e9ggel lehet a ment\u00e9seket sok gener\u00e1ci\u00f3ra visszamen\u0151leg t\u00e1rolni. Azonban folyamatos odafigyel\u00e9st k\u00f6vetel a kazett\u00e1k haszn\u00e1lat\u00e1nak nyomon k\u00f6vet\u00e9se Gyakran elhangz\u00f3 k\u00e9rd\u00e9s: \u201eMelyik kazett\u00e1t kell betennem?&#8221;. Ezt a probl\u00e9m\u00e1t megfelel\u0151 t\u00e1rol\u00f3dobozokkal, szervez\u00e9ssel lehet megoldani.<\/p>\n<h3>K\u00fcls\u0151 HDD\/Pendrive<\/h3>\n<figure style=\"width: 160px\" class=\"wp-caption alignright\"><img loading=\"lazy\" decoding=\"async\" src=\"http:\/\/upload.wikimedia.org\/wikipedia\/commons\/thumb\/a\/ac\/Portable_Hard_Drive_Datawalker_XS25.jpg\/160px-Portable_Hard_Drive_Datawalker_XS25.jpg\" alt=\"K\u00fcls\u0151 ment\u0151 (backup) HDD\" width=\"160\" height=\"240\"><figcaption class=\"wp-caption-text\">K\u00fcls\u0151 HDD PTB (One tpuch backup) lehet\u0151s\u00e9ggel <br \/>Forr\u00e1s: <a href=\"http:\/\/commons.wikimedia.org\/wiki\/File:Portable_Hard_Drive_Datawalker_XS25.jpg\" target=\"_blank\" rel=\"noopener\">commons.wikimedia.org<\/a><\/figcaption><\/figure>\n<p>Alapesetben a k\u00fcls\u0151 HDD illetve a szerverre val\u00f3 ment\u00e9s szokott az optim\u00e1lis lenni.<\/p>\n<p>T\u00f6bb k\u00fcls\u0151 HDD rendelkezik egy OTB (One tpuch backup, egy mozdulatos adatment\u00e9s) nyom\u00f3gombbal, amelynek a seg\u00edts\u00e9g\u00e9vel a ment\u00e9s egy mozdulattal elv\u00e9gezhet\u0151, ezt azonban j\u00f3 sz\u00edvvel csak a soron k\u00edv\u00fcli ment\u00e9sek elv\u00e9gz\u00e9s\u00e9re tudjuk aj\u00e1nlani. \u00c1ltal\u00e1nos haszn\u00e1latra l\u00e9teznek olyan backup programok, amelyekkel ugyanez a feladat egy kattint\u00e1ssal oldhat\u00f3 meg, illetve sokkal fontosabb, hogy a ment\u00e9si folyamat olyan m\u00e9rt\u00e9kben automatiz\u00e1lhat\u00f3, hogy ne ig\u00e9nyeljen emberi fel\u00fcgyeletet. A ment\u00e9s idej\u00e9t nagyban befoly\u00e1solja&nbsp; az USB csatlakoz\u00f3 sebess\u00e9ge. \u00daj eszk\u00f6zt csak USB3 szabv\u00e1ny\u00fa csatlakoz\u00f3val \u00e9rdemes venni, akkor is, ha a sz\u00e1m\u00edt\u00f3g\u00e9p\u00fcnk csak USB2 csatlakoz\u00f3val rendelkezik.<\/p>\n<h3>Ment\u00e9s saj\u00e1t szerverre<\/h3>\n<p>Amennyiben van saj\u00e1t szerver, \u00e9rdemes lehet a hordozhat\u00f3 eszk\u00f6z\u00f6k ment\u00e9s\u00e9t azon t\u00e1rolni (a szerverek ment\u00e9s\u00e9vel k\u00fcl\u00f6n cikkben foglalkozunk).<\/p>\n<p>Megfelel\u0151 programmal a mobil eszk\u00f6z\u00f6k azonnal elv\u00e9gzik a ment\u00e9st, amint a szerverrel kapcsolatba ker\u00fclnek. A helyi h\u00e1l\u00f3zat sebess\u00e9ge az eddig t\u00e1rgyaltak k\u00f6z\u00fcl a leggyorsabb ment\u00e9st teszi lehet\u0151v\u00e9, tov\u00e1bbi el\u0151nye, hogy szinkroniz\u00e1ci\u00f3t is lehet\u0151v\u00e9 tesz az irodai adatokkal.<\/p>\n<h3>Ment\u00e9s internetes t\u00e1rhelyre<\/h3>\n<p>Az interneten b\u00e9relt t\u00e1rhely el\u0151nye, hogy a mentett adatok szinte mindenhonnan el\u00e9rhet\u0151ek, (nagyon) messze vannak a saj\u00e1t tart\u00f3zkod\u00e1si helyt\u0151l, teh\u00e1t egy lak\u00e1s\/iroda le\u00e9g\u00e9se, f\u00f6ldreng\u00e9s, egy\u00e9b esem\u00e9ny eset\u00e9n sem val\u00f3sz\u00edn\u0171, hogy az eredeti \u00e9s mentett p\u00e9ld\u00e1nyokat egyszerre vesz\u00e9lyezteti (a b\u00e9relt t\u00e1rhely ak\u00e1r m\u00e1sik f\u00f6ldr\u00e9szen is lehet).<\/p>\n<p>A gyakorlatban a menthet\u0151 adatok mennyis\u00e9g\u00e9t az internet s\u00e1vsz\u00e9less\u00e9ge is korl\u00e1tozza, hiszen \u00e1ltal\u00e1ban jelent\u0151sen alacsonyabb, mint a helyi h\u00e1l\u00f3zat s\u00e1vsz\u00e9less\u00e9ge, manaps\u00e1g azonban egyre t\u00f6bb helyen szolg\u00e1ltatnak ak\u00e1r gigabites s\u00e1vsz\u00e9less\u00e9g\u0171 internetet is.<\/p>\n<p>Ilyen esetekben, mivel az adatok kiker\u00fclnek a hat\u00f3k\u00f6r\u00fcnkb\u0151l, elengedhetetlen, hogy azokat megfelel\u0151<a title=\"A titkos\u00edt\u00e1si elj\u00e1r\u00e1sokr\u00f3l\" href=\"http:\/\/www.itkommando.hu\/site\/a_halozat_szolgalataban\/tanulmanyok\/a-titkositasi-eljarasokrol\/\"> titkos\u00edt\u00e1si elj\u00e1r\u00e1ssal<\/a> v\u00e9dj\u00fck, hiszen hi\u00e1ba b\u00edzunk meg a c\u00e9gben, akire az adatainkat b\u00edzzuk, az adat\u00e1tvitel nyilv\u00e1nos csatorn\u00e1n (Internet) t\u00f6rt\u00e9nik, \u00e9s mindig t\u00f6rt\u00e9nhetnek hib\u00e1k, aminek k\u00f6vetkezt\u00e9ben f\u00e9ltve \u0151rz\u00f6tt adataink k\u00f6zkinccs\u00e9 v\u00e1lhatnak.<\/p>\n<p>Az adatok t\u00e1rol\u00e1s\u00e1val megb\u00edzott c\u00e9g szerz\u0151d\u00e9si felt\u00e9teleit mindenk\u00e9ppen \u00e9rdemes \u00e1ttanulm\u00e1nyozni.<\/p>\n<h3>CD\/DVD<\/h3>\n<p>Elavultnak tekinthet\u0151 adathordoz\u00f3, er\u0151sen korl\u00e1tozott kapacit\u00e1ssal, \u00e9s m\u00e9rs\u00e9kelt megb\u00edzhat\u00f3s\u00e1ggal, b\u00e1r a speci\u00e1lisan ment\u00e9sre k\u00e9sz\u00fclt t\u00edpusok nagyon speci\u00e1lis t\u00e1rol\u00e1s eset\u00e9n ak\u00e1r \u00e9vsz\u00e1zadokig is k\u00e9pesek lehetnek az adatok meg\u0151rz\u00e9s\u00e9re, ez azonban meglehet\u0151sen k\u00f6lts\u00e9ges. Az \u00e1ltal\u00e1nos t\u00e1rol\u00e1si viszonyok k\u00f6z\u00f6tt a DVD-k p\u00e1r \u00e9vig \u0151rzik f\u00e9ltett adatainkat.<\/p>\n<p><iframe loading=\"lazy\" title=\"Ment\u00e9si adathordoz\u00f3 kiv\u00e1laszt\u00e1sa\" width=\"1230\" height=\"692\" src=\"https:\/\/www.youtube.com\/embed\/VmDw-1LxsjE?feature=oembed\" frameborder=\"0\" allow=\"accelerometer; autoplay; clipboard-write; encrypted-media; gyroscope; picture-in-picture\" allowfullscreen><\/iframe><\/p>\n<h3>Kapcsol\u00f3d\u00f3 cikkek<\/h3>\n<ul id=\"menu-tanacsoktanulmanyok\">\n<li id=\"menu-item-1762\"><a href=\"http:\/\/www.itkommando.hu\/site\/a_halozat_szolgalataban\/tanulmanyok\/szuksegem-van-mentesi-backup-rendre\/\">Sz\u00fcks\u00e9gem van ment\u00e9si (backup) rendre?<\/a><\/li>\n<li id=\"menu-item-1872\"><a href=\"http:\/\/www.itkommando.hu\/site\/a_halozat_szolgalataban\/tanulmanyok\/mentesi-backup-rend-valasztasa\/\">Ment\u00e9si (Backup) rend v\u00e1laszt\u00e1sa<\/a><\/li>\n<li><a href=\"http:\/\/www.itkommando.hu\/site\/a_halozat_szolgalataban\/tanulmanyok\/a-titkositasi-eljarasokrol\/\">A titkos\u00edt\u00e1si elj\u00e1r\u00e1sokr\u00f3l<\/a><\/li>\n<\/ul>\n","protected":false},"excerpt":{"rendered":"<p>A ment\u00e9si rend kialak\u00edt\u00e1s\u00e1hoz el\u0151sz\u00f6r hasonl\u00edtsuk \u00f6ssze a lehet\u0151s\u00e9geket eszk\u00f6z\u00f6k szerint: Szalagos egys\u00e9g A szalagos egys\u00e9get SOHO (otthoni vagy kisirodai) k\u00f6rnyezetben csak abban az esetben javasoljuk, ha az eszk\u00f6z m\u00e1r&hellip;<a href=\"https:\/\/www.itkommando.hu\/site\/a_halozat_szolgalataban\/tanulmanyok\/a-mentesiadathordozo-kivalasztasa\/\" class=\"more-link\"><span class=\"more-button\">Tov\u00e1bb a r\u00e9szletekre<span class=\"screen-reader-text\">A ment\u00e9si adathordoz\u00f3 kiv\u00e1laszt\u00e1sa<\/span><\/span><\/a><\/p>\n","protected":false},"author":1,"featured_media":1911,"parent":397,"menu_order":0,"comment_status":"closed","ping_status":"closed","template":"","meta":{"footnotes":""},"categories":[14,70,63,11,9,16,15],"tags":[],"class_list":["post-1765","page","type-page","status-publish","has-post-thumbnail","hentry","category-biztonsag","category-internet","category-mobil-eszkozok","category-munkaallomas","category-szerver","category-tanacsok","category-uzembiztonsag"],"aioseo_notices":[],"_links":{"self":[{"href":"https:\/\/www.itkommando.hu\/site\/wp-json\/wp\/v2\/pages\/1765","targetHints":{"allow":["GET"]}}],"collection":[{"href":"https:\/\/www.itkommando.hu\/site\/wp-json\/wp\/v2\/pages"}],"about":[{"href":"https:\/\/www.itkommando.hu\/site\/wp-json\/wp\/v2\/types\/page"}],"author":[{"embeddable":true,"href":"https:\/\/www.itkommando.hu\/site\/wp-json\/wp\/v2\/users\/1"}],"replies":[{"embeddable":true,"href":"https:\/\/www.itkommando.hu\/site\/wp-json\/wp\/v2\/comments?post=1765"}],"version-history":[{"count":31,"href":"https:\/\/www.itkommando.hu\/site\/wp-json\/wp\/v2\/pages\/1765\/revisions"}],"predecessor-version":[{"id":5739,"href":"https:\/\/www.itkommando.hu\/site\/wp-json\/wp\/v2\/pages\/1765\/revisions\/5739"}],"up":[{"embeddable":true,"href":"https:\/\/www.itkommando.hu\/site\/wp-json\/wp\/v2\/pages\/397"}],"wp:featuredmedia":[{"embeddable":true,"href":"https:\/\/www.itkommando.hu\/site\/wp-json\/wp\/v2\/media\/1911"}],"wp:attachment":[{"href":"https:\/\/www.itkommando.hu\/site\/wp-json\/wp\/v2\/media?parent=1765"}],"wp:term":[{"taxonomy":"category","embeddable":true,"href":"https:\/\/www.itkommando.hu\/site\/wp-json\/wp\/v2\/categories?post=1765"},{"taxonomy":"post_tag","embeddable":true,"href":"https:\/\/www.itkommando.hu\/site\/wp-json\/wp\/v2\/tags?post=1765"}],"curies":[{"name":"wp","href":"https:\/\/api.w.org\/{rel}","templated":true}]}}