{"id":1836,"date":"2013-09-02T15:38:27","date_gmt":"2013-09-02T14:38:27","guid":{"rendered":"http:\/\/www.itkommando.hu\/site\/?page_id=1836"},"modified":"2021-07-20T10:15:19","modified_gmt":"2021-07-20T09:15:19","slug":"mentesi-backup-rend-valasztasa","status":"publish","type":"page","link":"https:\/\/www.itkommando.hu\/site\/a_halozat_szolgalataban\/tanulmanyok\/mentesi-backup-rend-valasztasa\/","title":{"rendered":"Ment\u00e9si (Backup) rend v\u00e1laszt\u00e1sa"},"content":{"rendered":"<p>A ment\u00e9si rendszerek ismertet\u00e9s\u00e9n\u00e9l igyekszem az \u00f6sszes szok\u00e1sos rendszert ismertetni. A ment\u00e9si rendszerek ismertet\u00e9s\u00e9n\u00e9l s szakm\u00e1ban szok\u00e1sos m\u00f3don az angol megnevez\u00e9st haszn\u00e1lom.<\/p>\n<p><a href=\"http:\/\/www.itkommando.hu\/tn_mentes.jpg\"><img loading=\"lazy\" decoding=\"async\" class=\" alignright\" title=\"Ment\u00e9si rend\" src=\"http:\/\/www.itkommando.hu\/tn_mentes.jpg\" alt=\"A ment\u00e9si rend\" width=\"314\" height=\"256\"><\/a><\/p>\n<h3>Nincs ment\u00e9s<\/h3>\n<p>A legalapvet\u0151bb strat\u00e9gia. Amennyiben tudatos v\u00e1laszt\u00e1s, ak\u00e1r korrekt is lehet.<\/p>\n<p>Az adatokr\u00f3l nem k\u00e9sz\u00fcl ment\u00e9s, meghib\u00e1sod\u00e1s, hib\u00e1s adatkezel\u00e9s eset\u00e9n az adatok v\u00e9glegesen elvesznek. Ilyen eset lehet, p\u00e9ld\u00e1ul a t\u00e1blag\u00e9pek adattartalma, amelyet PC-r\u0151l m\u00e1soltunk fel. A t\u00e1blag\u00e9p elveszt\u00e9se eset\u00e9n az adatok a PC-n megtal\u00e1lhat\u00f3ak.<\/p>\n<h3>Full backup (teljes ment\u00e9s)<\/h3>\n<p>Minden alkalommal, minden adatot ment\u00fcnk. A vissza\u00e1ll\u00edt\u00e1shoz csak egy mentett gener\u00e1ci\u00f3 sz\u00fcks\u00e9ges. A legt\u00f6bb helyet foglal\u00f3, azonban egyszer\u0171 ment\u00e9si rendszer. Az \u00f6sszes t\u00f6bbi ment\u00e9si rend alapja.<\/p>\n<p>Ha minden alkalommal teljes ment\u00e9st v\u00e9gz\u00fcnk, az utols\u00f3 sikeres ment\u00e9sb\u0151l a teljes mentett adatmennyis\u00e9g vissza\u00e1ll\u00edthat\u00f3. A legnagyobb technikai r\u00e1ford\u00edt\u00e1st ig\u00e9nyli, azonban az adatok vissza\u00e1ll\u00edt\u00e1sa enn\u00e9l a m\u00f3dszern\u00e9l a legegyszer\u0171bb, ami egy adatveszt\u00e9s ut\u00e1ni stresszes, id\u0151hi\u00e1nyos szitu\u00e1ci\u00f3ban nagy el\u0151ny lehet.<\/p>\n<h3>Differential backup (k\u00fcl\u00f6nbs\u00e9gi ment\u00e9s)<\/h3>\n<p>Az utols\u00f3 teljes ment\u00e9s \u00f3ta v\u00e1ltozott \u00f6sszes adatot menti.<\/p>\n<p>A m\u00f3dszer l\u00e9nyege, hogy rendszeresen v\u00e9gz\u00fcnk teljes ment\u00e9st (full backup), \u00e9s k\u00e9t teljes ment\u00e9s k\u00f6z\u00f6tt az utols\u00f3 teljes ment\u00e9s \u00f3ta v\u00e1ltozott adatok ker\u00fclnek ment\u00e9re.<\/p>\n<p>A ment\u00e9s jelent\u0151sen kevesebb t\u00e1rol\u00f3helyet &nbsp;(\u00e9s id\u0151t) ig\u00e9nyel, mintha mindig teljes ment\u00e9st v\u00e9gezn\u00e9nk, az adatok vissza\u00e1ll\u00edt\u00e1s\u00e1hoz azonban k\u00e9t adathordoz\u00f3ra van sz\u00fcks\u00e9g: az utols\u00f3 teljes \u00e9s az utols\u00f3 k\u00fcl\u00f6nb\u00f6zeti ment\u00e9st tartalmaz\u00f3ra.<\/p>\n<p>A k\u00e9t teljes ment\u00e9s k\u00f6z\u00f6tt a k\u00fcl\u00f6nb\u00f6zeti ment\u00e9s m\u00e9rete folyamatosan n\u0151, ahogy egyre t\u00f6bb adat megv\u00e1ltozik.<\/p>\n<h3>Incremental backup (n\u00f6vekm\u00e9nyes ment\u00e9s)<\/h3>\n<p>A k\u00fcl\u00f6nbs\u00e9gi ment\u00e9s eset\u00e9n mindig az utols\u00f3 ment\u00e9s \u00f3ta t\u00f6rt\u00e9nt v\u00e1ltoz\u00e1sokat mentj\u00fck. Az adatok vissza\u00e1ll\u00edt\u00e1s\u00e1hoz az utols\u00f3 teljes ment\u00e9sre \u00e9s az az\u00f3ta keletkezett \u00f6sszes adathordoz\u00f3ra sz\u00fcks\u00e9g van.<\/p>\n<p>A teljes ment\u00e9s ut\u00e1n mindig csak az utols\u00f3 ment\u00e9s \u00f3ta t\u00f6rt\u00e9nt v\u00e1ltoz\u00e1sokat mentj\u00fck, ezzel elej\u00e9t vessz\u00fck annak, hogy egy-egy ment\u00e9s m\u00e9rete illetve id\u0151ig\u00e9nye nagyon megn\u0151j\u00f6n, azonban a vissza\u00e1ll\u00edt\u00e1shoz sz\u00fcks\u00e9g van az utols\u00f3 teljes ment\u00e9re, valamint az az\u00f3ta elk\u00e9sz\u00fclt \u00f6sszes ment\u00e9sre. Egy esetleges vissza\u00e1ll\u00edt\u00e1s ez\u00e9rt elh\u00faz\u00f3dhat (b\u00e1r megfelel\u0151 szervez\u00e9ssel ez megel\u0151zhet\u0151), \u00e9s egy adathordoz\u00f3 s\u00e9r\u00fcl\u00e9se a teljes folyamatot megakasztatja.<\/p>\n<h3>Folyamatos v\u00e9delem<\/h3>\n<p>Minden v\u00e1ltoz\u00e1st p\u00e1r m\u00e1sodperc k\u00e9s\u00e9ssel egy szerverre, vagy k\u00fcls\u0151 adathordoz\u00f3ra ment. Sok szempontb\u00f3l a legalaposabb ment\u00e9si elj\u00e1r\u00e1s, azonban jelent\u0151s s\u00e1vsz\u00e9less\u00e9get \u00e9s t\u00e1rol\u00f3kapacit\u00e1s ig\u00e9nyel.<\/p>\n<h3>&nbsp;Kapcsol\u00f3d\u00f3 cikkek<\/h3>\n<p><a title=\"A ment\u00e9si adathordoz\u00f3 kiv\u00e1laszt\u00e1sa\" href=\"http:\/\/www.itkommando.hu\/site\/a_halozat_szolgalataban\/tanulmanyok\/a-mentesiadathordozo-kivalasztasa\/\">A ment\u00e9si adathordoz\u00f3 kiv\u00e1laszt\u00e1sa<\/a><\/p>\n<p><a title=\"Az adatokra leselked\u0151 vesz\u00e9lyek\" href=\"http:\/\/www.itkommando.hu\/site\/a_halozat_szolgalataban\/tanulmanyok\/adatokra_leselkedo_veszelyek\/\">Adatokra leselked\u0151 vesz\u00e9lyek <\/a><\/p>\n","protected":false},"excerpt":{"rendered":"<p>A ment\u00e9si rendszerek ismertet\u00e9s\u00e9n\u00e9l igyekszem az \u00f6sszes szok\u00e1sos rendszert ismertetni. A ment\u00e9si rendszerek ismertet\u00e9s\u00e9n\u00e9l s szakm\u00e1ban szok\u00e1sos m\u00f3don az angol megnevez\u00e9st haszn\u00e1lom. Nincs ment\u00e9s A legalapvet\u0151bb strat\u00e9gia. Amennyiben tudatos v\u00e1laszt\u00e1s,&hellip;<a href=\"https:\/\/www.itkommando.hu\/site\/a_halozat_szolgalataban\/tanulmanyok\/mentesi-backup-rend-valasztasa\/\" class=\"more-link\"><span class=\"more-button\">Tov\u00e1bb a r\u00e9szletekre<span class=\"screen-reader-text\">Ment\u00e9si (Backup) rend v\u00e1laszt\u00e1sa<\/span><\/span><\/a><\/p>\n","protected":false},"author":1,"featured_media":998,"parent":397,"menu_order":0,"comment_status":"closed","ping_status":"closed","template":"","meta":{"footnotes":""},"categories":[14,70,63,11,9,13,16],"tags":[],"class_list":["post-1836","page","type-page","status-publish","has-post-thumbnail","hentry","category-biztonsag","category-internet","category-mobil-eszkozok","category-munkaallomas","category-szerver","category-szoftver","category-tanacsok"],"aioseo_notices":[],"_links":{"self":[{"href":"https:\/\/www.itkommando.hu\/site\/wp-json\/wp\/v2\/pages\/1836","targetHints":{"allow":["GET"]}}],"collection":[{"href":"https:\/\/www.itkommando.hu\/site\/wp-json\/wp\/v2\/pages"}],"about":[{"href":"https:\/\/www.itkommando.hu\/site\/wp-json\/wp\/v2\/types\/page"}],"author":[{"embeddable":true,"href":"https:\/\/www.itkommando.hu\/site\/wp-json\/wp\/v2\/users\/1"}],"replies":[{"embeddable":true,"href":"https:\/\/www.itkommando.hu\/site\/wp-json\/wp\/v2\/comments?post=1836"}],"version-history":[{"count":16,"href":"https:\/\/www.itkommando.hu\/site\/wp-json\/wp\/v2\/pages\/1836\/revisions"}],"predecessor-version":[{"id":5646,"href":"https:\/\/www.itkommando.hu\/site\/wp-json\/wp\/v2\/pages\/1836\/revisions\/5646"}],"up":[{"embeddable":true,"href":"https:\/\/www.itkommando.hu\/site\/wp-json\/wp\/v2\/pages\/397"}],"wp:featuredmedia":[{"embeddable":true,"href":"https:\/\/www.itkommando.hu\/site\/wp-json\/wp\/v2\/media\/998"}],"wp:attachment":[{"href":"https:\/\/www.itkommando.hu\/site\/wp-json\/wp\/v2\/media?parent=1836"}],"wp:term":[{"taxonomy":"category","embeddable":true,"href":"https:\/\/www.itkommando.hu\/site\/wp-json\/wp\/v2\/categories?post=1836"},{"taxonomy":"post_tag","embeddable":true,"href":"https:\/\/www.itkommando.hu\/site\/wp-json\/wp\/v2\/tags?post=1836"}],"curies":[{"name":"wp","href":"https:\/\/api.w.org\/{rel}","templated":true}]}}