{"id":1877,"date":"2013-09-18T13:41:31","date_gmt":"2013-09-18T12:41:31","guid":{"rendered":"http:\/\/www.itkommando.hu\/site\/?page_id=1877"},"modified":"2021-07-20T16:59:08","modified_gmt":"2021-07-20T15:59:08","slug":"specialis-iztonsagi-rendszer-konnyed-olvasnivalo","status":"publish","type":"page","link":"https:\/\/www.itkommando.hu\/site\/a_halozat_szolgalataban\/tanulmanyok\/specialis-iztonsagi-rendszer-konnyed-olvasnivalo\/","title":{"rendered":"Speci\u00e1lis biztons\u00e1gi rendszer (k\u00f6nnyed olvasnival\u00f3)"},"content":{"rendered":"<p>Egy nagy \u00e9rt\u00e9k\u00e9k\u0171 informatikai rendszert fizikai hozz\u00e1f\u00e9r\u00e9s ellen is v\u00e9deni kell, hogy ne lopj\u00e1k el az adatokkal egy\u00fctt.<\/p>\n<h3>\u00c9l\u0151er\u0151s v\u00e9delem<\/h3>\n<p><a href=\"http:\/\/upload.wikimedia.org\/wikipedia\/commons\/thumb\/6\/6f\/Bank-Security-Guard-Sleeping.jpeg\/171px-Bank-Security-Guard-Sleeping.jpeg\"><img loading=\"lazy\" decoding=\"async\" class=\"alignright\" src=\"http:\/\/upload.wikimedia.org\/wikipedia\/commons\/thumb\/6\/6f\/Bank-Security-Guard-Sleeping.jpeg\/171px-Bank-Security-Guard-Sleeping.jpeg\" alt=\"Biztons\u00e1gi \u0151r\" width=\"113\" height=\"162\" \/><\/a><\/p>\n<p>Az egyik legkifinomultabb v\u00e9delmi rendszer, amikor a biztons\u00e1got \u00fagynevezett biztons\u00e1gi \u0151r\u00f6k l\u00e1tj\u00e1k el a v\u00e9delmi feladatokat.<\/p>\n<p>Nagy el\u0151nye, hogy igen rugalmas rendszer ki\u00e9p\u00edt\u00e9s\u00e9re alkalmas, a szem\u00e9lyazonos\u00edt\u00e1s \u00e1ltal\u00e1ban optikai arcfelismer\u00e9ssel, esetleg hangazonos\u00edt\u00e1ssal t\u00f6rt\u00e9nik.<\/p>\n<p>H\u00e1tr\u00e1nya, hogy p\u00e9nzzel vagy dekorat\u00edv n\u0151st\u00e9nnyel k\u00f6nnyen megveszteget\u0151.<\/p>\n<h3>Elektronikus bel\u00e9ptet\u0151 rendszer<\/h3>\n<p><a href=\"http:\/\/commons.wikimedia.org\/wiki\/File:Chrome_entry_keypad.jpg\"><img loading=\"lazy\" decoding=\"async\" class=\"alignright\" src=\"http:\/\/upload.wikimedia.org\/wikipedia\/commons\/thumb\/c\/c7\/Chrome_entry_keypad.jpg\/182px-Chrome_entry_keypad.jpg\" alt=\"Bel\u00e9ptet\u0151\" width=\"99\" height=\"130\" \/><\/a><\/p>\n<p>Az azonos\u00edt\u00e1s \u00e1ltal\u00e1ban m\u00e1gnes- vagy chipk\u00e1rty\u00e1val t\u00f6rt\u00e9nik, amit n\u00e9ha pink\u00f3d haszn\u00e1lat\u00e1val tesznek hibat\u0171r\u0151v\u00e9. Ritk\u00e1n haszn\u00e1lnak ujjlenyomat olvas\u00f3t, azonban mivel ehhez biomertikus adat kezel\u00e9s\u00e9re van sz\u00fcks\u00e9g, haszn\u00e1lata megfelel\u0151 k\u00f6r\u00fcltekint\u00e9s ig\u00e9nyel.<\/p>\n<p>A karbantart\u00e1sig\u00e9nye szinte minim\u00e1lis. \u00c1ltal\u00e1ban egy\u00e9b rendszerekkel \u00f6sszehangolva haszn\u00e1lj\u00e1k.<\/p>\n<h3>Hagyom\u00e1nyos bel\u00e9ptet\u0151 rendszer<\/h3>\n<p><a href=\"http:\/\/commons.wikimedia.org\/wiki\/File:%D0%9A%D1%83%D1%87%D0%B5.jpg\"><img loading=\"lazy\" decoding=\"async\" class=\"alignright\" src=\"http:\/\/upload.wikimedia.org\/wikipedia\/commons\/thumb\/f\/f7\/%D0%9A%D1%83%D1%87%D0%B5.jpg\/180px-%D0%9A%D1%83%D1%87%D0%B5.jpg\" alt=\"Kuty\u00e1s v\u00e9delmi rendszer\" width=\"99\" height=\"130\" \/><\/a><\/p>\n<p>A bel\u00e9ptet\u0151 rendszer a bel\u00e9ptet\u00e9st illat, hang, valamint optikai azonos\u00edt\u00e1s \u00fatj\u00e1n v\u00e9gzi el, sokkal pontosabban, mint az elektronikus rendszerek. Az illet\u00e9ktelen behatol\u00f3t el\u0151sz\u00f6r hangjelz\u00e9ssel, majd fizikai behat\u00e1ssal tartja t\u00e1vol. A bel\u00e9p\u00e9s sor\u00e1n id\u0151nk\u00e9nt a bel\u00e9p\u0151t \u00fagynevezett l\u00e1bemel\u00e9ses m\u00f3dszerrel megjel\u00f6li.<\/p>\n<p>A rendszer alapja egy biol\u00f3giai k\u00e9sz\u00fcl\u00e9k, a <strong>Canis lupus familiaris<\/strong>, &#8211; amelyet a kev\u00e9ss\u00e9 hozz\u00e1\u00e9rt\u0151k kutya vagy eb n\u00e9ven szoktak eml\u00edteni, de ez kev\u00e9ss\u00e9 tudom\u00e1nyos &#8211; melynek nagy el\u0151nye az \u00e9l\u0151er\u0151s v\u00e9delemhez k\u00e9pest, hogy p\u00e9nzzel nem megvesztegethet\u0151. Sajnos azonban a speci\u00e1lis valut\u00e1val val\u00f3 megveszteget\u00e9snek csak ritk\u00e1n tudnak ellenh\u00e1lni. A legelfogadottabb valuta a grillcsirke \u00e9s a lecs\u00f3kolb\u00e1sz.<\/p>\n<p>A karbantart\u00e1sig\u00e9nye az elektronikus rendszerekhez k\u00e9pest kimondottan magas.<\/p>\n<h4>F\u0151bb karbantart\u00e1si feladatok:<\/h4>\n<ul>\n<li>Etet\u00e9s: lehet\u0151leg a gazda t\u00e1ny\u00e9rj\u00e1b\u00f3l naponta egyszer<\/li>\n<li>Audi\u00f3 \u00e9rz\u00e9kel\u0151 karbantart\u00e1s \u00fagynevezett f\u00fclvakar\u00e1sos m\u00f3dszerrel naponta t\u00f6bbsz\u00f6r<\/li>\n<li>T\u00e1mad\u00f3eszk\u00f6z karbantart\u00e1s cip\u0151 illetve asztall\u00e1b r\u00e1g\u00e1s\u00e1nak seg\u00edts\u00e9g\u00e9vel (ah\u00e1nyszor csak lehet\u0151s\u00e9g van r\u00e1)<\/li>\n<li>Fut\u00f3tr\u00e9ning lehet\u0151leg macska t\u00edpus\u00fa edz\u0151 seg\u00edts\u00e9g\u00e9vel<\/li>\n<li>Pihentet\u00e9s a gazda \u00f6l\u00e9ben (ennek id\u0151tartama a testm\u00e9rettel ar\u00e1nyosan emelkedik)<\/li>\n<li>Pihen\u00e9s egy csendes sarokban (minden olyan esetben, amikor munka van)<\/li>\n<li>Hangos ugat\u00e1s b\u00e1rmire ami mozog, minden olyan esetben, amikor fontos lenne a csend<\/li>\n<\/ul>\n<h3>Kapcsol\u00f3d\u00f3 cikkek<\/h3>\n<ul>\n<li><a href=\"http:\/\/www.itkommando.hu\/site\/kutyak-chipek-muholdak\/\">Kuty\u00e1k chipek m\u0171holdak<\/a><\/li>\n<li><a href=\"http:\/\/www.itkommando.hu\/site\/a_halozat_szolgalataban\/tanulmanyok\/mentesi-backup-rend-valasztasa\/\">Ment\u00e9si rend<\/a><\/li>\n<\/ul>\n","protected":false},"excerpt":{"rendered":"<p>Egy nagy \u00e9rt\u00e9k\u00e9k\u0171 informatikai rendszert fizikai hozz\u00e1f\u00e9r\u00e9s ellen is v\u00e9deni kell, hogy ne lopj\u00e1k el az adatokkal egy\u00fctt. \u00c9l\u0151er\u0151s v\u00e9delem Az egyik legkifinomultabb v\u00e9delmi rendszer, amikor a biztons\u00e1got \u00fagynevezett biztons\u00e1gi&hellip;<a href=\"https:\/\/www.itkommando.hu\/site\/a_halozat_szolgalataban\/tanulmanyok\/specialis-iztonsagi-rendszer-konnyed-olvasnivalo\/\" class=\"more-link\"><span class=\"more-button\">Tov\u00e1bb a r\u00e9szletekre<span class=\"screen-reader-text\">Speci\u00e1lis biztons\u00e1gi rendszer (k\u00f6nnyed olvasnival\u00f3)<\/span><\/span><\/a><\/p>\n","protected":false},"author":1,"featured_media":1460,"parent":397,"menu_order":0,"comment_status":"closed","ping_status":"closed","template":"","meta":{"footnotes":""},"categories":[16],"tags":[],"class_list":["post-1877","page","type-page","status-publish","has-post-thumbnail","hentry","category-tanacsok"],"aioseo_notices":[],"_links":{"self":[{"href":"https:\/\/www.itkommando.hu\/site\/wp-json\/wp\/v2\/pages\/1877","targetHints":{"allow":["GET"]}}],"collection":[{"href":"https:\/\/www.itkommando.hu\/site\/wp-json\/wp\/v2\/pages"}],"about":[{"href":"https:\/\/www.itkommando.hu\/site\/wp-json\/wp\/v2\/types\/page"}],"author":[{"embeddable":true,"href":"https:\/\/www.itkommando.hu\/site\/wp-json\/wp\/v2\/users\/1"}],"replies":[{"embeddable":true,"href":"https:\/\/www.itkommando.hu\/site\/wp-json\/wp\/v2\/comments?post=1877"}],"version-history":[{"count":8,"href":"https:\/\/www.itkommando.hu\/site\/wp-json\/wp\/v2\/pages\/1877\/revisions"}],"predecessor-version":[{"id":5342,"href":"https:\/\/www.itkommando.hu\/site\/wp-json\/wp\/v2\/pages\/1877\/revisions\/5342"}],"up":[{"embeddable":true,"href":"https:\/\/www.itkommando.hu\/site\/wp-json\/wp\/v2\/pages\/397"}],"wp:featuredmedia":[{"embeddable":true,"href":"https:\/\/www.itkommando.hu\/site\/wp-json\/wp\/v2\/media\/1460"}],"wp:attachment":[{"href":"https:\/\/www.itkommando.hu\/site\/wp-json\/wp\/v2\/media?parent=1877"}],"wp:term":[{"taxonomy":"category","embeddable":true,"href":"https:\/\/www.itkommando.hu\/site\/wp-json\/wp\/v2\/categories?post=1877"},{"taxonomy":"post_tag","embeddable":true,"href":"https:\/\/www.itkommando.hu\/site\/wp-json\/wp\/v2\/tags?post=1877"}],"curies":[{"name":"wp","href":"https:\/\/api.w.org\/{rel}","templated":true}]}}