{"id":1884,"date":"2013-09-23T11:16:14","date_gmt":"2013-09-23T10:16:14","guid":{"rendered":"http:\/\/www.itkommando.hu\/site\/?page_id=1884"},"modified":"2021-07-30T13:49:11","modified_gmt":"2021-07-30T12:49:11","slug":"ujlenyomat-ellenorzes","status":"publish","type":"page","link":"https:\/\/www.itkommando.hu\/site\/a_halozat_szolgalataban\/tanulmanyok\/ujlenyomat-ellenorzes\/","title":{"rendered":"Ujjlenyomat ellen\u00f6rz\u00e9s"},"content":{"rendered":"<p>Az ujjlenyomattal val\u00f3 azonos\u00edt\u00e1s \u00f6nmag\u00e1ban nem biztons\u00e1gos a Chaos Computer Club szak\u00e9rt\u0151i szerint <sup><a href=\"#footnote_1_1884\" id=\"identifier_1_1884\" class=\"footnote-link footnote-identifier-link\" title=\"A cikk angolul\">1<\/a><\/sup>, amelynek kivonata magyarul is el\u00e9rhet\u0151 <sup><a href=\"#footnote_2_1884\" id=\"identifier_2_1884\" class=\"footnote-link footnote-identifier-link\" title=\"Az Orig&oacute; cikke Az index cikke\">2<\/a><\/sup>.<br \/>\n<a href=\"http:\/\/commons.wikimedia.org\/wiki\/File:Fingerprint_scanner_Germany.JPG\"><img loading=\"lazy\" decoding=\"async\" class=\"alignright\" src=\"http:\/\/upload.wikimedia.org\/wikipedia\/commons\/thumb\/a\/a9\/Fingerprint_scanner_Germany.JPG\/300px-Fingerprint_scanner_Germany.JPG\" alt=\"Ujjlenyomat ala\u00fa biztons\u00e1g\" width=\"300\" height=\"240\" \/><\/a>Term\u00e9szetesen amennyiben megfelel\u0151 id\u0151 \u00e9s szak\u00e9rtelem \u00e1ll rendelkez\u00e9sre, b\u00e1rmilyen biztons\u00e1gi rendszer hat\u00e1stalan\u00edthat\u00f3, megker\u00fclhet\u0151.<\/p>\n<p>A mobil eszk\u00f6z\u00f6k\u00f6n lev\u0151 ujjlenyomat olvas\u00f3 els\u0151sorban k\u00e9nyelmi szolg\u00e1ltat\u00e1s, hiszen egy val\u00f3ban <a href=\"http:\/\/www.itkommando.hu\/site\/leirasok\/a-jelszavakrol\/\">biztons\u00e1gos jelsz\u00f3<\/a> beg\u00e9pel\u00e9se \u00e9s megjegyz\u00e9se nem felt\u00e9tlen\u00fcl egyszer\u0171, illetve gyakran az ember kez\u00e9r\u0151l leolvashat\u00f3.<\/p>\n<p>Amennyiben magasabb biztons\u00e1gi szintre van sz\u00fcks\u00e9g, az ujjlenyomat azonos\u00edt\u00e1s egy\u00e9b technik\u00e1kkal is \u00f6tv\u00f6zhet\u0151.<\/p>\n<p>P\u00e9ld\u00e1ul:<\/p>\n<p>Egy bel\u00e9ptet\u0151 rendszer eset\u00e9ben ujjlenyomat azonos\u00edt\u00e1s egy pin-k\u00f3ddal meger\u0151s\u00edtve, amelynek hat\u00e1s\u00e1ra a biztons\u00e1gi \u0151r monitorj\u00e1n megjelenik a munkat\u00e1rs fot\u00f3ja, aminek alapj\u00e1n be tudja engedni.<\/p>\n<p>Az azonos\u00edt\u00e1st t\u00f6bb technol\u00f3gi\u00e1val lehet v\u00e9gezni:<\/p>\n<ul>\n<li>\u201eNekem van&#8221; (chipk\u00e1rtya, m\u00e1gnesk\u00e1rtya, token)<\/li>\n<li>\u201e\u00c9n tudom&#8221; (jelsz\u00f3, pin-k\u00f3d)<\/li>\n<li>\u201e\u00c9n vagyok&#8221; (ujjlenyomat, \u00edrisz azonos\u00edt\u00e1s)<\/li>\n<\/ul>\n<p>A k\u00fcl\u00f6nb\u00f6z\u0151 technol\u00f3gi\u00e1k \u00f6tv\u00f6z\u00e9s\u00e9vel az azonos\u00edt\u00e1s biztons\u00e1ga meredeken emelhet\u0151. Mivel minden szintnek van gyenge pontja is, \u00f6nmag\u00e1ban csak korl\u00e1tozott biztons\u00e1got ny\u00fajt.<\/p>\n<p>Manaps\u00e1g a k\u00e9tfaktoros azonos\u00edt\u00e1st (2fa) elegend\u0151nek tartjuk (A felsoroltb\u00f3l kett\u0151t):<\/p>\n<ul>\n<li>egy jelsz\u00f3<\/li>\n<li>biol\u00f3giai azonos\u00edt\u00e1s (\u00edrisz, ujjlenyomat&#8230;)<\/li>\n<li>egy t\u00e1rgy birtokl\u00e1sa (chipk\u00e1rtya, mobil token, telefon..) egy\u00fcttesen sz\u00fcks\u00e9ges<\/li>\n<\/ul>\n<p>Mivel az azonos\u00edt\u00e1s e,t\u00e9r\u0151 faktorainak megt\u00f6r\u00e9s\u00e9re elt\u00e9r\u0151 felk\u00e9sz\u00fclts\u00e9g sz\u00fcks\u00e9ges a biztons\u00e1got nagys\u00e1grendileg jav\u00edtja.<\/p>\n<p>Az adott esetben, amikor mobiltelefonon t\u00e1rolt adatokat v\u00e9di, term\u00e9szetesen nem val\u00f3sz\u00edn\u0171, hogy valaki az Index \u00e9s Origo cikkben ismertetett \u00f6sszetett m\u00f3dszert v\u00e9gigcsin\u00e1lja. Azonban egy figyelmeztet\u00e9s arra, hogy ezzel a m\u00f3dszerrel \u00f6nmag\u00e1ban nagy \u00e9rt\u00e9k\u0171 adatokat nem c\u00e9lszer\u0171 v\u00e9deni.<\/p>\n<ol class=\"footnotes\"><li id=\"footnote_1_1884\" class=\"footnote\"><a title=\"Az ujjlenyomatolvas\u00f3k becsaphat\u00f3ak\" href=\"http:\/\/ccc.de\/en\/updates\/2013\/ccc-breaks-apple-touchid\" target=\"_blank\" rel=\"noopener\">A cikk angolul<\/a><span class=\"footnote-back-link-wrapper\">[<a href=\"#identifier_1_1884\" class=\"footnote-link footnote-back-link\">&#8617;<\/a>]<\/span><\/li><li id=\"footnote_2_1884\" class=\"footnote\"><a title=\"Az orig\u00f3 cikke az ujjlenyomatazonos\u00edt\u00e1sr\u00f3l\" href=\"http:\/\/www.origo.hu\/techbazis\/internet\/20130923-az-iphone-5s-vedelme-ket-napig-se-birta.html\" target=\"_blank\" rel=\"noopener\">Az Orig\u00f3 cikke <\/a><a title=\"Az ujjlenyomat \u00f6nmag\u00e1ban kev\u00e9s\" href=\"http:\/\/index.hu\/tech\/cellanaplo\/2013\/09\/23\/atverheto_az_iphone_5s_ujjleolvasoja\/?token=48b6e1d9e875d37dcdc9bd535003d24b\" target=\"_blank\" rel=\"noopener\">Az index cikke<\/a><span class=\"footnote-back-link-wrapper\">[<a href=\"#identifier_2_1884\" class=\"footnote-link footnote-back-link\">&#8617;<\/a>]<\/span><\/li><\/ol>","protected":false},"excerpt":{"rendered":"<p>Az ujjlenyomattal val\u00f3 azonos\u00edt\u00e1s \u00f6nmag\u00e1ban nem biztons\u00e1gos a Chaos Computer Club szak\u00e9rt\u0151i szerint 1, amelynek kivonata magyarul is el\u00e9rhet\u0151 2. Term\u00e9szetesen amennyiben megfelel\u0151 id\u0151 \u00e9s szak\u00e9rtelem \u00e1ll rendelkez\u00e9sre, b\u00e1rmilyen biztons\u00e1gi&hellip;<a href=\"https:\/\/www.itkommando.hu\/site\/a_halozat_szolgalataban\/tanulmanyok\/ujlenyomat-ellenorzes\/\" class=\"more-link\"><span class=\"more-button\">Tov\u00e1bb a r\u00e9szletekre<span class=\"screen-reader-text\">Ujjlenyomat ellen\u00f6rz\u00e9s<\/span><\/span><\/a><\/p>\n","protected":false},"author":1,"featured_media":992,"parent":397,"menu_order":0,"comment_status":"closed","ping_status":"closed","template":"","meta":{"footnotes":""},"categories":[14,16],"tags":[],"class_list":["post-1884","page","type-page","status-publish","has-post-thumbnail","hentry","category-biztonsag","category-tanacsok"],"aioseo_notices":[],"_links":{"self":[{"href":"https:\/\/www.itkommando.hu\/site\/wp-json\/wp\/v2\/pages\/1884","targetHints":{"allow":["GET"]}}],"collection":[{"href":"https:\/\/www.itkommando.hu\/site\/wp-json\/wp\/v2\/pages"}],"about":[{"href":"https:\/\/www.itkommando.hu\/site\/wp-json\/wp\/v2\/types\/page"}],"author":[{"embeddable":true,"href":"https:\/\/www.itkommando.hu\/site\/wp-json\/wp\/v2\/users\/1"}],"replies":[{"embeddable":true,"href":"https:\/\/www.itkommando.hu\/site\/wp-json\/wp\/v2\/comments?post=1884"}],"version-history":[{"count":11,"href":"https:\/\/www.itkommando.hu\/site\/wp-json\/wp\/v2\/pages\/1884\/revisions"}],"predecessor-version":[{"id":5678,"href":"https:\/\/www.itkommando.hu\/site\/wp-json\/wp\/v2\/pages\/1884\/revisions\/5678"}],"up":[{"embeddable":true,"href":"https:\/\/www.itkommando.hu\/site\/wp-json\/wp\/v2\/pages\/397"}],"wp:featuredmedia":[{"embeddable":true,"href":"https:\/\/www.itkommando.hu\/site\/wp-json\/wp\/v2\/media\/992"}],"wp:attachment":[{"href":"https:\/\/www.itkommando.hu\/site\/wp-json\/wp\/v2\/media?parent=1884"}],"wp:term":[{"taxonomy":"category","embeddable":true,"href":"https:\/\/www.itkommando.hu\/site\/wp-json\/wp\/v2\/categories?post=1884"},{"taxonomy":"post_tag","embeddable":true,"href":"https:\/\/www.itkommando.hu\/site\/wp-json\/wp\/v2\/tags?post=1884"}],"curies":[{"name":"wp","href":"https:\/\/api.w.org\/{rel}","templated":true}]}}