{"id":1900,"date":"2014-03-24T16:56:32","date_gmt":"2014-03-24T15:56:32","guid":{"rendered":"http:\/\/www.itkommando.hu\/site\/?page_id=1900"},"modified":"2021-07-20T16:23:49","modified_gmt":"2021-07-20T15:23:49","slug":"nem-akarok-reklamot","status":"publish","type":"page","link":"https:\/\/www.itkommando.hu\/site\/a_halozat_szolgalataban\/tanulmanyok\/nem-akarok-reklamot\/","title":{"rendered":"Nem akarok rekl\u00e1mot"},"content":{"rendered":"<p>Gyakori probl\u00e9ma, hogy a Mezei Netez\u0151 megunja, hogy a kedvenc weboldala n\u00e9zeget\u00e9se k\u00f6zben tolj\u00e1k az arc\u00e1ba a rekl\u00e1mot.<\/p>\n<h3>A jelens\u00e9g oka<\/h3>\n<p>Sok webtartalom szolg\u00e1ltat\u00f3 (p\u00e9ld\u00e1ul: Facebook.com, Index.hu, Origo.hu, 444.hu) az olvas\u00f3t\u00f3l nem k\u00e9r p\u00e9nzt a szolg\u00e1ltat\u00e1sai\u00e9rt, hanem a rekl\u00e1mok bev\u00e9teleib\u0151l gazd\u00e1lkodik. Abban b\u00edzik, hogy tud olyan rekl\u00e1mot szolg\u00e1ltatni, amely az adott olvas\u00f3t v\u00e1s\u00e1rl\u00e1sra \u00f6szt\u00f6nzi, ezzel a rekl\u00e1m elhelyez\u0151j\u00e9nek bev\u00e9telt tud gener\u00e1lni. A c\u00e9gek ehhez a legv\u00e1ltozatosabb technik\u00e1kat vetik be, amelyeknek egy r\u00e9sze vitatott, azonban hat\u00e1sos.<\/p>\n<h3>A jelens\u00e9g kezel\u00e9se<\/h3>\n<p>A jelens\u00e9get lehet \u00fagy felfogni, hogy az ingyenes tartalmaknak az az \u00e1ra, hogy az ember rekl\u00e1mokat n\u00e9zeget. Ennek azonban az a m\u00e1sik oldala, hogy a rekl\u00e1mok gyakran tartalmaznak mozg\u00f3k\u00e9peket \u00e9s egy\u00e9b nagy s\u00e1vsz\u00e9less\u00e9get ig\u00e9nyl\u0151 elemeket, amelyeknek a let\u00f6lt\u00e9se nem felt\u00e9tel\u00fcl k\u00edv\u00e1natos, mivel p\u00e9ld\u00e1ul egy forgalomkorl\u00e1tos mobilinternet eset\u00e9n a hasznos tartalmak el\u00f6l veszi el az adatforgalmat, illetve a k\u00e9perny\u0151fel\u00fcletet. A gyakran gyomorforgat\u00f3, a j\u00f3-\u00edzl\u00e9s hat\u00e1rait \u201efeszeget\u0151&#8221; k\u00e9pes tartalmakr\u00f3l m\u00e1r ne is besz\u00e9lj\u00fcnk.<\/p>\n<h3>Rekl\u00e1m blokkol\u00e1s<\/h3>\n<p>A legt\u00f6bb b\u00f6ng\u00e9sz\u0151h\u00f6z l\u00e9tezik rekl\u00e1mblokkol\u00f3 plugin. Ezekkel a rekl\u00e1mok legnagyobb r\u00e9sze kisz\u0171rhet\u0151, bele\u00e9rtve a felugr\u00f3 ablakokat is.<\/p>\n<h3>Aj\u00e1nlott megold\u00e1s<\/h3>\n<p>Az <a href=\"https:\/\/chrome.google.com\/webstore\/detail\/adblock-%E2%80%94-best-ad-blocker\/gighmmpiobklfepjocnamgkkbiglidom\">AdBlock<\/a> \u00e9s <a href=\"https:\/\/adblockplus.org\/\">AdBlock plus<\/a> l\u00e9tezik Firefox, Internet Exlprer \u00e9s Google Chrome v\u00e1ltozatban egyar\u00e1nt.\u00a0 A program ingyenesen haszn\u00e1lhat\u00f3 \u00e9s a rekl\u00e1mok t\u00falnyom\u00f3 r\u00e9sz\u00e9t sikeresen kisz\u0171ri.\u00a0 A telep\u00edt\u00e9se viszonylag egyszer\u0171. Ha valami\u00e9rt az adott oldalon a rekl\u00e1mokat is szeretn\u00e9nk l\u00e1tni, az adott oldalon a m\u0171k\u00f6d\u00e9se felf\u00fcggeszthet\u0151.<\/p>\n<p>Ha a Youtube seg\u00edts\u00e9g\u00e9vel hallgatsz zen\u00e9t, akkor a rekl\u00e1mok k\u00fcl\u00f6n\u00f6sen zavar\u00f3ak lehetnek. Ilyenkor az <a href=\"https:\/\/chrome.google.com\/webstore\/detail\/adblock-for-youtube\/cmedhionkhpnakcndndgjdbohmhepckk?hl=hu\">AdBlock Youtube<\/a> tehet j\u00f3 szolg\u00e1latot<\/p>\n<p>C\u00e9ges k\u00f6rnyezetben a szerver alap\u00fa rekl\u00e1msz\u0171r\u00e9st javasoljuk, ezek be\u00e1ll\u00edt\u00e1sa a c\u00e9ges rendszergazda feladata.<\/p>\n<p>A rekl\u00e1mblokkol\u00f3 elj\u00e1r\u00e1sok haszn\u00e1lata eset\u00e9n meg kell gy\u0151z\u0151dni, hogy az adott oldal felhaszn\u00e1l\u00e1si felt\u00e9teleiben nem szerepel a rekl\u00e1mblokkol\u00e1s tilt\u00e1sa, b\u00e1r m\u00e9g nem hallottunk olyat, hogy valakit rekl\u00e1mblokkol\u00e1s miatt vontak volna felel\u0151ss\u00e9gre. Ezek az oldalak a rekl\u00e1mbev\u00e9telekb\u0151l \u00e9lnek, teh\u00e1t a rekl\u00e1mok blokkol\u00e1sa egy\u00e9rtelm\u0171 anyagi k\u00e1rokat okoz a szolg\u00e1ltat\u00f3knak.<\/p>\n<p>Hangs\u00falyozottan nem k\u00edv\u00e1nunk \u00e1ll\u00e1st foglalni az \u00fcgyben, hogy a rekl\u00e1mblokkol\u00f3 haszn\u00e1lata erk\u00f6lcs\u00f6s, vagy jogszer\u0171-e. Praktikus okokb\u00f3l javasoljuk, hogy a kedvenc oldalakat n\u00e9ha \u00e9rdemes rekl\u00e1mblokkol\u00e1s n\u00e9lk\u00fcl is l\u00e1togatni, hogy a fennmarad\u00e1sukhoz hozz\u00e1j\u00e1ruljunk.<\/p>\n<h3>Kapcsol\u00f3d\u00f3 oldalak<\/h3>\n<ul id=\"menu-tanacsoktanulmanyok\">\n<li id=\"menu-item-2270\"><a href=\"http:\/\/www.itkommando.hu\/site\/a_halozat_szolgalataban\/tanulmanyok\/az-e-mail-hasznalata-az-uzleti-eletben\/\">Az E-mail haszn\u00e1lata az \u00fczleti \u00e9letben<\/a><\/li>\n<li id=\"menu-item-2158\"><a href=\"http:\/\/www.itkommando.hu\/site\/a_halozat_szolgalataban\/tanulmanyok\/hogyan-tegyuk-e-mailjeinket-hitelesse-es-bizalmassa-bevezeto\/\">Hogyan tegy\u00fck e-mailjeinket hiteless\u00e9 \u00e9s bizalmass\u00e1? Bevezet\u0151<\/a><\/li>\n<\/ul>\n","protected":false},"excerpt":{"rendered":"<p>Gyakori probl\u00e9ma, hogy a Mezei Netez\u0151 megunja, hogy a kedvenc weboldala n\u00e9zeget\u00e9se k\u00f6zben tolj\u00e1k az arc\u00e1ba a rekl\u00e1mot. A jelens\u00e9g oka Sok webtartalom szolg\u00e1ltat\u00f3 (p\u00e9ld\u00e1ul: Facebook.com, Index.hu, Origo.hu, 444.hu) az&hellip;<a href=\"https:\/\/www.itkommando.hu\/site\/a_halozat_szolgalataban\/tanulmanyok\/nem-akarok-reklamot\/\" class=\"more-link\"><span class=\"more-button\">Tov\u00e1bb a r\u00e9szletekre<span class=\"screen-reader-text\">Nem akarok rekl\u00e1mot<\/span><\/span><\/a><\/p>\n","protected":false},"author":1,"featured_media":4165,"parent":397,"menu_order":0,"comment_status":"closed","ping_status":"closed","template":"","meta":{"footnotes":""},"categories":[75,70,11,16],"tags":[],"class_list":["post-1900","page","type-page","status-publish","has-post-thumbnail","hentry","category-e-mail","category-internet","category-munkaallomas","category-tanacsok"],"aioseo_notices":[],"_links":{"self":[{"href":"https:\/\/www.itkommando.hu\/site\/wp-json\/wp\/v2\/pages\/1900","targetHints":{"allow":["GET"]}}],"collection":[{"href":"https:\/\/www.itkommando.hu\/site\/wp-json\/wp\/v2\/pages"}],"about":[{"href":"https:\/\/www.itkommando.hu\/site\/wp-json\/wp\/v2\/types\/page"}],"author":[{"embeddable":true,"href":"https:\/\/www.itkommando.hu\/site\/wp-json\/wp\/v2\/users\/1"}],"replies":[{"embeddable":true,"href":"https:\/\/www.itkommando.hu\/site\/wp-json\/wp\/v2\/comments?post=1900"}],"version-history":[{"count":10,"href":"https:\/\/www.itkommando.hu\/site\/wp-json\/wp\/v2\/pages\/1900\/revisions"}],"predecessor-version":[{"id":5652,"href":"https:\/\/www.itkommando.hu\/site\/wp-json\/wp\/v2\/pages\/1900\/revisions\/5652"}],"up":[{"embeddable":true,"href":"https:\/\/www.itkommando.hu\/site\/wp-json\/wp\/v2\/pages\/397"}],"wp:featuredmedia":[{"embeddable":true,"href":"https:\/\/www.itkommando.hu\/site\/wp-json\/wp\/v2\/media\/4165"}],"wp:attachment":[{"href":"https:\/\/www.itkommando.hu\/site\/wp-json\/wp\/v2\/media?parent=1900"}],"wp:term":[{"taxonomy":"category","embeddable":true,"href":"https:\/\/www.itkommando.hu\/site\/wp-json\/wp\/v2\/categories?post=1900"},{"taxonomy":"post_tag","embeddable":true,"href":"https:\/\/www.itkommando.hu\/site\/wp-json\/wp\/v2\/tags?post=1900"}],"curies":[{"name":"wp","href":"https:\/\/api.w.org\/{rel}","templated":true}]}}