{"id":1917,"date":"2013-10-12T14:05:06","date_gmt":"2013-10-12T13:05:06","guid":{"rendered":"http:\/\/www.itkommando.hu\/site\/?page_id=1917"},"modified":"2021-07-13T09:25:22","modified_gmt":"2021-07-13T08:25:22","slug":"leolvadtak-az-nsa-szerverei","status":"publish","type":"page","link":"https:\/\/www.itkommando.hu\/site\/a_halozat_szolgalataban\/tanulmanyok\/leolvadtak-az-nsa-szerverei\/","title":{"rendered":"Leolvadtak az NSA szerverei"},"content":{"rendered":"<p><a href=\"https:\/\/commons.wikimedia.org\/wiki\/File:Backup_Backup_Backup_-_And_Test_Restores.jpg\"><img loading=\"lazy\" decoding=\"async\" class=\"alignright\" title=\"A h\u00e1l\u00f3zatokat v\u00e9deni kell\" src=\"https:\/\/upload.wikimedia.org\/wikipedia\/commons\/thumb\/e\/ee\/Backup_Backup_Backup_-_And_Test_Restores.jpg\/249px-Backup_Backup_Backup_-_And_Test_Restores.jpg\" alt=\"Le\u00e9gett szerver\" width=\"249\" height=\"240\" \/><\/a>Az Origo h\u00edre szerint <sup><a href=\"#footnote_1_1917\" id=\"identifier_1_1917\" class=\"footnote-link footnote-identifier-link\" title=\"A szerverek megfelel\u0151 v&eacute;delem n&eacute;lk&uuml;l t&ouml;nkremennek&nbsp;\">1<\/a><\/sup> <sup><a href=\"#footnote_2_1917\" id=\"identifier_2_1917\" class=\"footnote-link footnote-identifier-link\" title=\"A biztons&aacute;gr&oacute;l sz&oacute;l&oacute; cikk eredetije angolul\">2<\/a><\/sup> elektromos h\u00e1l\u00f3zati zavarok miatt az NSA (egy titkosszolg\u00e1lat az Egyes\u00fclt \u00e1llamokban) szerverei meghib\u00e1sodtak. Az, hogy ezeket a szervereket mire haszn\u00e1lt\u00e1k, illetve az, hogy mik\u00e9nt t\u00f6rt\u00e9nt ilyen, nem ennek a cikknek a t\u00e9m\u00e1ja, a k\u00e9rd\u00e9s, amire a v\u00e1laszt keress\u00fck az, hogy mik\u00e9nt el\u0151zhetj\u00fck meg a hasonl\u00f3 eseteket a saj\u00e1t h\u00e1l\u00f3zatainkban.<\/p>\n<p>A \u201e<a title=\"Csapkodnak a vill\u00e1mok\" href=\"http:\/\/www.itkommando.hu\/site\/a_halozat_szolgalataban\/tanulmanyok\/csapkodnak-a-villamok\/\" target=\"_blank\" rel=\"noopener noreferrer\">Csapkodnak a vill\u00e1mok<\/a>&#8221; c\u00edm\u0171 cikk\u00fcnkben m\u00e1r foglalkoztunk a t\u00e9m\u00e1val. Most visszat\u00e9r\u00fcnk r\u00e1.<\/p>\n<h3>Milyen villamos h\u00e1l\u00f3zati zavarok okozhatnak probl\u00e9m\u00e1t?<\/h3>\n<ul>\n<li>A szolg\u00e1ltat\u00f3 nem tudja tartani a vonatkoz\u00f3 szabv\u00e1ny ( <a title=\"A h\u00e1l\u00f3zati fesz\u00fclts\u00e9gre vonatkoz\u00f3 szabv\u00e1ny\" href=\"http:\/\/adam.hpconline.hu\/wp-content\/uploads\/msz-en-50160.pdf\" target=\"_blank\" rel=\"noopener noreferrer\">MSZ EN 50160:2001<\/a> \u00e9s <a title=\"H\u00e1l\u00f3zati fesz\u00fclts\u00e9gszintek\" href=\"http:\/\/www.wieser.hu\/oktatas\/Energia\/Hasznos\/msz-1.pdf\" target=\"_blank\" rel=\"noopener noreferrer\">MSZ 1:1993<\/a> ) \u00e1ltal el\u0151\u00edrt fesz\u00fclts\u00e9g\u00e9rt\u00e9ket, vagy frekvenci\u00e1t.<\/li>\n<li>Pillanatnyi fesz\u00fclts\u00e9gkimarad\u00e1sok<\/li>\n<li>Tranziens fesz\u00fclts\u00e9gl\u00f6k\u00e9sek<\/li>\n<\/ul>\n<p>A nem megfelel\u0151 fesz\u00fclts\u00e9g speci\u00e1lis esete, amikor egy\u00e1ltal\u00e1n nem szolg\u00e1ltat fesz\u00fclts\u00e9get a h\u00e1l\u00f3zat<\/p>\n<h3>Forg\u00f3g\u00e9pes t\u00e1pegys\u00e9g<\/h3>\n<p>Az \u00f6sszes probl\u00e9m\u00e1t k\u00e9pes kezelni a forg\u00f3g\u00e9pes sz\u00fcnetmentes t\u00e1pegys\u00e9g, annak ellen\u00e9re, hogy napjainkban m\u00e1r teljesen elavultnak sz\u00e1m\u00edt. A forg\u00f3g\u00e9pek teljes galvanikus lev\u00e1laszt\u00e1st biztos\u00edtanak az orsz\u00e1gos villamosh\u00e1l\u00f3zatr\u00f3l, ami az akkumul\u00e1torok \u00e1thidal\u00e1si idej\u00e9t figyelembe v\u00e9ve teljes v\u00e9delmet ny\u00fajt a h\u00e1l\u00f3zati zavarok ellen.<\/p>\n<p>H\u00e1tr\u00e1nya a magas zaj, nagy m\u00e9ret, ma m\u00e1r nem elfogadhat\u00f3 karbantart\u00e1s ig\u00e9ny, valamint az, hogy szinte beszerezhetetlen.<\/p>\n<h3>Standby rendszer\u0171 t\u00e1pegys\u00e9g<\/h3>\n<p><a href=\"http:\/\/www.itkommando.hu\/site\/wp-content\/uploads\/Standby_UPS_kicsiHU.png\"><img loading=\"lazy\" decoding=\"async\" class=\"alignright size-full wp-image-1929\" src=\"http:\/\/www.itkommando.hu\/site\/wp-content\/uploads\/Standby_UPS_kicsiHU.png\" alt=\"A backup UPS m\u0171k\u00f6d\u00e9se\" width=\"300\" height=\"177\" \/><\/a>Alapesetben a sz\u00e1m\u00edt\u00f3g\u00e9p az elektromos h\u00e1l\u00f3zatr\u00f3l \u00fczemel, \u00e1ramkimarad\u00e1s eset\u00e9n egy rel\u00e9 \u00e1tkapcsol akkumul\u00e1toros \u00fczemm\u00f3dra<\/p>\n<p>El\u0151nye, hogy viszonylag olcs\u00f3, azonban az \u00e1tkapcsol\u00e1s az akkumul\u00e1toros \u00e9s h\u00e1l\u00f3zati \u00fczemm\u00f3d k\u00f6z\u00f6tt jelent\u0151s tranzienseket okozhat, ami a v\u00e9dett k\u00e9sz\u00fcl\u00e9ket terheli, az \u00e1tkapcsol\u00e1si id\u0151 a mechanikus megold\u00e1s miatt viszonylag jelent\u0151s.<\/p>\n<h3>Line interakt\u00edv rendszer\u0171 t\u00e1pegys\u00e9g<\/h3>\n<p>A m\u0171k\u00f6d\u00e9se megegyezik az el\u0151z\u0151 fejezetben t\u00e1rgyalt standby rendszerrel, azzal a k\u00fcl\u00f6nbs\u00e9ggel, hogy egy be\u00e9p\u00edtett szab\u00e1lyoz\u00f3 transzform\u00e1tor seg\u00edts\u00e9g\u00e9vel tart\u00f3san k\u00e9pesek a n\u00e9vlegesn\u00e9l alacsonyabb illetve magasabb fesz\u00fclts\u00e9gr\u0151l \u00fczemelni.<\/p>\n<h3>Online rendszer\u0171 t\u00e1pegys\u00e9g<\/h3>\n<p>A fogyaszt\u00f3k folyamatosan az akkumul\u00e1torokr\u00f3l \u00fczemelnek, az akkumul\u00e1torokat folyamatosan t\u00f6ltj\u00fck a h\u00e1l\u00f3zatr\u00f3l. A t\u00f6lt\u0151 sz\u00e9ls\u0151s\u00e9ges fesz\u00fclts\u00e9gviszonyok k\u00f6z\u00f6tt (ak\u00e1r 100 \u00e9s 240V n\u00e9vleges fesz\u00fclts\u00e9g k\u00f6z\u00f6tt) is \u00fczemk\u00e9pes. Ez a megold\u00e1s a legdr\u00e1g\u00e1bb \u00e9s legjobb megold\u00e1s, mivel a h\u00e1l\u00f3zati fesz\u00fclts\u00e9g zavarai nem jelennek meg a v\u00e9dett h\u00e1l\u00f3zaton.<\/p>\n<p>A sz\u00fcnetmentes t\u00e1pegys\u00e9geket n\u00e9ha kieg\u00e9sz\u00edtik robban\u00f3motoros gener\u00e1torokkal. Ebben az esetben az akkumul\u00e1toros \u00fczem feladata csak a gener\u00e1torok beind\u00edt\u00e1s\u00e1ig biztos\u00edtani az energiaell\u00e1t\u00e1st. A gener\u00e1torok \u00e1thidal\u00e1si ideje j\u00f3val magasabb lehet az akkumul\u00e1torokn\u00e1l, mivel a benzin vagy d\u00edzel \u00fczemanyagok energias\u0171r\u0171s\u00e9ge jelent\u0151sen nagyobb, illetve (a vonatkoz\u00f3 szab\u00e1lyok figyelembev\u00e9tel\u00e9vel) b\u00e1rmikor \u00fajrat\u00f6lthet\u0151.<\/p>\n<p>Ha komolyabb sz\u00fcnetmentes h\u00e1l\u00f3zatot tervez\u00fcnk kivitelezni\/beszerezni, akkor az \u00e1ramszolg\u00e1ltat\u00f3 el\u0151\u00edr\u00e1saira is figyelemmel kell lenni. Bizonyos esetekben a h\u00e1l\u00f3zati t\u00e1pl\u00e1l\u00e1s vissza\u00e1ll\u00edt\u00e1s\u00e1t csak arra betan\u00edtott \u00e9s felhatalmazott szem\u00e9ly v\u00e9gezheti, b\u00e1r az automatik\u00e1k terjed\u00e9s\u00e9vel ennek jelent\u0151s\u00e9ge cs\u00f6kken.<\/p>\n<h3>\u00a0Kapcsol\u00f3d\u00f3 cikkek<\/h3>\n<ul>\n<li id=\"menu-item-1762\"><a href=\"http:\/\/www.itkommando.hu\/site\/a_halozat_szolgalataban\/tanulmanyok\/szuksegem-van-mentesi-backup-rendre\/\">Sz\u00fcks\u00e9gem van ment\u00e9si (backup) rendre?<\/a><\/li>\n<li id=\"menu-item-1872\"><a href=\"http:\/\/www.itkommando.hu\/site\/a_halozat_szolgalataban\/tanulmanyok\/mentesi-backup-rend-valasztasa\/\">Ment\u00e9si (Backup) rend v\u00e1laszt\u00e1sa<\/a><\/li>\n<li><a title=\"A ment\u00e9si adathordoz\u00f3 kiv\u00e1laszt\u00e1sa\" href=\"http:\/\/www.itkommando.hu\/site\/a_halozat_szolgalataban\/tanulmanyok\/a-mentesiadathordozo-kivalasztasa\/\">A ment\u00e9si adathordoz\u00f3 kiv\u00e1laszt\u00e1sa<\/a><\/li>\n<li><a title=\"Az adatokra leselked\u0151 vesz\u00e9lyek\" href=\"http:\/\/www.itkommando.hu\/site\/a_halozat_szolgalataban\/tanulmanyok\/adatokra_leselkedo_veszelyek\/\">Adatokra leselked\u0151 vesz\u00e9lyek\u00a0<\/a><\/li>\n<\/ul>\n<ol class=\"footnotes\"><li id=\"footnote_1_1917\" class=\"footnote\"><a title=\"H\u00e1l\u00f3zat v\u00e9delem\" href=\"http:\/\/www.origo.hu\/techbazis\/20131008-leolvadtak-az-nsa-szerverei.html\" target=\"_blank\" rel=\"noopener noreferrer\">A szerverek megfelel\u0151 v\u00e9delem n\u00e9lk\u00fcl t\u00f6nkremennek<\/a>\u00a0<span class=\"footnote-back-link-wrapper\">[<a href=\"#identifier_1_1917\" class=\"footnote-link footnote-back-link\">&#8617;<\/a>]<\/span><\/li><li id=\"footnote_2_1917\" class=\"footnote\"><a title=\"Elromlottak az NSA szerverei\" href=\"http:\/\/online.wsj.com\/article\/SB10001424052702304441404579119490744478398.html\" target=\"_blank\" rel=\"noopener noreferrer\">A biztons\u00e1gr\u00f3l sz\u00f3l\u00f3 cikk eredetije angolu<\/a>l<span class=\"footnote-back-link-wrapper\">[<a href=\"#identifier_2_1917\" class=\"footnote-link footnote-back-link\">&#8617;<\/a>]<\/span><\/li><\/ol>","protected":false},"excerpt":{"rendered":"<p>Az Origo h\u00edre szerint 1 2 elektromos h\u00e1l\u00f3zati zavarok miatt az NSA (egy titkosszolg\u00e1lat az Egyes\u00fclt \u00e1llamokban) szerverei meghib\u00e1sodtak. Az, hogy ezeket a szervereket mire haszn\u00e1lt\u00e1k, illetve az, hogy mik\u00e9nt&hellip;<a href=\"https:\/\/www.itkommando.hu\/site\/a_halozat_szolgalataban\/tanulmanyok\/leolvadtak-az-nsa-szerverei\/\" class=\"more-link\"><span class=\"more-button\">Tov\u00e1bb a r\u00e9szletekre<span class=\"screen-reader-text\">Leolvadtak az NSA szerverei<\/span><\/span><\/a><\/p>\n","protected":false},"author":1,"featured_media":998,"parent":397,"menu_order":0,"comment_status":"closed","ping_status":"closed","template":"","meta":{"footnotes":""},"categories":[14,12,9,16],"tags":[],"class_list":["post-1917","page","type-page","status-publish","has-post-thumbnail","hentry","category-biztonsag","category-hardver","category-szerver","category-tanacsok"],"aioseo_notices":[],"_links":{"self":[{"href":"https:\/\/www.itkommando.hu\/site\/wp-json\/wp\/v2\/pages\/1917","targetHints":{"allow":["GET"]}}],"collection":[{"href":"https:\/\/www.itkommando.hu\/site\/wp-json\/wp\/v2\/pages"}],"about":[{"href":"https:\/\/www.itkommando.hu\/site\/wp-json\/wp\/v2\/types\/page"}],"author":[{"embeddable":true,"href":"https:\/\/www.itkommando.hu\/site\/wp-json\/wp\/v2\/users\/1"}],"replies":[{"embeddable":true,"href":"https:\/\/www.itkommando.hu\/site\/wp-json\/wp\/v2\/comments?post=1917"}],"version-history":[{"count":18,"href":"https:\/\/www.itkommando.hu\/site\/wp-json\/wp\/v2\/pages\/1917\/revisions"}],"predecessor-version":[{"id":5314,"href":"https:\/\/www.itkommando.hu\/site\/wp-json\/wp\/v2\/pages\/1917\/revisions\/5314"}],"up":[{"embeddable":true,"href":"https:\/\/www.itkommando.hu\/site\/wp-json\/wp\/v2\/pages\/397"}],"wp:featuredmedia":[{"embeddable":true,"href":"https:\/\/www.itkommando.hu\/site\/wp-json\/wp\/v2\/media\/998"}],"wp:attachment":[{"href":"https:\/\/www.itkommando.hu\/site\/wp-json\/wp\/v2\/media?parent=1917"}],"wp:term":[{"taxonomy":"category","embeddable":true,"href":"https:\/\/www.itkommando.hu\/site\/wp-json\/wp\/v2\/categories?post=1917"},{"taxonomy":"post_tag","embeddable":true,"href":"https:\/\/www.itkommando.hu\/site\/wp-json\/wp\/v2\/tags?post=1917"}],"curies":[{"name":"wp","href":"https:\/\/api.w.org\/{rel}","templated":true}]}}