{"id":1939,"date":"2013-10-28T13:24:09","date_gmt":"2013-10-28T12:24:09","guid":{"rendered":"http:\/\/www.itkommando.hu\/site\/?page_id=1939"},"modified":"2021-07-14T12:59:51","modified_gmt":"2021-07-14T11:59:51","slug":"az-informatikai-eszkozok-tuzvedelme","status":"publish","type":"page","link":"https:\/\/www.itkommando.hu\/site\/a_halozat_szolgalataban\/tanulmanyok\/az-informatikai-eszkozok-tuzvedelme\/","title":{"rendered":"Az informatikai eszk\u00f6z\u00f6k t\u0171zv\u00e9delme"},"content":{"rendered":"<p>Lehet\u0151s\u00e9g\u00fcnk volt egy gyakorl\u00f3 t\u0171zolt\u00f3val konzult\u00e1lni az informatikai eszk\u00f6z\u00f6k \u00e9s a szerverszob\u00e1k t\u0171zv\u00e9delmi \u00e9s t\u0171zolt\u00e1si k\u00e9rd\u00e9seir\u0151l.<\/p>\n<p>A t\u0171zeset szerencs\u00e9re el\u00e9g ritka, azonban hatalmas k\u00e1rokat okoz\u00f3 esem\u00e9ny.<\/p>\n<h3>Milyen k\u00e1rokat okoz a t\u0171z?<\/h3>\n<h4>Magas h\u0151m\u00e9rs\u00e9klet<\/h4>\n<p>A legtrivi\u00e1lisabb a magas h\u0151m\u00e9rs\u00e9klet, amely megolvasztja, meggy\u00fajtja maga k\u00f6r\u00fcl a t\u00e1rgyakat. A szil\u00edcium alap\u00fa f\u00e9lvezet\u0151k m\u00e1r 200 \u00b0C alatt elvesztik a m\u0171k\u00f6d\u0151k\u00e9pess\u00e9g\u00fcket, t\u00f6nkremennek. A m\u0171anyag alkatr\u00e9szek enn\u00e9l alacsonyabb h\u0151m\u00e9rs\u00e9kleten megolvadnak, deform\u00e1l\u00f3dnak.<\/p>\n<h4>A f\u00fcstg\u00e1zok okozta k\u00e1r<\/h4>\n<p>A f\u00fcstg\u00e1zok a h\u0151hat\u00e1son t\u00fal tartalmazhatnak korrodat\u00edv, illetve m\u00e9rgez\u0151 \u00f6sszetev\u0151ket. Nedves fel\u00fcleten a sz\u00e9ndioxid is korrodat\u00edv, mivel sz\u00e9nsavv\u00e1 alakul. A m\u00e9rgez\u0151 \u00f6sszetev\u0151k a munkat\u00e1rsak, illetve az irod\u00e1ban tart\u00f3zkod\u00f3 egy\u00e9b \u00e9l\u0151l\u00e9nyek (h\u00e1zikedvencek, ha bemehetnek, szoban\u00f6v\u00e9nyek) \u00e9let\u00e9t vesz\u00e9lyeztetik.<\/p>\n<p>A f\u00fcstg\u00e1z \u00e1ltal\u00e1ban sok kormot tartalmaz, ami az elektronikus eszk\u00f6z\u00f6kben lerak\u00f3dva vezet\u0151 r\u00e9teget k\u00e9pez, \u00edgy a m\u0171k\u00f6d\u00e9s\u00fcket megakad\u00e1lyozza.<\/p>\n<h4>Olt\u00e1si k\u00e1rok<\/h4>\n<p>A t\u0171zolt\u00f3k els\u0151dleges feladata az ember\u00e9letek v\u00e9delme, illetve a t\u0171z tov\u00e1bbterjed\u00e9s\u00e9nek megakad\u00e1lyoz\u00e1sa, ezek a szempontok nem felt\u00e9tlen\u00fcl tal\u00e1lkoznak az adott iroda adatv\u00e9delmi ig\u00e9nyeivel.<\/p>\n<h3>Mit tehet\u00fcnk egy esetleges t\u0171zk\u00e1r cs\u00f6kkent\u00e9se \u00e9rdek\u00e9ben<\/h3>\n<p>A feladatot h\u00e1rom t\u00e9mak\u00f6r k\u00f6r\u00e9 csoportos\u00edtom:<\/p>\n<ul>\n<li>Mit tehet\u00fcnk a t\u0171z megel\u0151z\u00e9se \u00e9rdek\u00e9ben<\/li>\n<li>Mit tehet\u00fcnk, hogy a t\u0171zeset a lehet\u0151 legkisebb k\u00e1rokat okozza<\/li>\n<li>Mit tehet\u00fcnk, hogy a k\u00e1reset ut\u00e1n a munka miel\u0151bb \u00fajraindulhasson<\/li>\n<\/ul>\n<h4>Mit tehet\u00fcnk a t\u0171z megel\u0151z\u00e9se \u00e9rdek\u00e9ben<\/h4>\n<p>A legfontosabb, hogy az irod\u00e1ban a doh\u00e1nyz\u00e1si tilalmat komolyan kell venni, mivel a cigarettapar\u00e1zs \u00e9s az irodai pap\u00edrterm\u00e9kek nagy egyet\u00e9rt\u00e9sben k\u00e9pesek t\u00fczet okozni.<\/p>\n<p>\u00c9jszak\u00e1ra \u00e9rdemes minden ajt\u00f3t, ablakot becsukni, mivel ez lass\u00edtja az esetleges t\u0171z terjed\u00e9s\u00e9t (kevesebb leveg\u0151t kap a t\u0171z, illetve az ajt\u00f3kon is id\u0151be telik, am\u00edg \u00e1tjut), ezzel id\u0151t adva a t\u0171zolt\u00f3knak.<\/p>\n<p>Szerverszob\u00e1ban a lehet\u0151 legkevesebb \u00e9ghet\u0151 anyagot tartsuk, a szerverekhez tartoz\u00f3 (pap\u00edr alap\u00fa) dokument\u00e1ci\u00f3t is c\u00e9lszer\u0171 m\u00e1sik helys\u00e9gben elhelyezni.<\/p>\n<p>A padl\u00f3 \u00e9s falburkolatok a lehet\u0151 legkev\u00e9sb\u00e9 \u00e9ghet\u0151 anyagokb\u00f3l k\u00e9sz\u00fcljenek. A fal \u00e9s padl\u00f3 burkolatokkal kapcsolatban a<a href=\"http:\/\/www.ttl.hu\" target=\"_blank\" rel=\"noopener\"> TTL Kft.<\/a> munkat\u00e1rsai tudnak r\u00e9szletes inform\u00e1ci\u00f3val szolg\u00e1lni.<\/p>\n<p>A nem haszn\u00e1lt elektromos fogyaszt\u00f3kat (a munka\u00e1llom\u00e1sokat is) \u00e9rdemes \u00e1ramtalan\u00edtani. Erre a c\u00e9lra \u201ekapcsol\u00f3s hosszabb\u00edt\u00f3&#8221; egy megfelel\u0151 eszk\u00f6z, hiszen egy mozdulattal az eg\u00e9sz asztal \u00e1ramtalan\u00edthat\u00f3.<\/p>\n<p>Fontos a munkat\u00e1rsak betan\u00edt\u00e1sa az irod\u00e1ban tal\u00e1lhat\u00f3 olt\u00f3k\u00e9sz\u00fcl\u00e9kek haszn\u00e1lat\u00e1ra, illetve arra, hogy ak\u00e1r\u201e\u00e1lmukb\u00f3l felverve&#8221; is megtal\u00e1lj\u00e1k azokat.<\/p>\n<p>Az informatikai eszk\u00f6z\u00f6k olt\u00e1s\u00e1ra a g\u00e1zzal olt\u00f3, sz\u00fcks\u00e9g eset\u00e9n (\u00e1ramtalan\u00edt\u00e1s ut\u00e1n!) a habolt\u00f3 az optim\u00e1lis. Az olt\u00f3por az eszk\u00f6z\u00f6ket t\u00f6nkreteszi, ez azonban ann\u00e1l m\u00e9g mindig jobb, mintha a t\u0171z tov\u00e1bbterjedne.<\/p>\n<h3>Mit tehet\u00fcnk, hogy a t\u0171zeset a lehet\u0151 legkisebb k\u00e1rokat okozza<\/h3>\n<p>Az adatokr\u00f3l legyen olyan m\u00e1solat, amely az irod\u00e1n k\u00edv\u00fcl is el\u00e9rhet\u0151. A ment\u00e9si renddel k\u00fcl\u00f6n <a title=\"Sz\u00fcks\u00e9gem van ment\u00e9si (backup) rendre?\" href=\"http:\/\/www.itkommando.hu\/site\/a_halozat_szolgalataban\/tanulmanyok\/szuksegem-van-mentesi-backup-rendre\/\" target=\"_blank\" rel=\"noopener\">cikksorozatunk<\/a> foglalkozik.<\/p>\n<p>A megfelel\u0151 biztos\u00edt\u00e1s az anyagi k\u00e1rokat m\u00e9rs\u00e9kelheti.<\/p>\n<p>K\u00e9sz\u00fclj\u00fcnk fel, legyen katasztr\u00f3faterv\u00fcnk. \u201eNem a terv a fontos, hanem a tervez\u00e9s&#8221;, mivel semmi sem biztos\u00edtja, hogy az esem\u00e9ny a terveknek megfelel\u0151en t\u00f6rt\u00e9njen meg, de ha van egy terv, annak r\u00e9szei akkor is haszn\u00e1lhat\u00f3ak.<\/p>\n<h3>Mit tehet\u00fcnk, hogy a k\u00e1reset ut\u00e1n a munka miel\u0151bb \u00fajraindulhasson<\/h3>\n<p>A legfontosabb, hogy legyen \u201ekatasztr\u00f3faterv&#8221; ami tartalmazza, hogy kinek, mi a feladata, ha valami\u00e9rt az iroda nem haszn\u00e1lhat\u00f3. Mely partnerek seg\u00edts\u00e9g\u00e9re lehet sz\u00e1m\u00edtani, \u00e9s azok mik\u00e9nt \u00e9rhet\u0151ek el (telefonsz\u00e1mok, e-mail c\u00edmek).<\/p>\n<p>A katasztr\u00f3faterv r\u00e1vonatkoz\u00f3 r\u00e9sz\u00e9t minden munkat\u00e1rs ismerje, a r\u00e1 kir\u00f3tt feladatokat k\u00e9pes legyen v\u00e9grehajtani.<\/p>\n<p>Egy megfelel\u0151 katasztr\u00f3fatervvel a t\u0171z elolt\u00e1sa ut\u00e1n 2 \u00f3r\u00e1val az irodai feladatok nagy r\u00e9sze m\u00e1r ell\u00e1that\u00f3 (k\u00f6lcs\u00f6n munka\u00e1llom\u00e1sokkal, k\u00f6lcs\u00f6n helys\u00e9gekben).<\/p>\n<h3>Kapcsol\u00f3d\u00f3 cikkek<\/h3>\n<ul id=\"menu-tanacsoktanulmanyok\">\n<li id=\"menu-item-1762\"><a href=\"http:\/\/www.itkommando.hu\/site\/a_halozat_szolgalataban\/tanulmanyok\/szuksegem-van-mentesi-backup-rendre\/\">Sz\u00fcks\u00e9gem van ment\u00e9si (backup) rendre?<\/a><\/li>\n<li id=\"menu-item-1872\"><a href=\"http:\/\/www.itkommando.hu\/site\/a_halozat_szolgalataban\/tanulmanyok\/mentesi-backup-rend-valasztasa\/\">Ment\u00e9si (Backup) rend v\u00e1laszt\u00e1sa<\/a><\/li>\n<li><a href=\"http:\/\/www.itkommando.hu\/site\/a_halozat_szolgalataban\/tanulmanyok\/leolvadtak-az-nsa-szerverei\/\">Leolvadtak az NSA szerverei<\/a><\/li>\n<li id=\"menu-item-1054\"><a href=\"http:\/\/www.itkommando.hu\/site\/a_halozat_szolgalataban\/tanulmanyok\/a-virusokrol\/\">A v\u00edrusokr\u00f3l<\/a><\/li>\n<li><a href=\"http:\/\/www.itkommando.hu\/site\/a_halozat_szolgalataban\/tanulmanyok\/a-virusokrol\/\">V\u00edrusirt\u00f3 programok<\/a><\/li>\n<li><a href=\"http:\/\/www.itkommando.hu\/site\/a_halozat_szolgalataban\/tanulmanyok\/a-virusokrol\/\">Hib\u00e1znak az androidos v\u00edrusirt\u00f3k<\/a><\/li>\n<\/ul>\n","protected":false},"excerpt":{"rendered":"<p>Lehet\u0151s\u00e9g\u00fcnk volt egy gyakorl\u00f3 t\u0171zolt\u00f3val konzult\u00e1lni az informatikai eszk\u00f6z\u00f6k \u00e9s a szerverszob\u00e1k t\u0171zv\u00e9delmi \u00e9s t\u0171zolt\u00e1si k\u00e9rd\u00e9seir\u0151l. A t\u0171zeset szerencs\u00e9re el\u00e9g ritka, azonban hatalmas k\u00e1rokat okoz\u00f3 esem\u00e9ny. Milyen k\u00e1rokat okoz a&hellip;<a href=\"https:\/\/www.itkommando.hu\/site\/a_halozat_szolgalataban\/tanulmanyok\/az-informatikai-eszkozok-tuzvedelme\/\" class=\"more-link\"><span class=\"more-button\">Tov\u00e1bb a r\u00e9szletekre<span class=\"screen-reader-text\">Az informatikai eszk\u00f6z\u00f6k t\u0171zv\u00e9delme<\/span><\/span><\/a><\/p>\n","protected":false},"author":1,"featured_media":0,"parent":397,"menu_order":0,"comment_status":"closed","ping_status":"closed","template":"","meta":{"footnotes":""},"categories":[70,11,9,16],"tags":[],"class_list":["post-1939","page","type-page","status-publish","hentry","category-internet","category-munkaallomas","category-szerver","category-tanacsok"],"aioseo_notices":[],"_links":{"self":[{"href":"https:\/\/www.itkommando.hu\/site\/wp-json\/wp\/v2\/pages\/1939","targetHints":{"allow":["GET"]}}],"collection":[{"href":"https:\/\/www.itkommando.hu\/site\/wp-json\/wp\/v2\/pages"}],"about":[{"href":"https:\/\/www.itkommando.hu\/site\/wp-json\/wp\/v2\/types\/page"}],"author":[{"embeddable":true,"href":"https:\/\/www.itkommando.hu\/site\/wp-json\/wp\/v2\/users\/1"}],"replies":[{"embeddable":true,"href":"https:\/\/www.itkommando.hu\/site\/wp-json\/wp\/v2\/comments?post=1939"}],"version-history":[{"count":4,"href":"https:\/\/www.itkommando.hu\/site\/wp-json\/wp\/v2\/pages\/1939\/revisions"}],"predecessor-version":[{"id":5096,"href":"https:\/\/www.itkommando.hu\/site\/wp-json\/wp\/v2\/pages\/1939\/revisions\/5096"}],"up":[{"embeddable":true,"href":"https:\/\/www.itkommando.hu\/site\/wp-json\/wp\/v2\/pages\/397"}],"wp:attachment":[{"href":"https:\/\/www.itkommando.hu\/site\/wp-json\/wp\/v2\/media?parent=1939"}],"wp:term":[{"taxonomy":"category","embeddable":true,"href":"https:\/\/www.itkommando.hu\/site\/wp-json\/wp\/v2\/categories?post=1939"},{"taxonomy":"post_tag","embeddable":true,"href":"https:\/\/www.itkommando.hu\/site\/wp-json\/wp\/v2\/tags?post=1939"}],"curies":[{"name":"wp","href":"https:\/\/api.w.org\/{rel}","templated":true}]}}