{"id":1942,"date":"2013-10-28T14:18:24","date_gmt":"2013-10-28T13:18:24","guid":{"rendered":"http:\/\/www.itkommando.hu\/site\/?page_id=1942"},"modified":"2021-07-09T13:41:19","modified_gmt":"2021-07-09T12:41:19","slug":"az-usa-titkosszolgalatai-lehallgatjak-az-europai-mobiltelefonokat","status":"publish","type":"page","link":"https:\/\/www.itkommando.hu\/site\/a_halozat_szolgalataban\/tanulmanyok\/az-usa-titkosszolgalatai-lehallgatjak-az-europai-mobiltelefonokat\/","title":{"rendered":"Az USA titkosszolg\u00e1latai lehallgatj\u00e1k az eur\u00f3pai mobiltelefonokat"},"content":{"rendered":"<figure id=\"attachment_2111\" aria-describedby=\"caption-attachment-2111\" style=\"width: 320px\" class=\"wp-caption alignright\"><a href=\"http:\/\/www.itkommando.hu\/site\/wp-content\/uploads\/telefon_lehallgatas.jpg\"><img loading=\"lazy\" decoding=\"async\" class=\"size-full wp-image-2111\" src=\"http:\/\/www.itkommando.hu\/site\/wp-content\/uploads\/telefon_lehallgatas.jpg\" alt=\"Piros telefon\" width=\"320\" height=\"191\" srcset=\"https:\/\/www.itkommando.hu\/site\/wp-content\/uploads\/telefon_lehallgatas.jpg 320w, https:\/\/www.itkommando.hu\/site\/wp-content\/uploads\/telefon_lehallgatas-300x179.jpg 300w\" sizes=\"auto, (max-width: 320px) 100vw, 320px\" \/><\/a><figcaption id=\"caption-attachment-2111\" class=\"wp-caption-text\">Minden telefonbesz\u00e9lget\u00e9s lehallgathat\u00f3<br \/>A k\u00e9p forr\u00e1sa:<a href=\"https:\/\/commons.wikimedia.org\/wiki\/File:IMAG0165.jpg\">Wikip\u00e9dia<\/a><\/figcaption><\/figure>\n<p>Mostan\u00e1ban az interneten rengeteg cikk \u00a0<sup><a href=\"#footnote_1_1942\" id=\"identifier_1_1942\" class=\"footnote-link footnote-identifier-link\" title=\"&nbsp;Az ATV.hu cikke\">1<\/a><\/sup>\u00a0 <sup><a href=\"#footnote_2_1942\" id=\"identifier_2_1942\" class=\"footnote-link footnote-identifier-link\" title=\"&nbsp;Index: F&eacute;l eur&oacute;p&aacute;t lehallgatt&aacute;k\">2<\/a><\/sup><\/a>\u00a0 jelenik meg, amely azt taglalja, hogy az USA titkosszolg\u00e1latai lehallgatj\u00e1k\/lehallgatt\u00e1k eur\u00f3pai politikusok, illetve egy\u00e9b fontos emberek telefonbesz\u00e9lget\u00e9seit.<\/p>\n<p>Term\u00e9szetesen a h\u00edrek igazs\u00e1g tartalm\u00e1t megfelel\u0151 kritik\u00e1val kell kezelni, hiszen a titkosszolg\u00e1latok egyik eszk\u00f6ze a megt\u00e9veszt\u00e9s, f\u00e9lrevezet\u00e9s, azt azonban kijelenthetj\u00fck, hogy amennyiben az eur\u00f3pai vezet\u0151 politikusok tev\u00e9kenys\u00e9g\u00e9t nem figyelte meg az NSA, akkor rosszul v\u00e9gezte a munk\u00e1j\u00e1t.<\/p>\n<p>A telefon azonban kezdetekt\u0151l nem volt alkalmas bizalmas megbesz\u00e9l\u00e9sek ny\u00edlt megtart\u00e1s\u00e1ra, hiszen a kezdetekben a telefonk\u00f6zpontos kisasszony b\u00e1rmikor belehallgathatott\/belesz\u00f3lhatott a besz\u00e9lget\u00e9sekbe, k\u00e9s\u0151bb az anal\u00f3g telefonvonalra ak\u00e1r a k\u00f6zpontban, illetve a telefonvonal megcsapol\u00e1s\u00e1val annak teljes hossza ment\u00e9n r\u00e1 lehetett csatlakozni \u00e9s lehallgatni azt.<\/p>\n<p>A pont-pont (seg\u00e9lyk\u00e9r\u0151, katonai) telefonvonalak a vezet\u00e9k megcsapol\u00e1s\u00e1val\u00a0 b\u00e1rmikor lehallgathat\u00f3ak voltak.<\/p>\n<p>A korszer\u0171 mobiltelefonok (elvileg) nagy biztons\u00e1g\u00fa titkos\u00edt\u00e1st alkalmaznak az adatok tov\u00e1bb\u00edt\u00e1s\u00e1ra, a szolg\u00e1ltat\u00f3knak azonban a t\u00f6rv\u00e9nyes el\u0151\u00edr\u00e1sok szerint lehet\u0151v\u00e9 kell tenni a k\u00f6zpontokban a kommunik\u00e1ci\u00f3 lehallgat\u00e1s\u00e1t. A t\u00f6rv\u00e9ny ehhez komoly felt\u00e9teleket \u00edr el\u0151, azonban, ha a lehet\u0151s\u00e9g m\u00e1r adott, az ember fant\u00e1zi\u00e1ja elszabadul&#8230;<\/p>\n<p>Egyes oldalakon olyan szoftverekr\u0151l besz\u00e9lnek, amelyek lehet\u0151v\u00e9 teszik kikapcsolt mobiltelefon lehallgat\u00f3k\u00e9sz\u00fcl\u00e9kk\u00e9nt val\u00f3 haszn\u00e1lat\u00e1t. Ebben a form\u00e1ban a dolog \u201esok k\u00e9rd\u00e9st vet fel&#8221;, azonban olyan program elk\u00e9pzelhet\u0151, amely kikapcsol\u00e1s helyett egy csendes m\u00f3dba kapcsolja a k\u00e9sz\u00fcl\u00e9ket, amelyet \u00edgy szinte \u00e9szrev\u00e9tlen\u00fcl lehet felh\u00edvni, \u00e9s a k\u00f6r\u00fclette zajl\u00f3 besz\u00e9lget\u00e9st lehallgatni. Ez a m\u00f3dszer azonban k\u00f6nnyen lebuktathat\u00f3, ha a k\u00e9sz\u00fcl\u00e9ket akt\u00edv hangfal vagy r\u00e1di\u00f3 mell\u00e9 tessz\u00fck, halljuk a mobil adatforgalomra jellemz\u0151 kattog\u00e1st.<\/p>\n<p>R\u00f6viden \u00f6sszefoglalva (ism\u00e9t): Ha valamit titokban akarunk tartani, ne telefonon besz\u00e9lj\u00fck meg. (Erre van egy szakkifejez\u00e9s: \u201eEz nem telefont\u00e9ma&#8221;). Ha ezt az eur\u00f3pai vezet\u0151k (illetve a st\u00e1bjuk) nem tudt\u00e1k, alkalmatlanok a feladatukra.<\/p>\n<p>Az androidos okostelefonokra l\u00e9tezik program, ami a telefonbesz\u00e9lget\u00e9st titkos\u00edtja. A program haszn\u00e1lata felveti a k\u00e9rd\u00e9st, hogy a program k\u00e9sz\u00edt\u0151je mennyire az \u00fcgyfelek, illetve mennyire a saj\u00e1t \u00e9rdekeit tartja szem el\u0151tt, haszn\u00e1lata azonban (megfelel\u0151 k\u00f6r\u00fcltekint\u00e9ssel) meggondoland\u00f3 lehet, ha az ember mobiltelefonon k\u00e9nytelen \u00fczleti megbesz\u00e9l\u00e9st folytatni.<\/p>\n<p>A vir\u00e1gnyelv haszn\u00e1lata mindenk\u00e9ppen hat\u00e1sos \u00e9s olcs\u00f3 megold\u00e1s lehet. A\u00a0\u201eP\u00f3kerben kih\u00faztam a piros \u00e1szra a hetest&#8221; ak\u00e1r igaz is lehet, de lehet egy randi megbesz\u00e9l\u00e9se a Piros \u00c1sz \u00e9tteremben 7 \u00f3r\u00e1ra.<\/p>\n<h3>Kapcsol\u00f3d\u00f3 cikkek<\/h3>\n<ul id=\"menu-tanacsoktanulmanyok\">\n<li id=\"menu-item-1586\"><a title=\"Hogyan lehet az interneten diszkr\u00e9ten tev\u00e9kenykedni\" href=\"http:\/\/www.itkommando.hu\/site\/category\/tor\/\">A TOR rendszer ismertet\u00e9se<\/a><\/li>\n<li><a href=\"http:\/\/www.itkommando.hu\/site\/a_halozat_szolgalataban\/tanulmanyok\/nevtelenul-a-neten\/\">N\u00e9vtelen\u00fcl a neten<\/a><\/li>\n<li><a href=\"http:\/\/www.itkommando.hu\/site\/a_halozat_szolgalataban\/tanulmanyok\/nevtelenul-a-neten2\/\">N\u00e9vtelen\u00fcl a neten 2.<\/a><\/li>\n<li><a href=\"http:\/\/www.itkommando.hu\/site\/hogyan-bannak-a-szolgaltatok-az-adatainkkal\/\">Hogyan b\u00e1nnak a szolg\u00e1ltat\u00f3k az adatainkkal?<\/a><\/li>\n<li><a title=\"A fekete telefon\" href=\"http:\/\/www.itkommando.hu\/site\/a_halozat_szolgalataban\/tanulmanyok\/a-fekete-telefon\/\">A fekete telefon<\/a><\/li>\n<\/ul>\n<ol class=\"footnotes\"><li id=\"footnote_1_1942\" class=\"footnote\">\u00a0<a href=\"http:\/\/www.atv.hu\/kulfold\/20131028-nyaron-hagytak-abba-merkel-lehallgatasat-obama-nem-is-tudott-rola\" target=\"_blank\" rel=\"noopener\">Az ATV.hu cikke<\/a><span class=\"footnote-back-link-wrapper\">[<a href=\"#identifier_1_1942\" class=\"footnote-link footnote-back-link\">&#8617;<\/a>]<\/span><\/li><li id=\"footnote_2_1942\" class=\"footnote\"><a href=\"http:\/\/index.hu\/kulfold\/2013\/10\/28\/a_spanyolokat_is_lehallgatta_az_nsa\/\" target=\"_blank\" rel=\"noopener\">\u00a0Index: F\u00e9l eur\u00f3p\u00e1t lehallgatt\u00e1k<span class=\"footnote-back-link-wrapper\">[<a href=\"#identifier_2_1942\" class=\"footnote-link footnote-back-link\">&#8617;<\/a>]<\/span><\/li><\/ol>","protected":false},"excerpt":{"rendered":"<p>Mostan\u00e1ban az interneten rengeteg cikk \u00a01\u00a0 2\u00a0 jelenik meg, amely azt taglalja, hogy az USA titkosszolg\u00e1latai lehallgatj\u00e1k\/lehallgatt\u00e1k eur\u00f3pai politikusok, illetve egy\u00e9b fontos emberek telefonbesz\u00e9lget\u00e9seit. Term\u00e9szetesen a h\u00edrek igazs\u00e1g tartalm\u00e1t megfelel\u0151&hellip;<a href=\"https:\/\/www.itkommando.hu\/site\/a_halozat_szolgalataban\/tanulmanyok\/az-usa-titkosszolgalatai-lehallgatjak-az-europai-mobiltelefonokat\/\" class=\"more-link\"><span class=\"more-button\">Tov\u00e1bb a r\u00e9szletekre<span class=\"screen-reader-text\">Az USA titkosszolg\u00e1latai lehallgatj\u00e1k az eur\u00f3pai mobiltelefonokat<\/span><\/span><\/a><\/p>\n","protected":false},"author":1,"featured_media":983,"parent":397,"menu_order":0,"comment_status":"closed","ping_status":"closed","template":"","meta":{"footnotes":""},"categories":[14,63,13,16],"tags":[],"class_list":["post-1942","page","type-page","status-publish","has-post-thumbnail","hentry","category-biztonsag","category-mobil-eszkozok","category-szoftver","category-tanacsok"],"aioseo_notices":[],"_links":{"self":[{"href":"https:\/\/www.itkommando.hu\/site\/wp-json\/wp\/v2\/pages\/1942","targetHints":{"allow":["GET"]}}],"collection":[{"href":"https:\/\/www.itkommando.hu\/site\/wp-json\/wp\/v2\/pages"}],"about":[{"href":"https:\/\/www.itkommando.hu\/site\/wp-json\/wp\/v2\/types\/page"}],"author":[{"embeddable":true,"href":"https:\/\/www.itkommando.hu\/site\/wp-json\/wp\/v2\/users\/1"}],"replies":[{"embeddable":true,"href":"https:\/\/www.itkommando.hu\/site\/wp-json\/wp\/v2\/comments?post=1942"}],"version-history":[{"count":13,"href":"https:\/\/www.itkommando.hu\/site\/wp-json\/wp\/v2\/pages\/1942\/revisions"}],"predecessor-version":[{"id":5104,"href":"https:\/\/www.itkommando.hu\/site\/wp-json\/wp\/v2\/pages\/1942\/revisions\/5104"}],"up":[{"embeddable":true,"href":"https:\/\/www.itkommando.hu\/site\/wp-json\/wp\/v2\/pages\/397"}],"wp:featuredmedia":[{"embeddable":true,"href":"https:\/\/www.itkommando.hu\/site\/wp-json\/wp\/v2\/media\/983"}],"wp:attachment":[{"href":"https:\/\/www.itkommando.hu\/site\/wp-json\/wp\/v2\/media?parent=1942"}],"wp:term":[{"taxonomy":"category","embeddable":true,"href":"https:\/\/www.itkommando.hu\/site\/wp-json\/wp\/v2\/categories?post=1942"},{"taxonomy":"post_tag","embeddable":true,"href":"https:\/\/www.itkommando.hu\/site\/wp-json\/wp\/v2\/tags?post=1942"}],"curies":[{"name":"wp","href":"https:\/\/api.w.org\/{rel}","templated":true}]}}