{"id":1990,"date":"2013-11-11T14:16:43","date_gmt":"2013-11-11T13:16:43","guid":{"rendered":"http:\/\/www.itkommando.hu\/site\/?page_id=1990"},"modified":"2021-07-12T06:33:08","modified_gmt":"2021-07-12T05:33:08","slug":"a-reklamokrol","status":"publish","type":"page","link":"https:\/\/www.itkommando.hu\/site\/a_halozat_szolgalataban\/tanulmanyok\/a-reklamokrol\/","title":{"rendered":"A rekl\u00e1mokr\u00f3l"},"content":{"rendered":"<p>A k\u00e9retlen rekl\u00e1mok minden felhaszn\u00e1l\u00f3 \u00e9s rendszer\u00fczemeltet\u0151 \u00e9let\u00e9t megkeser\u00edtik.<\/p>\n<p>A k\u00e9retlen rekl\u00e1mok az informatik\u00e1ban alapvet\u0151en k\u00e9t csoportra oszthat\u00f3ak:<\/p>\n<ul>\n<li>K\u00e9retlen levelek<\/li>\n<li>Weboldalon megjelen\u0151 k\u00e9retlen rekl\u00e1m<\/li>\n<\/ul>\n<p>A k\u00e9retlen levelek ellen SPAM filterrel lehet v\u00e9dekezni.\u00a0 A k\u00fcl\u00f6nb\u00f6z\u0151 felm\u00e9r\u00e9sek szerint az e-mail forgalom 60-85%-\u00e1t teszik ki a k\u00e9retlen levelek. T\u00f6bb levelez\u00e9si szolg\u00e1ltat\u00f3 aj\u00e1nl havi p\u00e1r sz\u00e1z forint\u00e9rt ilyen szolg\u00e1ltat\u00e1st. A weboldalakon megjelen\u0151 rekl\u00e1mok blokkol\u00e1sa m\u00e1r \u00e9rdekesebb k\u00e9rd\u00e9seket vet fel.<\/p>\n<p>A k\u00e9retlen rekl\u00e1mok a weboldal haszn\u00e1lat\u00e1t gyakran megnehez\u00edtik, p\u00e9ld\u00e1ul mert a rekl\u00e1mablak a tartalom el\u0151tt van, \u00e9s takarja azt, vagy a sz\u00f6veg k\u00f6z\u00e9 elhelyezett vibr\u00e1l\u00f3, villog\u00f3 anim\u00e1ci\u00f3k elterelik az ember figyelm\u00e9t az \u0151t \u00e9rdekl\u0151 sz\u00f6vegr\u0151l (mivel az emberi szem a mozg\u00e1sra \u00e9rz\u00e9kenyebb, mint a statikus dolgokra).<\/p>\n<p>Vannak olyan t\u00e1mad\u00e1sok, amikor a name server IP c\u00edm\u00e9t cser\u00e9lik ki a routerben vagy a sz\u00e1m\u00edt\u00f3g\u00e9pen \u00e9s ezzel a m\u00f3dszerrel a megtekinteni k\u00edv\u00e1nt oldalakra tov\u00e1bbi rekl\u00e1mokat helyeznek el. A HTTPS protokoll elterjed\u00e9se ezt a technik\u00e1t visszaszor\u00edtotta.<\/p>\n<p>A rekl\u00e1mok blokkol\u00e1sa azonban felveti azt a k\u00e9rd\u00e9st, hogy az oldal \u00fczemeltet\u0151je mib\u0151l fog meg\u00e9lni, ha a rekl\u00e1mokat senki sem n\u00e9zi. Fizet\u0151ss\u00e9 teszi az oldalt? A sz\u00f6vegbe, tartalomba csomagol rekl\u00e1mot? (erre is l\u00e1tunk p\u00e9ld\u00e1t). Manaps\u00e1g m\u00e1r t\u00f6bb oldal v\u00e9dekezik a rekl\u00e1mblokkol\u00f3k ellen. Ezek az oldalak, amennyiben rekl\u00e1mblokkol\u00f3t \u00e9rz\u00e9kelnek, nem mutatj\u00e1k meg a tartalmat, hanem felk\u00e9rik a felhaszn\u00e1l\u00f3t a rekl\u00e1mblokkol\u00f3 kikapcsol\u00e1s\u00e1ra.<\/p>\n<p>A rekl\u00e1mblokkol\u00f3k haszn\u00e1lat\u00e1t egyes oldalak haszn\u00e1lati felt\u00e9telei is tiltj\u00e1k. Ebben az esetben a rekl\u00e1mblokkol\u00f3k haszn\u00e1lata illeg\u00e1lis.<\/p>\n<p>A k\u00e9retlen rekl\u00e1mokat a b\u00f6ng\u00e9sz\u0151ben viszonylag hat\u00e9konyan lehet blokkolni Firefox alatt az <a title=\"Rekl\u00e1m blokkol\u00f3 Firefox al\u00e1\" href=\"https:\/\/addons.mozilla.org\/hu\/firefox\/addon\/adblock-plus\/\" target=\"_blank\" rel=\"noopener\">AdBlockPlius<\/a> kieg\u00e9sz\u00edt\u0151vel, amely Opera alatt is <a title=\"Rekl\u00e1m blokkol\u00f3 Opera al\u00e1\" href=\"https:\/\/addons.opera.com\/hu\/extensions\/details\/opera-adblock\/\" target=\"_blank\" rel=\"noopener\">el\u00e9rhet\u0151<\/a>, m\u00edg Crome alatt az <a title=\"Rekl\u00e1m blokkol\u00f3 Crome al\u00e1\" href=\"https:\/\/chrome.google.com\/webstore\/detail\/adblock\/gighmmpiobklfepjocnamgkkbiglidom?hl=hu\" target=\"_blank\" rel=\"noopener\">AdBlock<\/a> az egyik legn\u00e9pszer\u0171bb megold\u00e1s.<\/p>\n<p>Ha azt gondoljuk, hogy ez csak informatikai probl\u00e9ma, \u00edme egy kis \u00edzel\u00edt\u0151, amikor a bankok kapnak v\u00e1ratlanul verses m\u0171sort:<\/p>\n<p><iframe loading=\"lazy\" src=\"\/\/www.youtube.com\/embed\/mIBl0XxyFDU\" width=\"560\" height=\"315\" frameborder=\"0\" allowfullscreen=\"allowfullscreen\"><\/iframe><\/p>\n<h3>Kapcsol\u00f3d\u00f3 cikk<\/h3>\n<p><a href=\"http:\/\/www.itkommando.hu\/site\/a_halozat_szolgalataban\/tanulmanyok\/virusirto-programok\/\">V\u00edrusirt\u00f3 programok<\/a><\/p>\n","protected":false},"excerpt":{"rendered":"<p>A k\u00e9retlen rekl\u00e1mok minden felhaszn\u00e1l\u00f3 \u00e9s rendszer\u00fczemeltet\u0151 \u00e9let\u00e9t megkeser\u00edtik. A k\u00e9retlen rekl\u00e1mok az informatik\u00e1ban alapvet\u0151en k\u00e9t csoportra oszthat\u00f3ak: K\u00e9retlen levelek Weboldalon megjelen\u0151 k\u00e9retlen rekl\u00e1m A k\u00e9retlen levelek ellen SPAM filterrel&hellip;<a href=\"https:\/\/www.itkommando.hu\/site\/a_halozat_szolgalataban\/tanulmanyok\/a-reklamokrol\/\" class=\"more-link\"><span class=\"more-button\">Tov\u00e1bb a r\u00e9szletekre<span class=\"screen-reader-text\">A rekl\u00e1mokr\u00f3l<\/span><\/span><\/a><\/p>\n","protected":false},"author":1,"featured_media":983,"parent":397,"menu_order":0,"comment_status":"closed","ping_status":"closed","template":"","meta":{"footnotes":""},"categories":[13,16,71],"tags":[],"class_list":["post-1990","page","type-page","status-publish","has-post-thumbnail","hentry","category-szoftver","category-tanacsok","category-weblapokrol"],"aioseo_notices":[],"_links":{"self":[{"href":"https:\/\/www.itkommando.hu\/site\/wp-json\/wp\/v2\/pages\/1990","targetHints":{"allow":["GET"]}}],"collection":[{"href":"https:\/\/www.itkommando.hu\/site\/wp-json\/wp\/v2\/pages"}],"about":[{"href":"https:\/\/www.itkommando.hu\/site\/wp-json\/wp\/v2\/types\/page"}],"author":[{"embeddable":true,"href":"https:\/\/www.itkommando.hu\/site\/wp-json\/wp\/v2\/users\/1"}],"replies":[{"embeddable":true,"href":"https:\/\/www.itkommando.hu\/site\/wp-json\/wp\/v2\/comments?post=1990"}],"version-history":[{"count":6,"href":"https:\/\/www.itkommando.hu\/site\/wp-json\/wp\/v2\/pages\/1990\/revisions"}],"predecessor-version":[{"id":5189,"href":"https:\/\/www.itkommando.hu\/site\/wp-json\/wp\/v2\/pages\/1990\/revisions\/5189"}],"up":[{"embeddable":true,"href":"https:\/\/www.itkommando.hu\/site\/wp-json\/wp\/v2\/pages\/397"}],"wp:featuredmedia":[{"embeddable":true,"href":"https:\/\/www.itkommando.hu\/site\/wp-json\/wp\/v2\/media\/983"}],"wp:attachment":[{"href":"https:\/\/www.itkommando.hu\/site\/wp-json\/wp\/v2\/media?parent=1990"}],"wp:term":[{"taxonomy":"category","embeddable":true,"href":"https:\/\/www.itkommando.hu\/site\/wp-json\/wp\/v2\/categories?post=1990"},{"taxonomy":"post_tag","embeddable":true,"href":"https:\/\/www.itkommando.hu\/site\/wp-json\/wp\/v2\/tags?post=1990"}],"curies":[{"name":"wp","href":"https:\/\/api.w.org\/{rel}","templated":true}]}}