{"id":2018,"date":"2013-12-09T12:41:50","date_gmt":"2013-12-09T11:41:50","guid":{"rendered":"http:\/\/www.itkommando.hu\/site\/?page_id=2018"},"modified":"2021-07-12T18:04:12","modified_gmt":"2021-07-12T17:04:12","slug":"hogyan-bannak-a-szolgaltatok-az-adatainkkal","status":"publish","type":"page","link":"https:\/\/www.itkommando.hu\/site\/a_halozat_szolgalataban\/tanulmanyok\/hogyan-bannak-a-szolgaltatok-az-adatainkkal\/","title":{"rendered":"Hogyan b\u00e1nnak a szolg\u00e1ltat\u00f3k az adatainkkal?"},"content":{"rendered":"<p>A c\u00edmben feltett k\u00e9rd\u00e9sre a v\u00e1lasz meglehet\u0151sen \u00f6sszetett.<\/p>\n<h3>A szolg\u00e1ltat\u00f3<\/h3>\n<p>A nulladik v\u00e1lasz: \u201eN\u00e9zd meg az \u00c1ltal\u00e1nos Szerz\u0151d\u00e9si Felt\u00e9telekben&#8221;<\/p>\n<p>Ezt a t\u00e9m\u00e1t Tiboru a <a title=\"A Google adatv\u00e9delmi k\u00e9rd\u00e9sei\" href=\"http:\/\/konteo.blogrepublik.eu\/2013\/11\/03\/a-google-konteok\/\" target=\"_blank\" rel=\"noopener\">Konteo blogon <\/a>olyan alaposan k\u00f6r\u00fclj\u00e1rta egy konkr\u00e9t szolg\u00e1ltat\u00f3 eset\u00e9n, hogy \u00e9n itt nem pr\u00f3b\u00e1lom meg fel\u00fclm\u00falni.<\/p>\n<p>Egy r\u00e9szlet a Google <a href=\"https:\/\/www.google.com\/intl\/hu\/policies\/terms\/\" target=\"_blank\" rel=\"noopener\">szerz\u0151d\u00e9si felt\u00e9teleib\u0151l<\/a>:<\/p>\n<blockquote><p>Amikor felt\u00f6lt, bek\u00fcld, t\u00e1rol, elk\u00fcld vagy fogad tartalmakat a Szolg\u00e1ltat\u00e1sainkba vagy azokon kereszt\u00fcl, vil\u00e1gszerte \u00e9rv\u00e9nyes enged\u00e9lyt ad a Google-nak (\u00e9s a Google-lal egy\u00fcttm\u0171k\u00f6d\u0151knek) az ilyen tartalmak felhaszn\u00e1l\u00e1s\u00e1ra, hosztol\u00e1s\u00e1ra, t\u00e1rol\u00e1s\u00e1ra, reproduk\u00e1l\u00e1s\u00e1ra, m\u00f3dos\u00edt\u00e1s\u00e1ra, sz\u00e1rmaz\u00e9kos m\u0171vek l\u00e9trehoz\u00e1s\u00e1ra (\u00edgy olyan m\u0171vekre, amelyek ford\u00edt\u00e1s, adapt\u00e1l\u00e1s vagy m\u00e1s m\u00f3don t\u00f6rt\u00e9n\u0151 m\u00f3dos\u00edt\u00e1s eredm\u00e9nyek\u00e9ppen j\u00f6ttek l\u00e9tre annak \u00e9rdek\u00e9ben, hogy az \u00d6n tartalma jobban megfeleljen a Szolg\u00e1ltat\u00e1sainkkal t\u00f6rt\u00e9n\u0151 haszn\u00e1latnak), megoszt\u00e1s\u00e1ra, k\u00f6zz\u00e9t\u00e9tel\u00e9re, nyilv\u00e1nos el\u0151ad\u00e1s\u00e1ra, nyilv\u00e1nos megjelen\u00edt\u00e9s\u00e9re \u00e9s terjeszt\u00e9s\u00e9re.<\/p><\/blockquote>\n<p>A fentieket \u00f6sszefoglalva a szolg\u00e1ltat\u00f3\u00a0 a n\u00e1la t\u00e1rolt adatokat a saj\u00e1tjak\u00e9nt kezeli.<\/p>\n<p>Amennyiben a szolg\u00e1ltat\u00f3t a titkosszolg\u00e1latok megkeresik, k\u00f6teles az adatokat kiadni. Az Egyes\u00fclt \u00c1llamokban\u00a0 a Patriot Act\u00a0 <sup><a href=\"#footnote_1_2018\" id=\"identifier_1_2018\" class=\"footnote-link footnote-identifier-link\" title=\"Az angol nyelv\u0171 Wikipedia cikke a Patriot Act-r&oacute;l\">1<\/a><\/sup> el\u0151\u00edr\u00e1sai szerint, de val\u00f3sz\u00edn\u0171leg minden fejlett orsz\u00e1gban van hasonl\u00f3 szab\u00e1lyoz\u00e1s.<\/p>\n<p>Amennyiben az adatainkat sem a szolg\u00e1ltat\u00f3, sem a titkosszolg\u00e1latoknem vizsg\u00e1lj\u00e1k\/hozz\u00e1k nyilv\u00e1noss\u00e1gra, m\u00e9g mindig vannak mindk\u00e9t szervezetnek alkalmazottai, akik t\u00e9ved\u00e9sb\u0151l, meggy\u0151z\u0151d\u00e9sb\u0151l az adatainkat nem a mi \u00e9rdekeink szerint kezelik. Erre p\u00e9lda a Wikileaks illetve a Snowdwen-\u00fcgy, amikor egy alkalmazott bizalmas adatokat szolg\u00e1ltat ki a munkaad\u00f3ja \u00e9rdekeinek ellen\u00e9re.<\/p>\n<h3>Az adatforgalom<\/h3>\n<p>A k\u00f6vetkez\u0151 k\u00e9rd\u00e9s, hogy kik l\u00e1tj\u00e1k az adatforgalmat a munka\u00e1llom\u00e1s \u00e9s a szolg\u00e1ltat\u00f3 k\u00f6z\u00f6tt.<\/p>\n<p>A k\u00e9rd\u00e9sre nincs felt\u00e9tlen\u00fcl pontos v\u00e1lasz, hiszen a TCP\/IP szabv\u00e1ny nem \u00edr el\u0151 szigor\u00fa szab\u00e1lyokat az adat\u00fatvonalakra, teh\u00e1t egy-egy konkr\u00e9t esetben nem lehet tudni, hogy a h\u00e1l\u00f3zati eszk\u00f6z\u00f6k, amelyeken az adataink kereszt\u00fcl mennek, kinek a tulajdon\u00e1ban vannak, akinek technikai lehet\u0151s\u00e9ge lehet a lehallgat\u00e1sra.<\/p>\n<h3>A saj\u00e1t munka\u00e1llom\u00e1s<\/h3>\n<p>A munka\u00e1llom\u00e1son is nyomot hagy temp f\u00e1jlok \u00e9s cookie-k (s\u00fctik) form\u00e1j\u00e1ban.<\/p>\n<h3>A r\u00e9szmegold\u00e1sok<\/h3>\n<p>Minden probl\u00e9m\u00e1ra van megold\u00e1s, amennyiben<\/p>\n<ul>\n<li>Elfogadjuk, hogy a forgalomban lev\u0151 adattitkos\u00edt\u00e1si elj\u00e1r\u00e1sok megv\u00e9dik adatainkat<\/li>\n<li>Megfelel\u0151 k\u00f6r\u00fcltekint\u00e9ssel j\u00e1runk el<\/li>\n<\/ul>\n<p>Minden olyan adatot, amelyet harmadik f\u00e9l szerver\u00e9n (mail, told a cuccot, googledrive&#8230;) t\u00e1rolunk, megfelel\u0151 elj\u00e1r\u00e1ssal titkos\u00edtsunk.<\/p>\n<p>A hozz\u00e1f\u00e9r\u00e9sn\u00e9l haszn\u00e1ljunk titkos\u00edtott protokollt (https,<a title=\"VPN szolg\u00e1ltat\u00f3\" href=\"https:\/\/hidemyass.com\" target=\"_blank\" rel=\"noopener\">VPN<\/a>).<\/p>\n<p>A munka\u00e1llom\u00e1son haszn\u00e1ljuk a b\u00f6ng\u00e9sz\u0151nk priv\u00e1t b\u00f6ng\u00e9sz\u00e9s opci\u00f3j\u00e1t.<\/p>\n<p>A titkos\u00edtva t\u00e1rolt adatok csak azok sz\u00e1m\u00e1ra hozz\u00e1f\u00e9rhet\u0151ek, akik rendelkeznek a titkos\u00edt\u00e1s felold\u00e1s\u00e1hoz sz\u00fcks\u00e9ges kulccsal. Ez felveti a kulcseloszt\u00e1s probl\u00e9m\u00e1j\u00e1t, ami azt jelenti, hogy a kulcsokat biztons\u00e1gos csatorn\u00e1n kereszt\u00fcl kell minden \u00e9rintetthez eljuttatni.<\/p>\n<p>Azt azonban kijelenthetj\u00fck, hogy kev\u00e9s internetez\u0151 tesz meg ennyit az adatai bizalmass\u00e1g\u00e1nak v\u00e9delm\u00e9ben, teh\u00e1t egy ilyen szint\u0171 v\u00e9delem felh\u00edvja a figyelmet a v\u00e9dett adatokra, ez\u00e9rt a kev\u00e9sb\u00e9 \u00e9rt\u00e9kes adatokat is c\u00e9lszer\u0171 v\u00e9delemmel ell\u00e1tni, illetve min\u00e9l t\u00f6bb embert erre biztatni.<\/p>\n<h3>Kapcsol\u00f3d\u00f3 cikkek<\/h3>\n<ul>\n<li><a href=\"http:\/\/www.itkommando.hu\/site\/a_halozat_szolgalataban\/tanulmanyok\/a-titkositasi-eljarasokrol\/\">A titkos\u00edt\u00e1si elj\u00e1r\u00e1sokr\u00f3l<\/a><\/li>\n<li><a title=\"A Google \u00e9s a DuckDuckGo keres\u0151 haszn\u00e1lata 1\" href=\"http:\/\/www.itkommando.hu\/site\/a_halozat_szolgalataban\/tanulmanyok\/a-google-es-a-duckduckgo-kereso-hasznalata\/\">A Google \u00e9s a DuckDuckGo keres\u0151 haszn\u00e1lata 1<\/a><\/li>\n<li><a title=\"A Google \u00e9s a DuckDuckGo keres\u0151 haszn\u00e1lata 2\" href=\"http:\/\/www.itkommando.hu\/site\/a_halozat_szolgalataban\/tanulmanyok\/a-google-es-a-duckduckgo-kereso-hasznalata-2\/\">A Google \u00e9s a DuckDuckGo keres\u0151 haszn\u00e1lata 2<\/a><\/li>\n<li><a href=\"http:\/\/www.itkommando.hu\/site\/a_halozat_szolgalataban\/tanulmanyok\/gondolatok-az-internetes-labnyomrol\/\">Gondolatok az internetes l\u00e1bnyomr\u00f3l<\/a><a href=\"http:\/\/www.itkommando.hu\/site\/a_halozat_szolgalataban\/tanulmanyok\/nevtelenul-a-neten\/\">N\u00e9vtelen\u00fcl a neten<\/a><\/li>\n<li><a href=\"http:\/\/www.itkommando.hu\/site\/a_halozat_szolgalataban\/tanulmanyok\/nevtelenul-a-neten2\/\">N\u00e9vtelen\u00fcl a neten 2.<\/a><\/li>\n<li><a href=\"http:\/\/www.itkommando.hu\/site\/a_halozat_szolgalataban\/tanulmanyok\/hogyan-tegyuk-e-mailjeinket-hitelesse-es-bizalmassa-bevezeto\/\">Hogyan tegy\u00fck e-mailjeinket hiteless\u00e9 \u00e9s bizalmass\u00e1? Bevezet\u0151<\/a><\/li>\n<li><a href=\"http:\/\/www.itkommando.hu\/site\/a_halozat_szolgalataban\/tanulmanyok\/hogyan-tegyuk-e-mailjeinket-hitelesse-es-bizalmassa-1-resz\/\">Hogyan tegy\u00fck e-mailjeinket hiteless\u00e9 \u00e9s bizalmass\u00e1? 1. r\u00e9sz<\/a><\/li>\n<li><a href=\"http:\/\/www.itkommando.hu\/site\/a_halozat_szolgalataban\/tanulmanyok\/2166-2\/\">Hogyan tegy\u00fck e-mailjeinket hiteless\u00e9 \u00e9s bizalmass\u00e1? 2. r\u00e9sz<\/a><\/li>\n<li><a title=\"Az elektronikus adatok hossz\u00fat\u00e1v\u00fa t\u00e1rol\u00e1sa\" href=\"http:\/\/www.itkommando.hu\/site\/a_halozat_szolgalataban\/tanulmanyok\/az-elektronikus-adatok-hosszutavu-tarolasa\/\">Az elektronikus adatok hossz\u00fat\u00e1v\u00fa t\u00e1rol\u00e1sa<\/a><\/li>\n<\/ul>\n<ol class=\"footnotes\"><li id=\"footnote_1_2018\" class=\"footnote\"><a title=\"A Patriot Act hat\u00e1sa az adatkezel\u00e9sre\" href=\"http:\/\/en.wikipedia.org\/wiki\/Patriot_Act\" target=\"_blank\" rel=\"noopener\">Az angol nyelv\u0171 Wikipedia cikke a Patriot Act-r\u00f3<\/a>l<span class=\"footnote-back-link-wrapper\">[<a href=\"#identifier_1_2018\" class=\"footnote-link footnote-back-link\">&#8617;<\/a>]<\/span><\/li><\/ol>","protected":false},"excerpt":{"rendered":"<p>A c\u00edmben feltett k\u00e9rd\u00e9sre a v\u00e1lasz meglehet\u0151sen \u00f6sszetett. A szolg\u00e1ltat\u00f3 A nulladik v\u00e1lasz: \u201eN\u00e9zd meg az \u00c1ltal\u00e1nos Szerz\u0151d\u00e9si Felt\u00e9telekben&#8221; Ezt a t\u00e9m\u00e1t Tiboru a Konteo blogon olyan alaposan k\u00f6r\u00fclj\u00e1rta egy&hellip;<a href=\"https:\/\/www.itkommando.hu\/site\/a_halozat_szolgalataban\/tanulmanyok\/hogyan-bannak-a-szolgaltatok-az-adatainkkal\/\" class=\"more-link\"><span class=\"more-button\">Tov\u00e1bb a r\u00e9szletekre<span class=\"screen-reader-text\">Hogyan b\u00e1nnak a szolg\u00e1ltat\u00f3k az adatainkkal?<\/span><\/span><\/a><\/p>\n","protected":false},"author":1,"featured_media":997,"parent":397,"menu_order":0,"comment_status":"closed","ping_status":"closed","template":"","meta":{"footnotes":""},"categories":[14,70,16],"tags":[],"class_list":["post-2018","page","type-page","status-publish","has-post-thumbnail","hentry","category-biztonsag","category-internet","category-tanacsok"],"aioseo_notices":[],"_links":{"self":[{"href":"https:\/\/www.itkommando.hu\/site\/wp-json\/wp\/v2\/pages\/2018","targetHints":{"allow":["GET"]}}],"collection":[{"href":"https:\/\/www.itkommando.hu\/site\/wp-json\/wp\/v2\/pages"}],"about":[{"href":"https:\/\/www.itkommando.hu\/site\/wp-json\/wp\/v2\/types\/page"}],"author":[{"embeddable":true,"href":"https:\/\/www.itkommando.hu\/site\/wp-json\/wp\/v2\/users\/1"}],"replies":[{"embeddable":true,"href":"https:\/\/www.itkommando.hu\/site\/wp-json\/wp\/v2\/comments?post=2018"}],"version-history":[{"count":11,"href":"https:\/\/www.itkommando.hu\/site\/wp-json\/wp\/v2\/pages\/2018\/revisions"}],"predecessor-version":[{"id":5265,"href":"https:\/\/www.itkommando.hu\/site\/wp-json\/wp\/v2\/pages\/2018\/revisions\/5265"}],"up":[{"embeddable":true,"href":"https:\/\/www.itkommando.hu\/site\/wp-json\/wp\/v2\/pages\/397"}],"wp:featuredmedia":[{"embeddable":true,"href":"https:\/\/www.itkommando.hu\/site\/wp-json\/wp\/v2\/media\/997"}],"wp:attachment":[{"href":"https:\/\/www.itkommando.hu\/site\/wp-json\/wp\/v2\/media?parent=2018"}],"wp:term":[{"taxonomy":"category","embeddable":true,"href":"https:\/\/www.itkommando.hu\/site\/wp-json\/wp\/v2\/categories?post=2018"},{"taxonomy":"post_tag","embeddable":true,"href":"https:\/\/www.itkommando.hu\/site\/wp-json\/wp\/v2\/tags?post=2018"}],"curies":[{"name":"wp","href":"https:\/\/api.w.org\/{rel}","templated":true}]}}