{"id":2021,"date":"2014-01-07T12:37:30","date_gmt":"2014-01-07T11:37:30","guid":{"rendered":"http:\/\/www.itkommando.hu\/site\/?page_id=2021"},"modified":"2021-07-14T05:51:51","modified_gmt":"2021-07-14T04:51:51","slug":"hogyan-tegyuk-e-mailjeinket-hitelesse-es-bizalmassa-bevezeto","status":"publish","type":"page","link":"https:\/\/www.itkommando.hu\/site\/a_halozat_szolgalataban\/tanulmanyok\/hogyan-tegyuk-e-mailjeinket-hitelesse-es-bizalmassa-bevezeto\/","title":{"rendered":"Hogyan tegy\u00fck e-mailjeinket hiteless\u00e9 \u00e9s bizalmass\u00e1? Bevezet\u0151"},"content":{"rendered":"<figure id=\"attachment_2160\" aria-describedby=\"caption-attachment-2160\" style=\"width: 210px\" class=\"wp-caption alignright\"><a href=\"http:\/\/www.itkommando.hu\/site\/wp-content\/uploads\/500px-PGP_diagram.svg_.png\"><img loading=\"lazy\" decoding=\"async\" class=\" wp-image-2160  \" title=\"A PGP haszn\u00e1lata\" src=\"http:\/\/www.itkommando.hu\/site\/wp-content\/uploads\/500px-PGP_diagram.svg_.png\" alt=\"A PGP haszn\u00e1lata (v\u00e1zlat)\" width=\"210\" height=\"219\" srcset=\"https:\/\/www.itkommando.hu\/site\/wp-content\/uploads\/500px-PGP_diagram.svg_.png 500w, https:\/\/www.itkommando.hu\/site\/wp-content\/uploads\/500px-PGP_diagram.svg_-287x300.png 287w\" sizes=\"auto, (max-width: 210px) 100vw, 210px\" \/><\/a><figcaption id=\"caption-attachment-2160\" class=\"wp-caption-text\">A PGP haszn\u00e1lata (angol nyelv\u0171 \u00e1bra)<br \/>A k\u00e9p forr\u00e1sa:<a href=\"https:\/\/commons.wikimedia.org\/wiki\/File:PGP_diagram.svg\">Wikip\u00e9dia<\/a><\/figcaption><\/figure>\n<p>Az e-mail alapesetben se nem hiteles, se nem bizalmas. N\u00e9mi munk\u00e1val \u00e9s szervez\u00e9ssel a probl\u00e9ma megoldhat\u00f3. Egy lehets\u00e9ges ingyenes megold\u00e1st ismertetek Thunderbird levelez\u0151programmal.<\/p>\n<p>A p\u00e9lda egy Gmail-es e-mail c\u00edmmel mutatja be a teend\u0151ket, mert a levelez\u0151program automatikusan elv\u00e9gzi a be\u00e1ll\u00edt\u00e1sokat.<\/p>\n<p>Terjedelmi okokb\u00f3l a cikket r\u00e9szekre bontom:<\/p>\n<ul>\n<li><a title=\"Hogyan tegy\u00fck e-mailjeinket hiteless\u00e9 \u00e9s bizalmass\u00e1? 1. r\u00e9sz\" href=\"https:\/\/www.itkommando.hu\/site\/a_halozat_szolgalataban\/tanulmanyok\/hogyan-tegyuk-e-mailjeinket-hitelesse-es-bizalmassa-1-resz\/\">1. r\u00e9sz<\/a>\n<ul>\n<li>T\u00f6lts\u00fck le a levelez\u0151<a title=\"A levelez\u0151 program let\u00f6lt\u00e9se\" href=\"https:\/\/www.mozilla.org\/hu\/thunderbird\/?icn=tabz\" target=\"_blank\" rel=\"noopener\"> programot<\/a><\/li>\n<li>Telep\u00edts\u00fck fel<\/li>\n<li>\u00c1ll\u00edtsunk be egy postafi\u00f3kot<\/li>\n<\/ul>\n<\/li>\n<\/ul>\n<ul>\n<li><a title=\"Hogyan tegy\u00fck e-mailjeinket hiteless\u00e9 \u00e9s bizalmass\u00e1? 2. r\u00e9sz\" href=\"https:\/\/www.itkommando.hu\/site\/a_halozat_szolgalataban\/tanulmanyok\/2166-2\/\">2. r\u00e9sz<\/a>\n<ul>\n<li>T\u00f6lts\u00fck le a <a title=\"GnuPG biztons\u00e1gi szoftver\" href=\"http:\/\/gpg4win.org\/download.html\" target=\"_blank\" rel=\"noopener\">GnuPG<\/a> aktu\u00e1lis verzi\u00f3j\u00e1t<\/li>\n<li>Gener\u00e1ljuk le a sz\u00fcks\u00e9ges kulcsokat<\/li>\n<\/ul>\n<\/li>\n<\/ul>\n<ul>\n<li><a href=\"Hogyan tegy\u00fck e-mailjeinket hiteless\u00e9 \u00e9s bizalmass\u00e1? 2. r\u00e9sz\">3. r\u00e9sz<\/a>\n<ul>\n<li>T\u00f6lts\u00fck le az <a title=\"Kieg\u00e9sz\u00edt\u0151 a biztons\u00e1gos levelez\u00e9shez\" href=\"https:\/\/addons.mozilla.org\/hu\/thunderbird\/addon\/enigmail\/\" target=\"_blank\" rel=\"noopener\">Enigmail<\/a> kieg\u00e9sz\u00edt\u0151t<\/li>\n<li>Telep\u00edts\u00fck<\/li>\n<li>\u00c1ll\u00edtsuk be<\/li>\n<li>Haszn\u00e1ljuk eg\u00e9szs\u00e9ggel<\/li>\n<\/ul>\n<\/li>\n<\/ul>\n<h3>Bevezet\u0151<\/h3>\n<p>Egy elk\u00fcld\u00f6tt e-mail legink\u00e1bb egy postai levelez\u0151laphoz hasonl\u00edt, a k\u00e9zbes\u00edt\u00e9si folyamat sor\u00e1n b\u00e1rki elolvashatja, illetve m\u00f3dos\u00edthatja a tartalm\u00e1t. A m\u00e1sik probl\u00e9ma, hogy az e-mail felad\u00f3ja a levelez\u0151programban szabadon be\u00e1ll\u00edthat\u00f3, ami azt jelenti, hogy aki az \u00fczenetet kapja, legfeljebb rem\u00e9lheti, hogy a felad\u00f3 az, akinek mondja mag\u00e1t.<\/p>\n<p>A fenti probl\u00e9m\u00e1kra k\u00edn\u00e1l megold\u00e1st az PGP programcsomag.<\/p>\n<p>Az itt ismertetett technik\u00e1k:<\/p>\n<ul>\n<li>Al\u00e1\u00edr\u00e1s<\/li>\n<li>Titkos\u00edt\u00e1s<\/li>\n<\/ul>\n<h4>Az e-mail al\u00e1\u00edr\u00e1sa<\/h4>\n<p>Az e-mail al\u00e1\u00edr\u00e1sa azt jelenti, hogy az \u00fczenetet ell\u00e1tjuk egy (az emberi szem sz\u00e1m\u00e1ra nem \u00e9rtelmezhet\u0151) jelsorozattal, amelyhez a felad\u00f3 titkos kulcs\u00e1t haszn\u00e1ljuk.<\/p>\n<p>Fogad\u00e1skor ellen\u0151rizz\u00fck a felad\u00f3 nyilv\u00e1nos kulcs\u00e1val, hogy val\u00f3ban \u0151-e a felad\u00f3 \u00e9s az \u00fczenet tartalma v\u00e1ltozott-e az elk\u00fcld\u00f6tth\u00f6z k\u00e9pest. Ezzel biztos\u00edthat\u00f3 az \u00fczenet hiteless\u00e9ge.<\/p>\n<h4>Az e-mail titkos\u00edt\u00e1sa<\/h4>\n<p>Az \u00fczenet tartalm\u00e1t a c\u00edmzett nyilv\u00e1nos kulcsa seg\u00edts\u00e9g\u00e9vel titkos\u00edtjuk, \u00edgy rem\u00e9lhetj\u00fck, hogy az \u00edgy titkos\u00edtott \u00fczenetet csak az tudja elolvasni, aki rendelkezik az ehhez sz\u00fcks\u00e9ges titkos kulccsal &#8211; vagyis maga a c\u00edmzett. Ezzel biztos\u00edthat\u00f3 az \u00fczenet bizalmass\u00e1ga.<\/p>\n<h3>Mire alkalmas egy ilyen rendszer?<\/h3>\n<p>A titkos\u00edtott e-mailek tartalm\u00e1t a titkosszolg\u00e1latok nyilv\u00e1nval\u00f3an meg tudj\u00e1k szerezni vagy a titkos\u00edt\u00e1si technika megt\u00f6r\u00e9s\u00e9vel, vagy egyszer\u0171en \u00fagy, hogy meggy\u0151zik a felad\u00f3t vagy a c\u00edmzettet, hogy mutassa meg\/mondja el.<\/p>\n<p>Az \u00fczleti \u00e9letben azonban a korszer\u0171 titkos\u00edt\u00e1si elj\u00e1r\u00e1sok szakszer\u0171 haszn\u00e1lat eset\u00e9n felt\u00f6rhetetlennek tekinthet\u0151ek, mivel eg\u00e9szen biztosan egyszer\u0171bb egy munkat\u00e1rsat megvesztegetni, megzsarolni, vagy \u00fcgyesen megt\u00e9veszteni ahhoz, hogy megszerezz\u00fcnk bizalmas inform\u00e1ci\u00f3kat, semmint sokkal t\u00f6bb id\u0151t \u00e9s energi\u00e1t vesztegetni a titkos\u00edtott adatok visszafejt\u00e9s\u00e9be. A distributed.net az RC-5 projekt keret\u00e9ben bemutatta, hogy a szok\u00e1sos irodai eszk\u00f6z\u00f6kkel elk\u00e9sz\u00edtett titkos\u00edt\u00e1sok ugyanilyen szok\u00e1sos irodai eszk\u00f6z\u00f6kkel semmik\u00e9pp sem fejthet\u0151k meg, t\u00f6rhet\u0151k fel. Term\u00e9szetesen nagy k\u00f6lts\u00e9gekkel val\u00f3sz\u00edn\u0171leg lehet olyan c\u00e9lk\u00e9sz\u00fcl\u00e9ket \u00e9p\u00edteni, amely alkalmas erre a feladatra, ez azonban felt\u00e9telezi azt, hogy az \u00e1ltalunk haszn\u00e1lt titkos\u00edt\u00e1si programokban nincsen hiba, vagy h\u00e1ts\u00f3 ajt\u00f3. \u00c9s mi\u00e9rt is lenne? Vagy ne lenne?<\/p>\n<h3>\u00a0Kapcsol\u00f3d\u00f3 cikkek<\/h3>\n<ul>\n<li><a href=\"http:\/\/www.itkommando.hu\/site\/a_halozat_szolgalataban\/tanulmanyok\/a-titkositasi-eljarasokrol\/\">A titkos\u00edt\u00e1si elj\u00e1r\u00e1sokr\u00f3l<\/a><\/li>\n<li><a href=\"http:\/\/www.itkommando.hu\/site\/a_halozat_szolgalataban\/tanulmanyok\/hogyan-bannak-a-szolgaltatok-az-adatainkkal\/\">Hogyan b\u00e1nnak a szolg\u00e1ltat\u00f3k az adatainkkal?<\/a><\/li>\n<li><a href=\"http:\/\/www.itkommando.hu\/site\/a_halozat_szolgalataban\/tanulmanyok\/gondolatok-az-internetes-labnyomrol\/\">Gondolatok az internetes l\u00e1bnyomr\u00f3l<\/a><\/li>\n<\/ul>\n","protected":false},"excerpt":{"rendered":"<p>Az e-mail alapesetben se nem hiteles, se nem bizalmas. N\u00e9mi munk\u00e1val \u00e9s szervez\u00e9ssel a probl\u00e9ma megoldhat\u00f3. Egy lehets\u00e9ges ingyenes megold\u00e1st ismertetek Thunderbird levelez\u0151programmal. A p\u00e9lda egy Gmail-es e-mail c\u00edmmel mutatja&hellip;<a href=\"https:\/\/www.itkommando.hu\/site\/a_halozat_szolgalataban\/tanulmanyok\/hogyan-tegyuk-e-mailjeinket-hitelesse-es-bizalmassa-bevezeto\/\" class=\"more-link\"><span class=\"more-button\">Tov\u00e1bb a r\u00e9szletekre<span class=\"screen-reader-text\">Hogyan tegy\u00fck e-mailjeinket hiteless\u00e9 \u00e9s bizalmass\u00e1? Bevezet\u0151<\/span><\/span><\/a><\/p>\n","protected":false},"author":1,"featured_media":992,"parent":397,"menu_order":0,"comment_status":"closed","ping_status":"closed","template":"","meta":{"footnotes":""},"categories":[14,70,13,16],"tags":[],"class_list":["post-2021","page","type-page","status-publish","has-post-thumbnail","hentry","category-biztonsag","category-internet","category-szoftver","category-tanacsok"],"aioseo_notices":[],"_links":{"self":[{"href":"https:\/\/www.itkommando.hu\/site\/wp-json\/wp\/v2\/pages\/2021","targetHints":{"allow":["GET"]}}],"collection":[{"href":"https:\/\/www.itkommando.hu\/site\/wp-json\/wp\/v2\/pages"}],"about":[{"href":"https:\/\/www.itkommando.hu\/site\/wp-json\/wp\/v2\/types\/page"}],"author":[{"embeddable":true,"href":"https:\/\/www.itkommando.hu\/site\/wp-json\/wp\/v2\/users\/1"}],"replies":[{"embeddable":true,"href":"https:\/\/www.itkommando.hu\/site\/wp-json\/wp\/v2\/comments?post=2021"}],"version-history":[{"count":10,"href":"https:\/\/www.itkommando.hu\/site\/wp-json\/wp\/v2\/pages\/2021\/revisions"}],"predecessor-version":[{"id":5458,"href":"https:\/\/www.itkommando.hu\/site\/wp-json\/wp\/v2\/pages\/2021\/revisions\/5458"}],"up":[{"embeddable":true,"href":"https:\/\/www.itkommando.hu\/site\/wp-json\/wp\/v2\/pages\/397"}],"wp:featuredmedia":[{"embeddable":true,"href":"https:\/\/www.itkommando.hu\/site\/wp-json\/wp\/v2\/media\/992"}],"wp:attachment":[{"href":"https:\/\/www.itkommando.hu\/site\/wp-json\/wp\/v2\/media?parent=2021"}],"wp:term":[{"taxonomy":"category","embeddable":true,"href":"https:\/\/www.itkommando.hu\/site\/wp-json\/wp\/v2\/categories?post=2021"},{"taxonomy":"post_tag","embeddable":true,"href":"https:\/\/www.itkommando.hu\/site\/wp-json\/wp\/v2\/tags?post=2021"}],"curies":[{"name":"wp","href":"https:\/\/api.w.org\/{rel}","templated":true}]}}