{"id":2163,"date":"2014-01-10T11:48:16","date_gmt":"2014-01-10T10:48:16","guid":{"rendered":"http:\/\/www.itkommando.hu\/site\/?page_id=2163"},"modified":"2021-07-14T05:35:50","modified_gmt":"2021-07-14T04:35:50","slug":"hogyan-tegyuk-e-mailjeinket-hitelesse-es-bizalmassa-1-resz","status":"publish","type":"page","link":"https:\/\/www.itkommando.hu\/site\/a_halozat_szolgalataban\/tanulmanyok\/hogyan-tegyuk-e-mailjeinket-hitelesse-es-bizalmassa-1-resz\/","title":{"rendered":"Hogyan tegy\u00fck e-mailjeinket hiteless\u00e9 \u00e9s bizalmass\u00e1? 1. r\u00e9sz"},"content":{"rendered":"<p>Ebben a r\u00e9szben a Tunderbird levelez\u0151 telep\u00edt\u00e9s\u00e9t k\u00f6vetj\u00fck v\u00e9gig l\u00e9p\u00e9sr\u0151l l\u00e9p\u00e9sre. A p\u00e9lda e-mail c\u00edm egy gmail-es c\u00edm lesz.<\/p>\n<p>1. r\u00e9sz<\/p>\n<ul>\n<li>T\u00f6lts\u00fck le a levelez\u0151 <a title=\"A levelez\u0151 program let\u00f6lt\u00e9se\" href=\"https:\/\/www.mozilla.org\/hu\/thunderbird\/?icn=tabz\" target=\"_blank\" rel=\"noopener\"> programot<\/a><\/li>\n<li>Telep\u00edts\u00fck fel<\/li>\n<li>\u00c1ll\u00edtsunk be egy postafi\u00f3kot<\/li>\n<\/ul>\n<h3>A program let\u00f6lt\u00e9se<\/h3>\n<p>T\u00f6lts\u00fck le a programot a <a title=\"A Thunderbird let\u00f6lt\u00e9se\" href=\"https:\/\/www.mozilla.org\/hu\/thunderbird\/?icn=tabz\" target=\"_blank\" rel=\"noopener\">https:\/\/www.mozilla.org\/hu\/thunderbird\/?icn=tabz<\/a> oldalr\u00f3l:<\/p>\n<figure id=\"attachment_2149\" aria-describedby=\"caption-attachment-2149\" style=\"width: 694px\" class=\"wp-caption alignnone\"><a title=\"A thunderbird let\u00f6lt\u00e9se\" href=\"https:\/\/www.mozilla.org\/hu\/thunderbird\/?icn=tabz\" target=\"_blank\" rel=\"noopener\"><img loading=\"lazy\" decoding=\"async\" class=\"size-full wp-image-2149   \" title=\"A Thunderbird levelez\u0151 let\u00f6lt\u00e9se \" src=\"http:\/\/www.itkommando.hu\/site\/wp-content\/uploads\/Thunderbird_letolt.jpg\" alt=\"Thunderbird levelez\u0151 program let\u00f6lt\u00e9se\" width=\"694\" height=\"612\" srcset=\"https:\/\/www.itkommando.hu\/site\/wp-content\/uploads\/Thunderbird_letolt.jpg 694w, https:\/\/www.itkommando.hu\/site\/wp-content\/uploads\/Thunderbird_letolt-300x264.jpg 300w\" sizes=\"auto, (max-width: 694px) 100vw, 694px\" \/><\/a><figcaption id=\"caption-attachment-2149\" class=\"wp-caption-text\"><em>Kattints a Thunderbird ingyenes let\u00f6lt\u00e9s<\/em>-re<\/figcaption><\/figure>\n<h3>A program telep\u00edt\u00e9se:<\/h3>\n<p>A let\u00f6lt\u00f6tt telep\u00edt\u0151program elind\u00edt\u00e1sa ut\u00e1n:<\/p>\n<figure id=\"attachment_2144\" aria-describedby=\"caption-attachment-2144\" style=\"width: 503px\" class=\"wp-caption alignnone\"><a href=\"http:\/\/www.itkommando.hu\/site\/wp-content\/uploads\/Thunderbird_install1.jpg\"><img loading=\"lazy\" decoding=\"async\" class=\"size-full wp-image-2144 \" title=\"A Thunderbird telep\u00edt\u0151 \u00fcdv\u00f6zl\u0151 k\u00e9perny\u0151je\" src=\"http:\/\/www.itkommando.hu\/site\/wp-content\/uploads\/Thunderbird_install1.jpg\" alt=\"A Thunderbird telep\u00edt\u0151 \u00fcdv\u00f6zl\u0151 k\u00e9perny\u0151je\" width=\"503\" height=\"382\" srcset=\"https:\/\/www.itkommando.hu\/site\/wp-content\/uploads\/Thunderbird_install1.jpg 503w, https:\/\/www.itkommando.hu\/site\/wp-content\/uploads\/Thunderbird_install1-300x227.jpg 300w\" sizes=\"auto, (max-width: 503px) 100vw, 503px\" \/><\/a><figcaption id=\"caption-attachment-2144\" class=\"wp-caption-text\">Kattints a tov\u00e1bb gombra<\/figcaption><\/figure>\n<figure id=\"attachment_2145\" aria-describedby=\"caption-attachment-2145\" style=\"width: 503px\" class=\"wp-caption alignnone\"><a href=\"http:\/\/www.itkommando.hu\/site\/wp-content\/uploads\/Thunderbird_install2.jpg\"><img loading=\"lazy\" decoding=\"async\" class=\"size-full wp-image-2145 \" title=\"A levelez\u0151 program telep\u00edt\u00e9si m\u00f3dj\u00e1nak kiv\u00e1laszt\u00e1sa\" src=\"http:\/\/www.itkommando.hu\/site\/wp-content\/uploads\/Thunderbird_install2.jpg\" alt=\"A thunderbird telep\u00edt\u00e9si m\u00f3dja\" width=\"503\" height=\"381\" srcset=\"https:\/\/www.itkommando.hu\/site\/wp-content\/uploads\/Thunderbird_install2.jpg 503w, https:\/\/www.itkommando.hu\/site\/wp-content\/uploads\/Thunderbird_install2-300x227.jpg 300w\" sizes=\"auto, (max-width: 503px) 100vw, 503px\" \/><\/a><figcaption id=\"caption-attachment-2145\" class=\"wp-caption-text\">V\u00e1lasszuk a szok\u00e1sos telep\u00edt\u00e9st, \u00e9s d\u00f6nts\u00fck el, hogy szeretn\u00e9nk-e, hogy a Thunderbird legyen az alap\u00e9rtelmezett levelez\u0151 programunk<\/figcaption><\/figure>\n<figure id=\"attachment_2146\" aria-describedby=\"caption-attachment-2146\" style=\"width: 503px\" class=\"wp-caption alignnone\"><a href=\"http:\/\/www.itkommando.hu\/site\/wp-content\/uploads\/Thunderbird_install3.jpg\"><img loading=\"lazy\" decoding=\"async\" class=\"size-full wp-image-2146 \" title=\"Thunderbird telep\u00edt\u00e9si mapp\u00e9ja\" src=\"http:\/\/www.itkommando.hu\/site\/wp-content\/uploads\/Thunderbird_install3.jpg\" alt=\"Thunderbird levelez\u0151 program telep\u00edt\u00e9si mapp\u00e9ja\" width=\"503\" height=\"386\" srcset=\"https:\/\/www.itkommando.hu\/site\/wp-content\/uploads\/Thunderbird_install3.jpg 503w, https:\/\/www.itkommando.hu\/site\/wp-content\/uploads\/Thunderbird_install3-300x230.jpg 300w\" sizes=\"auto, (max-width: 503px) 100vw, 503px\" \/><\/a><figcaption id=\"caption-attachment-2146\" class=\"wp-caption-text\">Ha m\u00e1s szempont nincs, kattints a tov\u00e1bb gombra<\/figcaption><\/figure>\n<figure id=\"attachment_2147\" aria-describedby=\"caption-attachment-2147\" style=\"width: 503px\" class=\"wp-caption alignnone\"><a href=\"http:\/\/www.itkommando.hu\/site\/wp-content\/uploads\/Thunderbird_install4.jpg\"><img loading=\"lazy\" decoding=\"async\" class=\"size-full wp-image-2147 \" title=\"A telep\u00edt\u00e9s k\u00e9sz\" src=\"http:\/\/www.itkommando.hu\/site\/wp-content\/uploads\/Thunderbird_install4.jpg\" alt=\"Thunderbird telep\u00edt\u00e9se k\u00e9sz\" width=\"503\" height=\"386\" srcset=\"https:\/\/www.itkommando.hu\/site\/wp-content\/uploads\/Thunderbird_install4.jpg 503w, https:\/\/www.itkommando.hu\/site\/wp-content\/uploads\/Thunderbird_install4-300x230.jpg 300w\" sizes=\"auto, (max-width: 503px) 100vw, 503px\" \/><\/a><figcaption id=\"caption-attachment-2147\" class=\"wp-caption-text\">Kattints a befejez\u00e9s gombra<\/figcaption><\/figure>\n<h3>\u00a0Az e-mail fi\u00f3k be\u00e1ll\u00edt\u00e1sa<\/h3>\n<p>Felt\u00e9telezz\u00fck, hogy m\u00e1r van egy e-mail c\u00edm\u00fcnk, amit haszn\u00e1lni szeretn\u00e9nk<\/p>\n<figure id=\"attachment_2141\" aria-describedby=\"caption-attachment-2141\" style=\"width: 646px\" class=\"wp-caption alignnone\"><a href=\"http:\/\/www.itkommando.hu\/site\/wp-content\/uploads\/Thunderbird_beallit1.jpg\"><img loading=\"lazy\" decoding=\"async\" class=\"size-full wp-image-2141 \" title=\"Az e-mail fi\u00f3k be\u00e1ll\u00edt\u00e1sa a levelez\u0151 programban\" src=\"http:\/\/www.itkommando.hu\/site\/wp-content\/uploads\/Thunderbird_beallit1.jpg\" alt=\"az e-mail fi\u00f3k be\u00e1ll\u00edt\u00e1sa Thunderbird levelez\u0151 programban\" width=\"646\" height=\"505\" srcset=\"https:\/\/www.itkommando.hu\/site\/wp-content\/uploads\/Thunderbird_beallit1.jpg 646w, https:\/\/www.itkommando.hu\/site\/wp-content\/uploads\/Thunderbird_beallit1-300x234.jpg 300w\" sizes=\"auto, (max-width: 646px) 100vw, 646px\" \/><\/a><figcaption id=\"caption-attachment-2141\" class=\"wp-caption-text\">Kattintsunk az <em>Ugorja \u00e1t ezt, \u00e9s haszn\u00e1lja a megl\u00e9v\u0151 e-mail c\u00edmet<\/em> lehet\u0151s\u00e9get<\/figcaption><\/figure>\n<figure id=\"attachment_2142\" aria-describedby=\"caption-attachment-2142\" style=\"width: 422px\" class=\"wp-caption alignnone\"><a href=\"http:\/\/www.itkommando.hu\/site\/wp-content\/uploads\/Thunderbird_beallit2.jpg\"><img loading=\"lazy\" decoding=\"async\" class=\"size-full wp-image-2142 \" title=\"Az e-mail c\u00edm \u00e9s a kapcsol\u00f3d\u00f3 adatok\" src=\"http:\/\/www.itkommando.hu\/site\/wp-content\/uploads\/Thunderbird_beallit2.jpg\" alt=\"N\u00e9v, e-mail c\u00edm, jelsz\u00f3\" width=\"422\" height=\"425\" srcset=\"https:\/\/www.itkommando.hu\/site\/wp-content\/uploads\/Thunderbird_beallit2.jpg 422w, https:\/\/www.itkommando.hu\/site\/wp-content\/uploads\/Thunderbird_beallit2-150x150.jpg 150w, https:\/\/www.itkommando.hu\/site\/wp-content\/uploads\/Thunderbird_beallit2-297x300.jpg 297w\" sizes=\"auto, (max-width: 422px) 100vw, 422px\" \/><\/a><figcaption id=\"caption-attachment-2142\" class=\"wp-caption-text\">T\u00f6ltsd ki a saj\u00e1t adataiddal, \u00e9s v\u00e1laszd a folytat\u00e1st<\/figcaption><\/figure>\n<figure id=\"attachment_2143\" aria-describedby=\"caption-attachment-2143\" style=\"width: 444px\" class=\"wp-caption alignnone\"><a href=\"http:\/\/www.itkommando.hu\/site\/wp-content\/uploads\/Thunderbird_beallit3.jpg\"><img loading=\"lazy\" decoding=\"async\" class=\"size-full wp-image-2143 \" title=\"A postafi\u00f3k be\u00e1ll\u00edt\u00e1sok \u00e1ttekint\u00e9se\" src=\"http:\/\/www.itkommando.hu\/site\/wp-content\/uploads\/Thunderbird_beallit3.jpg\" alt=\"A thunderbird a be\u00e1ll\u00edt\u00e1sokat korrekt\u00fcl megteszi p\u00e9ld\u00e1ul gmail eset\u00e9n\" width=\"444\" height=\"425\" srcset=\"https:\/\/www.itkommando.hu\/site\/wp-content\/uploads\/Thunderbird_beallit3.jpg 444w, https:\/\/www.itkommando.hu\/site\/wp-content\/uploads\/Thunderbird_beallit3-300x287.jpg 300w\" sizes=\"auto, (max-width: 444px) 100vw, 444px\" \/><\/a><figcaption id=\"caption-attachment-2143\" class=\"wp-caption-text\">At ismertebb mail szolg\u00e1ltat\u00f3k (p\u00e9ld\u00e1ul Gmail) eset\u00e9n a szerverbe\u00e1ll\u00edt\u00e1sokat a program ismeri<br \/>A befejez\u00e9s gombra kattintva az els\u0151 l\u00e9p\u00e9st megtett\u00fck.<\/figcaption><\/figure>\n<p>A k\u00f6vetkez\u0151 r\u00e9sz a GnuPG\u00a0 (titkos\u00edt\u00f3 program) telep\u00edt\u00e9st mondja el<\/p>\n","protected":false},"excerpt":{"rendered":"<p>Ebben a r\u00e9szben a Tunderbird levelez\u0151 telep\u00edt\u00e9s\u00e9t k\u00f6vetj\u00fck v\u00e9gig l\u00e9p\u00e9sr\u0151l l\u00e9p\u00e9sre. A p\u00e9lda e-mail c\u00edm egy gmail-es c\u00edm lesz. 1. r\u00e9sz T\u00f6lts\u00fck le a levelez\u0151 programot Telep\u00edts\u00fck fel \u00c1ll\u00edtsunk be&hellip;<a href=\"https:\/\/www.itkommando.hu\/site\/a_halozat_szolgalataban\/tanulmanyok\/hogyan-tegyuk-e-mailjeinket-hitelesse-es-bizalmassa-1-resz\/\" class=\"more-link\"><span class=\"more-button\">Tov\u00e1bb a r\u00e9szletekre<span class=\"screen-reader-text\">Hogyan tegy\u00fck e-mailjeinket hiteless\u00e9 \u00e9s bizalmass\u00e1? 1. r\u00e9sz<\/span><\/span><\/a><\/p>\n","protected":false},"author":1,"featured_media":1000,"parent":397,"menu_order":0,"comment_status":"closed","ping_status":"closed","template":"","meta":{"footnotes":""},"categories":[14,70,11,13,16],"tags":[],"class_list":["post-2163","page","type-page","status-publish","has-post-thumbnail","hentry","category-biztonsag","category-internet","category-munkaallomas","category-szoftver","category-tanacsok"],"aioseo_notices":[],"_links":{"self":[{"href":"https:\/\/www.itkommando.hu\/site\/wp-json\/wp\/v2\/pages\/2163","targetHints":{"allow":["GET"]}}],"collection":[{"href":"https:\/\/www.itkommando.hu\/site\/wp-json\/wp\/v2\/pages"}],"about":[{"href":"https:\/\/www.itkommando.hu\/site\/wp-json\/wp\/v2\/types\/page"}],"author":[{"embeddable":true,"href":"https:\/\/www.itkommando.hu\/site\/wp-json\/wp\/v2\/users\/1"}],"replies":[{"embeddable":true,"href":"https:\/\/www.itkommando.hu\/site\/wp-json\/wp\/v2\/comments?post=2163"}],"version-history":[{"count":5,"href":"https:\/\/www.itkommando.hu\/site\/wp-json\/wp\/v2\/pages\/2163\/revisions"}],"predecessor-version":[{"id":5456,"href":"https:\/\/www.itkommando.hu\/site\/wp-json\/wp\/v2\/pages\/2163\/revisions\/5456"}],"up":[{"embeddable":true,"href":"https:\/\/www.itkommando.hu\/site\/wp-json\/wp\/v2\/pages\/397"}],"wp:featuredmedia":[{"embeddable":true,"href":"https:\/\/www.itkommando.hu\/site\/wp-json\/wp\/v2\/media\/1000"}],"wp:attachment":[{"href":"https:\/\/www.itkommando.hu\/site\/wp-json\/wp\/v2\/media?parent=2163"}],"wp:term":[{"taxonomy":"category","embeddable":true,"href":"https:\/\/www.itkommando.hu\/site\/wp-json\/wp\/v2\/categories?post=2163"},{"taxonomy":"post_tag","embeddable":true,"href":"https:\/\/www.itkommando.hu\/site\/wp-json\/wp\/v2\/tags?post=2163"}],"curies":[{"name":"wp","href":"https:\/\/api.w.org\/{rel}","templated":true}]}}