{"id":2166,"date":"2014-01-26T19:56:34","date_gmt":"2014-01-26T18:56:34","guid":{"rendered":"http:\/\/www.itkommando.hu\/site\/?page_id=2166"},"modified":"2021-07-14T05:36:31","modified_gmt":"2021-07-14T04:36:31","slug":"2166-2","status":"publish","type":"page","link":"https:\/\/www.itkommando.hu\/site\/a_halozat_szolgalataban\/tanulmanyok\/2166-2\/","title":{"rendered":"Hogyan tegy\u00fck e-mailjeinket hiteless\u00e9 \u00e9s bizalmass\u00e1? 2. r\u00e9sz"},"content":{"rendered":"<p>A <a title=\"Hogyan tegy\u00fck e-mailjeinket hiteless\u00e9 \u00e9s bizalmass\u00e1? Bevezet\u0151\" href=\"http:\/\/www.itkommando.hu\/site\/a_halozat_szolgalataban\/tanulmanyok\/hogyan-tegyuk-e-mailjeinket-hitelesse-es-bizalmassa-bevezeto\/\" target=\"_blank\" rel=\"noopener\">bevezet\u0151ben<\/a> m\u00e1r \u00f6sszefoglaltuk a teend\u0151ket, illetve az 1. r\u00e9szben m\u00e1r feltelep\u00edtett\u00fck a levelez\u0151programot \u00e9s be\u00e1ll\u00edtottunk egy postafi\u00f3kot.<\/p>\n<p>Most a titkos\u00edt\u00f3 programot \u00e9s k\u00f6rny\u00e9k\u00e9t telep\u00edtj\u00fck fel.<\/p>\n<ul>\n<li>T\u00f6lts\u00fck le a&nbsp;<a title=\"GnuPG biztons\u00e1gi szoftver\" href=\"http:\/\/gpg4win.org\/download.html\" target=\"_blank\" rel=\"noopener\">GnuPG<\/a>&nbsp;aktu\u00e1lis verzi\u00f3j\u00e1t<\/li>\n<li>Gener\u00e1ljuk le a sz\u00fcks\u00e9ges kulcsokat<\/li>\n<\/ul>\n<figure id=\"attachment_2124\" aria-describedby=\"caption-attachment-2124\" style=\"width: 693px\" class=\"wp-caption alignnone\"><a href=\"http:\/\/gpg4win.org\/download.html\"><img loading=\"lazy\" decoding=\"async\" class=\"size-full wp-image-2124  \" title=\"A GnuPG let\u00f6lt\u00e9se\" alt=\"A k\u00e9tkulcsos titkos\u00edt\u00f3 program let\u00f6lt\u00e9se\" src=\"http:\/\/www.itkommando.hu\/site\/wp-content\/uploads\/GniPG_letolt1.jpg\" width=\"693\" height=\"612\" srcset=\"https:\/\/www.itkommando.hu\/site\/wp-content\/uploads\/GniPG_letolt1.jpg 693w, https:\/\/www.itkommando.hu\/site\/wp-content\/uploads\/GniPG_letolt1-300x264.jpg 300w\" sizes=\"auto, (max-width: 693px) 100vw, 693px\" \/><\/a><figcaption id=\"caption-attachment-2124\" class=\"wp-caption-text\">T\u00f6lts\u00fck le a GnuPG telep\u00edt\u0151programj\u00e1t \u00e9s ind\u00edtsuk el<\/figcaption><\/figure>\n<p>&nbsp;<\/p>\n<figure id=\"attachment_2115\" aria-describedby=\"caption-attachment-2115\" style=\"width: 294px\" class=\"wp-caption alignnone\"><a href=\"http:\/\/www.itkommando.hu\/site\/wp-content\/uploads\/GniPG_install1.jpg\"><img loading=\"lazy\" decoding=\"async\" class=\"size-full wp-image-2115 \" title=\"A GnuPG telep\u00edt\u00e9si nyelv\u00e9nek be\u00e1ll\u00edt\u00e1sa\" alt=\"A GnuPG telep\u00edt\u00e9si nyelv\u00e9nek be\u00e1ll\u00edt\u00e1sa\" src=\"http:\/\/www.itkommando.hu\/site\/wp-content\/uploads\/GniPG_install1.jpg\" width=\"294\" height=\"153\"><\/a><figcaption id=\"caption-attachment-2115\" class=\"wp-caption-text\">Fogadjuk el az angolt (English) telep\u00edt\u00e9si nyelvk\u00e9nt<\/figcaption><\/figure>\n<p>&nbsp;<\/p>\n<figure id=\"attachment_2116\" aria-describedby=\"caption-attachment-2116\" style=\"width: 503px\" class=\"wp-caption alignnone\"><a href=\"http:\/\/www.itkommando.hu\/site\/wp-content\/uploads\/GniPG_install2.jpg\"><img loading=\"lazy\" decoding=\"async\" class=\"size-full wp-image-2116 \" title=\"A GnuPG tlep\u00edt\u0151je \u00fcdv\u00f6z\u00f6l\" alt=\"Gnu privacy guard telep\u00edt\u0151j\u00e9nek \u00fcdv\u00f6zl\u0151 k\u00e9perny\u0151je\" src=\"http:\/\/www.itkommando.hu\/site\/wp-content\/uploads\/GniPG_install2.jpg\" width=\"503\" height=\"386\" srcset=\"https:\/\/www.itkommando.hu\/site\/wp-content\/uploads\/GniPG_install2.jpg 503w, https:\/\/www.itkommando.hu\/site\/wp-content\/uploads\/GniPG_install2-300x230.jpg 300w\" sizes=\"auto, (max-width: 503px) 100vw, 503px\" \/><\/a><figcaption id=\"caption-attachment-2116\" class=\"wp-caption-text\">A <em>Next<\/em> gombbal l\u00e9p\u00fcnk tov\u00e1bb<\/figcaption><\/figure>\n<figure id=\"attachment_2117\" aria-describedby=\"caption-attachment-2117\" style=\"width: 503px\" class=\"wp-caption alignnone\"><a href=\"http:\/\/www.itkommando.hu\/site\/wp-content\/uploads\/GniPG_install3.jpg\"><img loading=\"lazy\" decoding=\"async\" class=\"size-full wp-image-2117 \" title=\"A GbuPG licenc felt\u00e9telei \" alt=\"A GbuPG licenc felt\u00e9telei \" src=\"http:\/\/www.itkommando.hu\/site\/wp-content\/uploads\/GniPG_install3.jpg\" width=\"503\" height=\"386\" srcset=\"https:\/\/www.itkommando.hu\/site\/wp-content\/uploads\/GniPG_install3.jpg 503w, https:\/\/www.itkommando.hu\/site\/wp-content\/uploads\/GniPG_install3-300x230.jpg 300w\" sizes=\"auto, (max-width: 503px) 100vw, 503px\" \/><\/a><figcaption id=\"caption-attachment-2117\" class=\"wp-caption-text\">A <em>Net<\/em> gombbal megy\u00fcnk tov\u00e1bb<\/figcaption><\/figure>\n<figure id=\"attachment_2118\" aria-describedby=\"caption-attachment-2118\" style=\"width: 503px\" class=\"wp-caption alignnone\"><a href=\"http:\/\/www.itkommando.hu\/site\/wp-content\/uploads\/GniPG_install4.jpg\"><img loading=\"lazy\" decoding=\"async\" class=\"size-full wp-image-2118 \" alt=\"GniPG_install4\" src=\"http:\/\/www.itkommando.hu\/site\/wp-content\/uploads\/GniPG_install4.jpg\" width=\"503\" height=\"386\" srcset=\"https:\/\/www.itkommando.hu\/site\/wp-content\/uploads\/GniPG_install4.jpg 503w, https:\/\/www.itkommando.hu\/site\/wp-content\/uploads\/GniPG_install4-300x230.jpg 300w\" sizes=\"auto, (max-width: 503px) 100vw, 503px\" \/><\/a><figcaption id=\"caption-attachment-2118\" class=\"wp-caption-text\">A <em>Next<\/em> gombbal tov\u00e1bb<\/figcaption><\/figure>\n<p>&nbsp;<\/p>\n<figure id=\"attachment_2123\" aria-describedby=\"caption-attachment-2123\" style=\"width: 503px\" class=\"wp-caption alignnone\"><a href=\"http:\/\/www.itkommando.hu\/site\/wp-content\/uploads\/GniPG_install9.jpg\"><img loading=\"lazy\" decoding=\"async\" class=\"size-full wp-image-2123  \" title=\"A GnuPG telep\u00edt\u0151j\u00e9nek nyit\u00f3k\u00e9perny\u0151je\" alt=\"A GnuPG telep\u00edt\u0151j\u00e9nek nyit\u00f3k\u00e9perny\u0151je\" src=\"http:\/\/www.itkommando.hu\/site\/wp-content\/uploads\/GniPG_install9.jpg\" width=\"503\" height=\"386\" srcset=\"https:\/\/www.itkommando.hu\/site\/wp-content\/uploads\/GniPG_install9.jpg 503w, https:\/\/www.itkommando.hu\/site\/wp-content\/uploads\/GniPG_install9-300x230.jpg 300w\" sizes=\"auto, (max-width: 503px) 100vw, 503px\" \/><\/a><figcaption id=\"caption-attachment-2123\" class=\"wp-caption-text\">Kattints a finish gombra, ezzel a telep\u00edt\u00e9s befejez\u0151d\u00f6tt<\/figcaption><\/figure>\n<p>&nbsp;<\/p>\n<figure id=\"attachment_2127\" aria-describedby=\"caption-attachment-2127\" style=\"width: 851px\" class=\"wp-caption alignleft\"><a href=\"http:\/\/www.itkommando.hu\/site\/wp-content\/uploads\/GniPG_setup1.jpg\"><img loading=\"lazy\" decoding=\"async\" class=\"size-full wp-image-2127 \" title=\"A GnuPG key manager\" alt=\"A GnuPG kulcskezel\u0151je\" src=\"http:\/\/www.itkommando.hu\/site\/wp-content\/uploads\/GniPG_setup1.jpg\" width=\"851\" height=\"760\" srcset=\"https:\/\/www.itkommando.hu\/site\/wp-content\/uploads\/GniPG_setup1.jpg 851w, https:\/\/www.itkommando.hu\/site\/wp-content\/uploads\/GniPG_setup1-300x267.jpg 300w\" sizes=\"auto, (max-width: 851px) 100vw, 851px\" \/><\/a><figcaption id=\"caption-attachment-2127\" class=\"wp-caption-text\">Ind\u00edtsuk el a GPA nev\u0171 kulcskezel\u0151 programot<\/figcaption><\/figure>\n<p>&nbsp;<\/p>\n<figure id=\"attachment_2128\" aria-describedby=\"caption-attachment-2128\" style=\"width: 687px\" class=\"wp-caption alignleft\"><a href=\"http:\/\/www.itkommando.hu\/site\/wp-content\/uploads\/GniPG_setup2.jpg\"><img loading=\"lazy\" decoding=\"async\" class=\"size-full wp-image-2128 \" title=\"A GnuPG nem rendelkezik kulccsal\" alt=\"A GnuPG nem rendelkezik titkos \u00e9s nyilv\u00e1nos kulccsal\" src=\"http:\/\/www.itkommando.hu\/site\/wp-content\/uploads\/GniPG_setup2.jpg\" width=\"687\" height=\"626\" srcset=\"https:\/\/www.itkommando.hu\/site\/wp-content\/uploads\/GniPG_setup2.jpg 687w, https:\/\/www.itkommando.hu\/site\/wp-content\/uploads\/GniPG_setup2-300x273.jpg 300w\" sizes=\"auto, (max-width: 687px) 100vw, 687px\" \/><\/a><figcaption id=\"caption-attachment-2128\" class=\"wp-caption-text\">A GnuPg felh\u00edvja a figyelmet, hogy nem rendelkez\u00fcnk a rendszer haszn\u00e1lat\u00e1hoz sz\u00fcks\u00e9ges kulcsokkal. a<em> Generate key now<\/em> lehet\u0151s\u00e9get v\u00e1lasztjuk<\/figcaption><\/figure>\n<p>&nbsp;<\/p>\n<figure id=\"attachment_2129\" aria-describedby=\"caption-attachment-2129\" style=\"width: 462px\" class=\"wp-caption alignleft\"><a href=\"http:\/\/www.itkommando.hu\/site\/wp-content\/uploads\/GniPG_setup3.jpg\"><img loading=\"lazy\" decoding=\"async\" class=\"size-full wp-image-2129\" title=\"A GnuPG key manager megk\u00e9rdezi  nevet\" alt=\"A GnuPG kulcskezel\u0151 mwgk\u00e9rdezi  nevet\" src=\"http:\/\/www.itkommando.hu\/site\/wp-content\/uploads\/GniPG_setup3.jpg\" width=\"462\" height=\"364\" srcset=\"https:\/\/www.itkommando.hu\/site\/wp-content\/uploads\/GniPG_setup3.jpg 462w, https:\/\/www.itkommando.hu\/site\/wp-content\/uploads\/GniPG_setup3-300x236.jpg 300w\" sizes=\"auto, (max-width: 462px) 100vw, 462px\" \/><\/a><figcaption id=\"caption-attachment-2129\" class=\"wp-caption-text\">\u00cdrd be a megjelen\u00edtend\u0151 (polg\u00e1ri) nevet<\/figcaption><\/figure>\n<p>&nbsp;<\/p>\n<figure style=\"width: 461px\" class=\"wp-caption alignleft\"><a href=\"http:\/\/www.itkommando.hu\/site\/wp-content\/uploads\/GniPG_setup4.jpg\"><img loading=\"lazy\" decoding=\"async\" title=\"A GnuPG key manager megk\u00e9rdezi  az e-mail c\u00edmet \" alt=\"A kulcskezel\u0151 az e-mailc\u00edmet k\u00e9rdezi\" src=\"http:\/\/www.itkommando.hu\/site\/wp-content\/uploads\/GniPG_setup4.jpg\" width=\"461\" height=\"364\"><\/a><figcaption class=\"wp-caption-text\">Adjuk meg azt az e-mail c\u00edmet, amelyhez a fi\u00f3kot l\u00e9trehoztuk<\/figcaption><\/figure>\n<p>&nbsp;<\/p>\n<figure id=\"attachment_2131\" aria-describedby=\"caption-attachment-2131\" style=\"width: 461px\" class=\"wp-caption alignleft\"><a href=\"http:\/\/www.itkommando.hu\/site\/wp-content\/uploads\/GniPG_setup5.jpg\"><img loading=\"lazy\" decoding=\"async\" class=\"size-full wp-image-2131\" title=\"A GnuPG key manager felaj\u00e1nlja a kulcsok ment\u00e9s\u00e9t\" alt=\"A GnuPG kulcskezel\u0151 felaj\u00e1nlja a kulcsok ment\u00e9s\u00e9t\" src=\"http:\/\/www.itkommando.hu\/site\/wp-content\/uploads\/GniPG_setup5.jpg\" width=\"461\" height=\"364\" srcset=\"https:\/\/www.itkommando.hu\/site\/wp-content\/uploads\/GniPG_setup5.jpg 461w, https:\/\/www.itkommando.hu\/site\/wp-content\/uploads\/GniPG_setup5-300x236.jpg 300w\" sizes=\"auto, (max-width: 461px) 100vw, 461px\" \/><\/a><figcaption id=\"caption-attachment-2131\" class=\"wp-caption-text\">V\u00e9gezz\u00fck el a kulcsok biztons\u00e1gi ment\u00e9s\u00e9t (az adathordoz\u00f3t ezut\u00e1n gondosan \u0151rizz\u00fck)<\/figcaption><\/figure>\n<p>&nbsp;<\/p>\n<figure id=\"attachment_2132\" aria-describedby=\"caption-attachment-2132\" style=\"width: 255px\" class=\"wp-caption alignnone\"><a href=\"http:\/\/www.itkommando.hu\/site\/wp-content\/uploads\/GniPG_setup6.jpg\"><img loading=\"lazy\" decoding=\"async\" class=\"size-full wp-image-2132\" title=\"\u00cdrjunk be egy jelsz\u00f3t a kulcsok v\u00e9delm\u00e9re\" alt=\"A PGP kulcsok v\u00e9delm\u00e9re \u00edrjunk be egy jelsz\u00f3t\" src=\"http:\/\/www.itkommando.hu\/site\/wp-content\/uploads\/GniPG_setup6.jpg\" width=\"255\" height=\"184\"><\/a><figcaption id=\"caption-attachment-2132\" class=\"wp-caption-text\">\u00cdrjunk be egy j\u00f3 jelsz\u00f3t (legal\u00e1bb 8 le\u00fct\u00e9s kisbet\u0171, nagybet\u0171, sz\u00e1m vagy \u00edr\u00e1sjel)<\/figcaption><\/figure>\n<p>&nbsp;<br>\n<figure id=\"attachment_2133\" aria-describedby=\"caption-attachment-2133\" style=\"width: 255px\" class=\"wp-caption alignleft\"><a href=\"http:\/\/www.itkommando.hu\/site\/wp-content\/uploads\/GniPG_setup7.jpg\"><img loading=\"lazy\" decoding=\"async\" class=\"size-full wp-image-2133\" title=\"A PGP kulcsokhoz val\u00f3 jelsz\u00f3 meger\u0151s\u00edt\u00e9se\" alt=\"A jelsz\u00f3 meger\u0151s\u00edt\u00e9se\" src=\"http:\/\/www.itkommando.hu\/site\/wp-content\/uploads\/GniPG_setup7.jpg\" width=\"255\" height=\"137\"><\/a><figcaption id=\"caption-attachment-2133\" class=\"wp-caption-text\">\u00cdrjuk be ism\u00e9t az el\u0151z\u0151 jelsz\u00f3t<\/figcaption><\/figure><\/p>\n<p>&nbsp;<\/p>\n<p>&nbsp;<\/p>\n<figure id=\"attachment_2134\" aria-describedby=\"caption-attachment-2134\" style=\"width: 608px\" class=\"wp-caption alignleft\"><a href=\"http:\/\/www.itkommando.hu\/site\/wp-content\/uploads\/GniPG_setup8.jpg\"><img loading=\"lazy\" decoding=\"async\" class=\"size-full wp-image-2134\" title=\"Biztons\u00e1gi ment\u00e9s a kulcsokr\u00f3l\" alt=\"K\u00e9sz\u00edts\u00fcnk biztons\u00e1gi ment\u00e9st a kulcsp\u00e1rr\u00f3l\" src=\"http:\/\/www.itkommando.hu\/site\/wp-content\/uploads\/GniPG_setup8.jpg\" width=\"608\" height=\"502\" srcset=\"https:\/\/www.itkommando.hu\/site\/wp-content\/uploads\/GniPG_setup8.jpg 608w, https:\/\/www.itkommando.hu\/site\/wp-content\/uploads\/GniPG_setup8-300x247.jpg 300w\" sizes=\"auto, (max-width: 608px) 100vw, 608px\" \/><\/a><figcaption id=\"caption-attachment-2134\" class=\"wp-caption-text\">A kulcsp\u00e1rr\u00f3l k\u00e9sz\u00edts\u00fcnk biztons\u00e1gi ment\u00e9st, lehet\u0151leg k\u00fcls\u0151 adathrdoz\u00f3ra<\/figcaption><\/figure>\n<p>&nbsp;<\/p>\n<p>&nbsp;<\/p>\n<p>&nbsp;<\/p>\n<p>&nbsp;<\/p>\n<figure id=\"attachment_2135\" aria-describedby=\"caption-attachment-2135\" style=\"width: 435px\" class=\"wp-caption alignleft\"><a href=\"http:\/\/www.itkommando.hu\/site\/wp-content\/uploads\/GniPG_setup9.jpg\"><img loading=\"lazy\" decoding=\"async\" class=\"size-full wp-image-2135\" title=\"A kulcsp\u00e1r hely\u00e9nek visszaigazol\u00e1sa\" alt=\"A PGP kulcsp\u00e1r hely\u00e9nek visszaigazol\u00e1sa\" src=\"http:\/\/www.itkommando.hu\/site\/wp-content\/uploads\/GniPG_setup9.jpg\" width=\"435\" height=\"166\" srcset=\"https:\/\/www.itkommando.hu\/site\/wp-content\/uploads\/GniPG_setup9.jpg 435w, https:\/\/www.itkommando.hu\/site\/wp-content\/uploads\/GniPG_setup9-300x114.jpg 300w\" sizes=\"auto, (max-width: 435px) 100vw, 435px\" \/><\/a><figcaption id=\"caption-attachment-2135\" class=\"wp-caption-text\">A PGP kulcsp\u00e1r hely\u00e9nek visszaigazol\u00e1sa<\/figcaption><\/figure>\n<p>&nbsp;<\/p>\n<p>&nbsp;<\/p>\n<p>Ezzel a telep\u00edt\u00e9s \u00e9s a kulcsok gener\u00e1l\u00e1sa k\u00e9szen van. A k\u00f6vetkez\u0151 cikk a haszn\u00e1lattal foglalkozik<\/p>\n<p>&nbsp;<\/p>\n\n\n<p><\/p>\n","protected":false},"excerpt":{"rendered":"<p>A bevezet\u0151ben m\u00e1r \u00f6sszefoglaltuk a teend\u0151ket, illetve az 1. r\u00e9szben m\u00e1r feltelep\u00edtett\u00fck a levelez\u0151programot \u00e9s be\u00e1ll\u00edtottunk egy postafi\u00f3kot. Most a titkos\u00edt\u00f3 programot \u00e9s k\u00f6rny\u00e9k\u00e9t telep\u00edtj\u00fck fel. T\u00f6lts\u00fck le a&nbsp;GnuPG&nbsp;aktu\u00e1lis verzi\u00f3j\u00e1t&hellip;<a href=\"https:\/\/www.itkommando.hu\/site\/a_halozat_szolgalataban\/tanulmanyok\/2166-2\/\" class=\"more-link\"><span class=\"more-button\">Tov\u00e1bb a r\u00e9szletekre<span class=\"screen-reader-text\">Hogyan tegy\u00fck e-mailjeinket hiteless\u00e9 \u00e9s bizalmass\u00e1? 2. r\u00e9sz<\/span><\/span><\/a><\/p>\n","protected":false},"author":1,"featured_media":0,"parent":397,"menu_order":0,"comment_status":"closed","ping_status":"closed","template":"","meta":{"footnotes":""},"categories":[],"tags":[],"class_list":["post-2166","page","type-page","status-publish","hentry"],"aioseo_notices":[],"_links":{"self":[{"href":"https:\/\/www.itkommando.hu\/site\/wp-json\/wp\/v2\/pages\/2166","targetHints":{"allow":["GET"]}}],"collection":[{"href":"https:\/\/www.itkommando.hu\/site\/wp-json\/wp\/v2\/pages"}],"about":[{"href":"https:\/\/www.itkommando.hu\/site\/wp-json\/wp\/v2\/types\/page"}],"author":[{"embeddable":true,"href":"https:\/\/www.itkommando.hu\/site\/wp-json\/wp\/v2\/users\/1"}],"replies":[{"embeddable":true,"href":"https:\/\/www.itkommando.hu\/site\/wp-json\/wp\/v2\/comments?post=2166"}],"version-history":[{"count":10,"href":"https:\/\/www.itkommando.hu\/site\/wp-json\/wp\/v2\/pages\/2166\/revisions"}],"predecessor-version":[{"id":5457,"href":"https:\/\/www.itkommando.hu\/site\/wp-json\/wp\/v2\/pages\/2166\/revisions\/5457"}],"up":[{"embeddable":true,"href":"https:\/\/www.itkommando.hu\/site\/wp-json\/wp\/v2\/pages\/397"}],"wp:attachment":[{"href":"https:\/\/www.itkommando.hu\/site\/wp-json\/wp\/v2\/media?parent=2166"}],"wp:term":[{"taxonomy":"category","embeddable":true,"href":"https:\/\/www.itkommando.hu\/site\/wp-json\/wp\/v2\/categories?post=2166"},{"taxonomy":"post_tag","embeddable":true,"href":"https:\/\/www.itkommando.hu\/site\/wp-json\/wp\/v2\/tags?post=2166"}],"curies":[{"name":"wp","href":"https:\/\/api.w.org\/{rel}","templated":true}]}}