{"id":2202,"date":"2014-02-18T14:45:58","date_gmt":"2014-02-18T13:45:58","guid":{"rendered":"http:\/\/www.itkommando.hu\/site\/?page_id=2202"},"modified":"2021-07-09T09:14:03","modified_gmt":"2021-07-09T08:14:03","slug":"a-fekete-telefon","status":"publish","type":"page","link":"https:\/\/www.itkommando.hu\/site\/a_halozat_szolgalataban\/tanulmanyok\/a-fekete-telefon\/","title":{"rendered":"A fekete telefon"},"content":{"rendered":"<p><strong>Figyelem:<\/strong> A cikk r\u00e9gebbi. A Fekete telefon v\u00e9g\u00fcl nem ker\u00fclt gy\u00e1rt\u00e1sba. A cikket m\u00e9gsem t\u00f6r\u00f6lj\u00fck, mert rem\u00e9lj\u00fck, hogy tartalmaz hasznos inform\u00e1ci\u00f3kat.<\/p>\n<p>A black phone egy bizalmas kommunik\u00e1ci\u00f3ra kifejlesztett, a (meg nem val\u00f3sult) tervek szerint a k\u00f6zelj\u00f6v\u0151ben forgalomba ker\u00fcl\u0151 k\u00e9sz\u00fcl\u00e9k.<\/p>\n<figure style=\"width: 192px\" class=\"wp-caption alignright\"><a href=\"http:\/\/commons.wikimedia.org\/wiki\/File:Two_Cell_Phones.png?uselang=hu\"><img loading=\"lazy\" decoding=\"async\" title=\"Blachkphones, fekete telefonok\" src=\"http:\/\/upload.wikimedia.org\/wikipedia\/commons\/thumb\/9\/93\/Two_Cell_Phones.png\/192px-Two_Cell_Phones.png?uselang=hu\" alt=\"Blackphone\" width=\"192\" height=\"240\" \/><\/a><figcaption class=\"wp-caption-text\">Fekete telefonok<\/figcaption><\/figure>\n<p>A Silent Circle \u00e9s a Geeksphone bejelentette, hogy l\u00e9trehozott egy sv\u00e1jci k\u00f6z\u00f6s v\u00e1llalatot, amelyet els\u0151sorban a bizalmass\u00e1got tartja szem el\u0151tt.<\/p>\n<p>Am\u00edg a k\u00e9sz\u00fcl\u00e9ket nem forgalmazz\u00e1k, n\u00e9zz\u00fck meg milyen eszk\u00f6z\u00f6k \u00e1llanak rendelkez\u00e9s\u00fcnkre a bizalmas telefon\u00e1l\u00e1shoz. (Friss\u00edt\u00e9s 2020-ban nem k\u00e9sz\u00fcl\u00e9ket, hanem androidos \u00e9s alm\u00e1s k\u00e9sz\u00fcl\u00e9kekre sz\u00e1nt programcsomagokat k\u00edn\u00e1l.)<\/p>\n<p>Amit mobiltelefon eset\u00e9n biztos, hogy nem tudunk elrejteni:<\/p>\n<ul>\n<li>a k\u00e9sz\u00fcl\u00e9k f\u00f6ldrajzi poz\u00edci\u00f3j\u00e1t<\/li>\n<li>a kommunik\u00e1ci\u00f3 t\u00e9ny\u00e9t<\/li>\n<\/ul>\n<p>A <a href=\"https:\/\/play.google.com\/store\/apps\/details?id=hk.callprotector.callprotector_android\">call protector<\/a> titkos\u00edtott besz\u00e9lget\u00e9seket tesz lehet\u0151v\u00e9 a h\u00edv\u00f3 \u00e9s a h\u00edvott f\u00e9l k\u00f6z\u00f6tt, az internet adatforgalom terh\u00e9re,\u00a0 a besz\u00e9lget\u00e9s t\u00e9nye nem marad titokban, annak tartalm\u00e1t azonban elrejti az avatatlan szemek el\u00f6l.<\/p>\n<p>A program nagy el\u0151nye, hogy a haszn\u00e1lata a lehet\u0151 legjobban megegyezik a hagyom\u00e1nyos telefonh\u00edv\u00e1ssal, a felhaszn\u00e1l\u00f3kat a telefonsz\u00e1muk szerint tartja nyilv\u00e1n, \u00e9s haszn\u00e1lhat\u00f3 a telefon c\u00edmjegyz\u00e9ke.<\/p>\n<p>A <a href=\"https:\/\/play.google.com\/store\/apps\/details?id=apps.krs.securetextstore\">Secure Text Store<\/a> alkalmaz\u00e1s az SMS \u00e9s MMS \u00fczenetek tartalm\u00e1t titkos\u00edtja, a haszn\u00e1lata egyszer\u0171 \u00e9s csak ott t\u00e9r el az egyszer\u0171 SMS \u00e9s MMS k\u00fcld\u00e9st\u0151l, ahol a plusz szolg\u00e1ltat\u00e1sok miatt musz\u00e1j. Az \u00fczeneteket lok\u00e1lisan is titkos\u00edtva t\u00e1rolja,\u00a0 ez\u00e9rt az elveszett, ellopott telefonon t\u00e1rolt \u00fczenetek is biztons\u00e1gban vannak.<\/p>\n<p>A fenti eszk\u00f6z\u00f6kkel egy tetsz\u0151leges okostelefon seg\u00edts\u00e9g\u00e9vel viszonylag bizalmas kommunik\u00e1ci\u00f3t folytathatunk. Ha az itt felsorolt eszk\u00f6z\u00f6ket p\u00e9ld\u00e1ul a <a title=\"A TOR rendszer r\u00f6vid ismertet\u00e9se\" href=\"https:\/\/www.itkommando.hu\/site\/a_halozat_szolgalataban\/tanulmanyok\/a-tor-hasznalata\/\">TOR<\/a> vagy <a title=\"Az OpenVpn\" href=\"https:\/\/www.itkommando.hu\/site\/leirasok\/egy-router-tobb-vpn-el\/az-openvpn\/\">VPN<\/a> rendszerekkel egy\u00fctt haszn\u00e1ljuk, a rendszer biztons\u00e1gi foka emelhet\u0151, mivel ezek a szolg\u00e1ltat\u00e1sok a hagyom\u00e1nyos eszk\u00f6z\u00f6k sz\u00e1m\u00e1ra megnehez\u00edtik az adatforgalom elemz\u00e9s\u00e9t.<\/p>\n<p>\u00a0<\/p>\n<h3>Hasonl\u00f3 cikkek<\/h3>\n<ul>\n<li><a title=\"Gondolatok az internetes l\u00e1bnyomr\u00f3l\" href=\"http:\/\/www.itkommando.hu\/site\/a_halozat_szolgalataban\/tanulmanyok\/gondolatok-az-internetes-labnyomrol\/\">Gondolatok az internetes l\u00e1bnyomr\u00f3l<\/a><\/li>\n<li><a title=\"Hogyan lehet az interneten diszkr\u00e9ten tev\u00e9kenykedni\" href=\"http:\/\/www.itkommando.hu\/site\/category\/tor\/\">A TOR rendszer ismertet\u00e9se<\/a><\/li>\n<li><a href=\"http:\/\/www.itkommando.hu\/site\/a_halozat_szolgalataban\/tanulmanyok\/a-titkositasi-eljarasokrol\/\">A titkos\u00edt\u00e1si elj\u00e1r\u00e1sokr\u00f3l<\/a><\/li>\n<li><a href=\"http:\/\/www.itkommando.hu\/site\/a_halozat_szolgalataban\/tanulmanyok\/gondolatok-az-internetes-labnyomrol-2\/\">Gondolatok az internetes l\u00e1bnyomr\u00f3l 2.<\/a><\/li>\n<li><a href=\"https:\/\/www.broadbandsearch.net\/blog\/best-video-calling-solutions\">Video konferencia programok (angolul)<\/a><\/li>\n<\/ul>\n\n\n<p><\/p>\n","protected":false},"excerpt":{"rendered":"<p>Figyelem: A cikk r\u00e9gebbi. A Fekete telefon v\u00e9g\u00fcl nem ker\u00fclt gy\u00e1rt\u00e1sba. A cikket m\u00e9gsem t\u00f6r\u00f6lj\u00fck, mert rem\u00e9lj\u00fck, hogy tartalmaz hasznos inform\u00e1ci\u00f3kat. A black phone egy bizalmas kommunik\u00e1ci\u00f3ra kifejlesztett, a (meg&hellip;<a href=\"https:\/\/www.itkommando.hu\/site\/a_halozat_szolgalataban\/tanulmanyok\/a-fekete-telefon\/\" class=\"more-link\"><span class=\"more-button\">Tov\u00e1bb a r\u00e9szletekre<span class=\"screen-reader-text\">A fekete telefon<\/span><\/span><\/a><\/p>\n","protected":false},"author":1,"featured_media":0,"parent":397,"menu_order":0,"comment_status":"closed","ping_status":"closed","template":"","meta":{"footnotes":""},"categories":[14,12,70,63,13,16],"tags":[],"class_list":["post-2202","page","type-page","status-publish","hentry","category-biztonsag","category-hardver","category-internet","category-mobil-eszkozok","category-szoftver","category-tanacsok"],"aioseo_notices":[],"_links":{"self":[{"href":"https:\/\/www.itkommando.hu\/site\/wp-json\/wp\/v2\/pages\/2202","targetHints":{"allow":["GET"]}}],"collection":[{"href":"https:\/\/www.itkommando.hu\/site\/wp-json\/wp\/v2\/pages"}],"about":[{"href":"https:\/\/www.itkommando.hu\/site\/wp-json\/wp\/v2\/types\/page"}],"author":[{"embeddable":true,"href":"https:\/\/www.itkommando.hu\/site\/wp-json\/wp\/v2\/users\/1"}],"replies":[{"embeddable":true,"href":"https:\/\/www.itkommando.hu\/site\/wp-json\/wp\/v2\/comments?post=2202"}],"version-history":[{"count":6,"href":"https:\/\/www.itkommando.hu\/site\/wp-json\/wp\/v2\/pages\/2202\/revisions"}],"predecessor-version":[{"id":5009,"href":"https:\/\/www.itkommando.hu\/site\/wp-json\/wp\/v2\/pages\/2202\/revisions\/5009"}],"up":[{"embeddable":true,"href":"https:\/\/www.itkommando.hu\/site\/wp-json\/wp\/v2\/pages\/397"}],"wp:attachment":[{"href":"https:\/\/www.itkommando.hu\/site\/wp-json\/wp\/v2\/media?parent=2202"}],"wp:term":[{"taxonomy":"category","embeddable":true,"href":"https:\/\/www.itkommando.hu\/site\/wp-json\/wp\/v2\/categories?post=2202"},{"taxonomy":"post_tag","embeddable":true,"href":"https:\/\/www.itkommando.hu\/site\/wp-json\/wp\/v2\/tags?post=2202"}],"curies":[{"name":"wp","href":"https:\/\/api.w.org\/{rel}","templated":true}]}}