{"id":2208,"date":"2014-02-19T10:14:37","date_gmt":"2014-02-19T09:14:37","guid":{"rendered":"http:\/\/www.itkommando.hu\/site\/?page_id=2208"},"modified":"2021-07-09T07:14:42","modified_gmt":"2021-07-09T06:14:42","slug":"a-bitcoint-betiltottak-oroszorszagban","status":"publish","type":"page","link":"https:\/\/www.itkommando.hu\/site\/a-bitcoint-betiltottak-oroszorszagban\/","title":{"rendered":"A Bitcoint betiltott\u00e1k Oroszorsz\u00e1gban"},"content":{"rendered":"<figure style=\"width: 306px\" class=\"wp-caption alignright\"><a href=\"http:\/\/en.wikipedia.org\/wiki\/File:Bitcoin_logo.svg\"><img loading=\"lazy\" decoding=\"async\" src=\"http:\/\/upload.wikimedia.org\/wikipedia\/commons\/c\/c5\/Bitcoin_logo.svg\" alt=\"Bitcoin a biztons\u00e1gos fizet\u00e9s\" width=\"306\" height=\"64\" \/><\/a><figcaption class=\"wp-caption-text\">A k\u00e9p forr\u00e1sa: Wikip\u00e9dia<\/figcaption><\/figure>\n<p>A BitCoin egy interneten informatikai eszk\u00f6z\u00f6kkel megval\u00f3s\u00edtott fizet\u00e9si rendszer. M\u00edg Magyarorsz\u00e1gon terjed az elfogad\u00e1sa, Nagy Britani\u00e1ban bitCoin alap\u00fa ATM-eket terveznek \u00fczembe helyezni <sup><a href=\"#footnote_1_2208\" id=\"identifier_1_2208\" class=\"footnote-link footnote-identifier-link\" title=\"&nbsp;Nagy Britanni&aacute;ban BitCoin ATM &uuml;zembe helyez&eacute;s&eacute;t tervezik\">1<\/a><\/sup>,\u00a0 Budapesten m\u00e1r <a title=\"BitCoin automat\u00e1t helyeztek \u00fczembe Budapesten\" href=\"http:\/\/www.itkommando.hu\/site\/a_halozat_szolgalataban\/tanulmanyok\/bitcoin-automatat-helyeztek-uzembe-budapesten\/\">\u00fczembe is helyezt\u00e9k<\/a> az els\u0151t,\u00a0 Oroszorsz\u00e1gban a haszn\u00e1lat\u00e1t betiltott\u00e1k <sup><a href=\"#footnote_2_2208\" id=\"identifier_2_2208\" class=\"footnote-link footnote-identifier-link\" title=\"Oroszorsz&aacute;gban betiltott&aacute;k a BitCoint&nbsp;\">2<\/a><\/sup> .<\/p>\n<p>A BitCoin gazdas\u00e1gi hat\u00e1sait nem szeretn\u00e9m elemezni, kiz\u00e1r\u00f3lag a (t\u00e1gan \u00e9rtelmezett) technikai k\u00e9rd\u00e9sekkel szeretn\u00e9k foglalkozni, illetve a \u201ehagyom\u00e1nyos&#8221; p\u00e9nzrendszerrel \u00f6sszehasonl\u00edtani.<\/p>\n<h3>A BitCoin tulajdons\u00e1gai<\/h3>\n<figure id=\"attachment_2245\" aria-describedby=\"caption-attachment-2245\" style=\"width: 150px\" class=\"wp-caption alignright\"><a href=\"http:\/\/www.itkommando.hu\/site\/wp-content\/uploads\/bitcoin-logo-3d.jpg\"><img loading=\"lazy\" decoding=\"async\" class=\"size-thumbnail wp-image-2245\" src=\"http:\/\/www.itkommando.hu\/site\/wp-content\/uploads\/bitcoin-logo-3d-150x150.jpg\" alt=\"Bitcoin\" width=\"150\" height=\"150\" srcset=\"https:\/\/www.itkommando.hu\/site\/wp-content\/uploads\/bitcoin-logo-3d-150x150.jpg 150w, https:\/\/www.itkommando.hu\/site\/wp-content\/uploads\/bitcoin-logo-3d-300x300.jpg 300w, https:\/\/www.itkommando.hu\/site\/wp-content\/uploads\/bitcoin-logo-3d-1024x1024.jpg 1024w, https:\/\/www.itkommando.hu\/site\/wp-content\/uploads\/bitcoin-logo-3d.jpg 1232w\" sizes=\"auto, (max-width: 150px) 100vw, 150px\" \/><\/a><figcaption id=\"caption-attachment-2245\" class=\"wp-caption-text\">Bitcoin \u00e9rme<\/figcaption><\/figure>\n<p>A BitCoin az Interneten korszer\u0171 kriptogr\u00e1fiai m\u00f3dszerek haszn\u00e1lat\u00e1val l\u00e9trehozott fizet\u00e9si rendszer, amely t\u00f6bb l\u00e9nyeges ponton elt\u00e9r a bankrendszer \u00e1ltal \u00fczemeltetett fizet\u00e9si rendszerekt\u0151l.<\/p>\n<p>A BitCoin m\u00f6g\u00f6tt nem \u00e1ll olyan &#8211; a jegybankhoz hasonl\u00f3 &#8211; szervezet, amelynek feladata az \u00e1rfolyam-stabilit\u00e1s biztos\u00edt\u00e1sa. A jegybank jelenl\u00e9te sem felt\u00e9tlen\u00fcl garancia a stabil \u00e1rfolyamra &#8211; elegend\u0151 a peng\u01511946-os infl\u00e1ci\u00f3j\u00e1ra gondolni -, az\u00e9rt a legt\u00f6bb esetben sikeresen biztos\u00edtja a nemzeti valuta stabilit\u00e1s\u00e1t<\/p>\n<p>A manaps\u00e1g elterjedt p\u00e9nz jellemz\u0151i<\/p>\n<ul>\n<li>Bels\u0151\u00e9rt\u00e9k n\u00e9lk\u00fcli p\u00e9nz<\/li>\n<li>Foly\u00f3sz\u00e1mlap\u00e9nz<\/li>\n<li>Elektronikusan nyilv\u00e1ntartott p\u00e9nz<\/li>\n<li>Elfogad\u00e1si k\u00f6telezetts\u00e9ggel terhelt p\u00e9nz<\/li>\n<\/ul>\n<p>Az, hogy bels\u0151 \u00e9rt\u00e9k n\u00e9lk\u00fcli, azt jelenti, hogy p\u00e9ld\u00e1ul az aranyp\u00e9nzzel szemben a korszer\u0171 p\u00e9nzek nem rendelkeznek saj\u00e1t \u00e9rt\u00e9kkel, a v\u00e1s\u00e1rl\u00f3\u00e9rt\u00e9k\u00fcket t\u00e1rsadalmi k\u00f6zmegegyez\u00e9s hat\u00e1rozza meg, \u00edgy \u00e1rfolyamuk sz\u00e9les hat\u00e1rok k\u00f6z\u00f6tt v\u00e1ltozhat.<\/p>\n<p>A foly\u00f3sz\u00e1mlap\u00e9nz azt jelenti, hogy a forgalomban lev\u0151 p\u00e9nz nagy r\u00e9sz\u00e9nek nincs fizikai megfelel\u0151je, hanem csak foly\u00f3sz\u00e1ml\u00e1kon l\u00e9tezik, a forgalma pedig tranzakci\u00f3kkal t\u00f6rt\u00e9nik.<\/p>\n<p>Az, hogy a p\u00e9nz elektronikusan nyilv\u00e1ntartott, annyit jelent, hogy a foly\u00f3sz\u00e1ml\u00e1k \u00e9s tranzakci\u00f3k nyilv\u00e1ntart\u00e1sa elektronikusan, korszer\u0171 kriptogr\u00e1fiai \u00e9s egy\u00e9b titokv\u00e9delmi int\u00e9zked\u00e9sek mellett sz\u00e1m\u00edt\u00f3g\u00e9peken t\u00f6rt\u00e9nik.<\/p>\n<p>A nemzeti valut\u00e1t minden orsz\u00e1gban k\u00f6telez\u0151 elfogadni fizet\u0151eszk\u00f6zk\u00e9nt (ez nem jelenti azt, hogy m\u00e1s p\u00e9nznem esetleg ne lehetne elfogadhat\u00f3). Magyarorsz\u00e1gon p\u00e9ld\u00e1ul a forint mellett sz\u00e9les k\u00f6rben elfogadott az euro is<\/p>\n<h3>Amiben ett\u0151l a BitCoin elt\u00e9r<\/h3>\n<p>Nem \u00e1ll m\u00f6g\u00f6tte semmilyen bank (legal\u00e1bbis a mostani inform\u00e1ci\u00f3k szerint).<\/p>\n<p>Nem terheli elfogad\u00e1si k\u00f6telezetts\u00e9g.<\/p>\n<p>A m\u00f6g\u00f6ttes jegybank hi\u00e1nya miatt az \u00e1rfolyama sz\u00e9ls\u0151s\u00e9ges hat\u00e1rok k\u00f6z\u00f6tt v\u00e1ltozik, b\u00e1r az eddig tapasztalt v\u00e1ltoz\u00e1s sebess\u00e9ge \u00e9s m\u00e9rt\u00e9ke meg sem k\u00f6zel\u00edti a peng\u0151 1946-es infl\u00e1ci\u00f3j\u00e1t.<\/p>\n<p>Filoz\u00f3fiai elt\u00e9r\u00e9s, hogy a BitCoin sz\u00e1ml\u00e1k k\u00f6z\u00f6tti tranzakci\u00f3k nyilv\u00e1nosan zajlanak, azonban a sz\u00e1ml\u00e1k tulajdonosai nincsenek nyilv\u00e1ntartva. A banki sz\u00e1ml\u00e1k tulajdonosai ismertek, azonban a tranzakci\u00f3k a banktitok k\u00f6r\u00e9be esnek.<\/p>\n<p>Mivel sem a BitCoin sem a modern p\u00e9nz nem rendelkezik bel\u0151 \u00e9rt\u00e9kkel, v\u00e1s\u00e1rl\u00f3erej\u00e9t kiz\u00e1r\u00f3lag a t\u00e1rsadalmi k\u00f6zmegegyez\u00e9s hat\u00e1rozza meg.<\/p>\n<p>A fentiek alapj\u00e1n az, hogy a jogi szab\u00e1lyoz\u00e1st\u00f3l szinte f\u00fcggetlen\u00fcl a BitCoin (vagy valamelyik alternat\u00edv\u00e1ja) a k\u00f6zeli j\u00f6v\u0151ben elterjed-e \u00e1ltal\u00e1nos fizet\u0151eszk\u00f6zk\u00e9nt kiz\u00e1r\u00f3lag att\u00f3l f\u00fcgg, hogy a k\u00f6z\u00f6ss\u00e9g elfogadja-e fizet\u0151eszk\u00f6zk\u00e9nt. Mivel a sz\u00e1mlatulajdonosok szem\u00e9lye nem ismert, a jogi tilt\u00e1s a gyakorlatban nehezen kik\u00e9nyszer\u00edthet\u0151.<\/p>\n<p>A BitCoin ellen gyakran azt hozz\u00e1k fel, hogy a haszn\u00e1lt kriptogr\u00e1fiai megold\u00e1sai egy \u00e1tt\u00f6r\u00e9s hat\u00e1s\u00e1ra (a kvantumsz\u00e1m\u00edt\u00f3g\u00e9pek megjelen\u00e9se) elavultt\u00e1 v\u00e1lhatnak. Ez azonban igaz a banki sz\u00e1ml\u00e1kra is, \u00e9s az elj\u00e1r\u00e1sok idej\u00e9ben val\u00f3 lecser\u00e9l\u00e9s\u00e9re mindk\u00e9t esetben sz\u00fcks\u00e9ges \u00e9s\u00a0 lehets\u00e9ges.<\/p>\n<p>A BitCoint gyakran hozz\u00e1k \u00f6sszef\u00fcgg\u00e9sbe ad\u00f3elker\u00fcl\u00e9ssel, egy\u00e9b b\u0171ncselekm\u00e9nyekkel, azonban be kell l\u00e1tni, hogy ezek finansz\u00edroz\u00e1s\u00e1ra a BitCoin megjelen\u00e9se el\u0151tt is voltak technik\u00e1k, illetve (konkr\u00e9t p\u00e9ld\u00e1kat nem szeretn\u00e9k \u00edrni), vannak olyan nehezen ellen\u0151rizhet\u0151 (egy\u00e9bk\u00e9nt leg\u00e1lis) tev\u00e9kenys\u00e9gek, amelyr\u0151l sz\u00e1ml\u00e1t ki\u00e1ll\u00edtva egy illeg\u00e1lis tev\u00e9kenys\u00e9get k\u00f6vet\u0151 p\u00e9nzmozg\u00e1s legaliz\u00e1lhat\u00f3.<\/p>\n<p>A tilt\u00e1s a leg\u00e1lis p\u00e9nzforgalomban megakad\u00e1lyozza a BitCoin haszn\u00e1lat\u00e1t, azonban, amennyiben valaki a BitCoin tranzakci\u00f3t nem szeretn\u00e9 a a hat\u00f3s\u00e1gok orr\u00e1ra k\u00f6tni, haszn\u00e1lhat inkognit\u00f3v\u00e9delmi int\u00e9zked\u00e9seket (VPN, TOR illetve alternat\u00edv\u00e1k), \u00edgy a tilt\u00e1s val\u00f3sz\u00edn\u0171leg nem befoly\u00e1solja az illeg\u00e1lis tev\u00e9kenys\u00e9gek finansz\u00edroz\u00e1s\u00e1t.<\/p>\n<p>Az Index cikke \u00e9ppen megint temeti a BitCoint <sup><a href=\"#footnote_3_2208\" id=\"identifier_3_2208\" class=\"footnote-link footnote-identifier-link\" title=\"&nbsp;Az Index cikke a legnagyobb bitcoinvlt&oacute; cs\u0151dj&eacute;r\u0151l\">3<\/a><\/sup> . A j\u00f6v\u0151 majd megmutatja, sz\u00fcks\u00e9g van erre a fizet\u00e9si rendszerre.<\/p>\n<h3>Hasonl\u00f3 cikkek<\/h3>\n<ul>\n<li><a title=\"Gondolatok az internetes l\u00e1bnyomr\u00f3l\" href=\"http:\/\/www.itkommando.hu\/site\/a_halozat_szolgalataban\/tanulmanyok\/gondolatok-az-internetes-labnyomrol\/\">Gondolatok az Internetes l\u00e1bnyomr\u00f3l<\/a><\/li>\n<li><a title=\"A TOR h\u00e1l\u00f3zat biztons\u00e1ga\" href=\"http:\/\/www.itkommando.hu\/site\/a_halozat_szolgalataban\/tanulmanyok\/a-tor-halozat-biztonsaga\/\">A TOR ismertet\u00e9se<\/a><\/li>\n<li><a title=\"BitCoin automat\u00e1t helyeztek \u00fczembe Budapesten\" href=\"http:\/\/www.itkommando.hu\/site\/a_halozat_szolgalataban\/tanulmanyok\/bitcoin-automatat-helyeztek-uzembe-budapesten\/\">BitCoin automat\u00e1t helyeztek \u00fczembe Budapesten<\/a><\/li>\n<\/ul>\n<ol class=\"footnotes\"><li id=\"footnote_1_2208\" class=\"footnote\"><a title=\"BitCoin alap\u00fa ATM\" href=\"http:\/\/pcworld.hu\/kozelet\/bitcoin-atm-lassan-mar-londonban-is.html\" target=\"_blank\" rel=\"noopener\">\u00a0Nagy Britanni\u00e1ban BitCoin ATM \u00fczembe helyez\u00e9s\u00e9t tervezik<\/a><span class=\"footnote-back-link-wrapper\">[<a href=\"#identifier_1_2208\" class=\"footnote-link footnote-back-link\">&#8617;<\/a>]<\/span><\/li><li id=\"footnote_2_2208\" class=\"footnote\"><a title=\"Oroszorsz\u00e1gban betiltott\u00e1k a BitCoint\" href=\"http:\/\/444.hu\/2014\/02\/09\/oroszorszagban-betiltjak-a-bitcoint\/\" target=\"_blank\" rel=\"noopener\">Oroszorsz\u00e1gban betiltott\u00e1k a BitCoint<\/a>\u00a0<span class=\"footnote-back-link-wrapper\">[<a href=\"#identifier_2_2208\" class=\"footnote-link footnote-back-link\">&#8617;<\/a>]<\/span><\/li><li id=\"footnote_3_2208\" class=\"footnote\">\u00a0<a title=\"A kriptogr\u00e1fia alap\u00fa bitcoin legnagyobb bev\u00e1lt\u00f3ja cs\u0151dbe ment\" href=\"http:\/\/index.hu\/tech\/2014\/02\/25\/borul_a_bitcoin\/\" target=\"_blank\" rel=\"noopener\">Az Index cikke a legnagyobb bitcoinvlt\u00f3 cs\u0151dj\u00e9r\u0151l<\/a> <span class=\"footnote-back-link-wrapper\">[<a href=\"#identifier_3_2208\" class=\"footnote-link footnote-back-link\">&#8617;<\/a>]<\/span><\/li><\/ol>","protected":false},"excerpt":{"rendered":"<p>A BitCoin egy interneten informatikai eszk\u00f6z\u00f6kkel megval\u00f3s\u00edtott fizet\u00e9si rendszer. M\u00edg Magyarorsz\u00e1gon terjed az elfogad\u00e1sa, Nagy Britani\u00e1ban bitCoin alap\u00fa ATM-eket terveznek \u00fczembe helyezni 1,\u00a0 Budapesten m\u00e1r \u00fczembe is helyezt\u00e9k az els\u0151t,\u00a0&hellip;<a href=\"https:\/\/www.itkommando.hu\/site\/a-bitcoint-betiltottak-oroszorszagban\/\" class=\"more-link\"><span class=\"more-button\">Tov\u00e1bb a r\u00e9szletekre<span class=\"screen-reader-text\">A Bitcoint betiltott\u00e1k Oroszorsz\u00e1gban<\/span><\/span><\/a><\/p>\n","protected":false},"author":1,"featured_media":2245,"parent":0,"menu_order":0,"comment_status":"closed","ping_status":"closed","template":"","meta":{"footnotes":""},"categories":[74,14,89,70,90,13,16],"tags":[],"class_list":["post-2208","page","type-page","status-publish","has-post-thumbnail","hentry","category-bitcoin","category-biztonsag","category-felhasznaloknak","category-internet","category-kockaknak","category-szoftver","category-tanacsok"],"aioseo_notices":[],"_links":{"self":[{"href":"https:\/\/www.itkommando.hu\/site\/wp-json\/wp\/v2\/pages\/2208","targetHints":{"allow":["GET"]}}],"collection":[{"href":"https:\/\/www.itkommando.hu\/site\/wp-json\/wp\/v2\/pages"}],"about":[{"href":"https:\/\/www.itkommando.hu\/site\/wp-json\/wp\/v2\/types\/page"}],"author":[{"embeddable":true,"href":"https:\/\/www.itkommando.hu\/site\/wp-json\/wp\/v2\/users\/1"}],"replies":[{"embeddable":true,"href":"https:\/\/www.itkommando.hu\/site\/wp-json\/wp\/v2\/comments?post=2208"}],"version-history":[{"count":22,"href":"https:\/\/www.itkommando.hu\/site\/wp-json\/wp\/v2\/pages\/2208\/revisions"}],"predecessor-version":[{"id":4991,"href":"https:\/\/www.itkommando.hu\/site\/wp-json\/wp\/v2\/pages\/2208\/revisions\/4991"}],"wp:featuredmedia":[{"embeddable":true,"href":"https:\/\/www.itkommando.hu\/site\/wp-json\/wp\/v2\/media\/2245"}],"wp:attachment":[{"href":"https:\/\/www.itkommando.hu\/site\/wp-json\/wp\/v2\/media?parent=2208"}],"wp:term":[{"taxonomy":"category","embeddable":true,"href":"https:\/\/www.itkommando.hu\/site\/wp-json\/wp\/v2\/categories?post=2208"},{"taxonomy":"post_tag","embeddable":true,"href":"https:\/\/www.itkommando.hu\/site\/wp-json\/wp\/v2\/tags?post=2208"}],"curies":[{"name":"wp","href":"https:\/\/api.w.org\/{rel}","templated":true}]}}