{"id":2293,"date":"2014-04-15T18:27:24","date_gmt":"2014-04-15T17:27:24","guid":{"rendered":"http:\/\/www.itkommando.hu\/site\/?page_id=2293"},"modified":"2021-07-13T18:09:33","modified_gmt":"2021-07-13T17:09:33","slug":"freebsd","status":"publish","type":"page","link":"https:\/\/www.itkommando.hu\/site\/freebsd\/","title":{"rendered":"FreeBSD"},"content":{"rendered":"<p><a href=\"http:\/\/www.itkommando.hu\/site\/wp-content\/uploads\/standing_daemon-284x300.jpg\"><img loading=\"lazy\" decoding=\"async\" class=\"alignright size-thumbnail wp-image-2302\" src=\"http:\/\/www.itkommando.hu\/site\/wp-content\/uploads\/standing_daemon-284x300-150x150.jpg\" alt=\"FreeBSD d\u00e9mon\" width=\"150\" height=\"150\" \/><\/a> A FreeBSD egy a lehet\u0151s\u00e9g maxim\u00e1lis kihaszn\u00e1l\u00e1s\u00e1ra t\u00f6reked\u0151 fejlett, a h\u00e1l\u00f3zati\u00a0\u00e9s a t\u00e1rol\u00e1si lehet\u0151s\u00e9gekre \u00f6sszpontos\u00edt\u00f3 oper\u00e1ci\u00f3s rendszer, ami haszn\u00e1lhat\u00f3 parancssoros \u00e9s grafikus fel\u00fclettel egyar\u00e1nt.<\/p>\n<p>A legt\u00f6bb processzort\u00edpusra \u00e9s architekt\u00far\u00e1ra el\u00e9rhet\u0151, legyen az a minim\u00e1lis teljes\u00edtm\u00e9ny\u0171 Raspberry Pi, egy sok processzoros cs\u00facsteljes\u00edtm\u00e9ny\u0171 szerver, vagy egy kiv\u00e1l\u00f3 munka\u00e1llom\u00e1s.<\/p>\n<p>T\u00f6bb, mint 16 000 alkalmaz\u00e1s k\u00f6z\u00fcl v\u00e1logathat, aki a FreeBSD-t v\u00e1lasztja, illetve a legt\u00f6bb Linux alkalmaz\u00e1s is futtathat\u00f3, DOS programok a <a title=\"A DosBox emul\u00e1ci\u00f3 honlapja\" href=\"http:\/\/www.dosbox.com\/\" target=\"_blank\" rel=\"noopener\">DosBox<\/a>, illetve egyes Windows programok a <a title=\"a wine windows emul\u00e1ci\u00f3\" href=\"http:\/\/www.winehq.org\/about\/\" target=\"_blank\" rel=\"noopener\">wine<\/a> vagy egy\u00e9b emul\u00e1ci\u00f3 seg\u00edts\u00e9g\u00e9vel.<\/p>\n<p>Ak\u00e1r szerverk\u00e9nt, ak\u00e1r munka\u00e1llom\u00e1sk\u00e9nt sokkal nagyobb szabads\u00e1gunk van a rendszerparam\u00e9terek be\u00e1ll\u00edt\u00e1s\u00e1val kapcsolatban, mint az elterjedt oper\u00e1ci\u00f3s rendszerek eset\u00e9n. Szerverek csak sz\u00f6veges k\u00e9perny\u0151vel is telep\u00edthet\u0151ek, m\u00edg munka\u00e1llom\u00e1sok eset\u00e9n t\u00f6bb ablakkezel\u0151 rendszer k\u00f6z\u00f6tt v\u00e1logathatunk..<\/p>\n<figure id=\"attachment_2303\" aria-describedby=\"caption-attachment-2303\" style=\"width: 150px\" class=\"wp-caption alignright\"><a href=\"http:\/\/www.itkommando.hu\/site\/wp-content\/uploads\/Unix_history-simple.svg_.png\"><img loading=\"lazy\" decoding=\"async\" class=\"size-thumbnail wp-image-2303 \" title=\"A UNIX jelleg\u0171 oper\u00e1ci\u00f3s rendszerek csal\u00e1df\u00e1ja\" src=\"http:\/\/www.itkommando.hu\/site\/wp-content\/uploads\/Unix_history-simple.svg_-150x150.png\" alt=\"A BSD rendszerek csal\u00e1df\u00e1ja\" width=\"150\" height=\"150\" \/><\/a><figcaption id=\"caption-attachment-2303\" class=\"wp-caption-text\">A UNIX jelleg\u0171 oper\u00e1ci\u00f3s rendszerek csal\u00e1df\u00e1ja (Forr\u00e1s:<a href=\"https:\/\/commons.wikimedia.org\/wiki\/File:Unix_history-simple.svg\">Wikimedia commons)<\/a><\/figcaption><\/figure>\n<p>\u00c9rdekess\u00e9ge, hogy a Linux-szal ellent\u00e9tben az eredeti AT&amp;T Unix egyenes \u00e1gi lesz\u00e1rmazottja, ami azt jelenti, hogy t\u00f6rt\u00e9nete 1969-ig ny\u00falik vissza (mivel term\u00e9szetesen a Unix sem el\u0151zm\u00e9ny n\u00e9lk\u00fcli, j\u00f3val r\u00e9gebbre), ez\u00e9rt kiforrott rendszernek tekinthet\u0151, azonban az intenz\u00edv fejleszt\u00e9s miatt korszer\u0171, a sokprocesszoros rendszereket illetve a legkorszer\u0171bb technol\u00f3gi\u00e1kat is t\u00e1mogatja.<\/p>\n<p>Igen kedvez\u0151 BSD licenc felt\u00e9telei alatt ingyenesen haszn\u00e1lhat\u00f3.<\/p>\n<p>A fentiek miatt egy \u00faj rendszer ki\u00e9p\u00edt\u00e9s\u00e9n\u00e9l a Windows \u00e9s a Linux mellett sz\u00e1molni kell a BSD rendszerekkel is, m\u00e1r csak az\u00e9rt is, mert rengeteg be\u00e9p\u00edtett rendszer, router, \u00e9s hasonl\u00f3 eszk\u00f6z oper\u00e1ci\u00f3s rendszere BSD alap\u00fa.<\/p>\n<h3>Hasonl\u00f3 cikkek<\/h3>\n<ul>\n<li><a title=\"Az XP t\u00e1mogat\u00e1sa megsz\u00fcnt\" href=\"http:\/\/www.itkommando.hu\/site\/a_halozat_szolgalataban\/tanulmanyok\/2014-aprilis-8-an-a-microsoft-megszunteti-a-windows-xp-tamogatasat\/\">2014. \u00e1prilis 8-\u00e1n a Microsoft megsz\u00fcntette a Windows XP t\u00e1mogat\u00e1s\u00e1t.<\/a><\/li>\n<li><a href=\"http:\/\/www.itkommando.hu\/site\/a_halozat_szolgalataban\/tanulmanyok\/szamitogep-vasarlasa\/\">Sz\u00e1m\u00edt\u00f3g\u00e9p v\u00e1s\u00e1rl\u00e1sa<\/a><\/li>\n<li><a title=\"Programok FreeBSD-hez\" href=\"http:\/\/www.itkommando.hu\/site\/a_halozat_szolgalataban\/tanulmanyok\/nehany-alternativa-windows-alatt-megszokott-programokra-ha-freebsd-re-valtanal\/\">Program v\u00e1laszt\u00e1s FreeBSD-hez<\/a><\/li>\n<li><a title=\"FreeBSD vagy Windows munka\u00e1llom\u00e1s\" href=\"http:\/\/www.itkommando.hu\/site\/a_halozat_szolgalataban\/tanulmanyok\/freebsd-vagy-windows-munkaallomas\/\">Windows vagy FreeBSD<\/a><\/li>\n<\/ul>\n","protected":false},"excerpt":{"rendered":"<p>A FreeBSD egy a lehet\u0151s\u00e9g maxim\u00e1lis kihaszn\u00e1l\u00e1s\u00e1ra t\u00f6reked\u0151 fejlett, a h\u00e1l\u00f3zati\u00a0\u00e9s a t\u00e1rol\u00e1si lehet\u0151s\u00e9gekre \u00f6sszpontos\u00edt\u00f3 oper\u00e1ci\u00f3s rendszer, ami haszn\u00e1lhat\u00f3 parancssoros \u00e9s grafikus fel\u00fclettel egyar\u00e1nt. A legt\u00f6bb processzort\u00edpusra \u00e9s architekt\u00far\u00e1ra el\u00e9rhet\u0151,&hellip;<a href=\"https:\/\/www.itkommando.hu\/site\/freebsd\/\" class=\"more-link\"><span class=\"more-button\">Tov\u00e1bb a r\u00e9szletekre<span class=\"screen-reader-text\">FreeBSD<\/span><\/span><\/a><\/p>\n","protected":false},"author":1,"featured_media":2302,"parent":0,"menu_order":0,"comment_status":"closed","ping_status":"closed","template":"","meta":{"footnotes":""},"categories":[76,11,9,13,16],"tags":[],"class_list":["post-2293","page","type-page","status-publish","has-post-thumbnail","hentry","category-bsd","category-munkaallomas","category-szerver","category-szoftver","category-tanacsok"],"aioseo_notices":[],"_links":{"self":[{"href":"https:\/\/www.itkommando.hu\/site\/wp-json\/wp\/v2\/pages\/2293","targetHints":{"allow":["GET"]}}],"collection":[{"href":"https:\/\/www.itkommando.hu\/site\/wp-json\/wp\/v2\/pages"}],"about":[{"href":"https:\/\/www.itkommando.hu\/site\/wp-json\/wp\/v2\/types\/page"}],"author":[{"embeddable":true,"href":"https:\/\/www.itkommando.hu\/site\/wp-json\/wp\/v2\/users\/1"}],"replies":[{"embeddable":true,"href":"https:\/\/www.itkommando.hu\/site\/wp-json\/wp\/v2\/comments?post=2293"}],"version-history":[{"count":11,"href":"https:\/\/www.itkommando.hu\/site\/wp-json\/wp\/v2\/pages\/2293\/revisions"}],"predecessor-version":[{"id":5426,"href":"https:\/\/www.itkommando.hu\/site\/wp-json\/wp\/v2\/pages\/2293\/revisions\/5426"}],"wp:featuredmedia":[{"embeddable":true,"href":"https:\/\/www.itkommando.hu\/site\/wp-json\/wp\/v2\/media\/2302"}],"wp:attachment":[{"href":"https:\/\/www.itkommando.hu\/site\/wp-json\/wp\/v2\/media?parent=2293"}],"wp:term":[{"taxonomy":"category","embeddable":true,"href":"https:\/\/www.itkommando.hu\/site\/wp-json\/wp\/v2\/categories?post=2293"},{"taxonomy":"post_tag","embeddable":true,"href":"https:\/\/www.itkommando.hu\/site\/wp-json\/wp\/v2\/tags?post=2293"}],"curies":[{"name":"wp","href":"https:\/\/api.w.org\/{rel}","templated":true}]}}