{"id":230,"date":"2012-11-18T13:55:00","date_gmt":"2012-11-18T12:55:00","guid":{"rendered":"http:\/\/www.itkommando.hu\/site\/?page_id=230"},"modified":"2021-07-13T12:54:11","modified_gmt":"2021-07-13T11:54:11","slug":"mit-tehetunk-onokert","status":"publish","type":"page","link":"https:\/\/www.itkommando.hu\/site\/mit-tehetunk-onokert\/","title":{"rendered":"Aj\u00e1nljuk magunkat!"},"content":{"rendered":"<h4>Kedves \u00dcgyfelek<\/h4>\n<p>A kialakult helyzetre val\u00f3 tekintettel, amennyiben lehets\u00e9ges minden feladatot t\u00e1voli el\u00e9r\u00e9ssel oldunk meg. Sz\u00fcks\u00e9g eset\u00e9n term\u00e9szetesen szem\u00e9lyesen is megjelen\u00fcnk. A maszk haszn\u00e1lat\u00e1t a t\u00f6rv\u00e9nyi el\u0151\u00edr\u00e1sokt\u00f3l f\u00fcggetlen\u00fcl felaj\u00e1nljuk.<\/p>\n<h4>Figyelmeztet\u00e9s<\/h4>\n<blockquote>\n<p>A Microsoft 2020. janu\u00e1r 14-\u00e9vel megsz\u00fcntette a Windows 7 t\u00e1mogat\u00e1s\u00e1t. <a href=\"https:\/\/www.itkommando.hu\/site\/a_halozat_szolgalataban\/tanulmanyok\/2020-januar-14-en-a-microsoft-megszunteti-a-windows-7-tamogatasat\/\">\u00c9rdemes gyorsan lecser\u00e9lni a r\u00e9gebbi Windowsokat<\/a>.<\/p>\n<\/blockquote>\n<h4><strong>H\u00e1l\u00f3zatv\u00e9delem\u00a0\u00a0\u00a0\u00a0\u00a0\u00a0\u00a0\u00a0\u00a0\u00a0\u00a0\u00a0\u00a0\u00a0\u00a0\u00a0\u00a0\u00a0\u00a0\u00a0\u00a0\u00a0\u00a0\u00a0\u00a0\u00a0\u00a0\u00a0\u00a0\u00a0\u00a0\u00a0\u00a0\u00a0\u00a0\u00a0\u00a0\u00a0\u00a0\u00a0\u00a0\u00a0\u00a0\u00a0\u00a0\u00a0\u00a0\u00a0\u00a0\u00a0\u00a0\u00a0\u00a0\u00a0\u00a0\u00a0\u00a0\u00a0\u00a0\u00a0\u00a0\u00a0\u00a0\u00a0\u00a0\u00a0\u00a0\u00a0\u00a0\u00a0\u00a0\u00a0\u00a0\u00a0\u00a0\u00a0\u00a0\u00a0\u00a0\u00a0\u00a0\u00a0\u00a0\u00a0\u00a0\u00a0\u00a0\u00a0\u00a0\u00a0\u00a0\u00a0\u00a0\u00a0\u00a0\u00a0\u00a0\u00a0\u00a0\u00a0\u00a0\u00a0\u00a0\u00a0\u00a0\u00a0\u00a0\u00a0\u00a0\u00a0\u00a0\u00a0\u00a0\u00a0\u00a0\u00a0\u00a0\u00a0\u00a0\u00a0\u00a0\u00a0\u00a0\u00a0\u00a0\u00a0\u00a0\u00a0\u00a0\u00a0\u00a0\u00a0\u00a0\u00a0\u00a0\u00a0\u00a0\u00a0\u00a0\u00a0\u00a0\u00a0\u00a0\u00a0\u00a0\u00a0\u00a0\u00a0\u00a0\u00a0<\/strong><\/h4>\n<p>Biztos\u00edtjuk megb\u00edz\u00f3nk sz\u00e1m\u00e1ra a megb\u00edzhat\u00f3 \u00e9s szab\u00e1lyozott internetel\u00e9r\u00e9st; gondoskodunk a bej\u00f6v\u0151 adatok v\u00edrus- \u00e9s egy\u00e9b rosszindulat\u00fa t\u00e1mad\u00e1s elleni v\u00e9delm\u00e9r\u0151l.<\/p>\n<p>Ig\u00e9ny eset\u00e9n korl\u00e1tozzuk a munkat\u00e1rsak hozz\u00e1f\u00e9r\u00e9s\u00e9t a c\u00e9g m\u0171k\u00f6d\u00e9s\u00e9vel nem \u00f6sszef\u00fcgg\u0151 oldalakhoz (erotikus tartalom, szerencsej\u00e1t\u00e9k, k\u00f6z\u00f6ss\u00e9gi oldalak \u00a0stb.)<\/p>\n<h4><strong>Adatok vissza\u00e1ll\u00edt\u00e1sa<\/strong><\/h4>\n<p>Megb\u00edz\u00f3nk s\u00e9r\u00fclt, fel\u00fcl\u00edrt adatait vissza\u00e1ll\u00edtjuk ak\u00e1r az adathordoz\u00f3 form\u00e1z\u00e1sa ut\u00e1n is!<\/p>\n<p><span style=\"text-decoration: underline;\">Az adats\u00e9r\u00fcl\u00e9s okai lehetnek:<\/span><\/p>\n<ul>\n<li>V\u00e9letlen t\u00f6rl\u00e9s<\/li>\n<li>Format\u00e1l\u00e1s<\/li>\n<li>V\u00edrust\u00e1mad\u00e1s<\/li>\n<li>Oper\u00e1ci\u00f3s rendszer meghib\u00e1sod\u00e1sa<\/li>\n<\/ul>\n<blockquote>\n<h4 style=\"text-align: center;\">B\u00e1rmi is t\u00f6rt\u00e9nt adataival, mi hadrendbe \u00e1llunk, \u00e9s visszaszerezz\u00fck\u00a0 azokat!<\/h4>\n<\/blockquote>\n<p style=\"text-align: center;\"><a href=\"arajanlat-keres\/\"> K\u00e9rjen aj\u00e1nlatot<\/a><\/p>\n<h4><strong>Kiemelt karbantart\u00e1s<\/strong><\/h4>\n<p style=\"text-align: justify;\">Maximum\u00a0 26 munka\u00e1llom\u00e1ssal rendelkez\u0151 c\u00e9geknek aj\u00e1nljuk.<\/p>\n<p>Hetente k\u00e9tszer megl\u00e1togatjuk megb\u00edz\u00f3nkat, karbantartunk, az addig vagy \u00e9ppen akkor felmer\u00fclt probl\u00e9m\u00e1kat megoldjuk.<br \/>Egy l\u00e1togat\u00e1s id\u0151tartama 120 perc.<br \/>Meghib\u00e1sod\u00e1s eset\u00e9n legk\u00e9s\u0151bb 8 munka\u00f3r\u00e1n bel\u00fcl megkezdj\u00fck a hiba elh\u00e1r\u00edt\u00e1s\u00e1t.<\/p>\n<p>Ezen szolg\u00e1ltat\u00e1st megrendel\u0151 megb\u00edz\u00f3nk ingyenes h\u00edrlevel\u00fcnket is megkapja.<\/p>\n<p><a href=\"http:\/\/www.itkommando.hu\/site\/akciok\/\">Tekintse meg akci\u00f3nkat<\/a><\/p>\n<h4><strong>F\u00e1jlszerver-szolg\u00e1ltat\u00e1s<\/strong><\/h4>\n<p>Megb\u00edz\u00f3nk adatainak t\u00e1rol\u00e1s\u00e1ra, kezel\u00e9s\u00e9re nagy hat\u00f3t\u00e1vols\u00e1g\u00fa \u00e9s kiv\u00e1l\u00f3 hat\u00e9konys\u00e1g\u00fa szerver b\u00e9rlet\u00e9t tessz\u00fck lehet\u0151v\u00e9.<br \/>A szervert a megb\u00edz\u00f3 b\u00e1zis\u00e1ra vagy megjel\u00f6lt telephely\u00e9re kisz\u00e1ll\u00edtjuk, ott \u00fczembe helyezz\u00fck, \u00fczemeltetj\u00fck.<br \/>A szerver 1000 GB adat t\u00e1rol\u00e1s\u00e1ra alkalmas.<\/p>\n<p><span style=\"color: #000000;\"><a href=\"http:\/\/www.itkommando.hu\/site\/akciok\/\">Tekintse meg akci\u00f3nkat<\/a><\/span><\/p>\n<p><strong style=\"color: #ff0000;\">\u00a0<\/strong><\/p>\n<h4><strong>T\u00e1voli seg\u00edts\u00e9gny\u00fajt\u00e1s<\/strong><\/h4>\n<p>Megb\u00edz\u00f3nk k\u00e9rheti, hogy munka\u00e1llom\u00e1s\u00e1t, vagy szerver\u00e9t \u201et\u00e1vir\u00e1ny\u00edt\u00e1ssal\u201d karbantartsuk, tan\u00e1csot adjunk.<\/p>\n<p><span style=\"text-decoration: underline;\"><strong>El\u0151nyei:<\/strong><\/span><\/p>\n<ul>\n<li>Nem kell megv\u00e1rni, m\u00edg katon\u00e1nk meg\u00e9rkezik \u00e9s cselekszik<\/li>\n<li>Nincs kisz\u00e1ll\u00e1si d\u00edj<\/li>\n<li>Gyorsabb a rendelkez\u00e9sre \u00e1ll\u00e1s<\/li>\n<\/ul>\n<p><strong><span style=\"text-decoration: underline;\">H\u00e1tr\u00e1nya:<\/span><\/strong><\/p>\n<p>El\u0151fordulhat olyan k\u00f6zbeavatkoz\u00e1st megk\u00edv\u00e1n\u00f3 esem\u00e9ny, amely sor\u00e1n a szem\u00e9lyes kisz\u00e1ll\u00e1s \u00e9s beavatkoz\u00e1s nem elker\u00fclhet\u0151, azonban az ilyen esetekre vez\u00e9rkarunk fel van k\u00e9sz\u00fclve; katon\u00e1nk pontosabb inform\u00e1ci\u00f3kkal tud indulni, bek\u00e9sz\u00edtheti a sz\u00fcks\u00e9ges felszerel\u00e9st.<\/p>\n<h4><strong>Biztons\u00e1gi teszt<\/strong><\/h4>\n<p style=\"text-align: justify;\">Aj\u00e1nljuk minden olyan v\u00e1llalkoz\u00e1snak, amelyeknek internettel k\u00f6zvetlen kapcsolatban \u00e1ll\u00f3 sz\u00e1m\u00edt\u00f3g\u00e9pe vagy sz\u00e1m\u00edt\u00f3g\u00e9pei vannak.<\/p>\n<p style=\"text-align: justify;\">A teszt sor\u00e1n megvizsg\u00e1ljuk, hogy internetre k\u00f6t\u00f6tt sz\u00e1m\u00edt\u00f3g\u00e9pe(i) mit mutatnak az internet fel\u0151l pr\u00f3b\u00e1lkoz\u00f3 \u201e\u00e9rdekl\u0151d\u0151knek&#8221;.<\/p>\n<p style=\"text-align: justify;\">L\u00e1thatj\u00e1k e az al\u00e1bb felsorolt t\u00e9nyez\u0151ket:<\/p>\n<ul>\n<li>T\u00e9ves be\u00e1ll\u00edt\u00e1sok<\/li>\n<li>Alap\u00e9rtelmezett\/p\u00e9lda f\u00e1jlok el\u00e9rhet\u0151s\u00e9ge<\/li>\n<li>Biztons\u00e1gi kock\u00e1zatot jelent\u0151 f\u00e1jlok el\u00e9rhet\u0151s\u00e9ge<\/li>\n<li>Elavult programok haszn\u00e1lata<\/li>\n<\/ul>\n<p style=\"text-align: justify;\">A teszt v\u00e1laszt ad arra a k\u00e9rd\u00e9sre, mi l\u00e1tszik a v\u00e1llalkoz\u00e1sr\u00f3l az internet fel\u0151l, hol van az a a gyenge pont, ahol bizalmas adatokhoz (is) hozz\u00e1 lehet f\u00e9rni, avagy megsemmis\u00edt\u0151 erej\u0171 t\u00e1mad\u00e1st lehet int\u00e9zni a vizsg\u00e1lt munka\u00e1llom\u00e1s\/szerver ellen.<\/p>\n<h4><strong>Ment\u00e9s t\u00e1voli szerverre<\/strong><\/h4>\n<p style=\"text-align: justify;\">A szolg\u00e1ltat\u00e1st azon megb\u00edz\u00f3inknak aj\u00e1nljuk, akik c\u00e9g\u00fck m\u0171k\u00f6d\u00e9s\u00e9hez fontos vagy n\u00e9lk\u00fcl\u00f6zhetetlen adatok biztons\u00e1g\u00e1t k\u00edv\u00e1nj\u00e1k n\u00f6velni azzal, hogy helyi h\u00e1l\u00f3zatukt\u00f3l \u00e9s rendszereikt\u0151l f\u00fcggetlen\u00fcl, f\u00f6ldrajzilag is k\u00fcl\u00f6nb\u00f6z\u0151 helyen t\u00e1rolj\u00e1k adataik m\u00e1solat\u00e1t.<br \/>\u00cdgy elker\u00fclhet\u0151 a m\u0171szaki hib\u00e1kb\u00f3l, bet\u00f6r\u00e9ses lop\u00e1sb\u00f3l vagy ak\u00e1r t\u00e9ves adatkezel\u00e9sb\u0151l illetve elemi k\u00e1rokb\u00f3l sz\u00e1rmaz\u00f3 adatveszt\u00e9s.<\/p>\n\n\n<p><\/p>\n","protected":false},"excerpt":{"rendered":"<p>Kedves \u00dcgyfelek A kialakult helyzetre val\u00f3 tekintettel, amennyiben lehets\u00e9ges minden feladatot t\u00e1voli el\u00e9r\u00e9ssel oldunk meg. Sz\u00fcks\u00e9g eset\u00e9n term\u00e9szetesen szem\u00e9lyesen is megjelen\u00fcnk. A maszk haszn\u00e1lat\u00e1t a t\u00f6rv\u00e9nyi el\u0151\u00edr\u00e1sokt\u00f3l f\u00fcggetlen\u00fcl felaj\u00e1nljuk. Figyelmeztet\u00e9s&hellip;<a href=\"https:\/\/www.itkommando.hu\/site\/mit-tehetunk-onokert\/\" class=\"more-link\"><span class=\"more-button\">Tov\u00e1bb a r\u00e9szletekre<span class=\"screen-reader-text\">Aj\u00e1nljuk magunkat!<\/span><\/span><\/a><\/p>\n","protected":false},"author":1,"featured_media":0,"parent":0,"menu_order":0,"comment_status":"closed","ping_status":"closed","template":"","meta":{"footnotes":""},"categories":[],"tags":[],"class_list":["post-230","page","type-page","status-publish","hentry"],"aioseo_notices":[],"_links":{"self":[{"href":"https:\/\/www.itkommando.hu\/site\/wp-json\/wp\/v2\/pages\/230","targetHints":{"allow":["GET"]}}],"collection":[{"href":"https:\/\/www.itkommando.hu\/site\/wp-json\/wp\/v2\/pages"}],"about":[{"href":"https:\/\/www.itkommando.hu\/site\/wp-json\/wp\/v2\/types\/page"}],"author":[{"embeddable":true,"href":"https:\/\/www.itkommando.hu\/site\/wp-json\/wp\/v2\/users\/1"}],"replies":[{"embeddable":true,"href":"https:\/\/www.itkommando.hu\/site\/wp-json\/wp\/v2\/comments?post=230"}],"version-history":[{"count":73,"href":"https:\/\/www.itkommando.hu\/site\/wp-json\/wp\/v2\/pages\/230\/revisions"}],"predecessor-version":[{"id":5398,"href":"https:\/\/www.itkommando.hu\/site\/wp-json\/wp\/v2\/pages\/230\/revisions\/5398"}],"wp:attachment":[{"href":"https:\/\/www.itkommando.hu\/site\/wp-json\/wp\/v2\/media?parent=230"}],"wp:term":[{"taxonomy":"category","embeddable":true,"href":"https:\/\/www.itkommando.hu\/site\/wp-json\/wp\/v2\/categories?post=230"},{"taxonomy":"post_tag","embeddable":true,"href":"https:\/\/www.itkommando.hu\/site\/wp-json\/wp\/v2\/tags?post=230"}],"curies":[{"name":"wp","href":"https:\/\/api.w.org\/{rel}","templated":true}]}}