{"id":2318,"date":"2014-04-26T16:35:11","date_gmt":"2014-04-26T15:35:11","guid":{"rendered":"http:\/\/www.itkommando.hu\/site\/?page_id=2318"},"modified":"2021-07-20T11:09:46","modified_gmt":"2021-07-20T10:09:46","slug":"nehany-alternativa-windows-alatt-megszokott-programokra-ha-freebsd-re-valtanal","status":"publish","type":"page","link":"https:\/\/www.itkommando.hu\/site\/a_halozat_szolgalataban\/tanulmanyok\/nehany-alternativa-windows-alatt-megszokott-programokra-ha-freebsd-re-valtanal\/","title":{"rendered":"N\u00e9h\u00e1ny alternat\u00edva Windows alatt megszokott programokra, ha Linuxra vagy FreeBSD-re v\u00e1ltan\u00e1l"},"content":{"rendered":"<p>Az al\u00e1bbi t\u00e1bl\u00e1zatba \u00f6sszegy\u0171jt\u00f6tt\u00fcnk n\u00e9h\u00e1ny ingyenes alternat\u00edv\u00e1t olyan feladatokra, amikre tipikusan fizet\u0151s eszk\u00f6z\u00f6ket haszn\u00e1lunk.<\/p>\n<p>A felsorolt programoknak van Windows, <a href=\"https:\/\/debia.org\">Linux<\/a> \u00e9s <a href=\"http:\/\/freebasd.org\">BSD<\/a> v\u00e1ltozata is.<\/p>\n<p><strong>\n<table id=\"wp-table-reloaded-id-5-no-1\" class=\"wp-table-reloaded wp-table-reloaded-id-5\">\n<thead>\n\t<tr class=\"row-1 odd\">\n\t\t<th class=\"column-1\">Windows Program<\/th><th class=\"column-2\">BSD alatt fut\u00f3 (ingyenes) alternat\u00edva<\/th><th class=\"column-3\">Megjegyz\u00e9sek<\/th>\n\t<\/tr>\n<\/thead>\n<tbody>\n\t<tr class=\"row-2 even\">\n\t\t<td class=\"column-1\">Microsoft Office<\/td><td class=\"column-2\">Open Office vagy Libre office<\/td><td class=\"column-3\">R\u00e9gebbi MS Office verzi\u00f3k futnak Wine alatt<\/td>\n\t<\/tr>\n\t<tr class=\"row-3 odd\">\n\t\t<td class=\"column-1\">Photoshop<\/td><td class=\"column-2\"><a href=\"https:\/\/www.gimp.org\/\">GIMP (GNU Image Manipulation Program)<\/a><\/td><td class=\"column-3\">Az alap feladatok elv\u00e9gz\u00e9se jelent\u0151sen egyszer\u0171bb<\/td>\n\t<\/tr>\n\t<tr class=\"row-4 even\">\n\t\t<td class=\"column-1\">Visio<\/td><td class=\"column-2\"><a href=\"https:\/\/www.yworks.com\/products\/yed\">Yed<\/a><\/td><td class=\"column-3\">Az Yed kev\u00e9sb\u00e9 eleg\u00e1ns grafik\u00e1t haszn\u00e1l, azonban, mivel haszn\u00e1lata kev\u00e9sb\u00e9 elterjedt a dokumentumok egyedibbnek t\u0171nnek.<\/td>\n\t<\/tr>\n\t<tr class=\"row-5 odd\">\n\t\t<td class=\"column-1\">MediaPlayer<\/td><td class=\"column-2\"><a href=\"https:\/\/www.videolan.org\/vlc\/index.hu.html\">VLC player<\/a><\/td><td class=\"column-3\">Mi windows alatt is VLC playert haszn\u00e1lunk<\/td>\n\t<\/tr>\n\t<tr class=\"row-6 even\">\n\t\t<td class=\"column-1\">2D CAD program (Autocad ME10)<\/td><td class=\"column-2\"><a href=\"https:\/\/librecad.org\/\">LibreCAD<\/a><\/td><td class=\"column-3\">Egyszer\u0171bb tervez\u00e9sre val\u00f3<\/td>\n\t<\/tr>\n\t<tr class=\"row-7 odd\">\n\t\t<td class=\"column-1\">3D CAD<\/td><td class=\"column-2\"><a href=\"https:\/\/opencad.io\/\">OpenCAD<\/a><\/td><td class=\"column-3\">J\u00f3 vide\u00f3s tutorialok vannak hozz\u00e1 videomegosz\u00f3n<\/td>\n\t<\/tr>\n\t<tr class=\"row-8 even\">\n\t\t<td class=\"column-1\">Antiv\u00edrus <\/td><td class=\"column-2\">ClamAV<br \/>\r\nF.prot<br \/>\r\nBitDefender<br \/>\r\n<\/td><td class=\"column-3\">BSD \u00e9s Linux alatt kev\u00e9sb\u00e9 l\u00e9nyeges, mint Windows eset\u00e9n, de mindenk\u00e9ppen sz\u00fcks\u00e9ges<\/td>\n\t<\/tr>\n\t<tr class=\"row-9 odd\">\n\t\t<td class=\"column-1\">B\u00f6ng\u00e9sz\u0151<\/td><td class=\"column-2\">Firefox<br \/>\r\nGoogleChrome<br \/>\r\nOpera<br \/>\r\nN\u00e9h\u00e1ny Explorer verzi\u00f3 (nem aj\u00e1nlott)<\/td><td class=\"column-3\"><\/td>\n\t<\/tr>\n\t<tr class=\"row-10 even\">\n\t\t<td class=\"column-1\">Vide\u00f3 szerkeszt\u0151<\/td><td class=\"column-2\"><a href=\"https:\/\/shotcut.org\/\">Shotcut<\/a><\/td><td class=\"column-3\">Egy ig\u00e9nyes Youtube vide\u00f3 megv\u00e1g\u00e1s\u00e1hoz b\u0151ven el\u00e9g.<br \/>\r\nK\u00e9p a k\u00e9pben, \u00e1tt\u0171n\u00e9sek, t\u00f6bb hang- \u00e9s k\u00e9ps\u00e1vv stb.<\/td>\n\t<\/tr>\n<\/tbody>\n<\/table>\n<\/strong><\/p>\n<p>Term\u00e9szetesen sok programnak egyar\u00e1nt van Windows \u00e9s FreeBSD alatt fut\u00f3 verzi\u00f3ja. Ilyen a Firefox, Lazarus, FPC, vagy a TOR programcsomag, amelynek seg\u00edts\u00e9g\u00e9vel nagyon diszkr\u00e9ten lehet netezni.<\/p>\n<p>A t\u00e1bl\u00e1zat term\u00e9szetesen csak egy szubjekt\u00edv v\u00e1logat\u00e1s, hiszen minden feladatra t\u00f6bb programot lehet tal\u00e1lni, amely FreeBSD alatt j\u00f3l haszn\u00e1lhat\u00f3.<\/p>\n<h3>Hasonl\u00f3 cikkek<\/h3>\n<ul>\n<li><a href=\"http:\/\/www.itkommando.hu\/site\/a_halozat_szolgalataban\/tanulmanyok\/szoftver-valasztasa\/\">Szoftver v\u00e1laszt\u00e1sa<\/a><\/li>\n<li><a title=\"A FreeBSD egy igazi UNIX 1969-b\u0151l\" href=\"http:\/\/www.itkommando.hu\/site\/freebsd\/\">FreeBSD<\/a><\/li>\n<li><a href=\"http:\/\/www.itkommando.hu\/site\/a_halozat_szolgalataban\/tanulmanyok\/freebsd-vagy-windows-munkaallomas\/\">FreeBSD vagy Windows munka\u00e1llom\u00e1s<\/a><\/li>\n<\/ul>\n","protected":false},"excerpt":{"rendered":"<p>Az al\u00e1bbi t\u00e1bl\u00e1zatba \u00f6sszegy\u0171jt\u00f6tt\u00fcnk n\u00e9h\u00e1ny ingyenes alternat\u00edv\u00e1t olyan feladatokra, amikre tipikusan fizet\u0151s eszk\u00f6z\u00f6ket haszn\u00e1lunk. A felsorolt programoknak van Windows, Linux \u00e9s BSD v\u00e1ltozata is. Term\u00e9szetesen sok programnak egyar\u00e1nt van Windows&hellip;<a href=\"https:\/\/www.itkommando.hu\/site\/a_halozat_szolgalataban\/tanulmanyok\/nehany-alternativa-windows-alatt-megszokott-programokra-ha-freebsd-re-valtanal\/\" class=\"more-link\"><span class=\"more-button\">Tov\u00e1bb a r\u00e9szletekre<span class=\"screen-reader-text\">N\u00e9h\u00e1ny alternat\u00edva Windows alatt megszokott programokra, ha Linuxra vagy FreeBSD-re v\u00e1ltan\u00e1l<\/span><\/span><\/a><\/p>\n","protected":false},"author":1,"featured_media":0,"parent":397,"menu_order":0,"comment_status":"closed","ping_status":"closed","template":"","meta":{"footnotes":""},"categories":[76,70,72,11,13,16,66],"tags":[],"class_list":["post-2318","page","type-page","status-publish","hentry","category-bsd","category-internet","category-linux","category-munkaallomas","category-szoftver","category-tanacsok","category-tor"],"aioseo_notices":[],"_links":{"self":[{"href":"https:\/\/www.itkommando.hu\/site\/wp-json\/wp\/v2\/pages\/2318","targetHints":{"allow":["GET"]}}],"collection":[{"href":"https:\/\/www.itkommando.hu\/site\/wp-json\/wp\/v2\/pages"}],"about":[{"href":"https:\/\/www.itkommando.hu\/site\/wp-json\/wp\/v2\/types\/page"}],"author":[{"embeddable":true,"href":"https:\/\/www.itkommando.hu\/site\/wp-json\/wp\/v2\/users\/1"}],"replies":[{"embeddable":true,"href":"https:\/\/www.itkommando.hu\/site\/wp-json\/wp\/v2\/comments?post=2318"}],"version-history":[{"count":10,"href":"https:\/\/www.itkommando.hu\/site\/wp-json\/wp\/v2\/pages\/2318\/revisions"}],"predecessor-version":[{"id":5650,"href":"https:\/\/www.itkommando.hu\/site\/wp-json\/wp\/v2\/pages\/2318\/revisions\/5650"}],"up":[{"embeddable":true,"href":"https:\/\/www.itkommando.hu\/site\/wp-json\/wp\/v2\/pages\/397"}],"wp:attachment":[{"href":"https:\/\/www.itkommando.hu\/site\/wp-json\/wp\/v2\/media?parent=2318"}],"wp:term":[{"taxonomy":"category","embeddable":true,"href":"https:\/\/www.itkommando.hu\/site\/wp-json\/wp\/v2\/categories?post=2318"},{"taxonomy":"post_tag","embeddable":true,"href":"https:\/\/www.itkommando.hu\/site\/wp-json\/wp\/v2\/tags?post=2318"}],"curies":[{"name":"wp","href":"https:\/\/api.w.org\/{rel}","templated":true}]}}