{"id":2417,"date":"2014-06-10T10:19:41","date_gmt":"2014-06-10T09:19:41","guid":{"rendered":"http:\/\/www.itkommando.hu\/site\/?page_id=2417"},"modified":"2021-07-13T09:55:33","modified_gmt":"2021-07-13T08:55:33","slug":"protonmail","status":"publish","type":"page","link":"https:\/\/www.itkommando.hu\/site\/a_halozat_szolgalataban\/tanulmanyok\/protonmail\/","title":{"rendered":"ProtonMail"},"content":{"rendered":"<p><a href=\"http:\/\/www.itkommando.hu\/site\/wp-content\/uploads\/biztonsagos_email.jpg\"><img loading=\"lazy\" decoding=\"async\" class=\"alignright size-thumbnail wp-image-2420\" src=\"http:\/\/www.itkommando.hu\/site\/wp-content\/uploads\/biztonsagos_email-150x150.jpg\" alt=\"Biztons\u00e1gos e-mail\" width=\"150\" height=\"150\" \/><\/a>A <a title=\"A ProtonMail egy biztons\u00e1gos levelez\u0151rendszer\" href=\"https:\/\/protonmail.ch\/\" target=\"_blank\" rel=\"noopener\">Protonmail<\/a> egy, a bizalmas \u00fczent v\u00e1lt\u00e1sra kifejlesztett webmail rendszer, amely term\u00e9szetesen k\u00e9pes egy\u00fcttm\u0171k\u00f6dni b\u00e1rmely m\u00e1s szabv\u00e1nyos levelez\u0151rendszerrel is. A szerverek \u00e9s az \u00fczemeltet\u0151 szervezet egyar\u00e1nt Sv\u00e1jcban tal\u00e1lhat\u00f3, \u00edgy nem vonatkoznak r\u00e1 az Eur\u00f3pai Uni\u00f3 \u00e9s az Amerikai Egyes\u00fclt \u00c1llamok szab\u00e1lyoz\u00e1sai, ellenben vonatkoznak r\u00e1 a szem\u00e9lyes adatok v\u00e9delm\u00e9t szigor\u00faan vev\u0151 sv\u00e1jci t\u00f6rv\u00e9nyek. A titkos\u00edt\u00e1si technik\u00e1k biztos\u00edtj\u00e1k, hogy a felad\u00f3 \u00e9s a c\u00edmzett k\u00f6z\u00f6tt az \u00f6sszes adat titkos\u00edtva k\u00f6zlekedik, \u00edgy az adatokhoz a szolg\u00e1ltat\u00f3nak sincsen hozz\u00e1f\u00e9r\u00e9se, \u00edgy a k\u00edv\u00e1ncsi hat\u00f3s\u00e1gokkal sem tudja azokat megosztani, illetve az internetforgalom lehallgat\u00e1s\u00e1val is csak korl\u00e1tozott adatokhoz lehet hozz\u00e1jutni.<\/p>\n<p>Az egy\u00e9b szolg\u00e1ltat\u00f3khoz k\u00e9pest szokatlan szolg\u00e1ltat\u00e1s, hogy az \u00fczenetekhez lehet lej\u00e1ratot rendelni, ami azt jelenti, hogy az \u00fczenetet az adott d\u00e1tum ut\u00e1n a szolg\u00e1ltat\u00f3 megsemmis\u00edti.<\/p>\n<p>A webmail fel\u00fclet egyszer\u0171, a haszn\u00e1lt oper\u00e1ci\u00f3s rendszert\u0151l szinte f\u00fcggetlen kezel\u00e9st tesz lehet\u0151v\u00e9. A webes fel\u00fclet v\u00e9delm\u00e9r\u0151l a gondosan be\u00e1ll\u00edtott HTTPS protokoll gondoskodik.<\/p>\n<p>A szolg\u00e1ltat\u00e1s sajnos m\u00e9g csak a b\u00e9ta tesztel\u00e9s st\u00e1dium\u00e1ban van, de rem\u00e9lhet\u0151leg r\u00f6videsen sz\u00e9les k\u00f6rben hozz\u00e1f\u00e9rhet\u0151v\u00e9 v\u00e1lik.<\/p>\n","protected":false},"excerpt":{"rendered":"<p>A Protonmail egy, a bizalmas \u00fczent v\u00e1lt\u00e1sra kifejlesztett webmail rendszer, amely term\u00e9szetesen k\u00e9pes egy\u00fcttm\u0171k\u00f6dni b\u00e1rmely m\u00e1s szabv\u00e1nyos levelez\u0151rendszerrel is. A szerverek \u00e9s az \u00fczemeltet\u0151 szervezet egyar\u00e1nt Sv\u00e1jcban tal\u00e1lhat\u00f3, \u00edgy nem&hellip;<a href=\"https:\/\/www.itkommando.hu\/site\/a_halozat_szolgalataban\/tanulmanyok\/protonmail\/\" class=\"more-link\"><span class=\"more-button\">Tov\u00e1bb a r\u00e9szletekre<span class=\"screen-reader-text\">ProtonMail<\/span><\/span><\/a><\/p>\n","protected":false},"author":1,"featured_media":2420,"parent":397,"menu_order":0,"comment_status":"closed","ping_status":"closed","template":"","meta":{"footnotes":""},"categories":[14,75,70,11,9,13,16],"tags":[],"class_list":["post-2417","page","type-page","status-publish","has-post-thumbnail","hentry","category-biztonsag","category-e-mail","category-internet","category-munkaallomas","category-szerver","category-szoftver","category-tanacsok"],"aioseo_notices":[],"_links":{"self":[{"href":"https:\/\/www.itkommando.hu\/site\/wp-json\/wp\/v2\/pages\/2417","targetHints":{"allow":["GET"]}}],"collection":[{"href":"https:\/\/www.itkommando.hu\/site\/wp-json\/wp\/v2\/pages"}],"about":[{"href":"https:\/\/www.itkommando.hu\/site\/wp-json\/wp\/v2\/types\/page"}],"author":[{"embeddable":true,"href":"https:\/\/www.itkommando.hu\/site\/wp-json\/wp\/v2\/users\/1"}],"replies":[{"embeddable":true,"href":"https:\/\/www.itkommando.hu\/site\/wp-json\/wp\/v2\/comments?post=2417"}],"version-history":[{"count":6,"href":"https:\/\/www.itkommando.hu\/site\/wp-json\/wp\/v2\/pages\/2417\/revisions"}],"predecessor-version":[{"id":5336,"href":"https:\/\/www.itkommando.hu\/site\/wp-json\/wp\/v2\/pages\/2417\/revisions\/5336"}],"up":[{"embeddable":true,"href":"https:\/\/www.itkommando.hu\/site\/wp-json\/wp\/v2\/pages\/397"}],"wp:featuredmedia":[{"embeddable":true,"href":"https:\/\/www.itkommando.hu\/site\/wp-json\/wp\/v2\/media\/2420"}],"wp:attachment":[{"href":"https:\/\/www.itkommando.hu\/site\/wp-json\/wp\/v2\/media?parent=2417"}],"wp:term":[{"taxonomy":"category","embeddable":true,"href":"https:\/\/www.itkommando.hu\/site\/wp-json\/wp\/v2\/categories?post=2417"},{"taxonomy":"post_tag","embeddable":true,"href":"https:\/\/www.itkommando.hu\/site\/wp-json\/wp\/v2\/tags?post=2417"}],"curies":[{"name":"wp","href":"https:\/\/api.w.org\/{rel}","templated":true}]}}