{"id":2520,"date":"2014-08-03T19:56:31","date_gmt":"2014-08-03T18:56:31","guid":{"rendered":"http:\/\/www.itkommando.hu\/site\/?page_id=2520"},"modified":"2021-07-14T17:35:49","modified_gmt":"2021-07-14T16:35:49","slug":"kutyak-chipek-muholdak","status":"publish","type":"page","link":"https:\/\/www.itkommando.hu\/site\/kutyak-chipek-muholdak\/","title":{"rendered":"Kuty\u00e1k, chipek, m\u0171holdak"},"content":{"rendered":"<blockquote><p>Az elveszett kuty\u00e1k megtal\u00e1l\u00e1s\u00e1t seg\u00edti a kuty\u00e1ba k\u00f6telez\u0151en be\u00fcltetett mikrochip.<\/p><\/blockquote>\n<p>Ezt a mondatot sajnos gyakran f\u00e9lre\u00e9rtik. L\u00e1ssuk hogyan m\u0171k\u00f6dik a kuty\u00e1ba \u00fcltetett mikrochip!<\/p>\n<p>A be\u00fcltetett mikrochip egy n\u00e9h\u00e1ny cm t\u00e1vols\u00e1gr\u00f3l leolvashat\u00f3 jelad\u00f3, amely \u00f6sszesen egy 15 jegy\u0171 sz\u00e1mot tartalmaz. Ez egy sorsz\u00e1m, ami az eg\u00e9sz vil\u00e1gon egyed\u00fcl\u00e1ll\u00f3. Ezt a sz\u00e1mot a kutya olt\u00e1si k\u00f6nyv\u00e9be is bevezetik.<\/p>\n<figure id=\"attachment_2512\" aria-describedby=\"caption-attachment-2512\" style=\"width: 150px\" class=\"wp-caption alignright\"><a href=\"http:\/\/www.itkommando.hu\/site\/wp-content\/uploads\/matyi4.jpg\"><img loading=\"lazy\" decoding=\"async\" class=\"size-thumbnail wp-image-2512 \" src=\"http:\/\/www.itkommando.hu\/site\/wp-content\/uploads\/matyi4-150x150.jpg\" alt=\"Gazd\u00e1ra v\u00e1r\u00f3 kuty\u00e1k\" width=\"150\" height=\"150\"><\/a><figcaption id=\"caption-attachment-2512\" class=\"wp-caption-text\">Az elk\u00f3borolt kuty\u00e1k gyakran menhelyeken k\u00f6tnek ki<\/figcaption><\/figure>\n<p>Ha ennyire egyszer\u0171 a rendszer, akkor hogyan seg\u00edt megtal\u00e1lni egy elk\u00f3borolt kuty\u00e1t?<\/p>\n<p>A rendszer l\u00e9nyege <a title=\"A petvetdata kis\u00e1llat adatb\u00e1zis\" href=\"http:\/\/petvetdata.hu\" target=\"_blank\" rel=\"noopener\">petvetdata.hu<\/a> oldalon el\u00e9rhet\u0151 adatb\u00e1zis. Az \u00e1llatorvos, amikor a chipet be\u00fclteti, ebben az adatb\u00e1zisban r\u00f6gz\u00edti a kutya \u00e9s a gazdi adatait. Amikor az \u00e1llat gazd\u00e1t cser\u00e9l, az adatokat ugyanebben az adatb\u00e1zisban m\u00f3dos\u00edtja.<\/p>\n<p>A chip sz\u00e1ma alapj\u00e1n (ez az olt\u00e1si k\u00f6nyvben is megtal\u00e1lhat\u00f3) b\u00e1rki ellen\u0151rizheti, hogy a kedvenc\u00e9r\u0151l milyen adatokat tartanak nyilv\u00e1n.<\/p>\n<p>Zorr\u00f3 kuty\u00e1r\u00f3l p\u00e9ld\u00e1ul a k\u00f6vetkez\u0151 adatokat tal\u00e1ltam:<\/p>\n<table>\n<tbody style=\"color: #ffffff;\">\n<tr>\n<td><span style=\"color: #000000;\"><b>Chipsz\u00e1m:<\/b><\/span><\/td>\n<td><span style=\"color: #000000;\">xxxxxxxxxxxxxx<\/span><\/td>\n<\/tr>\n<tr>\n<td><span style=\"color: #000000;\"><b>Tetov\u00e1l\u00e1si sz\u00e1m:<\/b><\/span><\/td>\n<td><span style=\"color: #000000;\">&nbsp;<\/span><\/td>\n<\/tr>\n<tr>\n<td><span style=\"color: #000000;\"><b>N\u00e9v:<\/b><\/span><\/td>\n<td><span style=\"color: #000000;\">Zorr\u00f3<\/span><\/td>\n<\/tr>\n<tr>\n<td><span style=\"color: #000000;\"><b>\u00c1llatfaj:<\/b><\/span><\/td>\n<td><span style=\"color: #000000;\">kutya<\/span><\/td>\n<\/tr>\n<tr>\n<td><span style=\"color: #000000;\"><b>Fajta:<\/b><\/span><\/td>\n<td><span style=\"color: #000000;\">kever\u00e9k (vizsla+labrador)<\/span><\/td>\n<\/tr>\n<tr>\n<td><span style=\"color: #000000;\"><b>Ivar:<\/b><\/span><\/td>\n<td><span style=\"color: #000000;\">h\u00edm<\/span><\/td>\n<\/tr>\n<tr>\n<td><span style=\"color: #000000;\"><b>Utols\u00f3 adatm\u00f3dos\u00edt\u00e1s:<\/b><\/span><\/td>\n<td><span style=\"color: #000000;\">2013.10.05<\/span><\/td>\n<\/tr>\n<tr>\n<td><span style=\"color: #000000;\"><b>Vesz\u00e9lyess\u00e9 nyilv\u00e1n\u00edtva (igen\/nem):<\/b><\/span><\/td>\n<td><span style=\"color: #000000;\">nem<\/span><\/td>\n<\/tr>\n<tr>\n<td><span style=\"color: #000000;\"><b>Legutols\u00f3 olt\u00e1s:<\/b><\/span><\/td>\n<td><span style=\"color: #000000;\">Nobi Vac. DHPPi+RL&nbsp;2013.xx.xx<\/span><\/td>\n<\/tr>\n<\/tbody>\n<\/table>\n<p>A legfelt\u0171n\u0151bb, hogy a gazd\u00e1r\u00f3l nem l\u00e1that\u00f3 adat. Ennek az az oka, hogy adatv\u00e9delmi okokb\u00f3l ezeket az adatokat csak az arra felhatalmazott szem\u00e9lyek (p\u00e9ld\u00e1ul \u00e1llatorvosok) l\u00e1thatj\u00e1k, kezelhetik.<\/p>\n<p>Ha a chipet leolvass\u00e1k, akkor annak sz\u00e1ma alapj\u00e1n az \u00e1llatorvosok,&nbsp; gyepmesteri telepek munkat\u00e1rsai a gazda adatait megn\u00e9zhetik \u00e9s kapcsolatba l\u00e9phetnek vele.<\/p>\n<p>A le\u00edr\u00e1sb\u00f3l azonnal l\u00e1tszik, hogy a rendszer m\u0171k\u00f6d\u00e9s\u00e9nek alapk\u00f6ve, hogy a nyilv\u00e1ntart\u00e1sban szerepl\u0151 adatok pontosak legyenek. Ez\u00e9rt az \u00e1llatorvossal az olt\u00e1sok alkalm\u00e1val \u00e9rdemes egyeztetni a nyilv\u00e1ntartott adatokat.<\/p>\n<p>A rendszer m\u00e1sik jellemz\u0151je, hogy csak akkor k\u00e9pes seg\u00edteni, ha a kutya p\u00e1r centim\u00e9terre van egy leolvas\u00f3 k\u00e9sz\u00fcl\u00e9kt\u0151l, vagyis am\u00edg nem jut el \u00e1llatorvoshoz vagy gyepmesteri telepre, addig az \u00e1llat tart\u00f3zkod\u00e1si hely\u00e9nek meghat\u00e1roz\u00e1sa nem lehets\u00e9ges. Ebb\u0151l a szempontb\u00f3l a billog illetve a tetov\u00e1l\u00e1s elektronikus megfelel\u0151j\u00e9nek tekinthet\u0151.<\/p>\n<p>Ha szeretn\u00e9nk a kedvenc\u00fcnket olyankor is k\u00f6vetni, amikor nem l\u00e1tjuk, akkor GPS nyak\u00f6rvre van sz\u00fcks\u00e9g\u00fcnk. Ez telefonon, vagy r\u00e1di\u00f3n kereszt\u00fcl t\u00e1j\u00e9koztat a nyak\u00f6rv pontos poz\u00edci\u00f3j\u00e1r\u00f3l, azonban az elem (akkumul\u00e1tor) \u00e9lettartama er\u0151sen korl\u00e1tozott a GPS vev\u0151 magas fogyaszt\u00e1sa miatt, vagy a k\u00e9sz\u00fcl\u00e9k m\u00e9rete nagy.<\/p>\n<p>Id\u0151nk\u00e9nt lehet r\u00e9mmes\u00e9ket hallani arr\u00f3l, hogy a kuty\u00e1kba az\u00e9rt \u00fcltetnek chipet, hogy a gazda tart\u00f3zkod\u00e1si hely\u00e9t t\u00e1volr\u00f3l k\u00f6vetni lehessen. Ezzel kapcsolatban rossz h\u00edrem van: Akinek van mobiltelefonja annak a helyzet\u00e9t n\u00e9h\u00e1ny 10 m k\u00f6r\u00f6n bel\u00fcl a szolg\u00e1ltat\u00f3 5 \u00e9vre visszamen\u0151leg meg tudja hat\u00e1rozni, a kutyachip (mint m\u00e1r kider\u00fclt) erre alkalmatlan.<\/p>\n<p>A chip nem teszi feleslegess\u00e9 az egyszer\u0171 bil\u00e9t\u00e1t a kutya nyak\u00f6rv\u00e9n, hiszen azt (ha a kutya bar\u00e1ts\u00e1gos) azonnal seg\u00e9deszk\u00f6z n\u00e9lk\u00fcl (na j\u00f3 nekem egy szem\u00fcveg kell) el lehet olvasni, m\u00edg a chip olvas\u00e1s\u00e1hoz eszk\u00f6z sz\u00fcks\u00e9ges.<\/p>\n<p>Kapcsol\u00f3d\u00f3 cikkek<\/p>\n<ul id=\"menu-tanacsoktanulmanyok\">\n<li id=\"menu-item-1834\"><a href=\"http:\/\/www.itkommando.hu\/site\/a_halozat_szolgalataban\/tanulmanyok\/gondolatok-az-internetes-labnyomrol\/\">Gondolatok az internetes l\u00e1bnyomr\u00f3l<\/a><\/li>\n<li id=\"menu-item-1052\"><a href=\"http:\/\/www.itkommando.hu\/site\/a_halozat_szolgalataban\/tanulmanyok\/gondolatok-az-internetes-labnyomrol\/\">Gondolatok az internetes l\u00e1bnyomr\u00f3l 2.<\/a><\/li>\n<li><a href=\"http:\/\/www.itkommando.hu\/site\/a_halozat_szolgalataban\/tanulmanyok\/nevtelenul-a-neten\/\">N\u00e9vtelen\u00fcl a neten<\/a><\/li>\n<li id=\"menu-item-1090\"><a href=\"http:\/\/www.itkommando.hu\/site\/a_halozat_szolgalataban\/tanulmanyok\/nevtelenul-a-neten2\/\">N\u00e9vtelen\u00fcl a neten 2.<\/a><\/li>\n<\/ul>\n","protected":false},"excerpt":{"rendered":"<p>Az elveszett kuty\u00e1k megtal\u00e1l\u00e1s\u00e1t seg\u00edti a kuty\u00e1ba k\u00f6telez\u0151en be\u00fcltetett mikrochip. Ezt a mondatot sajnos gyakran f\u00e9lre\u00e9rtik. L\u00e1ssuk hogyan m\u0171k\u00f6dik a kuty\u00e1ba \u00fcltetett mikrochip! A be\u00fcltetett mikrochip egy n\u00e9h\u00e1ny cm t\u00e1vols\u00e1gr\u00f3l&hellip;<a href=\"https:\/\/www.itkommando.hu\/site\/kutyak-chipek-muholdak\/\" class=\"more-link\"><span class=\"more-button\">Tov\u00e1bb a r\u00e9szletekre<span class=\"screen-reader-text\">Kuty\u00e1k, chipek, m\u0171holdak<\/span><\/span><\/a><\/p>\n","protected":false},"author":1,"featured_media":2512,"parent":0,"menu_order":0,"comment_status":"closed","ping_status":"closed","template":"","meta":{"footnotes":""},"categories":[14,64],"tags":[],"class_list":["post-2520","page","type-page","status-publish","has-post-thumbnail","hentry","category-biztonsag","category-tarsadalmi-szerepvallalas"],"aioseo_notices":[],"_links":{"self":[{"href":"https:\/\/www.itkommando.hu\/site\/wp-json\/wp\/v2\/pages\/2520","targetHints":{"allow":["GET"]}}],"collection":[{"href":"https:\/\/www.itkommando.hu\/site\/wp-json\/wp\/v2\/pages"}],"about":[{"href":"https:\/\/www.itkommando.hu\/site\/wp-json\/wp\/v2\/types\/page"}],"author":[{"embeddable":true,"href":"https:\/\/www.itkommando.hu\/site\/wp-json\/wp\/v2\/users\/1"}],"replies":[{"embeddable":true,"href":"https:\/\/www.itkommando.hu\/site\/wp-json\/wp\/v2\/comments?post=2520"}],"version-history":[{"count":19,"href":"https:\/\/www.itkommando.hu\/site\/wp-json\/wp\/v2\/pages\/2520\/revisions"}],"predecessor-version":[{"id":5491,"href":"https:\/\/www.itkommando.hu\/site\/wp-json\/wp\/v2\/pages\/2520\/revisions\/5491"}],"wp:featuredmedia":[{"embeddable":true,"href":"https:\/\/www.itkommando.hu\/site\/wp-json\/wp\/v2\/media\/2512"}],"wp:attachment":[{"href":"https:\/\/www.itkommando.hu\/site\/wp-json\/wp\/v2\/media?parent=2520"}],"wp:term":[{"taxonomy":"category","embeddable":true,"href":"https:\/\/www.itkommando.hu\/site\/wp-json\/wp\/v2\/categories?post=2520"},{"taxonomy":"post_tag","embeddable":true,"href":"https:\/\/www.itkommando.hu\/site\/wp-json\/wp\/v2\/tags?post=2520"}],"curies":[{"name":"wp","href":"https:\/\/api.w.org\/{rel}","templated":true}]}}