{"id":2576,"date":"2014-09-02T09:27:08","date_gmt":"2014-09-02T08:27:08","guid":{"rendered":"http:\/\/www.itkommando.hu\/site\/?page_id=2576"},"modified":"2021-07-09T09:56:44","modified_gmt":"2021-07-09T08:56:44","slug":"a-magyar-nemzeti-bank-kozlemenyt-adott-ki-a-virtualis-fizetoeszkozokkel-kapcsolatban","status":"publish","type":"page","link":"https:\/\/www.itkommando.hu\/site\/a_halozat_szolgalataban\/tanulmanyok\/a-magyar-nemzeti-bank-kozlemenyt-adott-ki-a-virtualis-fizetoeszkozokkel-kapcsolatban\/","title":{"rendered":"A Magyar Nemzeti Bank k\u00f6zlem\u00e9nyt adott ki a virtu\u00e1lis fizet\u0151eszk\u00f6z\u00f6kkel kapcsolatban"},"content":{"rendered":"<p>A Magyar Nemzeti Bank v\u00e9lem\u00e9nye szerint <sup><a href=\"#footnote_1_2576\" id=\"identifier_1_2576\" class=\"footnote-link footnote-identifier-link\" title=\"&nbsp;A Magyar Nemzeti Bank k&ouml;zlem&eacute;nye\">1<\/a><\/sup> a virtu\u00e1lis fizet\u0151eszk\u00f6z\u00f6k kock\u00e1zatosak. Vegy\u00fck sorra:<\/p>\n<h3>\u00a0<strong>A fizet\u00e9sre haszn\u00e1lhat\u00f3 virtu\u00e1lis eszk\u00f6z elveszhet, ellophatj\u00e1k.<\/strong><\/h3>\n<figure id=\"attachment_2245\" aria-describedby=\"caption-attachment-2245\" style=\"width: 150px\" class=\"wp-caption alignright\"><a href=\"http:\/\/www.itkommando.hu\/site\/wp-content\/uploads\/bitcoin-logo-3d.jpg\"><img loading=\"lazy\" decoding=\"async\" class=\"size-thumbnail wp-image-2245\" src=\"http:\/\/www.itkommando.hu\/site\/wp-content\/uploads\/bitcoin-logo-3d-150x150.jpg\" alt=\"Bitcoin\" width=\"150\" height=\"150\" srcset=\"https:\/\/www.itkommando.hu\/site\/wp-content\/uploads\/bitcoin-logo-3d-150x150.jpg 150w, https:\/\/www.itkommando.hu\/site\/wp-content\/uploads\/bitcoin-logo-3d-300x300.jpg 300w, https:\/\/www.itkommando.hu\/site\/wp-content\/uploads\/bitcoin-logo-3d-1024x1024.jpg 1024w, https:\/\/www.itkommando.hu\/site\/wp-content\/uploads\/bitcoin-logo-3d.jpg 1232w\" sizes=\"auto, (max-width: 150px) 100vw, 150px\" \/><\/a><figcaption id=\"caption-attachment-2245\" class=\"wp-caption-text\">Bitcoin \u00e9rme<\/figcaption><\/figure>\n<p>\u00c9pp \u00fagy, mint a k\u00e9szp\u00e9nzt, vagy a bankk\u00e1rty\u00e1t. Azonban felmer\u00fcl a k\u00e9rd\u00e9s, hogy mit k\u00f6nnyebb felt\u00f6rni egy DES \u00a0<sup><a href=\"#footnote_2_2576\" id=\"identifier_2_2576\" class=\"footnote-link footnote-identifier-link\" title=\"&nbsp;A 90-es &eacute;vek k&ouml;zepe &oacute;ta elavultnak tekinthet\u0151 titkos&iacute;t&aacute;si elj&aacute;r&aacute;s\">2<\/a><\/sup>\u00a0k\u00f3dol\u00e1ssal v\u00e9dett 4 jegy\u0171 pin k\u00f3dot, vagy egy ismeretlen hossz\u00fas\u00e1g\u00fa jelsz\u00f3t. Abban az\u00e9rt egyet\u00e9rthet\u00fcnk, hogy a klasszikus <strong><em>123456<\/em> <\/strong>jelsz\u00f3n k\u00edv\u00fcl a 4 jegy\u0171 pin k\u00f3dn\u00e1l szinte mind nagyobb v\u00e9delmet ad. Ami val\u00f3s vesz\u00e9ly, ha az ember elfelejti a BitCoin p\u00e9nzt\u00e1rc\u00e1j\u00e1hoz tartoz\u00f3 jelsz\u00f3t, ekkor \u00e9ppen a magas biztons\u00e1g miatt nem tud hozz\u00e1f\u00e9rni, mivel nincs egy bank, vagy iroda, ahol mag\u00e1t igazolva a p\u00e9nz\u00e9hez juthatna, m\u00e1r csak az\u00e9rt sem, mert a rendszer a sz\u00e1ml\u00e1k tulajdonosait nem tartja nyilv\u00e1n.<\/p>\n<h3>A hat\u00f3s\u00e1gi fel\u00fcgyelet hi\u00e1nya<\/h3>\n<figure id=\"attachment_2583\" aria-describedby=\"caption-attachment-2583\" style=\"width: 150px\" class=\"wp-caption alignright\"><a href=\"http:\/\/www.itkommando.hu\/site\/wp-content\/uploads\/huszforint.jpg\"><img loading=\"lazy\" decoding=\"async\" class=\"size-thumbnail wp-image-2583\" src=\"http:\/\/www.itkommando.hu\/site\/wp-content\/uploads\/huszforint-150x150.jpg\" alt=\"Egy h\u00faszforintos\" width=\"150\" height=\"150\" srcset=\"https:\/\/www.itkommando.hu\/site\/wp-content\/uploads\/huszforint-150x150.jpg 150w, https:\/\/www.itkommando.hu\/site\/wp-content\/uploads\/huszforint-300x300.jpg 300w, https:\/\/www.itkommando.hu\/site\/wp-content\/uploads\/huszforint-1024x1024.jpg 1024w, https:\/\/www.itkommando.hu\/site\/wp-content\/uploads\/huszforint.jpg 1394w\" sizes=\"auto, (max-width: 150px) 100vw, 150px\" \/><\/a><figcaption id=\"caption-attachment-2583\" class=\"wp-caption-text\">Az els\u0151 (pap\u00edr) h\u00faszforintos emblematikus \u00e1br\u00e1ja<\/figcaption><\/figure>\n<p>A virtu\u00e1lis fizet\u0151eszk\u00f6z\u00f6k eset\u00e9ben a szab\u00e1lyok betart\u00e1s\u00e1t nem a hat\u00f3s\u00e1gi fel\u00fcgyelet, hanem a mai matematikai ismereteink hi\u00e1nyoss\u00e1gai adj\u00e1k (k\u00f6nnyebb szorozni, mint osztani, k\u00f6nnyebb hatv\u00e1nyozni, mint gy\u00f6k\u00f6t vonni&#8230;). Ez egyszerre el\u0151ny \u00e9s h\u00e1tr\u00e1ny. Egy hat\u00f3s\u00e1gi szab\u00e1lyoz\u00e1s lehet rugalmas, azonban a matematikai eszk\u00f6z\u00f6kkel fel\u00e1ll\u00edtott szab\u00e1lyok merevek, ami a hib\u00e1z\u00e1snak is kisebb teret enged.<\/p>\n<h3><strong>Felel\u0151ss\u00e9gi, garanci\u00e1lis \u00e9s k\u00e1rvisel\u00e9si szab\u00e1lyok hi\u00e1nya<\/strong><\/h3>\n<p>Az, hogy a fizet\u00e9si rendszert egy egyenrang\u00fa h\u00e1l\u00f3zat tartja nyilv\u00e1n azt is jelenti, hogy a rendszer elind\u00edt\u00e1sa ut\u00e1n m\u00e1r a rendszerben nincsenek d\u00f6nt\u00e9shoz\u00f3k, am\u00edg biztos\u00edtott a rendszer m\u0171k\u00f6d\u00e9se, addig a szab\u00e1lyok \u201ebele vannak dr\u00f3tozva&#8221;, am\u00edg a rendszer m\u0171k\u00f6dik, ezek a szab\u00e1lyok \u00e9rv\u00e9nyesek. Ha a szab\u00e1lyokon v\u00e1ltoztatni kell, azt az \u00fczemeltet\u00e9st v\u00e9gz\u0151 \u00f6nk\u00e9ntesek t\u00f6bb, mint fel\u00e9nek el kell fogadnia (az \u00faj szab\u00e1lyokat megval\u00f3s\u00edt\u00f3 szoftvereket telep\u00edteni). Egyszem\u00e9lyi felel\u0151s nincsen, de a t\u00f6bbs\u00e9ggel szemben senki sem tehet semmit.<\/p>\n<h3><strong>A fizet\u00e9sre haszn\u00e1lhat\u00f3 virtu\u00e1lis eszk\u00f6z \u00e9rt\u00e9ke gyorsan v\u00e1ltozhat<\/strong><\/h3>\n<figure style=\"width: 220px\" class=\"wp-caption alignright\"><a href=\"http:\/\/upload.wikimedia.org\/wikipedia\/commons\/0\/0e\/Inflaci%C3%B3_utan_1946.jpg\"><img loading=\"lazy\" decoding=\"async\" class=\" \" src=\"http:\/\/upload.wikimedia.org\/wikipedia\/commons\/0\/0e\/Inflaci%C3%B3_utan_1946.jpg\" alt=\"Peng\u0151 egy val\u00f3s fizet\u00e9si eszk\u00f6z\" width=\"220\" height=\"300\" \/><\/a><figcaption class=\"wp-caption-text\">Utcak\u00e9p 1946 (A k\u00e9p forr\u00e1sa <a title=\"A BitCoin is egy labilis \u00e1rfolyam\u00fa &quot;p\u00e9nz&quot;\" href=\"http:\/\/commons.wikimedia.org\/wiki\/File:Inflaci%C3%B3_utan_1946.jpg\">Wikip\u00e9dia<\/a>)<\/figcaption><\/figure>\n<p>\u00cdgy van, \u00e9s v\u00e1ltozik is. Gyorsan \u00e9s hektikusan. A peng\u0151 m\u00f6g\u00f6tt (csak hogy magyar p\u00e9ld\u00e1t hozzak) volt jegybank, voltak felel\u0151s\u00f6k, 1946 j\u00falius\u00e1ban az \u00e1remelked\u00e9s m\u00e9rt\u00e9ke m\u00e9gis 10<sup>16<\/sup> % volt, ami a peng\u0151 megsz\u00fcntet\u00e9s\u00e9hez \u00e9s a forint bevezet\u00e9s\u00e9hez vezetett. Ez kiugr\u00f3 m\u00e9rt\u00e9k\u0171 p\u00e9nzroml\u00e1s volt, azonban k\u00f6zel sem egyed\u00fcl \u00e1ll\u00f3 eset, hogy az \u00e1rfolyam stabilit\u00e1s\u00e1t biztos\u00edt\u00f3 szervezetek nem \u00e1llnak a <a href=\"http:\/\/www.portfolio.hu\/gazdasag\/barmikor-egy-pillanat-alatt-eleghet-az-osszes-penzed-ime-5-ijeszto-eset.265059.html?utm_source=index.hu&amp;utm_medium=doboz&amp;utm_campaign=link\">helyzet\u00fck magaslat\u00e1n<\/a>.<\/p>\n<p>A fentiek alapj\u00e1n a technikai v\u00e9lem\u00e9ny\u00fcnk az, hogy a kock\u00e1zatok m\u00e1sok, mint a hagyom\u00e1nyos p\u00e9nzrendszer eset\u00e9n, azt azonban csak a j\u00f6v\u0151 tudja megmutatni, hogy ezek a kock\u00e1zatok kisebbek, vagy nagyobbak-e.<\/p>\n<h3>A m\u00e1sik oldal<\/h3>\n<p>A k\u00f6zlem\u00e9ny kiad\u00e1sa \u00f3ta a kriptovalut\u00e1kat (els\u0151sorban a BitCoint) egyre t\u00f6bb helyen fogadj\u00e1k el fizet\u0151eszk\u00f6zk\u00e9nt. A BTC\/USD \u00e1rfolyam tov\u00e1bbra is igen volatilis (nagyon gyorsan v\u00e1ltozik), azonban a meredeken emelked\u0151 trend kimutat\u00e1s\u00e1hoz nincsen sz\u00fcks\u00e9g komoly elemz\u0151i k\u00e9pess\u00e9gekre.<\/p>\n<p>Az <a href=\"http:\/\/m.portfolio.hu\/vallalatok\/imf-csak-ido-kerdese-hogy-a-kriptopenzek-fenekestul-felforgassak-a-penzugyi-vilagot.264053.html?utm_source=index.hu&amp;utm_medium=doboz&amp;utm_campaign=link\">IMF jelent\u00e9se<\/a> szerint a BitCoin (vagy valamelyik ut\u00f3dja) komoly ellenfele lehet a kisebb preszt\u00edzs\u0171 nemzeti valut\u00e1knak. Ehhez nem kellett k\u00fcl\u00f6n\u00f6sebben nagy l\u00e1tnoki k\u00e9pess\u00e9g, mert a cs\u0151d sz\u00e9l\u00e9n \u00e1ll\u00f3 Venezuel\u00e1ban az \u00e9rt\u00e9ktelen boliv\u00e1r helyett egyre gyakrabban haszn\u00e1lnak BitCoint (USD mellett), illetve \u00c9szak Korea is egyre akt\u00edvabb a <a href=\"http:\/\/www.bitcoinbazis.hu\/mikozben-mindenki-hard-forkra-koncentral-eszak-korea-bitcoin-banyaszatba-kezdett\/\">BitCoin b\u00e1ny\u00e1szatban<\/a>.<\/p>\n<h3>Kapcsolat a b\u0171n\u00f6z\u00e9ssel<\/h3>\n<p>A BitCoint haszn\u00e1lj\u00e1k a b\u0171n\u00f6z\u0151k is, azonban a hagyom\u00e1nyos p\u00e9nzek szerepe sem cs\u00f6kkent. Egy m\u00e1sik cikk\u00fcnkben olyan <a href=\"http:\/\/www.itkommando.hu\/site\/leirasok\/egy-laptop-vasarlasi-kiserlet\/\">csal\u00f3 web\u00e1ruh\u00e1zat<\/a> mutatunk be, ahol a fizet\u00e9s foly\u00f3sz\u00e1ml\u00e1ra\u00a0 t\u00f6rt\u00e9nik, \u00e9s a nemzeti valut\u00e1k sz\u00e9les v\u00e1laszt\u00e9k\u00e1t aj\u00e1nlja fel a fizet\u00e9shez.<\/p>\n<h3>Kapcsol\u00f3d\u00f3 cikkek<\/h3>\n<ul id=\"menu-tanacsoktanulmanyok\">\n<li id=\"menu-item-1052\"><a href=\"http:\/\/www.itkommando.hu\/site\/a_halozat_szolgalataban\/tanulmanyok\/nevtelenul-a-neten\/\">N\u00e9vtelen\u00fcl a neten<\/a><\/li>\n<li><a title=\"Hogyan lehet az interneten diszkr\u00e9ten tev\u00e9kenykedni\" href=\"http:\/\/www.itkommando.hu\/site\/category\/tanacsok\/internet\/tor\/\">A TOR rendszer ismertet\u00e9se<\/a><\/li>\n<li><a href=\"http:\/\/www.itkommando.hu\/site\/a-bitcoint-betiltottak-oroszorszagban\/\">A Bitcoint betiltott\u00e1k Oroszorsz\u00e1gban<\/a><\/li>\n<li><a href=\"http:\/\/www.itkommando.hu\/site\/a_halozat_szolgalataban\/tanulmanyok\/bitcoin-automatat-helyeztek-uzembe-budapesten\/\">BitCoin automat\u00e1t helyeztek \u00fczembe Budapesten<\/a><\/li>\n<\/ul>\n<ol class=\"footnotes\"><li id=\"footnote_1_2576\" class=\"footnote\">\u00a0<a title=\"A Magyar Nemzeti Bank k\u00f6zlem\u00e9nye a BitCoinr\u00f3l\" href=\"http:\/\/www.itkommando.hu\/site\/a_halozat_szolgalataban\/tanulmanyok\/bitcoin-automatat-helyeztek-uzembe-budapesten\/\" target=\"_blank\" rel=\"noopener\">A Magyar Nemzeti Bank k\u00f6zlem\u00e9nye <\/a><span class=\"footnote-back-link-wrapper\">[<a href=\"#identifier_1_2576\" class=\"footnote-link footnote-back-link\">&#8617;<\/a>]<\/span><\/li><li id=\"footnote_2_2576\" class=\"footnote\">\u00a0A 90-es \u00e9vek k\u00f6zepe \u00f3ta elavultnak tekinthet\u0151 titkos\u00edt\u00e1si elj\u00e1r\u00e1s <span class=\"footnote-back-link-wrapper\">[<a href=\"#identifier_2_2576\" class=\"footnote-link footnote-back-link\">&#8617;<\/a>]<\/span><\/li><\/ol>","protected":false},"excerpt":{"rendered":"<p>A Magyar Nemzeti Bank v\u00e9lem\u00e9nye szerint 1 a virtu\u00e1lis fizet\u0151eszk\u00f6z\u00f6k kock\u00e1zatosak. Vegy\u00fck sorra: \u00a0A fizet\u00e9sre haszn\u00e1lhat\u00f3 virtu\u00e1lis eszk\u00f6z elveszhet, ellophatj\u00e1k. \u00c9pp \u00fagy, mint a k\u00e9szp\u00e9nzt, vagy a bankk\u00e1rty\u00e1t. Azonban felmer\u00fcl&hellip;<a href=\"https:\/\/www.itkommando.hu\/site\/a_halozat_szolgalataban\/tanulmanyok\/a-magyar-nemzeti-bank-kozlemenyt-adott-ki-a-virtualis-fizetoeszkozokkel-kapcsolatban\/\" class=\"more-link\"><span class=\"more-button\">Tov\u00e1bb a r\u00e9szletekre<span class=\"screen-reader-text\">A Magyar Nemzeti Bank k\u00f6zlem\u00e9nyt adott ki a virtu\u00e1lis fizet\u0151eszk\u00f6z\u00f6kkel kapcsolatban<\/span><\/span><\/a><\/p>\n","protected":false},"author":1,"featured_media":2583,"parent":397,"menu_order":0,"comment_status":"closed","ping_status":"closed","template":"","meta":{"footnotes":""},"categories":[74,14,70,13,16],"tags":[],"class_list":["post-2576","page","type-page","status-publish","has-post-thumbnail","hentry","category-bitcoin","category-biztonsag","category-internet","category-szoftver","category-tanacsok"],"aioseo_notices":[],"_links":{"self":[{"href":"https:\/\/www.itkommando.hu\/site\/wp-json\/wp\/v2\/pages\/2576","targetHints":{"allow":["GET"]}}],"collection":[{"href":"https:\/\/www.itkommando.hu\/site\/wp-json\/wp\/v2\/pages"}],"about":[{"href":"https:\/\/www.itkommando.hu\/site\/wp-json\/wp\/v2\/types\/page"}],"author":[{"embeddable":true,"href":"https:\/\/www.itkommando.hu\/site\/wp-json\/wp\/v2\/users\/1"}],"replies":[{"embeddable":true,"href":"https:\/\/www.itkommando.hu\/site\/wp-json\/wp\/v2\/comments?post=2576"}],"version-history":[{"count":14,"href":"https:\/\/www.itkommando.hu\/site\/wp-json\/wp\/v2\/pages\/2576\/revisions"}],"predecessor-version":[{"id":5022,"href":"https:\/\/www.itkommando.hu\/site\/wp-json\/wp\/v2\/pages\/2576\/revisions\/5022"}],"up":[{"embeddable":true,"href":"https:\/\/www.itkommando.hu\/site\/wp-json\/wp\/v2\/pages\/397"}],"wp:featuredmedia":[{"embeddable":true,"href":"https:\/\/www.itkommando.hu\/site\/wp-json\/wp\/v2\/media\/2583"}],"wp:attachment":[{"href":"https:\/\/www.itkommando.hu\/site\/wp-json\/wp\/v2\/media?parent=2576"}],"wp:term":[{"taxonomy":"category","embeddable":true,"href":"https:\/\/www.itkommando.hu\/site\/wp-json\/wp\/v2\/categories?post=2576"},{"taxonomy":"post_tag","embeddable":true,"href":"https:\/\/www.itkommando.hu\/site\/wp-json\/wp\/v2\/tags?post=2576"}],"curies":[{"name":"wp","href":"https:\/\/api.w.org\/{rel}","templated":true}]}}