{"id":2598,"date":"2014-09-21T19:08:25","date_gmt":"2014-09-21T18:08:25","guid":{"rendered":"http:\/\/www.itkommando.hu\/site\/?page_id=2598"},"modified":"2021-07-11T20:37:19","modified_gmt":"2021-07-11T19:37:19","slug":"a-google-es-a-duckduckgo-kereso-hasznalata","status":"publish","type":"page","link":"https:\/\/www.itkommando.hu\/site\/a_halozat_szolgalataban\/tanulmanyok\/a-google-es-a-duckduckgo-kereso-hasznalata\/","title":{"rendered":"A Google \u00e9s a DuckDuckGo keres\u0151 haszn\u00e1lata 1"},"content":{"rendered":"<p>Az interneten val\u00f3 keres\u00e9skor a leggyakoribb probl\u00e9ma, hogy kezelhetetlen mennyis\u00e9g\u0171 tal\u00e1latot kapunk, azonban t\u00falnyom\u00f3 t\u00f6bbs\u00e9g\u00fck nem a minket \u00e9rdekl\u0151 aspektusb\u00f3l j\u00e1rja k\u00f6r\u00fcl a t\u00e9m\u00e1t (az azonos alak\u00fa vagy t\u00f6bb jelent\u00e9s\u0171 szavak hat\u00e1s\u00e1r\u00f3l nem is besz\u00e9lt\u00fcnk).<\/p>\n<figure id=\"attachment_2599\" aria-describedby=\"caption-attachment-2599\" style=\"width: 150px\" class=\"wp-caption alignright\"><img loading=\"lazy\" decoding=\"async\" class=\"size-thumbnail wp-image-2599\" src=\"http:\/\/www.itkommando.hu\/site\/wp-content\/uploads\/kereso1-150x150.png\" alt=\"A keres\u0151\" width=\"150\" height=\"150\" \/><figcaption id=\"caption-attachment-2599\" class=\"wp-caption-text\">A legismertebb keres\u0151 nyit\u00f3oldala<\/figcaption><\/figure>\n<p>Ebben a cikkben a Google-t haszn\u00e1ljuk a technik\u00e1k\u00a0 bemutat\u00e1s\u00e1ra, azonban a legt\u00f6bb keres\u0151 hasonl\u00f3an m\u0171k\u00f6dik<\/p>\n<p>A <a href=\"https:\/\/www.google.com\/\">Google<\/a> keres\u0151j\u00e9nek nem az az egyetlen szolg\u00e1ltat\u00e1sa, hogy egy rak\u00e1s sz\u00f3t be\u00edrunk \u00e9s kiadja a weboldalakat, amelyekben ezek a szavak el\u0151fordulnak.<\/p>\n<p>Els\u0151 k\u00f6rben a keres\u00e9s pontos\u00edt\u00e1s\u00e1nak lehet\u0151s\u00e9geit vegy\u00fck sz\u00e1mba:<\/p>\n<p>A mostani p\u00e9lda legyen az, hogy a Pip\u00e1s Pista n\u00e9ven ismert, a szegedi\u00a0 tanyavil\u00e1gban a XX. sz\u00e1zad elej\u00e9n tev\u00e9kenyked\u0151 b\u00e9rgyilkosn\u0151r\u0151l szerezz\u00fcnk min\u00e9l t\u00f6bb inform\u00e1ci\u00f3t. Pip\u00e1s Pista n\u0151k\u00e9nt sz\u00fcletett tal\u00e1n F\u0151di Vikt\u00f3ria n\u00e9ven. \u00c9let\u00e9t egy id\u0151 ut\u00e1n f\u00e9rfi ruh\u00e1ban, f\u00e9rfi napsz\u00e1mosk\u00e9nt \u00e9lte. Az Els\u0151 Vil\u00e1gh\u00e1bor\u00fat k\u00f6vet\u0151 zavaros id\u0151kben meg\u00f6lte t\u00f6bb asszony f\u00e9rj\u00e9t.<\/p>\n<p>Az alap eset, amikor be\u00edrjuk a kulcsszavakat, ami szerintit keresi szeretn\u00e9nk:<\/p>\n<pre>Pip\u00e1s Pista<\/pre>\n<figure id=\"attachment_2600\" aria-describedby=\"caption-attachment-2600\" style=\"width: 201px\" class=\"wp-caption aligncenter\"><a href=\"http:\/\/www.itkommando.hu\/site\/wp-content\/uploads\/kereso2.png\"><img loading=\"lazy\" decoding=\"async\" class=\"size-thumbnail wp-image-2600\" src=\"http:\/\/www.itkommando.hu\/site\/wp-content\/uploads\/kereso2-150x150.png\" alt=\"Egyszer\u0171 keres\u0151sza\" width=\"201\" height=\"201\" \/><\/a><figcaption id=\"caption-attachment-2600\" class=\"wp-caption-text\">Az egyszer\u0171 keres\u0151szavak t\u00f6bbnyire j\u00f3 eredm\u00e9nyt adnak<\/figcaption><\/figure>\n<p>Az els\u0151 sz\u0171k\u00edt\u00e9si lehet\u0151s\u00e9g, r\u00f6gt\u00f6n a beviteli mez\u0151 alatt l\u00e1that\u00f3 sor:<\/p>\n<pre>Internet K\u00e9pek Vide\u00f3k T\u00e9rk\u00e9p H\u00edrek Egyebek Keres\u0151eszk\u00f6z\u00f6k<\/pre>\n<p>Itt kiv\u00e1laszthatjuk, ha a t\u00e9m\u00e1val kapcsolatos k\u00e9pek, vide\u00f3k, t\u00e9rk\u00e9pek, \u00e9rdekelnek. Ezzel a tal\u00e1lati lista er\u0151sen sz\u0171k\u00edthet\u0151.<\/p>\n<p>A tal\u00e1lati list\u00e1t v\u00e9gigb\u00f6ng\u00e9szve egyb\u0151l l\u00e1tszik, hogy a tal\u00e1latok nagy r\u00e9sze nem t\u00f6rt\u00e9nelmi m\u0171, hanem egy sz\u00edndarab (tanyawestern) marketinganyagja, teh\u00e1t a<strong><em> tanyawestern<\/em><\/strong> \u00e9s a <strong><em>sz\u00ednh\u00e1z<\/em><\/strong> szavakat z\u00e1rjuk ki. A keres\u0151kifejez\u00e9s \u00edgy fog kin\u00e9zni:<\/p>\n<pre>Pip\u00e1s Pista -tanyawestern -sz\u00ednh\u00e1z<\/pre>\n<p>A keres\u0151sz\u00f3 el\u0151tt a &#8211; jel azt jelenti, hogy csak azok az oldalak \u00e9rdekelnek, amelyekben az adott sz\u00f3 vagy kifejez\u00e9s nem szerepel.<\/p>\n<p>Lehet\u0151s\u00e9g van konkr\u00e9t kifejez\u00e9sre is keresni, ilyenkor a kifejez\u00e9st id\u00e9z\u0151jelbe kell tenni:<\/p>\n<pre>\"Pip\u00e1s Pista\" -tanyawestern -sz\u00ednh\u00e1z<\/pre>\n<figure id=\"attachment_2612\" aria-describedby=\"caption-attachment-2612\" style=\"width: 150px\" class=\"wp-caption aligncenter\"><a href=\"http:\/\/www.itkommando.hu\/site\/wp-content\/uploads\/kerso3.png\"><img loading=\"lazy\" decoding=\"async\" class=\"size-thumbnail wp-image-2612\" src=\"http:\/\/www.itkommando.hu\/site\/wp-content\/uploads\/kerso3-150x150.png\" alt=\"Kere\u00e9ss adott kifejez\u00e9re id\u00e9z\u0151jelekkel\" width=\"150\" height=\"150\" \/><\/a><figcaption id=\"caption-attachment-2612\" class=\"wp-caption-text\">A kifejez\u00e9sre val\u00f3 keres\u00e9ssel a tal\u00e1latok sz\u00e1m\u00e1t 365\u00a0000-r\u00f3l 4\u00a0250-re siker\u00fclt cs\u00f6kkenteni<\/figcaption><\/figure>\n<p>Ezzel megel\u0151zz\u00fck, hogy a &#8222;Pista nagy pip\u00e1s&#8221; jelleg\u0171 (az el\u0151z\u0151 felt\u00e9teleknek megfelel\u0151) tal\u00e1latok megjelenjenek.<\/p>\n<p>Kapcsol\u00f3d\u00f3 cikkek:<\/p>\n<ul>\n<li><a title=\"A Google \u00e9s a DuckDuckGo keres\u0151 haszn\u00e1lata 2\" href=\"http:\/\/www.itkommando.hu\/site\/a_halozat_szolgalataban\/tanulmanyok\/a-google-es-a-duckduckgo-kereso-hasznalata-2\/\">A Google \u00e9s a DuckDuckGo keres\u0151 haszn\u00e1lata\u00a0<\/a>2<\/li>\n<li><a href=\"http:\/\/www.itkommando.hu\/site\/a_halozat_szolgalataban\/tanulmanyok\/hogyan-bannak-a-szolgaltatok-az-adatainkkal\/\">Hogyan b\u00e1nnak a szolg\u00e1ltat\u00f3k az adatainkkal?<\/a><\/li>\n<\/ul>\n","protected":false},"excerpt":{"rendered":"<p>Az interneten val\u00f3 keres\u00e9skor a leggyakoribb probl\u00e9ma, hogy kezelhetetlen mennyis\u00e9g\u0171 tal\u00e1latot kapunk, azonban t\u00falnyom\u00f3 t\u00f6bbs\u00e9g\u00fck nem a minket \u00e9rdekl\u0151 aspektusb\u00f3l j\u00e1rja k\u00f6r\u00fcl a t\u00e9m\u00e1t (az azonos alak\u00fa vagy t\u00f6bb jelent\u00e9s\u0171&hellip;<a href=\"https:\/\/www.itkommando.hu\/site\/a_halozat_szolgalataban\/tanulmanyok\/a-google-es-a-duckduckgo-kereso-hasznalata\/\" class=\"more-link\"><span class=\"more-button\">Tov\u00e1bb a r\u00e9szletekre<span class=\"screen-reader-text\">A Google \u00e9s a DuckDuckGo keres\u0151 haszn\u00e1lata 1<\/span><\/span><\/a><\/p>\n","protected":false},"author":1,"featured_media":2599,"parent":397,"menu_order":0,"comment_status":"closed","ping_status":"closed","template":"","meta":{"footnotes":""},"categories":[70,13,16,55],"tags":[],"class_list":["post-2598","page","type-page","status-publish","has-post-thumbnail","hentry","category-internet","category-szoftver","category-tanacsok","category-web"],"aioseo_notices":[],"_links":{"self":[{"href":"https:\/\/www.itkommando.hu\/site\/wp-json\/wp\/v2\/pages\/2598","targetHints":{"allow":["GET"]}}],"collection":[{"href":"https:\/\/www.itkommando.hu\/site\/wp-json\/wp\/v2\/pages"}],"about":[{"href":"https:\/\/www.itkommando.hu\/site\/wp-json\/wp\/v2\/types\/page"}],"author":[{"embeddable":true,"href":"https:\/\/www.itkommando.hu\/site\/wp-json\/wp\/v2\/users\/1"}],"replies":[{"embeddable":true,"href":"https:\/\/www.itkommando.hu\/site\/wp-json\/wp\/v2\/comments?post=2598"}],"version-history":[{"count":23,"href":"https:\/\/www.itkommando.hu\/site\/wp-json\/wp\/v2\/pages\/2598\/revisions"}],"predecessor-version":[{"id":5182,"href":"https:\/\/www.itkommando.hu\/site\/wp-json\/wp\/v2\/pages\/2598\/revisions\/5182"}],"up":[{"embeddable":true,"href":"https:\/\/www.itkommando.hu\/site\/wp-json\/wp\/v2\/pages\/397"}],"wp:featuredmedia":[{"embeddable":true,"href":"https:\/\/www.itkommando.hu\/site\/wp-json\/wp\/v2\/media\/2599"}],"wp:attachment":[{"href":"https:\/\/www.itkommando.hu\/site\/wp-json\/wp\/v2\/media?parent=2598"}],"wp:term":[{"taxonomy":"category","embeddable":true,"href":"https:\/\/www.itkommando.hu\/site\/wp-json\/wp\/v2\/categories?post=2598"},{"taxonomy":"post_tag","embeddable":true,"href":"https:\/\/www.itkommando.hu\/site\/wp-json\/wp\/v2\/tags?post=2598"}],"curies":[{"name":"wp","href":"https:\/\/api.w.org\/{rel}","templated":true}]}}