{"id":2631,"date":"2014-09-30T09:59:31","date_gmt":"2014-09-30T08:59:31","guid":{"rendered":"http:\/\/www.itkommando.hu\/site\/?page_id=2631"},"modified":"2021-07-09T09:05:57","modified_gmt":"2021-07-09T08:05:57","slug":"a-google-es-a-duckduckgo-kereso-hasznalata-2","status":"publish","type":"page","link":"https:\/\/www.itkommando.hu\/site\/a_halozat_szolgalataban\/tanulmanyok\/a-google-es-a-duckduckgo-kereso-hasznalata-2\/","title":{"rendered":"A Google \u00e9s a DuckDuckGo keres\u0151 haszn\u00e1lata 2"},"content":{"rendered":"<p>Ebben a r\u00e9szben az <a title=\"A Google \u00e9s a DuckDuckGo keres\u0151 haszn\u00e1lata 1\" href=\"http:\/\/www.itkommando.hu\/site\/a_halozat_szolgalataban\/tanulmanyok\/a-google-es-a-duckduckgo-kereso-hasznalata\/\">el\u0151z\u0151 r\u00e9szben<\/a> t\u00e1rgyalt lehet\u0151s\u00e9geket b\u0151v\u00edtj\u00fck tov\u00e1bb.<\/p>\n<p>A lehet\u0151s\u00e9gek sokr\u00e9t\u0171s\u00e9ge miatt itt a keres\u00e9si direkt\u00edva nev\u00e9t emelj\u00fck ki, majd a haszn\u00e1lat\u00e1t mutatjuk be p\u00e9ld\u00e1kon.<\/p>\n<h3>\u00a0site<\/h3>\n<p>Ha k\u00edv\u00e1ncsiak vagyunk mit \u00edr a index.hu\u00a0 Pip\u00e1s Pist\u00e1r\u00f3l, a keres\u00e9s \u00edgy n\u00e9z ki:<\/p>\n<pre>site:index.hu Pip\u00e1s Pista<\/pre>\n<p>Term\u00e9szetesen a t\u00f6bbi lehet\u0151s\u00e9ggel egy\u00fctt is haszn\u00e1lhat\u00f3:<\/p>\n<pre>site:index.hu \"Pip\u00e1s Pista\" -tanyawestern<\/pre>\n<p>A keres\u00e9s eredm\u00e9ny\u00e9b\u0151l ki is z\u00e1rhatunk webhelyeket, a szok\u00e1sos \u201e-&#8221; jellel:<\/p>\n<pre>-site:index.hu \"Pip\u00e1s Pista\"<\/pre>\n<h3>A keres\u00e9si kifejez\u00e9s poz\u00edci\u00f3ja<\/h3>\n<figure id=\"attachment_2646\" aria-describedby=\"caption-attachment-2646\" style=\"width: 150px\" class=\"wp-caption alignright\"><a href=\"http:\/\/www.itkommando.hu\/site\/wp-content\/uploads\/kerso12.png\"><img loading=\"lazy\" decoding=\"async\" class=\"size-thumbnail wp-image-2646\" src=\"http:\/\/www.itkommando.hu\/site\/wp-content\/uploads\/kerso12-150x150.png\" alt=\"Keres\u00e9s a c\u00edmben (title) \" width=\"150\" height=\"150\" \/><\/a><figcaption id=\"caption-attachment-2646\" class=\"wp-caption-text\">A c\u00edmben val\u00f3 keres\u00e9s bizonyos esetekben sz\u00e9ls\u0151s\u00e9gesen hat\u00e9kony lehet<\/figcaption><\/figure>\n<p>Tov\u00e1bbi sz\u0171k\u00edt\u00e9si lehet\u0151s\u00e9g, hogy azt adjuk meg, hogy a dokumentum mely r\u00e9sz\u00e9ben tal\u00e1lhat\u00f3 az adott kifejez\u00e9s.<br \/>\nP\u00e9ld\u00e1ul a c\u00edmben szerepel:<\/p>\n<pre>allintitle: \"Pip\u00e1s Pista\"<\/pre>\n<p>Vagy a cikk sz\u00f6veg\u00e9ben:<\/p>\n<pre>allintext: \u00a0\"Pip\u00e1s Pista\" -tanyawestern<\/pre>\n<p>Vagy a cikk webc\u00edm\u00e9ben (URL-j\u00e9ben) :<\/p>\n<pre>allinurl: \u00a0\"Pip\u00e1s Pista\"<\/pre>\n<h3>related<\/h3>\n<figure id=\"attachment_2645\" aria-describedby=\"caption-attachment-2645\" style=\"width: 150px\" class=\"wp-caption alignright\"><a href=\"http:\/\/www.itkommando.hu\/site\/wp-content\/uploads\/kerso11.png\"><img loading=\"lazy\" decoding=\"async\" class=\"size-thumbnail wp-image-2645 \" src=\"http:\/\/www.itkommando.hu\/site\/wp-content\/uploads\/kerso11-150x150.png\" alt=\"A hasonl\u00f3 (related) keres\u00e9s \" width=\"150\" height=\"150\" \/><\/a><figcaption id=\"caption-attachment-2645\" class=\"wp-caption-text\">Egy p\u00e9lda a hasonl\u00f3 (related) keres\u00e9sre<\/figcaption><\/figure>\n<p>A related keres\u00e9si direkt\u00edv\u00e1val az adott weblaphoz hasonl\u00f3akat kereshet\u00fcnk. A hasonl\u00f3s\u00e1gokat term\u00e9szetesen automata hat\u00e1rozza meg, ez\u00e9rt a \u201ehasonl\u00f3s\u00e1g&#8221; n\u00e9ha fura.<\/p>\n<pre>related:www.itkommando.hu<\/pre>\n<h3>Kapcsol\u00f3d\u00f3 cikkek<\/h3>\n<ul>\n<li><a title=\"A Google \u00e9s a DuckDuckGo keres\u0151 haszn\u00e1lata 1\" href=\"http:\/\/www.itkommando.hu\/site\/a_halozat_szolgalataban\/tanulmanyok\/a-google-es-a-duckduckgo-kereso-hasznalata\/\">A Google \u00e9s a DuckDuckGo keres\u0151 haszn\u00e1lata 1<\/a><\/li>\n<li><a href=\"http:\/\/www.itkommando.hu\/site\/a_halozat_szolgalataban\/tanulmanyok\/hogyan-bannak-a-szolgaltatok-az-adatainkkal\/\">Hogyan b\u00e1nnak a szolg\u00e1ltat\u00f3k az adatainkkal?<\/a><\/li>\n<\/ul>\n","protected":false},"excerpt":{"rendered":"<p>Ebben a r\u00e9szben az el\u0151z\u0151 r\u00e9szben t\u00e1rgyalt lehet\u0151s\u00e9geket b\u0151v\u00edtj\u00fck tov\u00e1bb. A lehet\u0151s\u00e9gek sokr\u00e9t\u0171s\u00e9ge miatt itt a keres\u00e9si direkt\u00edva nev\u00e9t emelj\u00fck ki, majd a haszn\u00e1lat\u00e1t mutatjuk be p\u00e9ld\u00e1kon. \u00a0site Ha k\u00edv\u00e1ncsiak&hellip;<a href=\"https:\/\/www.itkommando.hu\/site\/a_halozat_szolgalataban\/tanulmanyok\/a-google-es-a-duckduckgo-kereso-hasznalata-2\/\" class=\"more-link\"><span class=\"more-button\">Tov\u00e1bb a r\u00e9szletekre<span class=\"screen-reader-text\">A Google \u00e9s a DuckDuckGo keres\u0151 haszn\u00e1lata 2<\/span><\/span><\/a><\/p>\n","protected":false},"author":1,"featured_media":2599,"parent":397,"menu_order":0,"comment_status":"closed","ping_status":"closed","template":"","meta":{"footnotes":""},"categories":[70,11,13,16,55,71],"tags":[],"class_list":["post-2631","page","type-page","status-publish","has-post-thumbnail","hentry","category-internet","category-munkaallomas","category-szoftver","category-tanacsok","category-web","category-weblapokrol"],"aioseo_notices":[],"_links":{"self":[{"href":"https:\/\/www.itkommando.hu\/site\/wp-json\/wp\/v2\/pages\/2631","targetHints":{"allow":["GET"]}}],"collection":[{"href":"https:\/\/www.itkommando.hu\/site\/wp-json\/wp\/v2\/pages"}],"about":[{"href":"https:\/\/www.itkommando.hu\/site\/wp-json\/wp\/v2\/types\/page"}],"author":[{"embeddable":true,"href":"https:\/\/www.itkommando.hu\/site\/wp-json\/wp\/v2\/users\/1"}],"replies":[{"embeddable":true,"href":"https:\/\/www.itkommando.hu\/site\/wp-json\/wp\/v2\/comments?post=2631"}],"version-history":[{"count":20,"href":"https:\/\/www.itkommando.hu\/site\/wp-json\/wp\/v2\/pages\/2631\/revisions"}],"predecessor-version":[{"id":5005,"href":"https:\/\/www.itkommando.hu\/site\/wp-json\/wp\/v2\/pages\/2631\/revisions\/5005"}],"up":[{"embeddable":true,"href":"https:\/\/www.itkommando.hu\/site\/wp-json\/wp\/v2\/pages\/397"}],"wp:featuredmedia":[{"embeddable":true,"href":"https:\/\/www.itkommando.hu\/site\/wp-json\/wp\/v2\/media\/2599"}],"wp:attachment":[{"href":"https:\/\/www.itkommando.hu\/site\/wp-json\/wp\/v2\/media?parent=2631"}],"wp:term":[{"taxonomy":"category","embeddable":true,"href":"https:\/\/www.itkommando.hu\/site\/wp-json\/wp\/v2\/categories?post=2631"},{"taxonomy":"post_tag","embeddable":true,"href":"https:\/\/www.itkommando.hu\/site\/wp-json\/wp\/v2\/tags?post=2631"}],"curies":[{"name":"wp","href":"https:\/\/api.w.org\/{rel}","templated":true}]}}