{"id":2680,"date":"2014-11-20T09:43:02","date_gmt":"2014-11-20T08:43:02","guid":{"rendered":"http:\/\/www.itkommando.hu\/site\/?page_id=2680"},"modified":"2021-07-09T12:42:03","modified_gmt":"2021-07-09T11:42:03","slug":"a-felhoben-tarolt-adatokrol","status":"publish","type":"page","link":"https:\/\/www.itkommando.hu\/site\/a_halozat_szolgalataban\/tanulmanyok\/a-felhoben-tarolt-adatokrol\/","title":{"rendered":"A \u201efelh\u0151ben&#8221; t\u00e1rolt adatokr\u00f3l"},"content":{"rendered":"<p>Felmer\u00fclt, hogy a C\u00e9g Kft. az adatainak egy r\u00e9sz\u00e9t online t\u00e1rhelyre k\u00f6lt\u00f6ztetn\u00e9. Az els\u0151 \u00f6tlet a Google Drive haszn\u00e1lata volt, azonban m\u00e1r a <a title=\"Google szerz\u0151d\u00e9si felt\u00e9telei\" href=\"http:\/\/www.google.com\/intl\/hu\/policies\/terms\/\" target=\"_blank\" rel=\"noopener\">szerz\u0151d\u00e9si felt\u00e9telek<\/a> fel\u00fcletes \u00e1tolvas\u00e1sa ut\u00e1n kiesett:<\/p>\n<pre>Amikor felt\u00f6lt, bek\u00fcld, t\u00e1rol, elk\u00fcld vagy fogad tartalmakat a Szolg\u00e1ltat\u00e1sainkba vagy azokon kereszt\u00fcl, vil\u00e1gszerte \u00e9rv\u00e9nyes enged\u00e9lyt ad a Google-nak (\u00e9s a Google-lal egy\u00fcttm\u0171k\u00f6d\u0151knek) az ilyen tartalmak felhaszn\u00e1l\u00e1s\u00e1ra, hosztol\u00e1s\u00e1ra, t\u00e1rol\u00e1s\u00e1ra, reproduk\u00e1l\u00e1s\u00e1ra, m\u00f3dos\u00edt\u00e1s\u00e1ra, sz\u00e1rmaz\u00e9kos m\u0171vek l\u00e9trehoz\u00e1s\u00e1ra<\/pre>\n<p>C\u00e9ges adatok eset\u00e9n ez hat\u00e1rozottan nem k\u00edv\u00e1natos. Ha ez a kit\u00e9tel nem is szerepel a szolg\u00e1ltat\u00f3 felt\u00e9telei k\u00f6z\u00f6tt, m\u00e9g mindig plusz vesz\u00e9lyt jelent, hogy a C\u00e9g alkalmazottain k\u00edv\u00fcl az online szolg\u00e1ltat\u00f3 munkat\u00e1rsai is kezelik a bizalmas adatokat. Arra, hogy a legszigor\u00fabb adatkezel\u00e9s eset\u00e9n is el\u0151fordul adatsziv\u00e1rg\u00e1s, a <a title=\"A kisziv\u00e1rogtat\u00e1s mindenkit \u00e9rint\" href=\"http:\/\/wikileaks.org\/\" target=\"_blank\" rel=\"noopener\">Wikileaks<\/a> tal\u00e1n legszebb p\u00e9lda.<\/p>\n<p>Term\u00e9szetesen van megold\u00e1s, amennyiben az adatokat a szolg\u00e1ltat\u00f3n\u00e1l titkos\u00edtva t\u00e1roljuk.<\/p>\n<figure style=\"width: 240px\" class=\"wp-caption alignright\"><img loading=\"lazy\" decoding=\"async\" class=\" \" src=\"https:\/\/upload.wikimedia.org\/wikipedia\/commons\/2\/2d\/Cloud-computing-1.gif\" alt=\"Adatok tr\u00e1rol\u00e1sa a felh\u0151ben\" width=\"240\" height=\"168\" \/><figcaption class=\"wp-caption-text\">Az adatok t\u00e1rol\u00e1sa a felh\u0151ben igen praktikus lehet, azonban az \u00f3vatoss\u00e1g igen fontos (A k\u00e9p forr\u00e1sa: <a title=\"Az adatokat megfelel\u0151 k\u00f6r\u00fcltekint\u00e9ssel az Interneten is t\u00e1rolhatjuk\" href=\"https:\/\/commons.wikimedia.org\/wiki\/File:Cloud-computing-1.gif\" target=\"_blank\" rel=\"noopener\">Wikipedia<\/a>)<\/figcaption><\/figure>\n<p>Ha \u00edgy tesz\u00fcnk, akkor a t\u00e1rol\u00e1s hely\u00e9n az adatok nem olvashat\u00f3ak. Az, hogy a titkos\u00edt\u00e1sra a rendszer ki\u00e9p\u00edt\u0151je milyen strat\u00e9gi\u00e1t haszn\u00e1l a konkr\u00e9t k\u00f6r\u00fclm\u00e9nyekt\u0151l f\u00fcgg.<\/p>\n<p>Adatb\u00e1zisszerver eset\u00e9n a feladat \u00f6sszetettebb.<\/p>\n<p>Az els\u0151 l\u00e9p\u00e9s az adatb\u00e1zis redundanci\u00e1j\u00e1nak minim\u00e1lisra val\u00f3 cs\u00f6kkent\u00e9se, mivel a redundancia lehet\u0151s\u00e9geket ad arra, hogy a tartalomra vonatkoz\u00f3 k\u00f6vetkeztet\u00e9seket vonjon le egy esetleges k\u00edv\u00e1ncsiskod\u00f3. A redundancia cs\u00f6kkent\u00e9s\u00e9nek a m\u00f3dja, ha az adatb\u00e1zist 3. norm\u00e1l alakra hozzuk.<\/p>\n<p>Ha az adatb\u00e1zismez\u0151k tartalm\u00e1t determinisztikus <sup><a href=\"#footnote_1_2680\" id=\"identifier_1_2680\" class=\"footnote-link footnote-identifier-link\" title=\"(a determinisztikus titkos&iacute;t&aacute;si elj&aacute;r&aacute;sok adott kulcs mellett adott ny&iacute;lt sz&ouml;vegb\u0151l azonos titkos&iacute;tott sz&ouml;veget &aacute;ll&iacute;tanak el\u0151)\">1<\/a><\/sup> \u00a0elj\u00e1r\u00e1ssal titkos\u00edtj\u00fck, akkor az adatb\u00e1zis kereshet\u0151s\u00e9ge megmarad\u00a0 oly m\u00f3don, hogy a keresend\u0151 \u00e9rt\u00e9ket is titkos\u00edtjuk a vonatkoz\u00f3 kulccsal, \u00e9s a titkos\u00edtott \u00e9rt\u00e9ket helyettes\u00edtj\u00fck be a keres\u00e9si kifejez\u00e9sbe.\u00a0 \u00cdgy a n\u00e9zett\u00e1bl\u00e1k is m\u0171k\u00f6dnek kisebb v\u00e1ltoztat\u00e1sokkal.<\/p>\n<p>Az online szolg\u00e1ltat\u00e1s ig\u00e9nybev\u00e9tel\u00e9n\u00e9l figyelembe kell venni:<\/p>\n<ul>\n<li>Az online SQL szolg\u00e1ltat\u00f3 nem minden szolg\u00e1ltat\u00e1st ny\u00fajt, amit a saj\u00e1t \u00fczemeltet\u00e9s\u0171 azonos m\u00e1rkajelz\u00e9s\u0171 szerver<\/li>\n<li>Az adatforgalom\u00e9rt is kell fizetni<\/li>\n<li>Az el\u00e9rhet\u0151 s\u00e1vsz\u00e9less\u00e9g kisebb, mint lok\u00e1lis h\u00e1l\u00f3zaton<\/li>\n<\/ul>\n<p>A C\u00e9g Kft. vezet\u00e9se t\u00e1rgyal\u00e1sokat folytatott az \u00fcgyviteli rendszer k\u00e9sz\u00edt\u0151j\u00e9vel, aminek az eredm\u00e9nyei a k\u00f6vetkez\u0151k lettek:<\/p>\n<ul>\n<li>Az adatok titkos\u00edt\u00e1sa bel\u00e1that\u00f3 munk\u00e1val megoldhat\u00f3.<\/li>\n<li>A hi\u00e1nyz\u00f3 szolg\u00e1ltat\u00e1sok helyett vannak korszer\u0171bbek, mivel a program csak n\u00e9h\u00e1ny helyen haszn\u00e1lta ezeket. A friss\u00edt\u00e9st ingyen elv\u00e1llalt\u00e1k.<\/li>\n<li>Az adatforgalom cs\u00f6kkenthet\u0151 a programban haszn\u00e1lt lek\u00e9rdez\u00e9sek optimaliz\u00e1l\u00e1s\u00e1val, az azonban fokozatosan, a k\u00f6vetkez\u0151 programverzi\u00f3kban val\u00f3sul meg.<\/li>\n<li>Az adatb\u00e1zis 3. norm\u00e1l alakra val\u00f3 hozatala a program teljes \u00fajra\u00edr\u00e1s\u00e1t jelenten\u00e9, ezt nem v\u00e1llalt\u00e1k, azonban \u00edg\u00e9retet tettek az adatb\u00e1zis redundanci\u00e1j\u00e1nak folyamatos cs\u00f6kkent\u00e9s\u00e9re.<\/li>\n<\/ul>\n<p>A fenti l\u00e9p\u00e9sek megt\u00e9tele ut\u00e1n az online t\u00e1rhelyen lev\u0151 adatb\u00e1zis ugyan alkalmas arra, hogy illet\u00e9ktelenek nagy munk\u00e1val k\u00f6vetkeztet\u00e9seket vonjanak le a tartalm\u00e1val kapcsolatban, azonban ennek a k\u00f6lts\u00e9ge val\u00f3sz\u00edn\u0171leg meghaladja a C\u00e9g \u00e9rt\u00e9k\u00e9t, teh\u00e1t re\u00e1lis vesz\u00e9lyt nem jelent.<\/p>\n<p>A helyi informatikus utas\u00edt\u00e1st kapott, hogy hozzon l\u00e9tre egy online t\u00e1rhelyen titkos\u00edtott adatt\u00e1rol\u00f3t teszt jelleggel.<\/p>\n<p>A vizsg\u00e1lt param\u00e9terek:<\/p>\n<ul>\n<li>Az el\u00e9r\u00e9s sebess\u00e9ge \u00e9s praktikuss\u00e1ga<\/li>\n<li>Az el\u00e9r\u00e9s rendelkez\u00e9sre \u00e1ll\u00e1sa<\/li>\n<li>Egyszeri \u00e9s rendszeres k\u00f6lts\u00e9gek<\/li>\n<\/ul>\n<p>Az \u00fcgyviteli rendszer \u00e1talak\u00edt\u00e1s\u00e1val kapcsolatban az \u00e1raj\u00e1nlat \u00e9s tervezett \u00fctemterv alapj\u00e1n a j\u00f6v\u0151ben sz\u00fcletik d\u00f6nt\u00e9s.<\/p>\n<h3>\u00a0Kapcsol\u00f3d\u00f3 cikkek<\/h3>\n<ul>\n<li><a title=\"Hogyan tegy\u00fck e-mailjeinket hiteless\u00e9 \u00e9s bizalmass\u00e1? Bevezet\u0151\" href=\"http:\/\/www.itkommando.hu\/site\/a_halozat_szolgalataban\/tanulmanyok\/hogyan-tegyuk-e-mailjeinket-hitelesse-es-bizalmassa-bevezeto\/\">Hogyan tegy\u00fck e-mailjeinket hiteless\u00e9 \u00e9s bizalmass\u00e1? Bevezet\u0151<\/a><\/li>\n<li><a href=\"http:\/\/www.itkommando.hu\/site\/a_halozat_szolgalataban\/tanulmanyok\/hogyan-bannak-a-szolgaltatok-az-adatainkkal\/\">Hogyan b\u00e1nnak a szolg\u00e1ltat\u00f3k az adatainkkal?<\/a><\/li>\n<li><a href=\"http:\/\/www.itkommando.hu\/site\/a_halozat_szolgalataban\/tanulmanyok\/gondolatok-az-internetes-labnyomrol\/\">Gondolatok az internetes l\u00e1bnyomr\u00f3l<\/a><\/li>\n<li>A Facebookon megosztott tartalmak<\/li>\n<\/ul>\n<ol class=\"footnotes\"><li id=\"footnote_1_2680\" class=\"footnote\"> (a determinisztikus titkos\u00edt\u00e1si elj\u00e1r\u00e1sok adott kulcs mellett adott ny\u00edlt sz\u00f6vegb\u0151l azonos titkos\u00edtott sz\u00f6veget \u00e1ll\u00edtanak el\u0151) <span class=\"footnote-back-link-wrapper\">[<a href=\"#identifier_1_2680\" class=\"footnote-link footnote-back-link\">&#8617;<\/a>]<\/span><\/li><\/ol>","protected":false},"excerpt":{"rendered":"<p>Felmer\u00fclt, hogy a C\u00e9g Kft. az adatainak egy r\u00e9sz\u00e9t online t\u00e1rhelyre k\u00f6lt\u00f6ztetn\u00e9. Az els\u0151 \u00f6tlet a Google Drive haszn\u00e1lata volt, azonban m\u00e1r a szerz\u0151d\u00e9si felt\u00e9telek fel\u00fcletes \u00e1tolvas\u00e1sa ut\u00e1n kiesett: Amikor&hellip;<a href=\"https:\/\/www.itkommando.hu\/site\/a_halozat_szolgalataban\/tanulmanyok\/a-felhoben-tarolt-adatokrol\/\" class=\"more-link\"><span class=\"more-button\">Tov\u00e1bb a r\u00e9szletekre<span class=\"screen-reader-text\">A \u201efelh\u0151ben&#8221; t\u00e1rolt adatokr\u00f3l<\/span><\/span><\/a><\/p>\n","protected":false},"author":1,"featured_media":998,"parent":397,"menu_order":0,"comment_status":"closed","ping_status":"closed","template":"","meta":{"footnotes":""},"categories":[14,70,11,9,16],"tags":[],"class_list":["post-2680","page","type-page","status-publish","has-post-thumbnail","hentry","category-biztonsag","category-internet","category-munkaallomas","category-szerver","category-tanacsok"],"aioseo_notices":[],"_links":{"self":[{"href":"https:\/\/www.itkommando.hu\/site\/wp-json\/wp\/v2\/pages\/2680","targetHints":{"allow":["GET"]}}],"collection":[{"href":"https:\/\/www.itkommando.hu\/site\/wp-json\/wp\/v2\/pages"}],"about":[{"href":"https:\/\/www.itkommando.hu\/site\/wp-json\/wp\/v2\/types\/page"}],"author":[{"embeddable":true,"href":"https:\/\/www.itkommando.hu\/site\/wp-json\/wp\/v2\/users\/1"}],"replies":[{"embeddable":true,"href":"https:\/\/www.itkommando.hu\/site\/wp-json\/wp\/v2\/comments?post=2680"}],"version-history":[{"count":15,"href":"https:\/\/www.itkommando.hu\/site\/wp-json\/wp\/v2\/pages\/2680\/revisions"}],"predecessor-version":[{"id":5087,"href":"https:\/\/www.itkommando.hu\/site\/wp-json\/wp\/v2\/pages\/2680\/revisions\/5087"}],"up":[{"embeddable":true,"href":"https:\/\/www.itkommando.hu\/site\/wp-json\/wp\/v2\/pages\/397"}],"wp:featuredmedia":[{"embeddable":true,"href":"https:\/\/www.itkommando.hu\/site\/wp-json\/wp\/v2\/media\/998"}],"wp:attachment":[{"href":"https:\/\/www.itkommando.hu\/site\/wp-json\/wp\/v2\/media?parent=2680"}],"wp:term":[{"taxonomy":"category","embeddable":true,"href":"https:\/\/www.itkommando.hu\/site\/wp-json\/wp\/v2\/categories?post=2680"},{"taxonomy":"post_tag","embeddable":true,"href":"https:\/\/www.itkommando.hu\/site\/wp-json\/wp\/v2\/tags?post=2680"}],"curies":[{"name":"wp","href":"https:\/\/api.w.org\/{rel}","templated":true}]}}