{"id":2683,"date":"2014-10-13T15:48:46","date_gmt":"2014-10-13T14:48:46","guid":{"rendered":"http:\/\/www.itkommando.hu\/site\/?page_id=2683"},"modified":"2021-07-13T18:12:12","modified_gmt":"2021-07-13T17:12:12","slug":"gondolatok-az-internetes-labnyomrol-3","status":"publish","type":"page","link":"https:\/\/www.itkommando.hu\/site\/gondolatok-az-internetes-labnyomrol-3\/","title":{"rendered":"Gondolatok az internetes l\u00e1bnyomr\u00f3l 3"},"content":{"rendered":"<p>Eddig az internetes l\u00e1bnyomr\u00f3l mint ker\u00fclend\u0151 ellens\u00e9ges dologr\u00f3l besz\u00e9lt\u00fcnk, pedig ha \u00f3vatosan haszn\u00e1ljuk a hasznunkra is v\u00e1lhat.<img loading=\"lazy\" decoding=\"async\" class=\"alignright\" src=\"https:\/\/upload.wikimedia.org\/wikipedia\/commons\/thumb\/4\/4e\/Maldives_00147_foot_print_on_earth.jpg\/221px-Maldives_00147_foot_print_on_earth.jpg\" alt=\"\" width=\"221\" height=\"239\" \/><\/p>\n<p>\u00c1ll\u00e1skeres\u00e9skor ha:<\/p>\n<ul>\n<li>rendszeresen (\u00e9s azonos\u00edthat\u00f3an) akt\u00edvan jelen vagyunk szakmai \u00e9s szakmai jelleg\u0171 f\u00f3rumokon<\/li>\n<li>r\u00e9szt vesz\u00fcnk k\u00f6z\u00f6ss\u00e9gi projektekben (Wikip\u00e9dia, GithHub, gyakori k\u00e9rd\u00e9sek&#8230;)<\/li>\n<li>az internetes kommunik\u00e1ci\u00f3 sor\u00e1n tartsuk be az alapvet\u0151 udvariass\u00e1gi szab\u00e1lyokat<\/li>\n<li>ha olyan blogot \u00edrunk, gondoljunk arra, hogy az oldal \u00e1ltal r\u00f3lunk sugallt k\u00e9pet az \u00e9let m\u00e1s ter\u00fclet\u00e9n is felhaszn\u00e1lhatjuk<\/li>\n<\/ul>\n<p>Ha ezeket a szab\u00e1lyokat betartjuk, az \u00f6n\u00e9letrajzunkba nyugodtan be\u00edrhatjuk a <a title=\"A facebook mindenkir\u0151l (majdnem) mindent tud\" href=\"https:\/\/www.facebook.com\/\" target=\"_blank\" rel=\"noopener\">Facebook<\/a>, <a title=\"Gyorsabb, mint a FB\" href=\"https:\/\/twitter.com\/\" target=\"_blank\" rel=\"noopener\">twitter,<\/a> <a title=\"A szabad tud\u00e1s\" href=\"http:\/\/hu.wikipedia.org\" target=\"_blank\" rel=\"noopener\">Wikip\u00e9dia<\/a>, <a title=\"A csapatmunka helye\" href=\"https:\/\/github.com\/\" target=\"_blank\" rel=\"noopener\">GitHub<\/a> \u00e9s egy\u00e9b\u00a0 el\u00e9rhet\u0151s\u00e9get. Ezeket megadva t\u00e1j\u00e9koztathatjuk a rem\u00e9nybeli munk\u00e1ltat\u00f3nkat az adott ter\u00fcleten v\u00e9gzett tev\u00e9kenys\u00e9g\u00fcnkr\u0151l.<\/p>\n<p>Ez term\u00e9szetesen nem jelenti azt, hogy minden tev\u00e9kenys\u00e9g\u00fcnkr\u0151l t\u00e1j\u00e9koztatunk egy HR-est. A tev\u00e9kenys\u00e9geink k\u00f6z\u00fcl csak azokat c\u00e9lszer\u0171 felt\u00fcntetni egy \u00f6n\u00e9letrajzban, amelyek szimpatikuss\u00e1 tehetnek, illetve az adott poz\u00edci\u00f3val kapcsolatba hozhat\u00f3ak.<\/p>\n<p>Term\u00e9szetesen ez a hozz\u00e1\u00e1ll\u00e1s az internet tudatos haszn\u00e1lat\u00e1t felt\u00e9telezi. Ennek lehet eszk\u00f6ze, hogy a Facebookon, illetve hasonl\u00f3 oldalakon t\u00f6bb regisztr\u00e1ci\u00f3t haszn\u00e1lunk, b\u00e1r egy-egy \u201ekicsit meredekebb&#8221; bulifot\u00f3 ak\u00e1r szimpatikusabb\u00e1 is tehet.<\/p>\n<p>Ha az ember \u00f6nk\u00e9ntes munk\u00e1t v\u00e9gez, lehet k\u00e9rni k\u00f6sz\u00f6n\u0151 e-mailt, amivel azut\u00e1n a megfelel\u0151 helyeken lehet dicsekedni.<\/p>\n<h3>Kapcsol\u00f3d\u00f3 cikkek<\/h3>\n<ul id=\"menu-tanacsoktanulmanyok\">\n<li id=\"menu-item-1586\"><a title=\"Hogyan lehet az interneten diszkr\u00e9ten tev\u00e9kenykedni\" href=\"http:\/\/www.itkommando.hu\/site\/category\/tor\/\">A TOR rendszer ismertet\u00e9se<\/a><\/li>\n<li><a href=\"http:\/\/www.itkommando.hu\/site\/a_halozat_szolgalataban\/tanulmanyok\/a-titkositasi-eljarasokrol\/\">A titkos\u00edt\u00e1si elj\u00e1r\u00e1sokr\u00f3l<\/a><\/li>\n<li><a title=\"A Bitcoint betiltott\u00e1k Oroszorsz\u00e1gban\" href=\"http:\/\/www.itkommando.hu\/site\/a-bitcoint-betiltottak-oroszorszagban\/\">Oroszorsz\u00e1gban betiltott\u00e1k a Bitcoint<\/a><\/li>\n<li><a title=\"Gondolatok az internetes l\u00e1bnyomr\u00f3l\" href=\"http:\/\/www.itkommando.hu\/site\/a_halozat_szolgalataban\/tanulmanyok\/gondolatok-az-internetes-labnyomrol\/\">Gondolatok az internetes l\u00e1bnyomr\u00f3l.<\/a><\/li>\n<li><a href=\"http:\/\/www.itkommando.hu\/site\/a_halozat_szolgalataban\/tanulmanyok\/gondolatok-az-internetes-labnyomrol-2\/\">Gondolatok az internetes l\u00e1bnyomr\u00f3l 2.<\/a><\/li>\n<li><a title=\"Az Internetes l\u00e1bnyomr\u00f3l 4\" href=\"http:\/\/www.itkommando.hu\/site\/az-internetes-labnyomrol-4\/\">Gondolatok az internetes l\u00e1bnyomr\u00f3l 4.<\/a><\/li>\n<li><a title=\"Kuty\u00e1k, chipek, m\u0171holdak\" href=\"http:\/\/www.itkommando.hu\/site\/kutyak-chipek-muholdak\/\">Kuty\u00e1k, chipek, m\u0171holdak<\/a><\/li>\n<\/ul>\n","protected":false},"excerpt":{"rendered":"<p>Eddig az internetes l\u00e1bnyomr\u00f3l mint ker\u00fclend\u0151 ellens\u00e9ges dologr\u00f3l besz\u00e9lt\u00fcnk, pedig ha \u00f3vatosan haszn\u00e1ljuk a hasznunkra is v\u00e1lhat. \u00c1ll\u00e1skeres\u00e9skor ha: rendszeresen (\u00e9s azonos\u00edthat\u00f3an) akt\u00edvan jelen vagyunk szakmai \u00e9s szakmai jelleg\u0171 f\u00f3rumokon&hellip;<a href=\"https:\/\/www.itkommando.hu\/site\/gondolatok-az-internetes-labnyomrol-3\/\" class=\"more-link\"><span class=\"more-button\">Tov\u00e1bb a r\u00e9szletekre<span class=\"screen-reader-text\">Gondolatok az internetes l\u00e1bnyomr\u00f3l 3<\/span><\/span><\/a><\/p>\n","protected":false},"author":1,"featured_media":2362,"parent":0,"menu_order":0,"comment_status":"closed","ping_status":"closed","template":"","meta":{"footnotes":""},"categories":[14,75,70,16,64,67],"tags":[],"class_list":["post-2683","page","type-page","status-publish","has-post-thumbnail","hentry","category-biztonsag","category-e-mail","category-internet","category-tanacsok","category-tarsadalmi-szerepvallalas","category-wikipedia"],"aioseo_notices":[],"_links":{"self":[{"href":"https:\/\/www.itkommando.hu\/site\/wp-json\/wp\/v2\/pages\/2683","targetHints":{"allow":["GET"]}}],"collection":[{"href":"https:\/\/www.itkommando.hu\/site\/wp-json\/wp\/v2\/pages"}],"about":[{"href":"https:\/\/www.itkommando.hu\/site\/wp-json\/wp\/v2\/types\/page"}],"author":[{"embeddable":true,"href":"https:\/\/www.itkommando.hu\/site\/wp-json\/wp\/v2\/users\/1"}],"replies":[{"embeddable":true,"href":"https:\/\/www.itkommando.hu\/site\/wp-json\/wp\/v2\/comments?post=2683"}],"version-history":[{"count":5,"href":"https:\/\/www.itkommando.hu\/site\/wp-json\/wp\/v2\/pages\/2683\/revisions"}],"predecessor-version":[{"id":5428,"href":"https:\/\/www.itkommando.hu\/site\/wp-json\/wp\/v2\/pages\/2683\/revisions\/5428"}],"wp:featuredmedia":[{"embeddable":true,"href":"https:\/\/www.itkommando.hu\/site\/wp-json\/wp\/v2\/media\/2362"}],"wp:attachment":[{"href":"https:\/\/www.itkommando.hu\/site\/wp-json\/wp\/v2\/media?parent=2683"}],"wp:term":[{"taxonomy":"category","embeddable":true,"href":"https:\/\/www.itkommando.hu\/site\/wp-json\/wp\/v2\/categories?post=2683"},{"taxonomy":"post_tag","embeddable":true,"href":"https:\/\/www.itkommando.hu\/site\/wp-json\/wp\/v2\/tags?post=2683"}],"curies":[{"name":"wp","href":"https:\/\/api.w.org\/{rel}","templated":true}]}}