{"id":2691,"date":"2014-10-20T14:56:37","date_gmt":"2014-10-20T13:56:37","guid":{"rendered":"http:\/\/www.itkommando.hu\/site\/?page_id=2691"},"modified":"2021-07-14T09:51:01","modified_gmt":"2021-07-14T08:51:01","slug":"az-internetes-labnyomrol-4","status":"publish","type":"page","link":"https:\/\/www.itkommando.hu\/site\/az-internetes-labnyomrol-4\/","title":{"rendered":"Az Internetes l\u00e1bnyomr\u00f3l 4"},"content":{"rendered":"<p>M\u00e1sok internetes l\u00e1bnyom\u00e1t a saj\u00e1t c\u00e9ljainkra ford\u00edthatjuk minim\u00e1lis energia befektet\u00e9ssel. Ehhez p\u00e9ld\u00e1ul\u00a0 Google\u00a0 eszk\u00f6zeinek seg\u00edts\u00e9g\u00e9t vehetj\u00fck ig\u00e9nybe.<\/p>\n<p>T\u00e9telezz\u00fck fel, hogy egy c\u00e9g megkeres, hogy \u0151k egy 1850 \u00f3ta stabilan m\u0171k\u00f6d\u0151 c\u00e9g, \u00e9s javasolj\u00e1k, hogy fektessek be BitCoinba, mert annak 1910 \u00f3ta folyamatosan emelkedik az \u00e1rfolyama a f\u0151bb valut\u00e1khoz k\u00e9pest.<\/p>\n<p>A c\u00e9g \u00e9s a term\u00e9k nev\u00e9vel egy \u00e1ltal\u00e1nos keres\u00e9s eredm\u00e9nye j\u00f3 \u00e1ltal\u00e1nos t\u00e1j\u00e9koztat\u00e1st adhat. A keres\u00e9st c\u00e9lszer\u0171 a <a title=\"A google\" href=\"https:\/\/google.com\" target=\"_blank\" rel=\"noopener\">Google<\/a> ,<a title=\"A Microsoft keres\u0151je\" href=\"http:\/\/www.bing.com\" target=\"_blank\" rel=\"noopener\">Bing<\/a> \u00e9s\u00a0 <a title=\"A DuckDuckGo keres\u0151\" href=\"https:\/\/duckduckgo.com\/\" target=\"_blank\" rel=\"noopener\">DuckDuckGo<\/a> keres\u0151vel is elv\u00e9gezni. (A f\u00f3rumok, cikkek seg\u00edthetnek a v\u00e9lem\u00e9nyalkot\u00e1sban.)<\/p>\n<p>Egy <a href=\"https:\/\/www.google.com\/finance?q=CURRENCY:BTC\" target=\"_blank\" rel=\"noopener\">gyors keres\u00e9s <\/a>a Google finance seg\u00edts\u00e9g\u00e9vel ehhez k\u00e9pest kicsit elt\u00e9r\u0151 k\u00e9pet mutat.<a href=\"http:\/\/www.itkommando.hu\/site\/wp-content\/uploads\/btcusd.png\"><img loading=\"lazy\" decoding=\"async\" class=\"alignright size-thumbnail wp-image-2692\" src=\"http:\/\/www.itkommando.hu\/site\/wp-content\/uploads\/btcusd-150x150.png\" alt=\"A BitCoin USD-ben m\u00e9rt \u00e1rfolyama\" width=\"150\" height=\"150\" \/><\/a> (jobbra).<\/p>\n<p>A <a title=\"A Bitkoinra t\u00f6rt\u00e9nt keres\u00e9sek\" href=\"https:\/\/www.google.com\/trends\/explore#q=bitcoine\" target=\"_blank\" rel=\"noopener\">google trends<\/a> megmutatja, hogyan v\u00e1ltoztak az adott kulcssz\u00f3ra t\u00f6rt\u00e9n\u0151 keres\u00e9sek (konkr\u00e9t sz\u00e1mokat nem ad meg csak ar\u00e1nyokat).<\/p>\n<p>Ebb\u0151l l\u00e1that\u00f3, hogy 2011 el\u0151tt erre a sz\u00f3ra \u00e9rt\u00e9kelhet\u0151 sz\u00e1m\u00fa keres\u00e9s nem t\u00f6rt\u00e9nt. (Fura is lett volna, hiszen akkort\u00e1jt tal\u00e1lt\u00e1k ki.) Abb\u00f3l, hogy kor\u00e1bban nem t\u00f6rt\u00e9nt jelent\u0151s sz\u00e1m\u00fa keres\u00e9s, felt\u00e9telezhetj\u00fck, hogy az aj\u00e1nlat komolytalan. (Senkit nem akarok megs\u00e9rteni, ez\u00e9rt nem haszn\u00e1ltam val\u00f3s c\u00e9g \u00e9s term\u00e9k neveket.)<\/p>\n<p>Term\u00e9szetesen a <a title=\"C\u00e9gadatok keres\u00e9se\" href=\"http:\/\/www.opten.hu\/dijtalan-szolgaltatasok\/cegtarlight\/cegadat\/0109861726\/Google-Szamitastechnikai-Szolgaltato-Korlatolt-Felelossegu-Tarsasag\" target=\"_blank\" rel=\"noopener\">c\u00e9g alapadatait<\/a> is lehet ellen\u0151rizni, p\u00e9ld\u00e1ul az Opten Kft. oldal\u00e1n. Iitt p\u00e9ldak\u00e9nt a Google Kft. adatai szerepelnek.)<\/p>\n<p>Gyakran el\u0151fordul, hogy egy k\u00e9pr\u0151l j\u00f3 lenne eld\u00f6nteni, hogy val\u00f3ban azt \u00e1br\u00e1zolja, ami\/aki al\u00e1 van \u00edrva. Erre a probl\u00e9m\u00e1ra az \u00f6sszes b\u00f6ng\u00e9sz\u0151h\u00f6z ingyenesen telep\u00edthet\u0151 Search by Image for Google b\u0151v\u00edtm\u00e9ny ad seg\u00edts\u00e9get.<img loading=\"lazy\" decoding=\"async\" class=\"alignright\" src=\"https:\/\/upload.wikimedia.org\/wikipedia\/commons\/thumb\/c\/c1\/StanleyTucciMay09.jpg\/266px-StanleyTucciMay09.jpg\" alt=\"\" width=\"266\" height=\"240\" \/><\/p>\n<p>Ha ezt feltelep\u00edtj\u00fck, akkor a b\u00f6ng\u00e9sz\u0151ben egy k\u00e9pre jobb gombbal kattintva megjelenik a Search Image on Google men\u00fcpont. Ennek seg\u00edts\u00e9g\u00e9vel a k\u00e9p t\u00f6bbi p\u00e9ld\u00e1ny\u00e1t megkereshetj\u00fck az Interneten.<\/p>\n<p>Ha a jobb oldali k\u00e9pet egy t\u00e1rskeres\u0151 oldalon Gipsz Jakab oldal\u00e1n tal\u00e1ljuk, bizony egy pillanat alatt megvizsg\u00e1ljuk a k\u00e9pet, \u00e9s m\u00e1ris van okunk k\u00e9telkedni&#8230;<\/p>\n<p>Term\u00e9szetesen ezek csak \u00edzel\u00edt\u0151k, itt is a logika \u00e9s a j\u00f3zan \u00e9sz a legnagyobb sz\u00f6vets\u00e9ges\u00fcnk.<\/p>\n<h3>Kapcsol\u00f3d\u00f3 oldalak<\/h3>\n<ul id=\"menu-tanacsoktanulmanyok\">\n<li id=\"menu-item-1586\"><a title=\"Hogyan lehet az interneten diszkr\u00e9ten tev\u00e9kenykedni\" href=\"http:\/\/www.itkommando.hu\/site\/category\/tor\/\">A TOR rendszer ismertet\u00e9se<\/a><\/li>\n<li><a href=\"http:\/\/www.itkommando.hu\/site\/a_halozat_szolgalataban\/tanulmanyok\/a-titkositasi-eljarasokrol\/\">A titkos\u00edt\u00e1si elj\u00e1r\u00e1sokr\u00f3l<\/a><\/li>\n<li><a title=\"A Bitcoint betiltott\u00e1k Oroszorsz\u00e1gban\" href=\"http:\/\/www.itkommando.hu\/site\/a-bitcoint-betiltottak-oroszorszagban\/\">Oroszorsz\u00e1gban betiltott\u00e1k a Bitcoint<\/a><\/li>\n<li><a href=\"http:\/\/www.itkommando.hu\/site\/a_halozat_szolgalataban\/tanulmanyok\/gondolatok-az-internetes-labnyomrol\/\">Gondolatok az internetes l\u00e1bnyomr\u00f3l.<\/a><\/li>\n<li><a title=\"Az Internetes l\u00e1bnyomr\u00f3l 4\" href=\"http:\/\/www.itkommando.hu\/site\/az-internetes-labnyomrol-4\/\">Gondolatok az internetes l\u00e1bnyomr\u00f3l 2<\/a><\/li>\n<li><a title=\"Gondolatok az internetes l\u00e1bnyomr\u00f3l 3\" href=\"http:\/\/www.itkommando.hu\/site\/gondolatok-az-internetes-labnyomrol-3\/\">Gondolatok az internetes l\u00e1bnyomr\u00f3l 3<\/a><\/li>\n<li><a title=\"Kuty\u00e1k, chipek, m\u0171holdak\" href=\"http:\/\/www.itkommando.hu\/site\/kutyak-chipek-muholdak\/\">Kuty\u00e1k, chipek, m\u0171holdak<\/a><\/li>\n<\/ul>\n","protected":false},"excerpt":{"rendered":"<p>M\u00e1sok internetes l\u00e1bnyom\u00e1t a saj\u00e1t c\u00e9ljainkra ford\u00edthatjuk minim\u00e1lis energia befektet\u00e9ssel. Ehhez p\u00e9ld\u00e1ul\u00a0 Google\u00a0 eszk\u00f6zeinek seg\u00edts\u00e9g\u00e9t vehetj\u00fck ig\u00e9nybe. T\u00e9telezz\u00fck fel, hogy egy c\u00e9g megkeres, hogy \u0151k egy 1850 \u00f3ta stabilan m\u0171k\u00f6d\u0151&hellip;<a href=\"https:\/\/www.itkommando.hu\/site\/az-internetes-labnyomrol-4\/\" class=\"more-link\"><span class=\"more-button\">Tov\u00e1bb a r\u00e9szletekre<span class=\"screen-reader-text\">Az Internetes l\u00e1bnyomr\u00f3l 4<\/span><\/span><\/a><\/p>\n","protected":false},"author":1,"featured_media":2362,"parent":0,"menu_order":0,"comment_status":"closed","ping_status":"closed","template":"","meta":{"footnotes":""},"categories":[14,89],"tags":[],"class_list":["post-2691","page","type-page","status-publish","has-post-thumbnail","hentry","category-biztonsag","category-felhasznaloknak"],"aioseo_notices":[],"_links":{"self":[{"href":"https:\/\/www.itkommando.hu\/site\/wp-json\/wp\/v2\/pages\/2691","targetHints":{"allow":["GET"]}}],"collection":[{"href":"https:\/\/www.itkommando.hu\/site\/wp-json\/wp\/v2\/pages"}],"about":[{"href":"https:\/\/www.itkommando.hu\/site\/wp-json\/wp\/v2\/types\/page"}],"author":[{"embeddable":true,"href":"https:\/\/www.itkommando.hu\/site\/wp-json\/wp\/v2\/users\/1"}],"replies":[{"embeddable":true,"href":"https:\/\/www.itkommando.hu\/site\/wp-json\/wp\/v2\/comments?post=2691"}],"version-history":[{"count":13,"href":"https:\/\/www.itkommando.hu\/site\/wp-json\/wp\/v2\/pages\/2691\/revisions"}],"predecessor-version":[{"id":5405,"href":"https:\/\/www.itkommando.hu\/site\/wp-json\/wp\/v2\/pages\/2691\/revisions\/5405"}],"wp:featuredmedia":[{"embeddable":true,"href":"https:\/\/www.itkommando.hu\/site\/wp-json\/wp\/v2\/media\/2362"}],"wp:attachment":[{"href":"https:\/\/www.itkommando.hu\/site\/wp-json\/wp\/v2\/media?parent=2691"}],"wp:term":[{"taxonomy":"category","embeddable":true,"href":"https:\/\/www.itkommando.hu\/site\/wp-json\/wp\/v2\/categories?post=2691"},{"taxonomy":"post_tag","embeddable":true,"href":"https:\/\/www.itkommando.hu\/site\/wp-json\/wp\/v2\/tags?post=2691"}],"curies":[{"name":"wp","href":"https:\/\/api.w.org\/{rel}","templated":true}]}}