{"id":2764,"date":"2014-12-01T05:59:32","date_gmt":"2014-12-01T04:59:32","guid":{"rendered":"http:\/\/www.itkommando.hu\/site\/?page_id=2764"},"modified":"2021-10-01T13:54:13","modified_gmt":"2021-10-01T12:54:13","slug":"az-elektronikus-adatok-hosszutavu-tarolasa","status":"publish","type":"page","link":"https:\/\/www.itkommando.hu\/site\/a_halozat_szolgalataban\/tanulmanyok\/az-elektronikus-adatok-hosszutavu-tarolasa\/","title":{"rendered":"Az elektronikus adatok hossz\u00fat\u00e1v\u00fa t\u00e1rol\u00e1sa"},"content":{"rendered":"<p>Van egy mond\u00e1s, hogy ha valamit felt\u00f6ltesz az Internetre soha t\u00f6bbet nem tudod let\u00f6r\u00f6lni. Ez a kijelent\u00e9s r\u00f6vid t\u00e1von igaz, azonban vizsg\u00e1ljuk meg alaposabban.<\/p>\n<figure id=\"attachment_939\" aria-describedby=\"caption-attachment-939\" style=\"width: 150px\" class=\"wp-caption alignright\"><a href=\"http:\/\/www.itkommando.hu\/site\/wp-content\/uploads\/777d.jpg\"><img loading=\"lazy\" decoding=\"async\" class=\"size-thumbnail wp-image-939\" src=\"http:\/\/www.itkommando.hu\/site\/wp-content\/uploads\/777d-150x150.jpg\" alt=\"EMG 777\" width=\"150\" height=\"150\" \/><\/a><figcaption id=\"caption-attachment-939\" class=\"wp-caption-text\">EMG 777<\/figcaption><\/figure>\n<p>Val\u00f3sz\u00edn\u0171leg minden csal\u00e1dnak van a XX. sz\u00e1zad elej\u00e9n k\u00e9sz\u00fclt f\u00e9nyk\u00e9p, \u00fajs\u00e1g vagy k\u00f6nyv a birtok\u00e1ban. Ezek az adathordoz\u00f3k m\u00e1r 100 \u00e9ve t\u00e1rolj\u00e1k azt amit az \u0151seink r\u00e1juk b\u00edztak. A Corvin\u00e1k a XV. sz\u00e1zad v\u00e9g\u00e9nek az ismeretanyag\u00e1t \u0151rzik. Az egyiptomi fel\u00edratok, vagy a mezopot\u00e1miai agyagt\u00e1bl\u00e1k enn\u00e9l sokkal r\u00e9gebben v\u00e9gzik el ugyan ezt a feladatot.<\/p>\n<p>Az elektronikusan t\u00e1rolt adatok eset\u00e9ben ez nem ennyire egyszer\u0171. Lehet, hogy maga az adathordoz\u00f3 m\u00e9g t\u00e1rolja az adatokat, de a leolvas\u00e1s\u00e1hoz sz\u00fcks\u00e9ges technika m\u00e1r r\u00e9gen nem \u00e1ll rendelkez\u00e9sre (lyukszalag, lyukk\u00e1rtya). A sz\u00e1m\u00edt\u00f3g\u00e9pes adatt\u00e1rol\u00e1si elj\u00e1r\u00e1sok sokkal gyorsabban avulnak, mint a hagyom\u00e1nyosak. Ha egy a XIX. sz\u00e1zadban kiadott matematika k\u00f6nyvben az egyend\u00fcl\u00e9ny sz\u00f3val tal\u00e1lkozunk nem biztos, hogy egyb\u0151l tudjuk, hogy a rombuszr\u00f3l van sz\u00f3, de k\u00f6nnyen r\u00e1 lehet j\u00f6nni, teh\u00e1t a k\u00f6nyv majdnem olyan j\u00f3l \u00e9rthet\u0151, mint a saj\u00e1t kor\u00e1ban.<\/p>\n<p>Az informatika t\u00f6meges elterjed\u00e9se \u00f3ta rengeteg programoz\u00e1si nyelv, oper\u00e1ci\u00f3s rendszer, sz\u00e1m\u00edt\u00f3g\u00e9pes megold\u00e1s sz\u0171nt meg. Azok a programok, amelyekert karbantartottak, friss\u00edtettek, portoltak az \u00fajabb \u00e9s \u00fajabb rendszerekre, a mai napig m\u0171k\u00f6dnek. Ilyen p\u00e9ld\u00e1ul Vag\u00e1cs J\u00f3zsef \u00e9s t\u00e1rsai \u00e1ltal az 1970-es \u00e9vekben k\u00e9sz\u00edtett statikai m\u00e9retez\u0151 program, amely t\u00f6bb \u00e1t\u00edr\u00e1snak \u00e9s korszer\u0171s\u00edt\u00e9snek k\u00f6sz\u00f6nhet\u0151en a mai napig m\u0171k\u00f6dik \u00e9s haszn\u00e1lj\u00e1k.<\/p>\n<p>1986-ban az <a title=\"EMG-777\" href=\"http:\/\/www.itkommando.hu\/site\/a_halozat_szolgalataban\/tanulmanyok\/emg-777\/\">EMG-777<\/a> sz\u00e1m\u00edt\u00f3g\u00e9p m\u00e9g 8&#8243;, az els\u0151 PC-k 5,25&#8243;-os k\u00e9s\u0151bb 3,5&#8243;-os floppy lemezeket haszn\u00e1ltak. 2000 k\u00f6rny\u00e9k\u00e9n sz\u00fcks\u00e9gem lett volna egy iskolai dolgozatk\u00e9nt 5,25&#8243;-os floppyn leadott programomra, de m\u00e1r nem siker\u00fclt a hozz\u00e1 val\u00f3 meghajt\u00f3t tal\u00e1lnom, ez\u00e9rt k\u00e9nytelen voltam \u00fajra elk\u00e9sz\u00edteni. Manaps\u00e1g m\u00e1r a \u201ef\u00e9ltve \u0151rz\u00f6tt&#8221; 3,5&#8243; floppyk sem igen olvashat\u00f3ak. Az egykori otthoni sz\u00e1m\u00edt\u00f3g\u00e9pek (Comodore 64, Spectrum, Primo, Homelab) magn\u00f3kazett\u00e1n t\u00e1rolt programjainak a visszaolvas\u00e1sa szinte teljesen rem\u00e9nytelen.<\/p>\n<p>A fentiekhez hozz\u00e1j\u00f6n, hogy az adathordoz\u00f3k is \u00f6regszenek, p\u00e9ldak\u00e9nt egy irodai k\u00f6rnyezetben t\u00e1rolt \u00edrhat\u00f3 DVD-r\u0151l az adatokat 10 \u00e9v eltelt\u00e9vel nem felt\u00e9tlen\u00fcl lehet visszanyerni. Term\u00e9szetesen a pap\u00edr alap\u00fa t\u00e1rol\u00e1s sem felt\u00e9tlen\u00fcl tart\u00f3s. N\u00e9h\u00e1ny l\u00e9zernyomtat\u00f3 fest\u00e9ke p\u00e1r \u00e9v eltelt\u00e9vel elkezd leperegni a pap\u00edrr\u00f3l.<\/p>\n<p>A fent le\u00edrtak az\u00e9rt probl\u00e9m\u00e1sak mert manaps\u00e1g a csal\u00e1di f\u00e9nyk\u00e9palbumot sem a fi\u00f3kban tartjuk, hanem pendrive-on, vagy egy\u00e9b adathordoz\u00f3n. Ez t\u00f6bb vesz\u00e9lyt is rejt mag\u00e1ban. Egy adathordoz\u00f3ra t\u00f6bb ezer f\u00e9nyk\u00e9p elf\u00e9r, ez\u00e9rt annak t\u00f6nkremenetele egyszerre sok adat elveszt\u00e9s\u00e9t jelenti. A fentiekben l\u00e1ttuk, hogy az adathordoz\u00f3kra vonatkoz\u00f3 szabv\u00e1nyok is sokkal gyorsabban v\u00e1ltoznak, mint ami ebb\u0151l a szempontb\u00f3l k\u00edv\u00e1natos lenne.<\/p>\n<p>Ahhoz, hogy az unok\u00e1ink is megcsod\u00e1lhass\u00e1k a f\u00e9nyk\u00e9pgy\u0171jtem\u00e9ny\u00fcnket, bizony rendszeresen \u00e1t kell azokat m\u00e1solni korszer\u0171bb adathordoz\u00f3kra, illetve mindig gondoskodni kell arr\u00f3l, hogy legyen bel\u0151l\u00fck egy m\u00e1solat m\u00e1sik t\u00edpus\u00fa eszk\u00f6z\u00f6n, arra az esetre, ha az egyik elveszne, vagy megs\u00e9r\u00fclne. Most lassabb folyamatnak t\u0171nik, de a dokumentum form\u00e1tumok is v\u00e1ltoznak, fejl\u0151dnek, teh\u00e1t amikor egy-egy form\u00e1tum kezd elavulni, az adatokat egy korszer\u0171bb form\u00e1tumba is \u00e1t kell konvert\u00e1lni. Ez bizony odafigyel\u00e9st, n\u00e9mi hozz\u00e1\u00e9rt\u00e9st ig\u00e9nyel.<\/p>\n<p>A f\u00e9nyk\u00e9pgy\u0171jtem\u00e9ny hely\u00e9re term\u00e9szetesen be lehet helyettes\u00edteni a c\u00e9g f\u00e9ltve \u0151rz\u00f6tt adatait is. Az amerikai Apoll\u00f3 programr\u00f3l p\u00e9ld\u00e1ul rengeteg adathordoz\u00f3 maradt meg. A 2000-es \u00e9vekben azonban m\u00e1r az olvas\u00e1shoz sz\u00fcks\u00e9ges k\u00e9sz\u00fcl\u00e9keket a m\u00fazeumi p\u00e9ld\u00e1nyok alapj\u00e1n \u00fajra le kellett gy\u00e1rtani. Enn\u00e9l val\u00f3sz\u00edn\u0171leg jelent\u0151sen olcs\u00f3bb lett volna az adatok karbantart\u00e1sa, vagyis n\u00e9h\u00e1ny \u00e9vtizedenk\u00e9nt \u00e1tm\u00e1solni azokat az akkor szok\u00e1sos adathordoz\u00f3kra.<\/p>\n<h3>Kapcsol\u00f3d\u00f3 cikkek<\/h3>\n<ul id=\"menu-tanacsoktanulmanyok\">\n<li><a href=\"http:\/\/www.itkommando.hu\/site\/a_halozat_szolgalataban\/tanulmanyok\/szuksegem-van-mentesi-backup-rendre\/\">Sz\u00fcks\u00e9gem van ment\u00e9si (backup) rendre?<\/a><\/li>\n<li><a href=\"http:\/\/www.itkommando.hu\/site\/a_halozat_szolgalataban\/tanulmanyok\/mentesi-backup-rend-valasztasa\/\">Ment\u00e9si (Backup) rend v\u00e1laszt\u00e1sa<\/a><\/li>\n<li><a title=\"Hogyan b\u00e1nnak a szolg\u00e1ltat\u00f3k az adatainkkal?\" href=\"http:\/\/www.itkommando.hu\/site\/a_halozat_szolgalataban\/tanulmanyok\/hogyan-bannak-a-szolgaltatok-az-adatainkkal\/\">Hogyan b\u00e1nnak a szolg\u00e1ltat\u00f3k az adatainkkal?<\/a><\/li>\n<\/ul>\n","protected":false},"excerpt":{"rendered":"<p>Van egy mond\u00e1s, hogy ha valamit felt\u00f6ltesz az Internetre soha t\u00f6bbet nem tudod let\u00f6r\u00f6lni. Ez a kijelent\u00e9s r\u00f6vid t\u00e1von igaz, azonban vizsg\u00e1ljuk meg alaposabban. Val\u00f3sz\u00edn\u0171leg minden csal\u00e1dnak van a XX.&hellip;<a href=\"https:\/\/www.itkommando.hu\/site\/a_halozat_szolgalataban\/tanulmanyok\/az-elektronikus-adatok-hosszutavu-tarolasa\/\" class=\"more-link\"><span class=\"more-button\">Tov\u00e1bb a r\u00e9szletekre<span class=\"screen-reader-text\">Az elektronikus adatok hossz\u00fat\u00e1v\u00fa t\u00e1rol\u00e1sa<\/span><\/span><\/a><\/p>\n","protected":false},"author":1,"featured_media":1911,"parent":397,"menu_order":0,"comment_status":"closed","ping_status":"closed","template":"","meta":{"footnotes":""},"categories":[14,11,9,13,16],"tags":[],"class_list":["post-2764","page","type-page","status-publish","has-post-thumbnail","hentry","category-biztonsag","category-munkaallomas","category-szerver","category-szoftver","category-tanacsok"],"aioseo_notices":[],"_links":{"self":[{"href":"https:\/\/www.itkommando.hu\/site\/wp-json\/wp\/v2\/pages\/2764","targetHints":{"allow":["GET"]}}],"collection":[{"href":"https:\/\/www.itkommando.hu\/site\/wp-json\/wp\/v2\/pages"}],"about":[{"href":"https:\/\/www.itkommando.hu\/site\/wp-json\/wp\/v2\/types\/page"}],"author":[{"embeddable":true,"href":"https:\/\/www.itkommando.hu\/site\/wp-json\/wp\/v2\/users\/1"}],"replies":[{"embeddable":true,"href":"https:\/\/www.itkommando.hu\/site\/wp-json\/wp\/v2\/comments?post=2764"}],"version-history":[{"count":7,"href":"https:\/\/www.itkommando.hu\/site\/wp-json\/wp\/v2\/pages\/2764\/revisions"}],"predecessor-version":[{"id":5734,"href":"https:\/\/www.itkommando.hu\/site\/wp-json\/wp\/v2\/pages\/2764\/revisions\/5734"}],"up":[{"embeddable":true,"href":"https:\/\/www.itkommando.hu\/site\/wp-json\/wp\/v2\/pages\/397"}],"wp:featuredmedia":[{"embeddable":true,"href":"https:\/\/www.itkommando.hu\/site\/wp-json\/wp\/v2\/media\/1911"}],"wp:attachment":[{"href":"https:\/\/www.itkommando.hu\/site\/wp-json\/wp\/v2\/media?parent=2764"}],"wp:term":[{"taxonomy":"category","embeddable":true,"href":"https:\/\/www.itkommando.hu\/site\/wp-json\/wp\/v2\/categories?post=2764"},{"taxonomy":"post_tag","embeddable":true,"href":"https:\/\/www.itkommando.hu\/site\/wp-json\/wp\/v2\/tags?post=2764"}],"curies":[{"name":"wp","href":"https:\/\/api.w.org\/{rel}","templated":true}]}}