{"id":2783,"date":"2014-12-08T13:31:00","date_gmt":"2014-12-08T12:31:00","guid":{"rendered":"http:\/\/www.itkommando.hu\/site\/?page_id=2783"},"modified":"2021-07-15T10:51:21","modified_gmt":"2021-07-15T09:51:21","slug":"milyen-teljesitmenyu-szamitogepre-van-szuksegem","status":"publish","type":"page","link":"https:\/\/www.itkommando.hu\/site\/milyen-teljesitmenyu-szamitogepre-van-szuksegem\/","title":{"rendered":"Milyen teljes\u00edtm\u00e9ny\u0171 szerverre van sz\u00fcks\u00e9gem?"},"content":{"rendered":"<p>Manaps\u00e1g a sz\u00e1m\u00edt\u00f3g\u00e9p gyakorlatilag egyet jelent a PC-vel, pedig sok c\u00e9lra bizony er\u0151s t\u00falz\u00e1s egy intel i5 vagy egy AMD FX 8320 processzor sok gigabyte RAM-mal, 300W-ot meghalad\u00f3 fogyaszt\u00e1ssal, illetve vannak esetek, amikor a legfrissebb Xeon vagy Ryzen Pro processzorb\u00f3l is t\u00f6bbre van sz\u00fcks\u00e9g.<\/p>\n<figure id=\"attachment_2715\" aria-describedby=\"caption-attachment-2715\" style=\"width: 150px\" class=\"wp-caption alignright\"><a href=\"http:\/\/www.itkommando.hu\/site\/wp-content\/uploads\/Rasberry_pi_01.png\"><img loading=\"lazy\" decoding=\"async\" class=\"size-thumbnail wp-image-2715\" src=\"http:\/\/www.itkommando.hu\/site\/wp-content\/uploads\/Rasberry_pi_01-150x150.png\" alt=\"Raspberry PI\" width=\"150\" height=\"150\" \/><\/a><figcaption id=\"caption-attachment-2715\" class=\"wp-caption-text\">A M\u00e1lnaPC a doboz\u00e1ban.<\/figcaption><\/figure>\n<p>Az USA m\u00e9g fejleszt\u00e9s alatt \u00e1ll\u00f3 \u0171rhaj\u00f3ja, amely a tervek szerint ak\u00e1r a Marsig is k\u00e9pes lehet elvinni a leg\u00e9nys\u00e9g\u00e9t, 15 \u00e9vvel ezel\u0151tti processzorokat haszn\u00e1l <sup><a href=\"#footnote_1_2783\" id=\"identifier_1_2783\" class=\"footnote-link footnote-identifier-link\" title=\"A Computerword angol nyelv\u0171 cikke\">1<\/a><\/sup>\u00a0<sup><a href=\"#footnote_2_2783\" id=\"identifier_2_2783\" class=\"footnote-link footnote-identifier-link\" title=\"Az Index cikke\">2<\/a><\/sup><\/p>\n<p>A cikkb\u0151l kit\u0171nik, hogy a sz\u00e1m\u00edt\u00f3g\u00e9pnek nem az egyetlen mutat\u00f3ja a sz\u00e1m\u00edt\u00e1si teljes\u00edtm\u00e9nye. A mi szempontunkb\u00f3l minimum a k\u00f6vetkez\u0151 egy\u00e9b szempontok vehet\u0151ek figyelembe:<\/p>\n<ul>\n<li>Elektromos fogyaszt\u00e1s (meleged\u00e9s)<\/li>\n<li>Fizikai m\u00e9ret<\/li>\n<li>Eszt\u00e9tikai, ergon\u00f3miai szempontok<\/li>\n<\/ul>\n<p>Egy otthoni\/kis irodai h\u00e1l\u00f3zat eset\u00e9n nem felt\u00e9tlen\u00fcl a PC alap\u00fa megold\u00e1sok a leggazdas\u00e1gosabbak. K\u00fcl\u00f6n\u00f6sen igaz ez, ha az \u00fczemeltet\u00e9s k\u00f6lts\u00e9geit is figyelembe vessz\u00fck.<\/p>\n<figure style=\"width: 224px\" class=\"wp-caption alignright\"><a href=\"https:\/\/commons.wikimedia.org\/wiki\/File:Netgear_ReadyNAS_NV%2B.jpg\"><img loading=\"lazy\" decoding=\"async\" src=\"https:\/\/upload.wikimedia.org\/wikipedia\/commons\/thumb\/c\/cc\/Netgear_ReadyNAS_NV%2B.jpg\/224px-Netgear_ReadyNAS_NV%2B.jpg\" alt=\"Netgear NAS (Network Attached Storage)\" width=\"224\" height=\"240\" \/><\/a><figcaption class=\"wp-caption-text\">Egy kisi rodai NAS<br \/>A k\u00e9p forr\u00e1sa: Wikip\u00e9dia<\/figcaption><\/figure>\n<p>F\u00e1jlszerver feladatra gyakran t\u00f6k\u00e9letes megold\u00e1st jelenthetnek a NAS-ok. Ezek f\u00e1jlszerver feladatokra k\u00e9sz\u00edtett c\u00e9lk\u00e9sz\u00fcl\u00e9kek. Ezekbe \u00e1ltal\u00e1ban legal\u00e1bb k\u00e9t HDD \u00e9p\u00edthet\u0151 be, amelyeket valamilyen <a title=\"RAID\" href=\"http:\/\/www.itkommando.hu\/site\/a_halozat_szolgalataban\/tanulmanyok\/raid\/\">RAID<\/a> t\u00f6mbbe c\u00e9lszer\u0171 \u00a0szervezni.<\/p>\n<p>A korszer\u0171 NAS-ok a klasszikus file server feladatokon k\u00edv\u00fcl :<\/p>\n<ul>\n<li>Samba<\/li>\n<li>FTP<\/li>\n<li>HTTP<\/li>\n<li>webdav<\/li>\n<\/ul>\n<p>sok egy\u00e9b feladatot is k\u00e9pesek ell\u00e1tni. Ilyen plusz szolg\u00e1ltat\u00e1s lehet p\u00e9ld\u00e1ul:<\/p>\n<ul>\n<li>Ment\u00e9si lehet\u0151s\u00e9gek (ak\u00e1r online t\u00e1rol\u00f3ra is)<\/li>\n<li>Mail lehet\u0151s\u00e9gek<\/li>\n<li>A Dropboxhoz, vagy Google Drive-hez hasonl\u00f3 felh\u0151szolg\u00e1ltat\u00e1s<\/li>\n<li>VPN lehet\u0151s\u00e9gek<\/li>\n<li>Otthonautomatiz\u00e1l\u00e1si k\u00f6zpont<\/li>\n<\/ul>\n<p><a href=\"https:\/\/commons.wikimedia.org\/wiki\/File:Linksys_BEFW11S4_on_Comcast_cable_modem_20060327.png\"><img loading=\"lazy\" decoding=\"async\" class=\"alignright size-medium\" src=\"https:\/\/upload.wikimedia.org\/wikipedia\/commons\/thumb\/3\/35\/Linksys_BEFW11S4_on_Comcast_cable_modem_20060327.png\/320px-Linksys_BEFW11S4_on_Comcast_cable_modem_20060327.png\" alt=\"Lynksys router\" width=\"320\" height=\"240\" \/><\/a>A HTTP proxy feladatokat egy megfelel\u0151en felprogramozott router n\u00e9mi kompromisszummal k\u00e9pes ell\u00e1tni. A tilt\u00f3\/enged\u00e9lyez\u0151 list\u00e1kat, am\u00edg bel\u00e1that\u00f3 m\u00e9ret\u0171ek, korrekt\u00fcl kezeli, azonban amennyiben a weboldalak v\u00edrusellen\u0151rz\u00e9s\u00e9t is be szeretn\u00e9nk vezetni (a mai viszonyok k\u00f6z\u00f6tt indokolt), illetve az e-mail forgalmat is ellen\u0151rizni szeretn\u00e9nk, m\u00e1r beleakadunk a korl\u00e1tokba.<\/p>\n<p>Egy Raspberry PI <sup><a href=\"#footnote_3_2783\" id=\"identifier_3_2783\" class=\"footnote-link footnote-identifier-link\" title=\"Egy ARM processzor alap&uacute; sz&aacute;m&iacute;t&oacute;g&eacute;p\">3<\/a><\/sup> vagy Banana PI rengeteg hasznos feladatot k\u00e9pes ell\u00e1tni egy mobiltelefon t\u00f6lt\u0151 fogyaszt\u00e1s\u00e1\u00e9rt cser\u00e9ben. A <a title=\"Raspberry PI 1\" href=\"http:\/\/www.itkommando.hu\/site\/raspberry-pi\/\">Raspberry PI<\/a>-r\u0151l m\u00e1r kor\u00e1bban is \u00edrtunk. A kis teljes\u00edtm\u00e9nye ellen\u00e9re rengeteg hasznos feladatra alkalmazhat\u00f3. A cikkben csak egy demonstr\u00e1ci\u00f3t \u00edrtunk le, de rengeteg m\u00e1s feladatban becs\u00fclettel helyt\u00e1ll. P\u00e9ld\u00e1ul a h\u00e1l\u00f3zat \u00e1llapot\u00e1nak rendszeres ellen\u0151rz\u00e9se egy olyan feladat, amit kor\u00e1bban PC-vel v\u00e9gezt\u00fcnk, azonban a PI olcs\u00f3bban, a mozg\u00f3 alkatr\u00e9szek hi\u00e1nya miatt megb\u00edzhat\u00f3bban l\u00e1t el.<\/p>\n<h3>\u00a0Kapcsol\u00f3d\u00f3 cikkek<\/h3>\n<ul id=\"menu-tanacsoktanulmanyok\">\n<li><a title=\"A Raspberry PI mint m\u00e9dia szerver\" href=\"http:\/\/www.itkommando.hu\/site\/raspberry-pi\/\">Raspberry PI 1<\/a><\/li>\n<li><a title=\"A kifog\u00e1sok \u00e9s a http szerver\" href=\"http:\/\/www.itkommando.hu\/site\/rasperry-pi-2\/\">Raspberry PI 2<\/a><\/li>\n<li><a title=\"Egy egyszer\u0171 irodai szerver raspberry pi2-b\u0151l\" href=\"http:\/\/www.itkommando.hu\/site\/leirasok\/egy-egyszeru-irodai-szerver-raspberry-pi2-bol\/\">A RaspBerry Pi2, mint kis irodai szerver<\/a><\/li>\n<li><a href=\"http:\/\/www.itkommando.hu\/site\/a-routerek-vedelme\/\">A routerek v\u00e9delme<\/a><\/li>\n<li><a href=\"http:\/\/www.itkommando.hu\/site\/a_halozat_szolgalataban\/tanulmanyok\/mobileszkozok-vedelme\/\">Mobileszk\u00f6z\u00f6k v\u00e9delme<\/a><\/li>\n<li><a href=\"http:\/\/www.itkommando.hu\/site\/a_halozat_szolgalataban\/tanulmanyok\/szamitogep-vasarlasa\/\">Sz\u00e1m\u00edt\u00f3g\u00e9p v\u00e1s\u00e1rl\u00e1sa<\/a><\/li>\n<li><a href=\"http:\/\/www.itkommando.hu\/site\/a_halozat_szolgalataban\/tanulmanyok\/szoftver-valasztasa\/\">Szoftver v\u00e1laszt\u00e1sa<\/a><\/li>\n<\/ul>\n<ol class=\"footnotes\"><li id=\"footnote_1_2783\" class=\"footnote\"><a title=\"A computerword cikke az Orion sz\u00e1m\u00edt\u00f3g\u00e9p\u00e9r\u0151l\" href=\"http:\/\/www.computerworld.com\/article\/2855604\/the-orion-spacecraft-is-no-smarter-than-your-phone.html\" target=\"_blank\" rel=\"noopener\">A Computerword angol nyelv\u0171 cikke<\/a><span class=\"footnote-back-link-wrapper\">[<a href=\"#identifier_1_2783\" class=\"footnote-link footnote-back-link\">&#8617;<\/a>]<\/span><\/li><li id=\"footnote_2_2783\" class=\"footnote\"><a title=\"Az Index cikke az Orion vez\u00e9rl\u00e9s\u00e9r\u0151l\" href=\"http:\/\/index.hu\/tech\/2014\/12\/06\/megdobbentoen_gyenge_az_orion_szamitogepe\/?token=edba3d2d15a3fe2cf515405238c9deca\" target=\"_blank\" rel=\"noopener\">Az Index cikke<\/a><span class=\"footnote-back-link-wrapper\">[<a href=\"#identifier_2_2783\" class=\"footnote-link footnote-back-link\">&#8617;<\/a>]<\/span><\/li><li id=\"footnote_3_2783\" class=\"footnote\">Egy ARM processzor alap\u00fa sz\u00e1m\u00edt\u00f3g\u00e9p<span class=\"footnote-back-link-wrapper\">[<a href=\"#identifier_3_2783\" class=\"footnote-link footnote-back-link\">&#8617;<\/a>]<\/span><\/li><\/ol>","protected":false},"excerpt":{"rendered":"<p>Manaps\u00e1g a sz\u00e1m\u00edt\u00f3g\u00e9p gyakorlatilag egyet jelent a PC-vel, pedig sok c\u00e9lra bizony er\u0151s t\u00falz\u00e1s egy intel i5 vagy egy AMD FX 8320 processzor sok gigabyte RAM-mal, 300W-ot meghalad\u00f3 fogyaszt\u00e1ssal, illetve&hellip;<a href=\"https:\/\/www.itkommando.hu\/site\/milyen-teljesitmenyu-szamitogepre-van-szuksegem\/\" class=\"more-link\"><span class=\"more-button\">Tov\u00e1bb a r\u00e9szletekre<span class=\"screen-reader-text\">Milyen teljes\u00edtm\u00e9ny\u0171 szerverre van sz\u00fcks\u00e9gem?<\/span><\/span><\/a><\/p>\n","protected":false},"author":1,"featured_media":0,"parent":0,"menu_order":0,"comment_status":"closed","ping_status":"closed","template":"","meta":{"footnotes":""},"categories":[14,70,9,16],"tags":[],"class_list":["post-2783","page","type-page","status-publish","hentry","category-biztonsag","category-internet","category-szerver","category-tanacsok"],"aioseo_notices":[],"_links":{"self":[{"href":"https:\/\/www.itkommando.hu\/site\/wp-json\/wp\/v2\/pages\/2783","targetHints":{"allow":["GET"]}}],"collection":[{"href":"https:\/\/www.itkommando.hu\/site\/wp-json\/wp\/v2\/pages"}],"about":[{"href":"https:\/\/www.itkommando.hu\/site\/wp-json\/wp\/v2\/types\/page"}],"author":[{"embeddable":true,"href":"https:\/\/www.itkommando.hu\/site\/wp-json\/wp\/v2\/users\/1"}],"replies":[{"embeddable":true,"href":"https:\/\/www.itkommando.hu\/site\/wp-json\/wp\/v2\/comments?post=2783"}],"version-history":[{"count":11,"href":"https:\/\/www.itkommando.hu\/site\/wp-json\/wp\/v2\/pages\/2783\/revisions"}],"predecessor-version":[{"id":5590,"href":"https:\/\/www.itkommando.hu\/site\/wp-json\/wp\/v2\/pages\/2783\/revisions\/5590"}],"wp:attachment":[{"href":"https:\/\/www.itkommando.hu\/site\/wp-json\/wp\/v2\/media?parent=2783"}],"wp:term":[{"taxonomy":"category","embeddable":true,"href":"https:\/\/www.itkommando.hu\/site\/wp-json\/wp\/v2\/categories?post=2783"},{"taxonomy":"post_tag","embeddable":true,"href":"https:\/\/www.itkommando.hu\/site\/wp-json\/wp\/v2\/tags?post=2783"}],"curies":[{"name":"wp","href":"https:\/\/api.w.org\/{rel}","templated":true}]}}