{"id":2807,"date":"2014-12-10T16:19:47","date_gmt":"2014-12-10T15:19:47","guid":{"rendered":"http:\/\/www.itkommando.hu\/site\/?page_id=2807"},"modified":"2021-07-15T10:28:10","modified_gmt":"2021-07-15T09:28:10","slug":"sic-vis-pacem-para-bellum","status":"publish","type":"page","link":"https:\/\/www.itkommando.hu\/site\/leirasok\/sic-vis-pacem-para-bellum\/","title":{"rendered":"Sic vis pacem, para bellum"},"content":{"rendered":"<figure style=\"width: 252px\" class=\"wp-caption alignright\"><img loading=\"lazy\" decoding=\"async\" class=\" \" title=\"Egy v\u00edrus egy darabja\" src=\"https:\/\/upload.wikimedia.org\/wikipedia\/commons\/e\/ec\/Virus_Blaster.jpg\" alt=\"A Blaster f\u00e9reg\" width=\"252\" height=\"151\" \/><figcaption class=\"wp-caption-text\">A Blaster f\u00e9reg egy darabja: Csak azt akarom mondani SZERETLEK!! billy gates mi\u00e9rt tetted ezt lehet\u0151v\u00e9? Hagyd abba a p\u00e9nzcsin\u00e1l\u00e1st \u00e9s jav\u00edtsd ki a programjaidat. (A kis \u00e9s nagy bet\u0171k az eredeti sz\u00f6veg alapj\u00e1n)<\/figcaption><\/figure>\n<p>Ha b\u00e9k\u00e9t akarsz, k\u00e9sz\u00fclj a h\u00e1bor\u00fara. Ez\u00a0 a mond\u00e1s bizony az informatika ter\u00fclet\u00e9n is meg\u00e1llja a hely\u00e9t, mivel az informatikai t\u00e1mad\u00e1soknak minden internetre k\u00f6t\u00f6tt eszk\u00f6z ki van t\u00e9ve. Sokszor fel sem mer\u00fcl, hogy ma m\u00e1r a TV, a h\u0171t\u0151, ak\u00e1r az aut\u00f3 is lehet h\u00e1l\u00f3zatra k\u00f6tve, pedig ez egyre gyakrabban \u00edgy van. Ezen eszk\u00f6z\u00f6k v\u00e9delm\u00e9r\u0151l gondoskodni kell. Mivel az internetes t\u00e1mad\u00e1sok ind\u00edt\u00e9kai sokr\u00e9t\u0171ek, \u00e9s csak ritk\u00e1n ir\u00e1nyulnak adott szem\u00e9ly vagy szervezet ellen, sokkal gyakoribbak a t\u00f6megt\u00e1mad\u00e1sok, amikor \u201ecsak&#8221; sebezhet\u0151 eszk\u00f6z\u00f6ket keresnek, \u00e9s a tal\u00e1lt sebezhet\u0151s\u00e9get kihaszn\u00e1lva a saj\u00e1t c\u00e9ljaikra haszn\u00e1lj\u00e1k az adott eszk\u00f6zt.<\/p>\n<h3>Mik egy cyber t\u00e1mad\u00e1s ind\u00edt\u00e9kai?<\/h3>\n<p>A klasszikus okok a kivagyis\u00e1g \u00e9s a s\u00e9rt\u0151d\u00f6tts\u00e9g.<\/p>\n<p>Erre k\u00e9t p\u00e9lda:<\/p>\n<h4>Kando<\/h4>\n<p>Egy magyar f\u0151iskola di\u00e1kja a kital\u00e1lt egy v\u00edrusv\u00e9delmi rendszert, ami abban az id\u0151ben (1987?) forradalmi volt. Ezt a tan\u00e1r\u00e1val kidolgozt\u00e1k \u00e9s publik\u00e1lt\u00e1k. K\u00e9s\u0151bb n\u00e9zetelt\u00e9r\u00e9s alakult ki, \u00e9s az egy\u00fcttm\u0171k\u00f6d\u00e9s megszakadt, \u00e9s elindult egy v\u00edrus a f\u0151iskol\u00e1r\u00f3l, amit ez a rendszer sem tudott felismerni&#8230;<\/p>\n<h4>LoveLetter<\/h4>\n<p>A LoveLetter (I love You letter) v\u00edrus 2000 m\u00e1jus\u00e1ban a vil\u00e1g mail szervereinek nagy r\u00e9sz\u00e9t megb\u00e9n\u00edtotta, hozz\u00e1vet\u0151leg m\u00e1sf\u00e9l napra lehetetlenn\u00e9 t\u00e9ve az e-mailek k\u00fcld\u00e9s\u00e9t \u00e9s fogad\u00e1s\u00e1t. Ez alatt akkora adatforgalmat gener\u00e1lt, hogy az Internet gyakorlatilag haszn\u00e1lhatatlann\u00e1 v\u00e1lt.<\/p>\n<p>Ebben az esetben egy egyetemi szakdolgozat t\u00e9m\u00e1ja az volt, hogy a Microsoft Outlookban az akkor megl\u00e9v\u0151 hib\u00e1kat kihaszn\u00e1lva lehet olyan e-mail alap\u00fa v\u00edrust \u00edrni, amely komoly gondokat okozhat. Ezt a b\u00edr\u00e1l\u00f3k nem fogadt\u00e1k el, ez\u00e9rt a di\u00e1k elk\u00e9sz\u00edtette a v\u00edrust, ami miatt a hat\u00f3s\u00e1gok elj\u00e1r\u00e1st ind\u00edtottak ellene.<\/p>\n<h4>Napjaink<\/h4>\n<p>Napjainkban m\u00e1r az \u00fczleti szf\u00e9ra is felfedezte mag\u00e1nak az internetre k\u00f6t\u00f6tt eszk\u00f6z\u00f6k illeg\u00e1lis haszn\u00e1lat\u00e1ban rejl\u0151 lehet\u0151s\u00e9geket.<\/p>\n<p>Az els\u0151 ilyen rosszindulat\u00fa programok az e-mail rendszereket t\u00e1madt\u00e1k \u00e9s spam \u00fczenetek k\u00fcld\u00e9s\u00e9re haszn\u00e1lt\u00e1k \u0151ket.<\/p>\n<p>A k\u00f6vetkez\u0151 l\u00e9p\u00e9s az volt, amikor \u201epostal\u00e1d\u00e1nak&#8221; haszn\u00e1lj\u00e1k a gyan\u00fatlan felhaszn\u00e1l\u00f3 sz\u00e1m\u00edt\u00f3g\u00e9p\u00e9t. A merevlemez\u00e9n (esetleg illeg\u00e1lis) tartalmakat helyeznek el. Az ilyen t\u00e1mad\u00e1sok eset\u00e9n figyelemfelkelt\u0151 lehet a megn\u00f6vekedett internetforgalom \u00e9s a merevlemezen hirtelen lecs\u00f6kkent szabad ter\u00fclet. Arr\u00f3l nem is besz\u00e9lve, hogy a merevlemezen t\u00e1rolt illeg\u00e1lis tartalom\u00e9rt a hat\u00f3s\u00e1gok els\u0151 k\u00f6rben az \u00e1ldozat ellen ind\u00edtanak elj\u00e1r\u00e1st.<\/p>\n<p>A harmadik t\u00e1mad\u00e1st\u00edpus, amikor az eszk\u00f6z sz\u00e1m\u00edt\u00e1si teljes\u00edtm\u00e9ny\u00e9t veszik ig\u00e9nybe, ami a nagy mennyis\u00e9g\u0171 megfert\u0151z\u00f6tt eszk\u00f6z miatt elosztott sz\u00e1m\u00edt\u00e1sok v\u00e9gz\u00e9s\u00e9re alkalmas szupersz\u00e1m\u00edt\u00f3g\u00e9pp\u00e9 fogja \u00f6ssze a fert\u0151z\u00f6tt g\u00e9peket. Egyes becsl\u00e9sek szerint egy ilyen, illeg\u00e1lisan l\u00e9trehozott szupersz\u00e1m\u00edt\u00f3g\u00e9p a vil\u00e1g legnagyobb teljes\u00edtm\u00e9ny\u0171 szupersz\u00e1m\u00edt\u00f3g\u00e9pe.<\/p>\n<p>Nem szokt\u00e1k a v\u00edrusok k\u00f6z\u00e9 sorolni, de ide tartoznak a rekl\u00e1mtukm\u00e1l\u00f3 programok, amik a b\u00f6ng\u00e9sz\u0151t diszkr\u00e9ten vagy er\u0151szakosan telepakolj\u00e1k rekl\u00e1mokkal.<\/p>\n<p>Egyes \u201eokosTV&#8221;-k bizony jelentik a gy\u00e1rt\u00f3nak, hogy mint n\u00e9z\u00fcnk rajtuk, illetve ha a hangvez\u00e9rl\u00e9si szolg\u00e1ltat\u00e1st haszn\u00e1ljuk, akkor a hangmint\u00e1t elk\u00fcldi egy k\u00f6zponti szervernek \u00e9s az dolgozza fel.\u00a0 Ez nyilv\u00e1nval\u00f3an nem a v\u00e1s\u00e1rl\u00f3 \u00e9rdekeit szolg\u00e1lja, b\u00e1r hogy a gy\u00e1rt\u00f3 mire megy ilyen adatokkal, szint\u00e9n k\u00e9rd\u00e9ses. A probl\u00e9ma a router megfelel\u0151 be\u00e1ll\u00edt\u00e1s\u00e1val orvosolhat\u00f3.<\/p>\n<h3>Mi a teend\u0151?<\/h3>\n<p>A c\u00edmben m\u00e1r megadtuk a v\u00e1laszt: k\u00e9sz\u00fclni a h\u00e1bor\u00fara.<\/p>\n<ul>\n<li>A haszn\u00e1lt programokat mindig friss\u00edteni<\/li>\n<li><a href=\"https:\/\/virusirto.lap.hu\/\">V\u00edrusirt\u00f3 programot haszn\u00e1lni<\/a> \u00e9s frissen tartani<\/li>\n<li>Az interneten mindig betartani a j\u00f3zan \u00e9sz dikt\u00e1lta szab\u00e1lyokat<\/li>\n<li>A saj\u00e1t rendszer\u00fcnket mindig \u00fagy \u00e9p\u00edts\u00fck\/\u00e9p\u00edttess\u00fck ki, hogy a v\u00e9delmi int\u00e9zked\u00e9sek azonnal bele legyenek \u00e9p\u00edtve.<\/li>\n<li>Az internet haszn\u00e1latakor mindig legy\u00fcnk gyanakv\u00f3ak. Ne adjunk meg jelszavakat, szem\u00e9lyes adatokat<\/li>\n<\/ul>\n<h3>Kapcsol\u00f3d\u00f3 cikkek<\/h3>\n<ul>\n<li><a href=\"http:\/\/www.itkommando.hu\/site\/a_halozat_szolgalataban\/tanulmanyok\/hogyan-tegyuk-e-mailjeinket-hitelesse-es-bizalmassa-bevezeto\/\">Hogyan tegy\u00fck e-mailjeinket hiteless\u00e9 \u00e9s bizalmass\u00e1? Bevezet\u0151<\/a><\/li>\n<li id=\"menu-item-2280\"><a title=\"Hogyan v\u00e9dekezz\u00fcnk a rekl\u00e1mok ellen?\" href=\"http:\/\/www.itkommando.hu\/site\/a_halozat_szolgalataban\/tanulmanyok\/nem-akarok-reklamot\/\">Nem akarok rekl\u00e1mot<\/a><\/li>\n<li><a title=\"Az adatokra leselked\u0151 vesz\u00e9lyek\" href=\"http:\/\/www.itkommando.hu\/site\/a_halozat_szolgalataban\/tanulmanyok\/adatokra_leselkedo_veszelyek\/\">Adatokra leselked\u0151 vesz\u00e9lyek\u00a0<\/a><\/li>\n<\/ul>\n","protected":false},"excerpt":{"rendered":"<p>Ha b\u00e9k\u00e9t akarsz, k\u00e9sz\u00fclj a h\u00e1bor\u00fara. Ez\u00a0 a mond\u00e1s bizony az informatika ter\u00fclet\u00e9n is meg\u00e1llja a hely\u00e9t, mivel az informatikai t\u00e1mad\u00e1soknak minden internetre k\u00f6t\u00f6tt eszk\u00f6z ki van t\u00e9ve. Sokszor fel&hellip;<a href=\"https:\/\/www.itkommando.hu\/site\/leirasok\/sic-vis-pacem-para-bellum\/\" class=\"more-link\"><span class=\"more-button\">Tov\u00e1bb a r\u00e9szletekre<span class=\"screen-reader-text\">Sic vis pacem, para bellum<\/span><\/span><\/a><\/p>\n","protected":false},"author":1,"featured_media":3447,"parent":2921,"menu_order":0,"comment_status":"closed","ping_status":"closed","template":"","meta":{"footnotes":""},"categories":[14,16],"tags":[],"class_list":["post-2807","page","type-page","status-publish","has-post-thumbnail","hentry","category-biztonsag","category-tanacsok"],"aioseo_notices":[],"_links":{"self":[{"href":"https:\/\/www.itkommando.hu\/site\/wp-json\/wp\/v2\/pages\/2807","targetHints":{"allow":["GET"]}}],"collection":[{"href":"https:\/\/www.itkommando.hu\/site\/wp-json\/wp\/v2\/pages"}],"about":[{"href":"https:\/\/www.itkommando.hu\/site\/wp-json\/wp\/v2\/types\/page"}],"author":[{"embeddable":true,"href":"https:\/\/www.itkommando.hu\/site\/wp-json\/wp\/v2\/users\/1"}],"replies":[{"embeddable":true,"href":"https:\/\/www.itkommando.hu\/site\/wp-json\/wp\/v2\/comments?post=2807"}],"version-history":[{"count":10,"href":"https:\/\/www.itkommando.hu\/site\/wp-json\/wp\/v2\/pages\/2807\/revisions"}],"predecessor-version":[{"id":5584,"href":"https:\/\/www.itkommando.hu\/site\/wp-json\/wp\/v2\/pages\/2807\/revisions\/5584"}],"up":[{"embeddable":true,"href":"https:\/\/www.itkommando.hu\/site\/wp-json\/wp\/v2\/pages\/2921"}],"wp:featuredmedia":[{"embeddable":true,"href":"https:\/\/www.itkommando.hu\/site\/wp-json\/wp\/v2\/media\/3447"}],"wp:attachment":[{"href":"https:\/\/www.itkommando.hu\/site\/wp-json\/wp\/v2\/media?parent=2807"}],"wp:term":[{"taxonomy":"category","embeddable":true,"href":"https:\/\/www.itkommando.hu\/site\/wp-json\/wp\/v2\/categories?post=2807"},{"taxonomy":"post_tag","embeddable":true,"href":"https:\/\/www.itkommando.hu\/site\/wp-json\/wp\/v2\/tags?post=2807"}],"curies":[{"name":"wp","href":"https:\/\/api.w.org\/{rel}","templated":true}]}}