{"id":2987,"date":"2015-03-09T11:13:25","date_gmt":"2015-03-09T10:13:25","guid":{"rendered":"http:\/\/www.itkommando.hu\/site\/?page_id=2987"},"modified":"2021-07-14T18:42:59","modified_gmt":"2021-07-14T17:42:59","slug":"a-raspberry-pi-2-mint-medialejatszo","status":"publish","type":"page","link":"https:\/\/www.itkommando.hu\/site\/leirasok\/a-raspberry-pi-2-mint-medialejatszo\/","title":{"rendered":"A RaspBerry PI 2 m\u00e9dialej\u00e1tsz\u00f3"},"content":{"rendered":"<figure id=\"attachment_2995\" aria-describedby=\"caption-attachment-2995\" style=\"width: 150px\" class=\"wp-caption alignright\"><a href=\"http:\/\/www.itkommando.hu\/site\/wp-content\/uploads\/Raspberry_Pi_2_Model_B_front2.jpg\"><img loading=\"lazy\" decoding=\"async\" class=\"size-thumbnail wp-image-2995\" src=\"http:\/\/www.itkommando.hu\/site\/wp-content\/uploads\/Raspberry_Pi_2_Model_B_front2-150x150.jpg\" alt=\"A raspberry PI 2\" width=\"150\" height=\"150\" \/><\/a><figcaption id=\"caption-attachment-2995\" class=\"wp-caption-text\">A k\u00e1trya<\/figcaption><\/figure>\n<h3>A k\u00e1rtya specifik\u00e1ci\u00f3ja<\/h3>\n<ul>\n<li>Core Architecture: ARM<\/li>\n<li>Core Sub-Architecture: ARM7<\/li>\n<li><strong>Quad Core CPU\u00a0<\/strong>(SoC\u00a0Broadcom BCM2836 quad core Cortex A7 processor @ 900MHz \u00a0(T\u00falhajthat\u00f3 1.1 GHz-ig), \u00a0VideoCore IV GPU<strong>),<\/strong><\/li>\n<li><strong>1GB LPDDR2\u00a0RAM,<\/strong><\/li>\n<li><strong>900MHz<\/strong>\u00a0\u00f3rajel,<\/li>\n<li>40 GPIO Pins,<\/li>\n<li>4 x USB2 Port,<\/li>\n<li>4 p\u00f3lus\u00fa sztere\u00f3 kimenet, amely a kompozit video jelet is tartalmazza,<\/li>\n<li>HDMI Port,<\/li>\n<li>10\/100 Ethernet,<\/li>\n<li>Micro SD foglalat<\/li>\n<li>M\u00e9ret:\u00a085 x 56 mm<\/li>\n<li><strong>6x-os teljes\u00edtm\u00e9ny egyes feladatok eset\u00e9n a RaspBerry PI B+ -hoz k\u00e9pest<\/strong><\/li>\n<\/ul>\n<h3>Az el\u0151k\u00e9sz\u00fcletek<\/h3>\n<p>A m\u00e9dialej\u00e1tsz\u00f3hoz sz\u00fcks\u00e9ges image-t az <a title=\"OpenELEC let\u00f6lt\u0151 oldal\" href=\"https:\/\/openelec.tv\/\" target=\"_blank\" rel=\"noopener\">openelec oldal\u00e1r\u00f3l<\/a> t\u00f6ltj\u00fck le. A let\u00f6lt\u00e9sn\u00e9l figyelj\u00fcnk oda, hogy a RaspBerry PI egy- vagy t\u00f6bbmagos verzi\u00f3j\u00e1t haszn\u00e1ljuk-e. Az ennek megfelel\u0151 image-t t\u00f6lts\u00fck le. (A cikk a t\u00f6bbmagos RaspBerry PI 2-r\u0151l sz\u00f3l). Bontsuk ki a let\u00f6lt\u00f6tt OpenELEC-RPi2.arm-5.0.5.img.gz f\u00e1jlt.<\/p>\n<p>M\u00e1soljuk az inage-t az SD-k\u00e1rty\u00e1ra:<br \/>\n<code>dd if=OpenELEC-RPi2.arm-5.0.5.img of=\/dev\/mmcblk0<\/code><\/p>\n<p>A f\u00e1jlnevek hely\u00e9re mindenkinek a saj\u00e1t rendszer\u00e9ben \u00e9rv\u00e9nyeseket kell \u00edrni, ahol:<\/p>\n<p><code>OpenELEC-RPi2.arm-5.0.5.img<\/code> a kicsomagolt image<\/p>\n<p><code>\/dev\/mmcblk0<\/code> az SD k\u00e1rtya<\/p>\n<p>A m\u00e1sol\u00e1s idej\u00e9re a termin\u00e1l mintha lefagyna, azonban a m\u00e1sol\u00e1s folyamatban van. Amikor a promptot visszakapjuk, a m\u00e1sol\u00e1s k\u00e9szen van. Ekkor valami hasonl\u00f3t \u00edr ki:<\/p>\n<p><code>598016+0 beolvasott rekord<\/code><\/p>\n<p>598016+0 ki\u00edrt rekord<\/p>\n<p>306184192 b\u00e1jt (306 MB) m\u00e1solva, 169,135 mp, 1,8 MB\/s<\/p>\n<figure style=\"width: 320px\" class=\"wp-caption alignright\"><img loading=\"lazy\" decoding=\"async\" src=\"https:\/\/upload.wikimedia.org\/wikipedia\/commons\/thumb\/0\/0b\/Raspberry_Pi_2_Model_B_v1.1_underside_new.jpg\/320px-Raspberry_Pi_2_Model_B_v1.1_underside_new.jpg?uselang=hu\" alt=\"\" width=\"320\" height=\"213\" \/><figcaption class=\"wp-caption-text\">Az SD k\u00e1rtya foglalata a panel alj\u00e1n van. Az SD k\u00e1rty\u00e1t \u00fagy kell berakni, hogy az \u00e9rintkez\u0151i a panel fel\u00e9 n\u00e9zzenek<\/figcaption><\/figure>\n<p>A k\u00e9sz\u00fcl\u00e9ket kicsomagoljuk \u00e9s \u00f6sszerakjuk. A tapasztalat szerint a doboz sokkal frapp\u00e1nsabban szerelhet\u0151, mint a RaspBerry PI B doboza. Az SD k\u00e1rty\u00e1t \u00e9rdemes a szerel\u00e9s ut\u00e1n betenni, az azonban odafigyel\u00e9st ig\u00e9nyel, hogy a doboz fura alak\u00fa kiv\u00e1g\u00e1s\u00e1n kereszt\u00fcl a foglalatba (\u00e9rintkez\u0151kkel a panel fel\u00e9) \u00e9s ne al\u00e1 tegy\u00fck.<\/p>\n<p>A monitort, h\u00e1l\u00f3zatot, billenty\u0171zetet \u00e9s v\u00e9g\u00fcl a t\u00e1pot is csatlakoztattam.<\/p>\n<h3>A konfigur\u00e1l\u00e1s<\/h3>\n<p>P\u00e1r m\u00e1sodperc alatt a k\u00e9sz\u00fcl\u00e9k felbootol, mindenf\u00e9le konfigur\u00e1ci\u00f3kat v\u00e9gez, majd \u00fajrabootol\u00e1s ut\u00e1n (az eg\u00e9sz kb 1 perc), megjelenik a Welcome to OpenELEC angol nyelv\u0171 var\u00e1zsl\u00f3. Itt eg\u00e9rrel vagy a billenty\u0171zet haszn\u00e1lat\u00e1val (jobbra \u00e9s balra ny\u00edl) ki lehet v\u00e1lasztani a magyar (Hungarian) nyelvet. Ezen a ponton a k\u00e9perny\u0151 var\u00e1zs\u00fct\u00e9sre r\u00e9szben magyar nyelv\u0171v\u00e9 v\u00e1lik (ez a \u201en\u00e9hol magyar\u201d \u00e1llapot a tov\u00e1bbi oldalakra is jellemz\u0151). A tov\u00e1bb gombra entert \u00fctve vagy kattintva a host nevet k\u00e9rdezi. Az alap\u00e9rtelmezett az OpenELEC, amit valami besz\u00e9desebbre \u00e9rdemes v\u00e1ltoztatni.<\/p>\n<p>K\u00f6vetkezik a h\u00e1l\u00f3zat felismer\u00e9se. Az IP c\u00edmet \u00e9rdemes fel\u00edrni, azt\u00e1n mehet\u00fcnk tov\u00e1bb.<\/p>\n<p>\u00c9s egy k\u00f6sz\u00f6n\u0151 oldal ut\u00e1n meg is jelenik a KODI kezd\u0151 oldala.<\/p>\n<p>A men\u00fcszalagon a <code>programok<\/code> men\u00fcpontot v\u00e1lasztjuk, azon bel\u00fcl az <code>OpenELEC configuration<\/code>-t<\/p>\n<p>Els\u0151 l\u00e9p\u00e9sk\u00e9nt a Rendszer f\u00fcl alatt billenty\u0171zetkioszt\u00e1st \u00e1ll\u00edtjuk be a billenty\u0171zet\u00fcnkh\u00f6z, a mi eset\u00fcnkbe hu-ra.<\/p>\n<p>Az automatikus friss\u00edt\u00e9seket (el ne felejts\u00fck) \u201eauto\u201d-ra \u00e1ll\u00edtjuk, valamint a Friss\u00edt\u00e9sek azonnali keres\u00e9se: sz\u00f6vegre kattintva ellen\u0151rizz\u00fck vannak-e friss\u00edt\u00e9sek a rendszer\u00fcnkh\u00f6z.<\/p>\n<p>Az Esc billenty\u0171 t\u00f6bbsz\u00f6ri lenyom\u00e1s\u00e1val visszat\u00e9r\u00fcnk a f\u0151men\u00fc szalagj\u00e1ra, \u00e9s kiv\u00e1lasztjuk rendszer men\u00fcpontot.<\/p>\n<p>A rendszer <code>\/be\u00e1ll\u00edt\u00e1sok\/id\u0151j\u00e1r\u00e1s<\/code> men\u00fcpontban az Id\u0151j\u00e1r\u00e1sadatok szolg\u00e1ltat\u00f3ja <code>t\u00f6bb beszerz\u00e9se<\/code> men\u00fcpontban szolg\u00e1ltat\u00f3j\u00e1ra kattintva kiv\u00e1laszthatjuk, hogy melyik szolg\u00e1ltat\u00f3ban b\u00edzunk meg. A magyarorsz\u00e1gi id\u0151j\u00e1r\u00e1st a Yahoo \u00e9s az OpenWeatherMap szolg\u00e1ltatja. A szolg\u00e1ltat\u00f3 nev\u00e9re megjelen\u0151 men\u00fcben v\u00e1lasszuk a telep\u00edt\u00e9s men\u00fcpontot. A telep\u00edt\u00e9s ut\u00e1n ism\u00e9t a szolg\u00e1ltat\u00f3 nev\u00e9re kattintva Be\u00e1ll\u00edt\u00e1s men\u00fcpontban \u00e1ll\u00edthatjuk be a tart\u00f3zkod\u00e1si hely\u00fcnket<\/p>\n<p>A Rendszer<code>\/Be\u00e1ll\u00edt\u00e1sok\/Megjelen\u00e9s\/Nyelv<\/code> men\u00fcpontban:<\/p>\n<p>A billenty\u0171zet kioszt\u00e1st \u00e1ll\u00edtsuk be <code>Hungarian QWERTZ<\/code>-re<\/p>\n<p>Az id\u0151z\u00f3n\u00e1t Hungary-ra<\/p>\n<h3>A Transmission torrent telep\u00edt\u00e9se<\/h3>\n<p>Figyelem! Szint\u00e9n Transmission n\u00e9ven lehet a transmission-remote-gui-t (csak felhaszn\u00e1l\u00f3i fel\u00fclet) telep\u00edteni, korl\u00e1tozott k\u00e9pess\u00e9gekkel.<\/p>\n<p>A <code>rendszer\/be\u00e1ll\u00edt\u00e1sok\/kieg\u00e9sz\u00edt\u0151k\/Kieg\u00e9sz\u00edt\u0151 beszerz\u00e9se\/OpenELEC Mediacenter OS Add-ons m\/Kieg\u00e9sz\u00edt\u0151 t\u00e1rol\u00f3hely<\/code> men\u00fcpontban kiv\u00e1lasztjuk az <code>unofficial OpenELEC (RPi2\/arm) Add-ons<\/code> men\u00fcpontot. R\u00e1kattint\u00e1s ut\u00e1n a telep\u00edt\u00e9st v\u00e1lasztjuk.<\/p>\n<p>Figyelem! Az innen telep\u00edtett programok nem lettek r\u00e9szletesen tesztelve, hib\u00e1kat tartalmazhatnak!<\/p>\n<p>Visszal\u00e9pked\u00fcnk a Kieg\u00e9sz\u00edt\u0151 beszerz\u00e9se men\u00fcpontra. Az <code>Unofficial OpenELEC (RPi2\/arm) Add-ons<\/code> feliratra jobb gombbal friss\u00edtj\u00fck a mappa tartalm\u00e1t, majd r\u00e1kattintva, a szolg\u00e1ltat\u00e1sok k\u00f6z\u00f6tt megkeress\u00fck a <code>Transmission<\/code>-t<\/p>\n<p>A f\u00f3rumok tanuls\u00e1ga szerint a Transmission-daemon telep\u00edt\u00e9s\u00e9nek m\u00f3dja dinamikusan v\u00e1ltozik, ez\u00e9rt a k\u00f6zelj\u00f6v\u0151ben megint v\u00e1ltozhat.<\/p>\n<p>A Transmissiont pillanatnyilag a legegyszer\u0171bb egy webb\u00f6ng\u00e9sz\u0151n kereszt\u00fcl kezelni. Be\u00edrjuk a k\u00e9sz\u00fcl\u00e9k IP c\u00edm\u00e9t \u00e9s a Transmission portj\u00e1t a b\u00f6ng\u00e9sz\u0151nkbe, \u00e9s m\u00e1r k\u00e9sz is vagyunk. Lehet t\u00f6lteni, amit a t\u00f6rv\u00e9nyek megengednek.<\/p>\n<p><code>192.168.1.2:9091<\/code><br \/>\nAhol<br \/>\n<code>192.168.111.2<\/code> A Pi IP c\u00edme (nem tudtam ellen\u00e1llni a po\u00e9nnak)<br \/>\n<code>9091<\/code> A transmission daemon ezen a porton v\u00e1rja a csatlakoz\u00e1st<\/p>\n<h3>A YouTube (online tartalom) el\u00e9r\u00e9s be\u00e1ll\u00edt\u00e1sa<\/h3>\n<p>A Vide\u00f3k\/kieg\u00e9sz\u00edt\u0151k\/T\u00f6bb beszerz\u00e9se men\u00fcpontban rengeteg szolg\u00e1ltat\u00f3 k\u00f6z\u00fcl v\u00e1laszthatunk. Keress\u00fck meg a YouTube-t \u00e9s kattintsunk r\u00e1. V\u00e1lasszuk a telep\u00edt\u00e9st. Term\u00e9szetesen b\u00e1rmely kieg\u00e9sz\u00edt\u0151 telep\u00edt\u00e9se hasonl\u00f3<\/p>\n<h3>Megjegyz\u00e9sek<\/h3>\n<p>A rendszer j\u00f3l t\u00e1vir\u00e1ny\u00edthat\u00f3 az XBMC Remote nev\u0171 programmal vagy a webfel\u00fcletr\u0151l tetsz\u0151leges mobil vagy asztali eszk\u00f6zr\u0151l.<\/p>\n<p>Egy gyors m\u00e9r\u00e9s szerint egy olyan ISO lej\u00e1tsz\u00e1sa, ami a PI B k\u00e9pess\u00e9geit messze meghaladta, 14% terhel\u00e9st jelent a PI 2 processzor\u00e1nak.<\/p>\n<p>A felt\u00e9telez\u00e9s\u00fcnk szerint a k\u00e9sz\u00fcl\u00e9k v\u00e9gleges hely\u00e9n neh\u00e9z lett volna az ethernet k\u00e1bel ki\u00e9p\u00edt\u00e9se, ez\u00e9rt tett\u00fcnk bele egy ASUS USB-N 10 Nano USB WiFi adaptert. Az OpenELEC azonnal kezelte ak\u00e1r hotspot, ak\u00e1r kliens \u00fczemm\u00f3dban.<\/p>\n<p>FRISS\u00cdT\u00c9S<\/p>\n<p>Az OpenELEC telep\u00edt\u00e9se megv\u00e1ltozott. A let\u00f6lt\u00f6tt tar f\u00e1jl egy <code>create_sdcard<\/code> scriptet tartalmaz, amit elind\u00edtva l\u00e9trehozza a telep\u00edt\u0151 SD k\u00e1rty\u00e1t:<br \/>\n<code>sudo .\/create_sdcard \/dev\/mmcblk0<\/code><\/p>\n<p>A k\u00e9sz\u00fcl\u00e9ket a <a title=\"revolt Kft.\" href=\"http:\/\/malnapc.hu\/\" target=\"_blank\" rel=\"noopener\">malnapc.hu <\/a>bocs\u00e1jtotta rendelkez\u00e9s\u00fcnkre<\/p>\n<h3>Kapcsol\u00f3d\u00f3 cikkek<\/h3>\n<ul id=\"menu-tanacsoktanulmanyok\">\n<li id=\"menu-item-2983\"><a href=\"http:\/\/www.itkommando.hu\/site\/leirasok\/a-pi-termekcsalad\/\">A PI term\u00e9kcsal\u00e1d<\/a>\n<ul>\n<li id=\"menu-item-2736\"><a title=\"A Raspberry PI mint m\u00e9dia szerver\" href=\"http:\/\/www.itkommando.hu\/site\/raspberry-pi\/\">Raspberry PI 1. r\u00e9sz<\/a><\/li>\n<li id=\"menu-item-2741\"><a title=\"A kifog\u00e1sok \u00e9s a http szerver\" href=\"http:\/\/www.itkommando.hu\/site\/rasperry-pi-2\/\">Raspberry PI 2. r\u00e9sz<\/a><\/li>\n<li><a title=\"Egy egyszer\u0171 irodai szerver raspberry pi2-b\u0151l\" href=\"http:\/\/www.itkommando.hu\/site\/leirasok\/egy-egyszeru-irodai-szerver-raspberry-pi2-bol\/\">Egy egyszer\u0171 irodai szerver raspberry pi2-b\u0151l<\/a><\/li>\n<\/ul>\n<\/li>\n<\/ul>\n","protected":false},"excerpt":{"rendered":"<p>A k\u00e1rtya specifik\u00e1ci\u00f3ja Core Architecture: ARM Core Sub-Architecture: ARM7 Quad Core CPU\u00a0(SoC\u00a0Broadcom BCM2836 quad core Cortex A7 processor @ 900MHz \u00a0(T\u00falhajthat\u00f3 1.1 GHz-ig), \u00a0VideoCore IV GPU), 1GB LPDDR2\u00a0RAM, 900MHz\u00a0\u00f3rajel, 40&hellip;<a href=\"https:\/\/www.itkommando.hu\/site\/leirasok\/a-raspberry-pi-2-mint-medialejatszo\/\" class=\"more-link\"><span class=\"more-button\">Tov\u00e1bb a r\u00e9szletekre<span class=\"screen-reader-text\">A RaspBerry PI 2 m\u00e9dialej\u00e1tsz\u00f3<\/span><\/span><\/a><\/p>\n","protected":false},"author":1,"featured_media":2715,"parent":2921,"menu_order":0,"comment_status":"closed","ping_status":"closed","template":"","meta":{"footnotes":""},"categories":[11,80,9,13,16],"tags":[],"class_list":["post-2987","page","type-page","status-publish","has-post-thumbnail","hentry","category-munkaallomas","category-raspberry-pi-es-banan-pi","category-szerver","category-szoftver","category-tanacsok"],"aioseo_notices":[],"_links":{"self":[{"href":"https:\/\/www.itkommando.hu\/site\/wp-json\/wp\/v2\/pages\/2987","targetHints":{"allow":["GET"]}}],"collection":[{"href":"https:\/\/www.itkommando.hu\/site\/wp-json\/wp\/v2\/pages"}],"about":[{"href":"https:\/\/www.itkommando.hu\/site\/wp-json\/wp\/v2\/types\/page"}],"author":[{"embeddable":true,"href":"https:\/\/www.itkommando.hu\/site\/wp-json\/wp\/v2\/users\/1"}],"replies":[{"embeddable":true,"href":"https:\/\/www.itkommando.hu\/site\/wp-json\/wp\/v2\/comments?post=2987"}],"version-history":[{"count":16,"href":"https:\/\/www.itkommando.hu\/site\/wp-json\/wp\/v2\/pages\/2987\/revisions"}],"predecessor-version":[{"id":5521,"href":"https:\/\/www.itkommando.hu\/site\/wp-json\/wp\/v2\/pages\/2987\/revisions\/5521"}],"up":[{"embeddable":true,"href":"https:\/\/www.itkommando.hu\/site\/wp-json\/wp\/v2\/pages\/2921"}],"wp:featuredmedia":[{"embeddable":true,"href":"https:\/\/www.itkommando.hu\/site\/wp-json\/wp\/v2\/media\/2715"}],"wp:attachment":[{"href":"https:\/\/www.itkommando.hu\/site\/wp-json\/wp\/v2\/media?parent=2987"}],"wp:term":[{"taxonomy":"category","embeddable":true,"href":"https:\/\/www.itkommando.hu\/site\/wp-json\/wp\/v2\/categories?post=2987"},{"taxonomy":"post_tag","embeddable":true,"href":"https:\/\/www.itkommando.hu\/site\/wp-json\/wp\/v2\/tags?post=2987"}],"curies":[{"name":"wp","href":"https:\/\/api.w.org\/{rel}","templated":true}]}}