{"id":3008,"date":"2015-03-18T13:20:03","date_gmt":"2015-03-18T12:20:03","guid":{"rendered":"http:\/\/www.itkommando.hu\/site\/?page_id=3008"},"modified":"2021-07-15T08:47:28","modified_gmt":"2021-07-15T07:47:28","slug":"egy-egyszeru-irodai-szerver-raspberry-pi2-bol","status":"publish","type":"page","link":"https:\/\/www.itkommando.hu\/site\/leirasok\/egy-egyszeru-irodai-szerver-raspberry-pi2-bol\/","title":{"rendered":"Egy egyszer\u0171 irodai szerver raspberry pi2-b\u0151l"},"content":{"rendered":"<p>A Raspberry PI aktu\u00e1lis verzi\u00f3ja a Pi4, ami m\u00e1r jelent\u0151s sz\u00e1m\u00edt\u00e1si teljes\u00edtm\u00e9nyt mondhat mag\u00e1\u00e9nak. A Raspbian-t felv\u00e1ltotta a Raspberry Pi OS, de az itt le\u00edrtak haszn\u00e1lhat\u00f3ak.<\/p>\n<p>A Raspberry Pi2 nem tartalmaz ventill\u00e1tort, a fogyaszt\u00e1sa a 230 V-os h\u00e1l\u00f3zat fel\u0151l m\u00e9rve mind\u00f6ssze 7 W, m\u00edg egy \u201ehagyom\u00e1nyos&#8221; szerver 300 W felett fogyaszt, \u00e9s ennek megfelel\u0151 h\u0171t\u00e9sre is van sz\u00fcks\u00e9ge. N\u00e9zz\u00fck meg, ilyen esetben a m\u00e1lnaPC hogyan teljes\u00edt:<\/p>\n<figure id=\"attachment_2993\" aria-describedby=\"caption-attachment-2993\" style=\"width: 150px\" class=\"wp-caption alignright\"><a href=\"http:\/\/www.itkommando.hu\/site\/wp-content\/uploads\/Raspberry_Pi_2_Model_B_front.jpg\"><img loading=\"lazy\" decoding=\"async\" class=\"size-thumbnail wp-image-2993\" src=\"http:\/\/www.itkommando.hu\/site\/wp-content\/uploads\/Raspberry_Pi_2_Model_B_front-150x150.jpg\" alt=\"RaspBerry Pi 2\" width=\"150\" height=\"150\" \/><\/a><figcaption id=\"caption-attachment-2993\" class=\"wp-caption-text\">A Raspberry Pi 2 egyk\u00e1rty\u00e1nyi n\u00e9gymagos processzorral szerelt mikroPC<\/figcaption><\/figure>\n<p>Az USB porton csatlakoztatott HDD erre csak korl\u00e1tozottan teszi a rendszert alkalmass\u00e1, azonban sz\u00fcks\u00e9gmegold\u00e1sk\u00e9nt, vagy otthoni haszn\u00e1latra kimondottan j\u00f3 lehet.<\/p>\n<p>Telep\u00edts\u00fcnk a Raspberry PI 2-re egy Raspbian rendszert, \u00e9s hozzunk ki bel\u0151le egy otthoni\/kis irodai \u201emindenes\u201d szervert.<\/p>\n<p>T\u00f6lts\u00fck le a Raspbian imaget a <a title=\"A raspbian image let\u00f6lt\u00e9se\" href=\"http:\/\/downloads.raspberrypi.org\/raspbian_latest\" target=\"_blank\" rel=\"noopener\">gy\u00e1rt\u00f3 oldal\u00e1r\u00f3l.<\/a><\/p>\n<p>A zippet csomagoljuk ki.<\/p>\n<p><code>gzip -d 2015-02-16-raspbian-wheezy.zip<\/code><\/p>\n<p>M\u00e1soljuk az inage-t az SD-k\u00e1rty\u00e1ra: <code>dd if=2015-02-16-raspbian-wheezy.img of=\/dev\/mmcblk0<\/code><\/p>\n<p>A f\u00e1jlnevek hely\u00e9re mindenkinek a saj\u00e1t rendszer\u00e9ben \u00e9rv\u00e9nyeseket kell \u00edrni, ahol:<\/p>\n<p><code>2015-02-16-raspbian-wheezy.zip<\/code> a kicsomagolt image<\/p>\n<p><code>\/dev\/mmcblk0<\/code> az SD k\u00e1rtya<\/p>\n<p>A m\u00e1sol\u00e1s idej\u00e9re a termin\u00e1l mintha lefagyna, azonban a m\u00e1sol\u00e1s folyamatban van. Amikor a promptot visszakapjuk, a m\u00e1sol\u00e1s k\u00e9szen van. Ekkor valami hasonl\u00f3t \u00edr ki:<\/p>\n<p><code>6400000+0 beolvasott rekord<\/code><\/p>\n<p>6400000+0 ki\u00edrt rekord<\/p>\n<p>3276800000 b\u00e1jt (3,3 GB) m\u00e1solva, 1790,95 mp, 1,8 MB\/s<\/p>\n<p>Tegy\u00fck be a k\u00e1rty\u00e1t a m\u00e1lnaPCbe. Kapcsoljuk be.<\/p>\n<p>Amikor a k\u00e9sz\u00fcl\u00e9k felbootol, egy sz\u00f6veges men\u00fc fogad minket.<\/p>\n<p>Az els\u0151 men\u00fcpont az \u201e<code>1 Expand file system<\/code>\u201d ami az oper\u00e1ci\u00f3s rendszert arra utas\u00edtja, hogy az eg\u00e9sz SD k\u00e1rty\u00e1t haszn\u00e1lja. \u00dcss\u00fcnk r\u00e1 egy entert.<\/p>\n<p>A \u201e<code>4 Internatiolisation options<\/code>\u201d men\u00fcpontban<\/p>\n<p>\u201e<code>11 change locale<\/code>\u201d (itt sokat kell v\u00e1rni, mire beolvassa az \u00f6sszes lehet\u0151s\u00e9get)<\/p>\n<p>V\u00e1lasszuk a <code>hu_HU.UTF-8<\/code> lehet\u0151s\u00e9get<\/p>\n<p>A k\u00f6vetkez\u0151 ablakban ism\u00e9t a <code>hu_HU.UTF-8<\/code> lehet\u0151s\u00e9get v\u00e1lasztjuk, ezzel be\u00e1ll\u00edtjuk, mint alap\u00e9rtelmezett be\u00e1ll\u00edt\u00e1s.<\/p>\n<p>V\u00e1lasszuk ism\u00e9t a \u201e<code>4 Internatiolisation options<\/code>\u201d men\u00fcpontot, azon bel\u00fcl a \u201e12 Change Timezone\u201d<\/p>\n<p>men\u00fcpontban megkeress\u00fck az <code>Europe\/Budapest<\/code> lehet\u0151s\u00e9get<\/p>\n<p>A \u201e<code>8 advanced options\/A4 SSH<\/code>\u201d men\u00fcpontban enged\u00e9lyezz\u00fck (enable) az SSH-t (ne keljen egy ilyen kis \u00e9rt\u00e9k\u0171 szervernek saj\u00e1t monitort, billenty\u0171zetet fenntartani, hiszen ezek \u00e1ra \u00f6nmagukban meghaladja egy PI \u00e9rt\u00e9k\u00e9t).<\/p>\n<p>A finish lehet\u0151s\u00e9ggel a rendszer\u00fcnk elindul. Ind\u00edtsuk is \u00fajra egy sudo reboot utas\u00edt\u00e1ssal.<\/p>\n<p>Jelentkezz\u00fcnk be <code>pi\/raspberry<\/code> felhaszn\u00e1l\u00f3n\u00e9v \u00e9s jelsz\u00f3 p\u00e1rossal. Figyelem! Most angol billenty\u0171zetkioszt\u00e1sunk van, teh\u00e1t <code>raspberrz<\/code>-t kell beg\u00e9pelni<\/p>\n<p><code>cd \/etc\/default<\/code><\/p>\n<p><code>sudo nano keyboard<\/code><\/p>\n<p>az <code>XKBLAYOUT=\u201dgb\u201d<\/code> sort cser\u00e9lj\u00fck ki <code>XKBLAYOUT=\u201dhu\u201d-ra<\/code><\/p>\n<p>A ment\u00e9s ut\u00e1n m\u00e1ris \u00e9lvezhetj\u00fck a magyar billenty\u0171zetkioszt\u00e1s \u00f6r\u00f6meit.<\/p>\n<h3>A szolg\u00e1ltat\u00e1sok telep\u00edt\u00e9se<\/h3>\n<p>El\u0151sz\u00f6r a f\u00e1jlmegoszt\u00e1st telep\u00edtj\u00fck. (A sorrend mindegy.)<\/p>\n<p>Sudo apt-get install samba<\/p>\n<p>Rakjunk fel egy WEB szervert is. (Hogy n\u00e9z ki egy c\u00e9g intranet n\u00e9lk\u00fcl?) (A \u201eteljes LAMP\u201d szerver egy k\u00fcl\u00f6n cikk t\u00e9m\u00e1ja.)<\/p>\n<p>sudo apt-get install apache2<\/p>\n<p>Ha egy b\u00f6ng\u00e9sz\u0151vel megn\u00e9zz\u00fck m\u00e1r m\u0171k\u00f6dik is a webszerver\u00fcnk:<\/p>\n<h1><span style=\"color: #000000;\"><span style=\"font-family: Times New Roman;\">It works!<\/span><\/span><\/h1>\n<p><span style=\"color: #000000;\"><span style=\"font-family: Times New Roman;\"><span style=\"font-size: large;\">This is the default web page for this server.<\/span><\/span><\/span><\/p>\n<p><span style=\"color: #000000;\"><span style=\"font-family: Times New Roman;\"><span style=\"font-size: large;\">The web server software is running but no content has been added, yet.<\/span><\/span><\/span><\/p>\n<p>Egyben k\u00f6zli, hogy m\u00e9g nem t\u00f6lt\u00f6tt\u00fcnk fel tartalmat. (most csak az\u00e9rt sem fogunk, majd a <a title=\"LAMP szerver RaspBerry Pi-b\u0151l\" href=\"http:\/\/www.itkommando.hu\/site\/lamp-szerver-raspberry-pi-bol\/\">LAMP szerverre<\/a>)<\/p>\n<h3>\u00c1ll\u00edtsuk be a k\u00fcls\u0151 HDD-t<\/h3>\n<p>Csatlakoztassuk, ha kell, adjunk neki k\u00fcls\u0151 t\u00e1pot. Ha a t\u00e1pell\u00e1t\u00e1st az USB portr\u00f3l kapja, mindenk\u00e9ppen 2,1 A-s t\u00e1pegys\u00e9get c\u00e9lszer\u0171 haszn\u00e1lni, valamint a config.txt-t ki kell eg\u00e9sz\u00edteni a <code>max_usb_current=1<\/code> sorral.<br \/>\n<code>ls \/dev\/sd*<code><br \/>\nA v\u00e1lasz ilyesmi lesz:<code><br \/>\n\/dev\/sda \/dev\/sda1 \/dev\/sda2 \/dev\/sda4 \/<code><\/code><\/code><\/code><\/code><\/p>\n<p>Ezek szerint a j\u00f3 kis k\u00fcls\u0151 HDD-met sda-k\u00e9nt ismerte fel. Az sda2 part\u00edci\u00f3t el\u0151z\u0151leg ext4fs-re form\u00e1ztam&lt;<br \/>\ncsatoljuk a f\u00e1jltrendszerhez:<br \/>\n<code>sudo mount -t ext4 \/dev\/sda2 <\/code><\/p>\n<p>Ahol:<\/p>\n<p><code>\/dev\/sda2<\/code> a kor\u00e1bban ext4-re form\u00e1zott patr\u00edci\u00f3<\/p>\n<p><code>\/mnt<\/code> A hely ahova a part\u00edci\u00f3t csatolni szeretn\u00e9nk<\/p>\n<p>Ha a HDD-t Windowsos munka\u00e1llom\u00e1shoz is szeretn\u00e9nk csatlakoztatni, akkor fat32 f\u00e1jlrendszert c\u00e9lszer\u0171 haszn\u00e1lni, \u00e9s az <code>ext4<\/code> param\u00e9tert <code>vfat<\/code>-ra cser\u00e9lni.<\/p>\n<p>Ha minden rendben ment, v\u00e9gleges\u00edts\u00fck a be\u00e1ll\u00edt\u00e1st az fstab-ba val\u00f3 bevezet\u00e9s\u00e9vel.<br \/>\n<code>sudo nano \/etc\/fstab<\/code><\/p>\n<p>Az utols\u00f3 sorba (\u00e9rtelemszer\u0171 v\u00e1ltoztat\u00e1sokkal) \u00edrjuk be:<br \/>\n\/dev\/sda2 \/mnt ext4 rw 0 0<\/p>\n<h3>\u00c1ll\u00edtsuk be a f\u00e1jlmegoszt\u00e1st<\/h3>\n<p>sudo nano \/etc\/samba\/smb.conf &lt;<br \/>\nA f\u00e1jlt \u00e9rdemes v\u00e9gigbogar\u00e1szni \u00e9s a saj\u00e1t h\u00e1l\u00f3zatunkhoz igaz\u00edtani. Sok magyar \u00e9s angol nyelv\u0171 le\u00edr\u00e1s el\u00e9rhet\u0151, itt most terjedelmi okokb\u00f3l nem r\u00e9szletezz\u00fck.<\/p>\n<p>A f\u00e1jl v\u00e9g\u00e9re sz\u00farjuk be:<\/p>\n<p><code>[doc]<br \/>\nread only = no<br \/>\nlocking = yes<br \/>\npath = \/mnt<br \/>\nguest ok = yes <\/code><\/p>\n<p>Miut\u00e1n elmentett\u00fck:<br \/>\n<code>sudo \/etc\/init.d\/samba reload<\/code><\/p>\n<p>ezzel a samba \u00faj be\u00e1ll\u00edt\u00e1sai \u00e9rv\u00e9nybe l\u00e9pnek.<br \/>\nTerm\u00e9szetesen oszthatunk meg nyomtat\u00f3t is, ehhez azonban kis gyakorlat kell, mert sok nyomtat\u00f3 egy\u00e1ltal\u00e1n nem, vagy csak Windowsos g\u00e9pen kereszt\u00fcl t\u00e1mogatja a megoszt\u00e1st.<\/p>\n<p>Term\u00e9szetesen 2 (egyforma) k\u00fcls\u0151 HDD haszn\u00e1lat\u00e1val a szerverek eset\u00e9ben RAID1 is be\u00e1ll\u00edthat\u00f3 (b\u00e1r ebben az esetben m\u00e1r legal\u00e1bb az egyik HDD-nek k\u00fcls\u0151 t\u00e1posnak kell lennie).<br \/>\nMivel a rendszer m\u00e9rete kicsi, kev\u00e9sb\u00e9 kelti fel egy esetleges bet\u00f6r\u0151 vagy tolvaj figyelm\u00e9t, valamint a napi munka v\u00e9gezt\u00e9vel a k\u00fcls\u0151 HDD-k k\u00f6nnyed\u00e9n elhelyezhet\u0151ek egy p\u00e1nc\u00e9lszekr\u00e9nyben, vagy egy\u00e9b biztos helyen.<\/p>\n<h3>Kapcsol\u00f3d\u00f3 cikkek<\/h3>\n<ul id=\"menu-tanacsoktanulmanyok\">\n<li id=\"menu-item-2736\"><a title=\"A Raspberry PI mint m\u00e9dia szerver\" href=\"http:\/\/www.itkommando.hu\/site\/raspberry-pi\/\">Raspberry PI 1<\/a>. r\u00e9sz<\/li>\n<li><a title=\"A kifog\u00e1sok \u00e9s a http szerver\" href=\"http:\/\/www.itkommando.hu\/site\/rasperry-pi-2\/\">Raspberry PI 2<\/a>. r\u00e9sz<\/li>\n<li><a title=\"A RaspBerry PI 2 m\u00e9dialej\u00e1tsz\u00f3\" href=\"http:\/\/www.itkommando.hu\/site\/leirasok\/a-raspberry-pi-2-mint-medialejatszo\/\">Raspberry PI 2 mint m\u00e9dialej\u00e1tsz\u00f3 \u00e9s torrent \u00e1llom\u00e1s<\/a><\/li>\n<li><a title=\"LAMP szerver RaspBerry Pi-b\u0151l\" href=\"http:\/\/www.itkommando.hu\/site\/lamp-szerver-raspberry-pi-bol\/\">Raspberry PI 2 mint LAMP szerver<\/a><\/li>\n<\/ul>\n","protected":false},"excerpt":{"rendered":"<p>A Raspberry PI aktu\u00e1lis verzi\u00f3ja a Pi4, ami m\u00e1r jelent\u0151s sz\u00e1m\u00edt\u00e1si teljes\u00edtm\u00e9nyt mondhat mag\u00e1\u00e9nak. A Raspbian-t felv\u00e1ltotta a Raspberry Pi OS, de az itt le\u00edrtak haszn\u00e1lhat\u00f3ak. A Raspberry Pi2 nem&hellip;<a href=\"https:\/\/www.itkommando.hu\/site\/leirasok\/egy-egyszeru-irodai-szerver-raspberry-pi2-bol\/\" class=\"more-link\"><span class=\"more-button\">Tov\u00e1bb a r\u00e9szletekre<span class=\"screen-reader-text\">Egy egyszer\u0171 irodai szerver raspberry pi2-b\u0151l<\/span><\/span><\/a><\/p>\n","protected":false},"author":1,"featured_media":2993,"parent":2921,"menu_order":0,"comment_status":"closed","ping_status":"closed","template":"","meta":{"footnotes":""},"categories":[12,80,9,13,16],"tags":[],"class_list":["post-3008","page","type-page","status-publish","has-post-thumbnail","hentry","category-hardver","category-raspberry-pi-es-banan-pi","category-szerver","category-szoftver","category-tanacsok"],"aioseo_notices":[],"_links":{"self":[{"href":"https:\/\/www.itkommando.hu\/site\/wp-json\/wp\/v2\/pages\/3008","targetHints":{"allow":["GET"]}}],"collection":[{"href":"https:\/\/www.itkommando.hu\/site\/wp-json\/wp\/v2\/pages"}],"about":[{"href":"https:\/\/www.itkommando.hu\/site\/wp-json\/wp\/v2\/types\/page"}],"author":[{"embeddable":true,"href":"https:\/\/www.itkommando.hu\/site\/wp-json\/wp\/v2\/users\/1"}],"replies":[{"embeddable":true,"href":"https:\/\/www.itkommando.hu\/site\/wp-json\/wp\/v2\/comments?post=3008"}],"version-history":[{"count":10,"href":"https:\/\/www.itkommando.hu\/site\/wp-json\/wp\/v2\/pages\/3008\/revisions"}],"predecessor-version":[{"id":5550,"href":"https:\/\/www.itkommando.hu\/site\/wp-json\/wp\/v2\/pages\/3008\/revisions\/5550"}],"up":[{"embeddable":true,"href":"https:\/\/www.itkommando.hu\/site\/wp-json\/wp\/v2\/pages\/2921"}],"wp:featuredmedia":[{"embeddable":true,"href":"https:\/\/www.itkommando.hu\/site\/wp-json\/wp\/v2\/media\/2993"}],"wp:attachment":[{"href":"https:\/\/www.itkommando.hu\/site\/wp-json\/wp\/v2\/media?parent=3008"}],"wp:term":[{"taxonomy":"category","embeddable":true,"href":"https:\/\/www.itkommando.hu\/site\/wp-json\/wp\/v2\/categories?post=3008"},{"taxonomy":"post_tag","embeddable":true,"href":"https:\/\/www.itkommando.hu\/site\/wp-json\/wp\/v2\/tags?post=3008"}],"curies":[{"name":"wp","href":"https:\/\/api.w.org\/{rel}","templated":true}]}}