{"id":3075,"date":"2015-04-07T11:08:19","date_gmt":"2015-04-07T10:08:19","guid":{"rendered":"http:\/\/www.itkommando.hu\/site\/?page_id=3075"},"modified":"2021-07-15T08:26:31","modified_gmt":"2021-07-15T07:26:31","slug":"az-office-programcsomagok","status":"publish","type":"page","link":"https:\/\/www.itkommando.hu\/site\/leirasok\/az-office-programcsomagok\/","title":{"rendered":"Az Office programcsomagok"},"content":{"rendered":"<p>Szinte minden sz\u00e1m\u00edt\u00f3g\u00e9pre telep\u00edtenek valamilyen Office programcsomagot. Gyakran k\u00e9rdezik, hogy a Microsoft Office vagy az <a href=\"https:\/\/www.openoffice.org\/hu\/\">OpenOffice<\/a>\/<a href=\"https:\/\/hu.libreoffice.org\/\">LibreOffice<\/a> a jobb v\u00e1laszt\u00e1s. Ebben a cikksorozatukban erre a k\u00e9rd\u00e9sre szeretn\u00e9nk kimer\u00edt\u0151 v\u00e1laszt adni \u00fagy, hogy az alapvet\u0151 tev\u00e9kenys\u00e9geket bemutatjuk a Microsoft Office \u00e9s a LibreOffice haszn\u00e1lat\u00e1val is.<\/p>\n<figure id=\"attachment_3077\" aria-describedby=\"caption-attachment-3077\" style=\"width: 300px\" class=\"wp-caption alignright\"><a href=\"http:\/\/www.itkommando.hu\/site\/wp-content\/uploads\/word.png\"><img loading=\"lazy\" decoding=\"async\" class=\" wp-image-3077 \" src=\"http:\/\/www.itkommando.hu\/site\/wp-content\/uploads\/word.png\" alt=\"Egy minta dokumentum Microsoft Wordben\" width=\"300\" height=\"300\" \/><\/a><figcaption id=\"caption-attachment-3077\" class=\"wp-caption-text\">Egy minta dokumentum Microsoft Wordben<\/figcaption><\/figure>\n<p>A k\u00e9t Office csomag k\u00f6z\u00f6tt t\u00f6bb k\u00fcl\u00f6nbs\u00e9g is van, a legismertebb azonban az, hogy a Microsoft Office fizet\u0151s, m\u00edg a LibreOffice ingyenesen haszn\u00e1lhat\u00f3. Az, hogy a forr\u00e1sk\u00f3dja is ingyenesen hozz\u00e1f\u00e9rhet\u0151 \u00e9s haszn\u00e1lhat\u00f3 azt jelenti, hogy t\u00f6bb le\u00e1gaz\u00e1sa is van a fejleszt\u00e9snek.<\/p>\n<p>A Microsoft 365 csomagban a Microsoft az asztali alkalmaz\u00e1sok mellett az alap programokat b\u00f6ng\u00e9sz\u0151ben is el\u00e9rhet\u0151v\u00e9 teszi, ezzel biztos\u00edtva, hogy a munkav\u00e9gz\u00e9s ne legyen irod\u00e1hoz, sz\u00e1m\u00edt\u00f3g\u00e9phez vagy oper\u00e1ci\u00f3s rendszerhez k\u00f6tve. A webes alkalmaz\u00e1sok teljes \u00e9rt\u00e9k\u0171en haszn\u00e1lhat\u00f3ak Linux vagy BSD alap\u00fa munka\u00e1llom\u00e1sokon is.<\/p>\n<p>A Microsoft a programcsomag \u00e1r\u00e1\u00e9rt telefonon \u00e9s e-mailben ig\u00e9nybevehet\u0151 t\u00e1mogat\u00e1st is ny\u00fajt, m\u00edg a LibreOffice eset\u00e9n az internetes keres\u00e9sekben, vagy a tapasztaltabb ismer\u0151seinkben b\u00edzhatunk. A hivatalos t\u00e1mogat\u00e1s hi\u00e1nya messze nem jelent akkora k\u00fcl\u00f6nbs\u00e9get, mint els\u0151 l\u00e1t\u00e1sra t\u0171nik, mivel a LibreOffice Internetes t\u00e1mogat\u00e1sa meglep\u0151en j\u00f3.<\/p>\n<figure id=\"attachment_3078\" aria-describedby=\"caption-attachment-3078\" style=\"width: 300px\" class=\"wp-caption alignright\"><a href=\"http:\/\/www.itkommando.hu\/site\/wp-content\/uploads\/Openoffice_writer.png\"><img loading=\"lazy\" decoding=\"async\" class=\" wp-image-3078 \" src=\"http:\/\/www.itkommando.hu\/site\/wp-content\/uploads\/Openoffice_writer.png\" alt=\"A dokumentum Write-ben\" width=\"300\" height=\"300\" \/><\/a><figcaption id=\"caption-attachment-3078\" class=\"wp-caption-text\">A minta dokumentum LibreOffice Write-ben<\/figcaption><\/figure>\n<p>Az Office programcsomagok k\u00e9pess\u00e9gei messze t\u00falmutatnak a naponta haszn\u00e1lt\u00a0\u201e\u00edrok egy egyoldalas levelet&#8221; lehet\u0151s\u00e9gein.<\/p>\n<p>Lehet vel\u00fck egyoldalas okleveleket \u00e9s egy\u00e9b m\u0171v\u00e9szi ig\u00e9ny\u0171 munk\u00e1kat k\u00e9sz\u00edteni, ugyanakkor n\u00e9mi megalkuv\u00e1ssal k\u00f6nyvet (p\u00e9ld\u00e1ul szakdolgozatot) is k\u00e9sz\u00edthet\u00fcnk vele.<\/p>\n<p>Az elk\u00e9sz\u00fclt m\u0171veket kinyomtathatjuk, vagy online m\u00f3don (PDF, HTML form\u00e1tumban) tehetj\u00fck k\u00f6zz\u00e9.<\/p>\n<p>Az Office programcsomagok lehet\u0151s\u00e9get biztos\u00edtanak az egyes \u00f6sszetev\u0151k k\u00f6z\u00f6tti egy\u00fcttm\u0171k\u00f6d\u00e9sre. Egy Word (Writer) dokumentumba besz\u00farhatunk t\u00e1bl\u00e1zatot, grafikont, k\u00e9pletet szerkeszthet\u00fcnk benne. A prezent\u00e1ci\u00f3inkat \u00e1ltal\u00e1ban \u00fagy k\u00e9sz\u00edtj\u00fck, hogy a Powerpointba (impress) besz\u00farjuk a kor\u00e1bban Wordben (Writer-ben) elk\u00e9sz\u00edtett sz\u00f6vegeket, valamint az Excelben (Calc) k\u00e9sz\u00edtett kimutat\u00e1sokat, grafikonokat. A lehet\u0151s\u00e9geknek igaz\u00e1b\u00f3l csak a fant\u00e1zia szabhat hat\u00e1rt.<\/p>\n<p>Ahhoz, hogy a lehet\u0151s\u00e9geket ki tudjuk haszn\u00e1lni, a cikksorozattal szeretn\u00e9nk seg\u00edts\u00e9get ny\u00fajtani.<\/p>\n<h3>A m\u00e1r publik\u00e1lt cikkek<\/h3>\n<ul>\n<li><a title=\"A sz\u00f6vegszerkeszt\u00e9s alapjai 1\" href=\"http:\/\/www.itkommando.hu\/site\/leirasok\/a-szovegszerkesztes-alapjai-1\/\">A sz\u00f6vegszerkeszt\u00e9s alapjai 1<\/a><\/li>\n<li><a title=\"A sz\u00f6vegszerkeszt\u00e9s alapjai 2.\" href=\"http:\/\/www.itkommando.hu\/site\/leirasok\/a-szovegszerkesztes-alapjai-2\/\">A sz\u00f6vegszerkeszt\u00e9s alapjai 2<\/a><\/li>\n<li><a title=\"A bet\u00fct\u00edpusokr\u00f3l\" href=\"http:\/\/www.itkommando.hu\/site\/leirasok\/a-betutipusokrol\/\">A bet\u0171t\u00edpusokr\u00f3l<\/a><\/li>\n<li><a href=\"https:\/\/www.itkommando.hu\/site\/excel-oldal-szelesseg-beallitasa\/\">Excel oldal sz\u00e9less\u00e9g be\u00e1ll\u00edt\u00e1sa<\/a><\/li>\n<\/ul>\n","protected":false},"excerpt":{"rendered":"<p>Szinte minden sz\u00e1m\u00edt\u00f3g\u00e9pre telep\u00edtenek valamilyen Office programcsomagot. Gyakran k\u00e9rdezik, hogy a Microsoft Office vagy az OpenOffice\/LibreOffice a jobb v\u00e1laszt\u00e1s. Ebben a cikksorozatukban erre a k\u00e9rd\u00e9sre szeretn\u00e9nk kimer\u00edt\u0151 v\u00e1laszt adni \u00fagy,&hellip;<a href=\"https:\/\/www.itkommando.hu\/site\/leirasok\/az-office-programcsomagok\/\" class=\"more-link\"><span class=\"more-button\">Tov\u00e1bb a r\u00e9szletekre<span class=\"screen-reader-text\">Az Office programcsomagok<\/span><\/span><\/a><\/p>\n","protected":false},"author":1,"featured_media":3095,"parent":2921,"menu_order":0,"comment_status":"closed","ping_status":"closed","template":"","meta":{"footnotes":""},"categories":[82],"tags":[],"class_list":["post-3075","page","type-page","status-publish","has-post-thumbnail","hentry","category-office-tanacsok"],"aioseo_notices":[],"_links":{"self":[{"href":"https:\/\/www.itkommando.hu\/site\/wp-json\/wp\/v2\/pages\/3075","targetHints":{"allow":["GET"]}}],"collection":[{"href":"https:\/\/www.itkommando.hu\/site\/wp-json\/wp\/v2\/pages"}],"about":[{"href":"https:\/\/www.itkommando.hu\/site\/wp-json\/wp\/v2\/types\/page"}],"author":[{"embeddable":true,"href":"https:\/\/www.itkommando.hu\/site\/wp-json\/wp\/v2\/users\/1"}],"replies":[{"embeddable":true,"href":"https:\/\/www.itkommando.hu\/site\/wp-json\/wp\/v2\/comments?post=3075"}],"version-history":[{"count":14,"href":"https:\/\/www.itkommando.hu\/site\/wp-json\/wp\/v2\/pages\/3075\/revisions"}],"predecessor-version":[{"id":5537,"href":"https:\/\/www.itkommando.hu\/site\/wp-json\/wp\/v2\/pages\/3075\/revisions\/5537"}],"up":[{"embeddable":true,"href":"https:\/\/www.itkommando.hu\/site\/wp-json\/wp\/v2\/pages\/2921"}],"wp:featuredmedia":[{"embeddable":true,"href":"https:\/\/www.itkommando.hu\/site\/wp-json\/wp\/v2\/media\/3095"}],"wp:attachment":[{"href":"https:\/\/www.itkommando.hu\/site\/wp-json\/wp\/v2\/media?parent=3075"}],"wp:term":[{"taxonomy":"category","embeddable":true,"href":"https:\/\/www.itkommando.hu\/site\/wp-json\/wp\/v2\/categories?post=3075"},{"taxonomy":"post_tag","embeddable":true,"href":"https:\/\/www.itkommando.hu\/site\/wp-json\/wp\/v2\/tags?post=3075"}],"curies":[{"name":"wp","href":"https:\/\/api.w.org\/{rel}","templated":true}]}}