{"id":3139,"date":"2015-04-14T08:22:00","date_gmt":"2015-04-14T07:22:00","guid":{"rendered":"http:\/\/www.itkommando.hu\/site\/?page_id=3139"},"modified":"2021-07-14T18:56:46","modified_gmt":"2021-07-14T17:56:46","slug":"a-szovegszerkesztes-alapjai-2","status":"publish","type":"page","link":"https:\/\/www.itkommando.hu\/site\/leirasok\/a-szovegszerkesztes-alapjai-2\/","title":{"rendered":"A sz\u00f6vegszerkeszt\u00e9s alapjai 2."},"content":{"rendered":"<h3>A bet\u0171t\u00edpusok be\u00e1ll\u00edt\u00e1sa<\/h3>\n<p>A <a title=\"A bet\u00fct\u00edpusokr\u00f3l\" href=\"http:\/\/www.itkommando.hu\/site\/leirasok\/a-betutipusokrol\/\">bet\u0171t\u00edpusokr\u00f3l<\/a> m\u00e1r \u00edrtunk egy cikket, most azt n\u00e9zz\u00fck meg, hogyan lehet ezeket be\u00e1ll\u00edtani. A bet\u0171t\u00edpusok be\u00e1ll\u00edt\u00e1s\u00e1t a <a href=\"https:\/\/hu.libreoffice.org\/\">LibreOffce<\/a> Writerben a Form\u00e1tum\/st\u00edlusok \u00e9s form\u00e1z\u00e1s men\u00fcpontban tehetj\u00fck meg. Az ehhez tartoz\u00f3 dial\u00f3gusablakot az F11 billenty\u0171vel egyszer\u0171en el\u0151h\u00edvhatjuk. Itt fel vannak sorolva a m\u00e1r defini\u00e1lt st\u00edlusok. Nek\u00fcnk a gy\u00e1rilag defini\u00e1ltak elegend\u0151ek, de b\u00e1rki csin\u00e1lhat tetsz\u0151leges saj\u00e1t st\u00edlust is.<\/p>\n<figure id=\"attachment_3141\" aria-describedby=\"caption-attachment-3141\" style=\"width: 150px\" class=\"wp-caption alignright\"><a href=\"\/site\/wp-content\/uploads\/Betu_neallitasok_1.png\"><img loading=\"lazy\" decoding=\"async\" class=\"size-thumbnail wp-image-3141 \" src=\"\/site\/wp-content\/uploads\/Betu_neallitasok_1-150x150.png\" alt=\"LibreOffive bet\u0171t\u00edpus be\u00e1ll\u00edt\u00e1sok\" width=\"150\" height=\"150\" \/><\/a><figcaption id=\"caption-attachment-3141\" class=\"wp-caption-text\">A bet\u0171t\u00edpus be\u00e1ll\u00edt\u00e1sok p\u00e1rbesz\u00e9dablak<\/figcaption><\/figure>\n<p>Az egyszer\u0171en beg\u00e9pelt sz\u00f6veg st\u00edlusa az \u201ealap\u00e9rtelmezett\u201d. A st\u00edlus nev\u00e9re jobb gombbal kattintva a leg\u00f6rd\u00fcl\u0151 men\u00fcb\u0151l a m\u00f3dos\u00edt\u00e1s lehet\u0151s\u00e9get v\u00e1lasztjuk. Egy be\u00e1ll\u00edt\u00e1sokban gazdag p\u00e1rbesz\u00e9dablak jelenik meg (jobbra). Itt a bet\u0171t\u00edpusokon k\u00edv\u00fcl az \u00f6sszes a bekezd\u00e9sekre vonatkoz\u00f3 be\u00e1ll\u00edt\u00e1st is meg tudjuk tenni, most azonban a bet\u0171kre vonatkoz\u00f3 be\u00e1ll\u00edt\u00e1sokkal foglalkozunk. El\u0151sz\u00f6r a bet\u0171t\u00edpust \u00e1ll\u00edtsuk be. Itt azonnal meglepet\u00e9s \u00e9rhet minket, hiszen t\u00f6bb bet\u0171t\u00edpusnak van condensed, bold, italic vari\u00e1nsa is. Ha itt v\u00e1lasztjuk ki az \u00edr\u00e1sk\u00e9pnek megfelel\u0151 bet\u0171t\u00edpust, akkor a bet\u0171k\u00e9pek torz\u00edt\u00e1s\u00e1t (d\u00f6nt\u00e9s, k\u00f6v\u00e9r\u00edt\u00e9s) a m\u0171v\u00e9sz v\u00e9gzi el, aki a bet\u0171t\u00edpust tervezte. Ha a karakterbe\u00e1ll\u00edt\u00e1sok k\u00f6z\u00f6tt \u00e1ll\u00edtjuk be ugyanezt, akkor a program az el\u0151re meghat\u00e1rozott algoritmusok szerint teszi ugyanezt, vagy a bet\u0171t\u00edpus le\u00edr\u00e1sa m\u00e1r tartalmaz hasonl\u00f3t. Rem\u00e9lhetj\u00fck teh\u00e1t p\u00e9ld\u00e1ul, hogy az OkolaksBld bet\u0171t\u00edpussal szedett sz\u00f6veg jobban n\u00e9z ki, mintha az Okolaks bet\u0171t\u00edpust haszn\u00e1ln\u00e1nk bold form\u00e1tummal, de az adott k\u00f6rnyezetben meg\u00e9rhet egy pr\u00f3b\u00e1t (b\u00e1r \u00e1ltal\u00e1ban nagy k\u00fcl\u00f6nbs\u00e9g nincsen).<\/p>\n<figure id=\"attachment_3140\" aria-describedby=\"caption-attachment-3140\" style=\"width: 150px\" class=\"wp-caption alignright\"><a href=\"\/site\/wp-content\/uploads\/betu_beallitasok_2.png\"><img loading=\"lazy\" decoding=\"async\" class=\"size-thumbnail wp-image-3140 \" title=\"Write bet\u0171hat\u00e1sok be\u00e1ll\u00edt\u00e1sa\" src=\"\/site\/wp-content\/uploads\/betu_beallitasok_2-150x150.png\" alt=\"Write \u00edr\u00e1sk\u00e9pek be\u00e1ll\u00edt\u00e1sa\" width=\"150\" height=\"150\" \/><\/a><figcaption id=\"caption-attachment-3140\" class=\"wp-caption-text\">Bet\u0171hat\u00e1sok be\u00e1ll\u00edt\u00e1sa.<\/figcaption><\/figure>\n<p>Egyes bet\u0171t\u00edpusok eset\u00e9n m\u00e1s \u00edr\u00e1sk\u00e9pek is el\u0151fordulhatnak, mint a m\u00e1r t\u00e1rgyal f\u00e9lk\u00f6v\u00e9r, d\u0151lt. A p\u00e9ldak\u00e9pen l\u00e1that\u00f3 k\u00e9pen ilyen a book, Oblique, Bold Oblique. Ezek az adott bet\u0171t\u00edpusra jellemz\u0151 egy\u00e9b \u00edr\u00e1sk\u00e9pek, b\u00e1tran lehet haszn\u00e1lni, a be\u00e1ll\u00edt\u00e1s ablak alj\u00e1n egy mintasz\u00f6vegen mutatja meg, hogy az adott bet\u0171t\u00edpus, a v\u00e1lasztott \u00edr\u00e1sk\u00e9ppel hogyan fog kin\u00e9zni. Ezen k\u00edv\u0171l mindk\u00e9t office vari\u00e1ns t\u00e1mogatja az \u00e1th\u00fazott \u00e9s al\u00e1h\u00fazott bet\u0171k\u00e9peket is. Az al\u00e1- illetve \u00e1th\u00faz\u00e1s sz\u00edne elt\u00e9rhet a bet\u0171 sz\u00edn\u00e9t\u0151l, ilyenkor azonban (k\u00fcl\u00f6n\u00f6sen nagyobb dokumentumok eset\u00e9n) figyelembe kell venni, hogy a sz\u00ednes nyomtat\u00e1s dr\u00e1g\u00e1bb, mint a fekete. A bet\u0171m\u00e9retet a sz\u00f6vegszerkeszt\u0151k pontban hat\u00e1rozz\u00e1k meg. Ez 1\/72 inch, ami hozz\u00e1vet\u0151leg 0,3 mm (kicsit pontosabban: 0.3528 mm). Az irodai gyakorlatban a 10 \u00e9s 14 pont k\u00f6z\u00f6tti bet\u0171m\u00e9rettel szedett sz\u00f6vegek a j\u00f3l olvashat\u00f3ak, de p\u00e9ld\u00e1ul egy fali\u00fajs\u00e1gon enn\u00e9l j\u00f3val nagyobb m\u00e9retre is sz\u00fcks\u00e9g lehet. A sz\u00f6vegszerkeszt\u0151k \u00e1ltal haszn\u00e1lt alap\u00e9rtelmezett bet\u0171t\u00edpusok \u00e1ltal\u00e1ban j\u00f3l olvashat\u00f3ak, azonban \u201eunalmasak\u201d. Egy ig\u00e9nyes dokumentumhoz \u00e9rdemes ink\u00e1bb valami m\u00e1st v\u00e1lasztani, ami egyedi megjelen\u00e9st ad a dokumentumnak. A foly\u00f3sz\u00f6veghez tipikusan valamelyik bet\u0171t\u00edpus alapmegjelen\u00e9se a legmegfelel\u0151bb, az ett\u0151l elt\u00e9r\u0151 \u00edr\u00e1sk\u00e9peket a sz\u00f6vegen bel\u00fcli kiemel\u00e9sre haszn\u00e1lhatjuk. \u00c9rdekes k\u00eds\u00e9rlet, ha a d\u0151lt \u00e9s f\u00e9lk\u00f6v\u00e9r \u00edr\u00e1sk\u00e9p helyett a bet\u0171k sz\u00edn\u00e9t v\u00e1ltoztatjuk meg.<\/p>\n<figure id=\"attachment_3143\" aria-describedby=\"caption-attachment-3143\" style=\"width: 150px\" class=\"wp-caption alignleft\"><a href=\"\/site\/wp-content\/uploads\/win_betutipus_2.png\"><img loading=\"lazy\" decoding=\"async\" class=\"size-thumbnail wp-image-3143 \" title=\"A st\u00edlus m\u00f3dos\u00edt\u00e1sa\" src=\"\/site\/wp-content\/uploads\/win_betutipus_2-150x150.png\" alt=\"Word st\u00edlusbe\u00e1ll\u00edt\u00e1sok\" width=\"150\" height=\"150\" \/><\/a><figcaption id=\"caption-attachment-3143\" class=\"wp-caption-text\">A men\u00fcszalagon a m\u00f3dos\u00edtani k\u00edv\u00e1nat st\u00edlusra kattintunk jobb gombbal<\/figcaption><\/figure>\n<p>A c\u00edmsorok eset\u00e9n \u00e9rdemes nagyobb bet\u0171m\u00e9retet haszn\u00e1lni. Ha a foly\u00f3sz\u00f6veg talpas bet\u0171vel van szedve, akkor meggondoland\u00f3 a c\u00edmsorokhoz a talpatlan bet\u0171k haszn\u00e1lata.<\/p>\n<figure id=\"attachment_3144\" aria-describedby=\"caption-attachment-3144\" style=\"width: 150px\" class=\"wp-caption alignright\"><a href=\"\/site\/wp-content\/uploads\/win_betutipus_3.png\"><img loading=\"lazy\" decoding=\"async\" class=\"size-thumbnail wp-image-3144 \" title=\"A st\u00edlusbe\u00e1ll\u00edt\u00e1sok p\u00e1rbesz\u00e9dpanel\" src=\"\/site\/wp-content\/uploads\/win_betutipus_3-150x150.png\" alt=\"A Word A st\u00edlusbe\u00e1ll\u00edt\u00e1sok p\u00e1rbesz\u00e9dpanelje\" width=\"150\" height=\"150\" \/><\/a><figcaption id=\"caption-attachment-3144\" class=\"wp-caption-text\">A st\u00edlus m\u00f3dos\u00edt\u00e1sa p\u00e1rbesz\u00e9dpanel<\/figcaption><\/figure>\n<p>Ha a foly\u00f3sz\u00f6veggel megegyez\u0151 bet\u0171t\u00edpust haszn\u00e1lunk a c\u00edmekhez, akkor praktikus a f\u00e9lk\u00f6v\u00e9r \u00edr\u00e1sk\u00e9p haszn\u00e1lata. A F\u0151c\u00edm, a c\u00edmsor, az alc\u00edmek, a c\u00edmsor1, c\u00edmsor2.. (egye als\u00f3bb c\u00edmek). A Wordben a be\u00e9p\u00edtett st\u00edlusok neve hasonl\u00f3, a be\u00e1ll\u00edt\u00e1sok azonban minim\u00e1lisan k\u00fcl\u00f6nb\u00f6znek. Itt a men\u00fcszalagon a m\u00f3dos\u00edtani k\u00edv\u00e1nt st\u00edlusra jobb gombbal kattintunk, \u00e9s a m\u00f3dos\u00edt\u00e1s lehet\u0151s\u00e9get v\u00e1lasztjuk. A megjelen\u0151 p\u00e1rbesz\u00e9dablak az \u00f6sszes fontosabb be\u00e1ll\u00edt\u00e1st \u00f6sszegy\u0171jti, azonban mi a bet\u0171t\u00edpus be\u00e1ll\u00edt\u00e1sokat<\/p>\n<figure id=\"attachment_3145\" aria-describedby=\"caption-attachment-3145\" style=\"width: 150px\" class=\"wp-caption alignleft\"><a href=\"\/site\/wp-content\/uploads\/win_betutipus_4.png\"><img loading=\"lazy\" decoding=\"async\" class=\"size-thumbnail wp-image-3145 \" title=\"A bet\u0171t\u00edpus be\u00e1ll\u00edt\u00e1sok\" src=\"\/site\/wp-content\/uploads\/win_betutipus_4-150x150.png\" alt=\"Word bet\u0171 be\u00e1ll\u00edt\u00e1sok\" width=\"150\" height=\"150\" \/><\/a><figcaption id=\"caption-attachment-3145\" class=\"wp-caption-text\">Word bet\u0171t\u00edpus be\u00e1ll\u00edt\u00e1sok<\/figcaption><\/figure>\n<p>r\u00e9szletesen szeretn\u00e9nk vizsg\u00e1lni, ez\u00e9rt a p\u00e1rbesz\u00e9dablakon tal\u00e1lhat\u00f3 form\u00e1tum gombra kattintva a legfels\u0151 bet\u0171t\u00edpus lehet\u0151s\u00e9get v\u00e1lasztjuk. Ekkor megjelenik a r\u00e9szletes bet\u0171t\u00edpus be\u00e1ll\u00edt\u00e1s ablak. Itt a writern\u00e9l m\u00e1r ismertetetthez hasonl\u00f3 p\u00e1rbesz\u00e9dpanel jelenik meg. B\u00e1tran j\u00e1tszunk a bet\u0171t\u00edpusokkal, hat\u00e1sokkal. Ha nem tetszik, a v\u00e1ltoztat\u00e1sokat b\u00e1rmikor visszavonhatjuk, vagy a dokumentumot nem mentj\u00fck el, ha nem tetszik, \u00edgy senki sem szerez tudom\u00e1st a sikertelen pr\u00f3b\u00e1lkoz\u00e1sainkr\u00f3l, a j\u00f3 bet\u0171t\u00edpus be\u00e1ll\u00edt\u00e1sokkal azonban egy sz\u00e9p dokumentum alapjait tehetj\u00fck le.<\/p>\n<h3>Kapcsol\u00f3d\u00f3 cikkek<\/h3>\n<ul>\n<li><a title=\"Az Office programcsomagok\" href=\"http:\/\/www.itkommando.hu\/site\/leirasok\/az-office-programcsomagok\/\">Az Office programcsomagok<\/a><\/li>\n<li><a title=\"A sz\u00f6vegszerkeszt\u00e9s alapjai 1\" href=\"http:\/\/www.itkommando.hu\/site\/leirasok\/a-szovegszerkesztes-alapjai-1\/\">A sz\u00f6vegszerkeszt\u00e9s alapjai 1<\/a><\/li>\n<li><a title=\"A bet\u00fct\u00edpusokr\u00f3l\" href=\"http:\/\/www.itkommando.hu\/site\/leirasok\/a-betutipusokrol\/\">A bet\u0171t\u00edpusokr\u00f3l<\/a><\/li>\n<li><a href=\"https:\/\/www.itkommando.hu\/site\/a-dokumentum-logikai-tagolasa\/\">A dokumentum logikai tagol\u00e1sa<\/a><\/li>\n<\/ul>\n","protected":false},"excerpt":{"rendered":"<p>A bet\u0171t\u00edpusok be\u00e1ll\u00edt\u00e1sa A bet\u0171t\u00edpusokr\u00f3l m\u00e1r \u00edrtunk egy cikket, most azt n\u00e9zz\u00fck meg, hogyan lehet ezeket be\u00e1ll\u00edtani. A bet\u0171t\u00edpusok be\u00e1ll\u00edt\u00e1s\u00e1t a LibreOffce Writerben a Form\u00e1tum\/st\u00edlusok \u00e9s form\u00e1z\u00e1s men\u00fcpontban tehetj\u00fck meg.&hellip;<a href=\"https:\/\/www.itkommando.hu\/site\/leirasok\/a-szovegszerkesztes-alapjai-2\/\" class=\"more-link\"><span class=\"more-button\">Tov\u00e1bb a r\u00e9szletekre<span class=\"screen-reader-text\">A sz\u00f6vegszerkeszt\u00e9s alapjai 2.<\/span><\/span><\/a><\/p>\n","protected":false},"author":1,"featured_media":3145,"parent":2921,"menu_order":0,"comment_status":"closed","ping_status":"closed","template":"","meta":{"footnotes":""},"categories":[11,82,13,16],"tags":[],"class_list":["post-3139","page","type-page","status-publish","has-post-thumbnail","hentry","category-munkaallomas","category-office-tanacsok","category-szoftver","category-tanacsok"],"aioseo_notices":[],"_links":{"self":[{"href":"https:\/\/www.itkommando.hu\/site\/wp-json\/wp\/v2\/pages\/3139","targetHints":{"allow":["GET"]}}],"collection":[{"href":"https:\/\/www.itkommando.hu\/site\/wp-json\/wp\/v2\/pages"}],"about":[{"href":"https:\/\/www.itkommando.hu\/site\/wp-json\/wp\/v2\/types\/page"}],"author":[{"embeddable":true,"href":"https:\/\/www.itkommando.hu\/site\/wp-json\/wp\/v2\/users\/1"}],"replies":[{"embeddable":true,"href":"https:\/\/www.itkommando.hu\/site\/wp-json\/wp\/v2\/comments?post=3139"}],"version-history":[{"count":21,"href":"https:\/\/www.itkommando.hu\/site\/wp-json\/wp\/v2\/pages\/3139\/revisions"}],"predecessor-version":[{"id":5525,"href":"https:\/\/www.itkommando.hu\/site\/wp-json\/wp\/v2\/pages\/3139\/revisions\/5525"}],"up":[{"embeddable":true,"href":"https:\/\/www.itkommando.hu\/site\/wp-json\/wp\/v2\/pages\/2921"}],"wp:featuredmedia":[{"embeddable":true,"href":"https:\/\/www.itkommando.hu\/site\/wp-json\/wp\/v2\/media\/3145"}],"wp:attachment":[{"href":"https:\/\/www.itkommando.hu\/site\/wp-json\/wp\/v2\/media?parent=3139"}],"wp:term":[{"taxonomy":"category","embeddable":true,"href":"https:\/\/www.itkommando.hu\/site\/wp-json\/wp\/v2\/categories?post=3139"},{"taxonomy":"post_tag","embeddable":true,"href":"https:\/\/www.itkommando.hu\/site\/wp-json\/wp\/v2\/tags?post=3139"}],"curies":[{"name":"wp","href":"https:\/\/api.w.org\/{rel}","templated":true}]}}