{"id":3173,"date":"2015-05-26T13:02:41","date_gmt":"2015-05-26T12:02:41","guid":{"rendered":"http:\/\/www.itkommando.hu\/site\/?page_id=3173"},"modified":"2021-07-15T10:08:36","modified_gmt":"2021-07-15T09:08:36","slug":"mindent-bele-router","status":"publish","type":"page","link":"https:\/\/www.itkommando.hu\/site\/leirasok\/mindent-bele-router\/","title":{"rendered":"Mindent bele router"},"content":{"rendered":"<p>A BPI-R1 router mind teljes\u00edtm\u00e9ny\u00e9ben, mind \u00e1r\u00e1ban b\u0151ven a p\u00e1r ezer forint\u00e9r kaphat\u00f3 routerek felett \u00e1ll. Pr\u00f3b\u00e1ljuk meg kihaszn\u00e1lni a plusz teljes\u00edtm\u00e9nyt. A v\u00e1ltozatoss\u00e1g kedv\u00e9\u00e9rt haszn\u00e1ljuk a BPi-R1 k\u00e9sz\u00fcl\u00e9ket a rendeltetet\u00e9s\u00e9nek megfelel\u0151en, routernek. Term\u00e9szetesen, ha ennyit k\u00f6lt\u00f6tt\u00fcnk r\u00e1, akkor ne egyszer\u0171 alapfeladatokat tegy\u00fcnk r\u00e1, hanem egy otthoni\/kisirodai mindenest csin\u00e1ljunk bel\u0151le.<\/p>\n<figure id=\"attachment_3227\" aria-describedby=\"caption-attachment-3227\" style=\"width: 150px\" class=\"wp-caption alignright\"><a href=\"http:\/\/www.itkommando.hu\/site\/wp-content\/uploads\/A-BPi-R1_alaplap.jpg\"><img loading=\"lazy\" decoding=\"async\" class=\"size-thumbnail wp-image-3227\" src=\"http:\/\/www.itkommando.hu\/site\/wp-content\/uploads\/A-BPi-R1_alaplap-150x150.jpg\" alt=\"A BPi-R1 alaplap\" width=\"150\" height=\"150\" srcset=\"https:\/\/www.itkommando.hu\/site\/wp-content\/uploads\/A-BPi-R1_alaplap-150x150.jpg 150w, https:\/\/www.itkommando.hu\/site\/wp-content\/uploads\/A-BPi-R1_alaplap-300x300.jpg 300w, https:\/\/www.itkommando.hu\/site\/wp-content\/uploads\/A-BPi-R1_alaplap.jpg 458w\" sizes=\"auto, (max-width: 150px) 100vw, 150px\" \/><\/a><figcaption id=\"caption-attachment-3227\" class=\"wp-caption-text\">A BPi-R1 alaplap. A fekete leragaszt\u00e1s fel\u00fclet szerelt alkatr\u00e9szeket takar, ha leszedj\u00fck, a HDD r\u00f6vidz\u00e1rlatot okozhat<\/figcaption><\/figure>\n<p>A csomag kibont\u00e1sa ut\u00e1n egy alaplapot, t\u00e1pegys\u00e9get \u00e9s lapra szerelt (\u201eIKEA-\u00e1s&#8221;) dobozt tal\u00e1lunk az asztalon. A dobozt \u00f6sszeszerelj\u00fck (ezt a <a title=\"A BPi-R1 mint CRM szerver\" href=\"http:\/\/www.itkommando.hu\/site\/leirasok\/a-bpi-r1-mint-crm-szerver\/\">CRM szervert<\/a> le\u00edr\u00f3 cikk\u00fcnkben m\u00e1r \u00e1tvett\u00fck).<\/p>\n<p>Oper\u00e1ci\u00f3s rendszernek <a title=\"Az OpenWRT honlapja. Egy biztons\u00e1gos router\" href=\"https:\/\/openwrt.org\/\" target=\"_blank\" rel=\"noopener\">OpenWRT<\/a>-t v\u00e1lasztottunk. Ez egy routerek r\u00e9sz\u00e9re be\u00e1ll\u00edtott r\u00e9szben el\u0151re konfigur\u00e1lt linuxnak tekinthet\u0151. Ez azt jelenti, hogy hasoml\u00f3 eredm\u00e9nyeket \u00e9rhet\u00fcnk el a k\u00fcl\u00f6nb\u00f6z\u0151 linuxok haszn\u00e1lat\u00e1val, azonban a konfigur\u00e1ci\u00f3 azokn\u00e1l egyszer\u0171bb. Az OpenWRT m\u00e1r rendelkezik be\u00e1ll\u00edtott grafikus fel\u00fclettel stb.<\/p>\n<p>A most aktu\u00e1lis (3-as) OpenWRT-t <a href=\"http:\/\/www.bananapi.com\/images\/LOGO\/67x54xGoogledrive.png.pagespeed.ic.Q6XDUYX8Yt.png\" target=\"_blank\" rel=\"noopener\">innen<\/a> t\u00f6lt\u00f6tt\u00fck le, majd a t\u00f6bbsz\u00f6r ismertetett m\u00f3don az SD k\u00e1rty\u00e1ra m\u00e1soltuk:<\/p>\n<p><code>dd if=openwrt-sunxi-BPI_R1-sdcard-vfat-ext4-2015-5-9.img of=\/dev\/mmcblk0<\/code><\/p>\n<p>Ahol<\/p>\n<p><code>openwrt-sunxi-BPI_R1-sdcard-vfat-ext4-2015-5-9.img<\/code> a let\u00f6lt\u00f6tt image<\/p>\n<p><code>\/dev\/mmcblk0<\/code> az SD k\u00e1rtya<\/p>\n<p>J\u00f3 p\u00e1r m\u00e1sodperc m\u00falva valami ilyesmit \u00edr ki:<\/p>\n<p><code>368640+0 beolvasott rekord<br \/>\n368640+0 ki\u00edrt rekord<br \/>\n188743680 b\u00e1jt (189 MB) m\u00e1solva, 261,064 mp, 723 kB\/s<\/code><\/p>\n<figure id=\"attachment_3235\" aria-describedby=\"caption-attachment-3235\" style=\"width: 300px\" class=\"wp-caption aligncenter\"><a href=\"http:\/\/www.itkommando.hu\/site\/wp-content\/uploads\/gpatred1.png\"><img loading=\"lazy\" decoding=\"async\" class=\" wp-image-3235 \" src=\"http:\/\/www.itkommando.hu\/site\/wp-content\/uploads\/gpatred1.png\" alt=\"Az ext4 part\u00edci\u00f3 \u00e1tm\u00e9retez\u00e9se\" width=\"300\" height=\"150\" \/><\/a><figcaption id=\"caption-attachment-3235\" class=\"wp-caption-text\">A jel\u00f6lt ext4 part\u00edci\u00f3t fogjuk \u00e1tm\u00e9retezni.<\/figcaption><\/figure>\n<p>Miel\u0151tt tov\u00e1bbl\u00e9pn\u00e9nk, ind\u00edtsuk el a <code>gparted<\/code> programot, \u00e9s a m\u00e1sodik part\u00edci\u00f3 m\u00e9ret\u00e9t a v\u00e1lasztott SD k\u00e1rty\u00e1nak megfelel\u0151en m\u00e9retezz\u00fck \u00e1t. Oda kell figyelni, hogy a k\u00e1rty\u00e1n k\u00e9t part\u00edci\u00f3 van. Egy FAT (ehhez nem ny\u00falunk), \u00e9s egy ext4.<\/p>\n<figure id=\"attachment_3236\" aria-describedby=\"caption-attachment-3236\" style=\"width: 300px\" class=\"wp-caption aligncenter\"><a href=\"http:\/\/www.itkommando.hu\/site\/wp-content\/uploads\/gpatred2.png\"><img loading=\"lazy\" decoding=\"async\" class=\" wp-image-3236 \" src=\"http:\/\/www.itkommando.hu\/site\/wp-content\/uploads\/gpatred2.png\" alt=\"Gparted k\u00e9p\" width=\"300\" height=\"150\" \/><\/a><figcaption id=\"caption-attachment-3236\" class=\"wp-caption-text\">Mivel a part\u00edci\u00f3 kezdet\u00e9nek poz\u00edci\u00f3j\u00e1t nem v\u00e1ltoztathatjuk meg, ez\u00e9rt a k\u00f6z\u00e9ps\u0151 mez\u0151be a maxim\u00e1lisn\u00e1l eggyel kisebb \u00e9rt\u00e9ket adunk meg<\/figcaption><\/figure>\n<p>Term\u00e9szetesen a szabad helyen \u00faj part\u00edci\u00f3t is l\u00e9trehozhattunk volna (akkor az adatoknak saj\u00e1t part\u00edci\u00f3ja lenne).<\/p>\n<p>A \u00a0k\u00e9sz\u00fcl\u00e9kbe a k\u00e1rty\u00e1t berakva sim\u00e1n felbootol. Az IP c\u00edme alap\u00e9rtelmez\u00e9s szerint 192.168.1.1 \u00a0Jelentkezz\u00fcnk be a root\/admin felhaszn\u00e1l\u00f3n\u00e9v\/jelsz\u00f3 p\u00e1rossal egy b\u00f6ng\u00e9sz\u0151b\u0151l.<\/p>\n<p>A <code>system\/software<\/code> men\u00fcpontban az a\u00a0<code>Download and install package:<\/code> boxba be\u00edrjuk:\u00a0<code>luci-i18n-base-hu<\/code>, majd az OK gomb megnyom\u00e1s\u00e1val a men\u00fcrendszert magyar\u00edtjuk. (Egyes csomagok k\u00fcl\u00f6n magyar\u00edt\u00e1st fognak ig\u00e9nyelni.)<\/p>\n<p>Telep\u00edts\u00fck a squid proxyt.\u00a0<code>Download and install package:<\/code>\u00a0boxba be\u00edrjuk: \u00a0squid<\/p>\n<p>Tegy\u00fcnk fel egy samb\u00e1t is:\u00a0samba36-server<\/p>\n<p>Ehhez l\u00e9tezik magyar nyelv\u0171 kezel\u0151fel\u00fclet is:\u00a0luci-i18n-samba-hu<\/p>\n<p>Az \u201eegyszer\u0171s\u00e9g kedv\u00e9\u00e9rt&#8221; a rendszer\/h\u00e1l\u00f3zati megoszt\u00e1sok alatt lesz el\u00e9rhet\u0151. Itt j\u00f3l \u00e1ttekinthet\u0151 k\u00e9perny\u0151 seg\u00edt a be\u00e1ll\u00edt\u00e1sokban.<\/p>\n<p>Ezzel az alapvet\u0151en sz\u00fcks\u00e9ges telep\u00edt\u00e9seket megtett\u00fck.<\/p>\n<p>\u00c1ll\u00edtsuk be az alapvet\u0151 dolgokat a rendszer\/rendszer men\u00fcpontban.<\/p>\n<p>Ezt az \u00e1llapot\/folyamatok men\u00fcpontban tehetj\u00fck meg:<br \/>\nG\u00e9pn\u00e9v: A router neve. Tetsz\u0151leges FQDN (lehet .priv v\u00e9g\u0171 is)<br \/>\nId\u0151z\u00f3na: Europe\/Budapest (Ha m\u00e1r itt vagyunk)<\/p>\n<p>A rendszer alaposabb vizsg\u00e1lata kimutatja, hogy a squid proxy telep\u00edt\u00e9s\u00e9hez m\u00e9g f\u00fcgg\u0151s\u00e9geket kell telep\u00edteni, azonban a squid ez ut\u00e1n sem m\u0171k\u00f6dik megfelel\u0151en.<\/p>\n<p>Ha a c\u00e9l els\u0151sorban a tartalomsz\u0171r\u00e9s, akkor az image tartalmaz el\u0151re telep\u00edtett <a title=\"Privoxy tartalom sz\u0171r\u0151 proxy\" href=\"http:\/\/www.privoxy.org\/\" target=\"_blank\" rel=\"noopener\">privoxy<\/a>-t, ami rekl\u00e1m \u00e9s rosszindulat\u00fa oldalak sz\u0171r\u00e9s\u00e9re megfelel.<\/p>\n<p>A tapasztalatok alapj\u00e1n az OpenWRT haszn\u00e1lat\u00e1t erre a c\u00e9lra nem tal\u00e1ltuk megfelel\u0151nek. A tapasztalt hib\u00e1kat a gy\u00e1rt\u00f3nak (OpenWRT) jelezt\u00fck. Egyel\u0151re le kell vonni a tanuls\u00e1got, hogy minden anyagb\u00f3l nem lehet v\u00e1rat \u00e9p\u00edteni.<\/p>\n<p>A Bananian linux alkalmasabbnak bizonyult, de ez m\u00e1r egy m\u00e1sik cikk t\u00e9m\u00e1ja&#8230;<\/p>\n<h3>Kapcsol\u00f3d\u00f3 cikkek<\/h3>\n<ul>\n<li><a title=\"Mindent bele router 2. r\u00e9sz\" href=\"http:\/\/www.itkommando.hu\/site\/leirasok\/a-pi-termekcsalad\/mindent-bele-router-2-resz\/\">Mindent bele router 2. r\u00e9sz<\/a><\/li>\n<li><a title=\"A PI term\u00e9kcsal\u00e1d\" href=\"http:\/\/www.itkommando.hu\/site\/leirasok\/a-pi-termekcsalad\/\">A PI term\u00e9kcsal\u00e1d<\/a><\/li>\n<li><a href=\"https:\/\/www.itkommando.hu\/site\/leirasok\/a-pi-termekcsalad\/mindent-bele-router-tapasztalatai\/\">A mindent bele router tapasztalatai<\/a><\/li>\n<li><a href=\"https:\/\/www.itkommando.hu\/site\/a-routerek-vedelme\/\">A routerek v\u00e9delme<\/a><\/li>\n<li><a href=\"https:\/\/www.itkommando.hu\/site\/leirasok\/egy-router-tobb-vpn-el\/\">Egy sok feladatos router<\/a><\/li>\n<\/ul>\n","protected":false},"excerpt":{"rendered":"<p>A BPI-R1 router mind teljes\u00edtm\u00e9ny\u00e9ben, mind \u00e1r\u00e1ban b\u0151ven a p\u00e1r ezer forint\u00e9r kaphat\u00f3 routerek felett \u00e1ll. Pr\u00f3b\u00e1ljuk meg kihaszn\u00e1lni a plusz teljes\u00edtm\u00e9nyt. A v\u00e1ltozatoss\u00e1g kedv\u00e9\u00e9rt haszn\u00e1ljuk a BPi-R1 k\u00e9sz\u00fcl\u00e9ket a&hellip;<a href=\"https:\/\/www.itkommando.hu\/site\/leirasok\/mindent-bele-router\/\" class=\"more-link\"><span class=\"more-button\">Tov\u00e1bb a r\u00e9szletekre<span class=\"screen-reader-text\">Mindent bele router<\/span><\/span><\/a><\/p>\n","protected":false},"author":1,"featured_media":3227,"parent":2921,"menu_order":0,"comment_status":"closed","ping_status":"closed","template":"","meta":{"footnotes":""},"categories":[12,70,77,80,78,9,13],"tags":[],"class_list":["post-3173","page","type-page","status-publish","has-post-thumbnail","hentry","category-hardver","category-internet","category-operacios-rendserek","category-raspberry-pi-es-banan-pi","category-routerek","category-szerver","category-szoftver"],"aioseo_notices":[],"_links":{"self":[{"href":"https:\/\/www.itkommando.hu\/site\/wp-json\/wp\/v2\/pages\/3173","targetHints":{"allow":["GET"]}}],"collection":[{"href":"https:\/\/www.itkommando.hu\/site\/wp-json\/wp\/v2\/pages"}],"about":[{"href":"https:\/\/www.itkommando.hu\/site\/wp-json\/wp\/v2\/types\/page"}],"author":[{"embeddable":true,"href":"https:\/\/www.itkommando.hu\/site\/wp-json\/wp\/v2\/users\/1"}],"replies":[{"embeddable":true,"href":"https:\/\/www.itkommando.hu\/site\/wp-json\/wp\/v2\/comments?post=3173"}],"version-history":[{"count":20,"href":"https:\/\/www.itkommando.hu\/site\/wp-json\/wp\/v2\/pages\/3173\/revisions"}],"predecessor-version":[{"id":5572,"href":"https:\/\/www.itkommando.hu\/site\/wp-json\/wp\/v2\/pages\/3173\/revisions\/5572"}],"up":[{"embeddable":true,"href":"https:\/\/www.itkommando.hu\/site\/wp-json\/wp\/v2\/pages\/2921"}],"wp:featuredmedia":[{"embeddable":true,"href":"https:\/\/www.itkommando.hu\/site\/wp-json\/wp\/v2\/media\/3227"}],"wp:attachment":[{"href":"https:\/\/www.itkommando.hu\/site\/wp-json\/wp\/v2\/media?parent=3173"}],"wp:term":[{"taxonomy":"category","embeddable":true,"href":"https:\/\/www.itkommando.hu\/site\/wp-json\/wp\/v2\/categories?post=3173"},{"taxonomy":"post_tag","embeddable":true,"href":"https:\/\/www.itkommando.hu\/site\/wp-json\/wp\/v2\/tags?post=3173"}],"curies":[{"name":"wp","href":"https:\/\/api.w.org\/{rel}","templated":true}]}}