{"id":3176,"date":"2015-04-20T07:53:44","date_gmt":"2015-04-20T06:53:44","guid":{"rendered":"http:\/\/www.itkommando.hu\/site\/?page_id=3176"},"modified":"2021-07-14T17:42:45","modified_gmt":"2021-07-14T16:42:45","slug":"a-bekezdesekrol","status":"publish","type":"page","link":"https:\/\/www.itkommando.hu\/site\/leirasok\/a-bekezdesekrol\/","title":{"rendered":"A bekezd\u00e9sekr\u0151l"},"content":{"rendered":"<p>A foly\u00f3sz\u00f6veget a jobb olvashat\u00f3s\u00e1g kedv\u00e9\u00e9rt \u00e1ltal\u00e1ban bekezd\u00e9sekre tagoljuk. Egy-egy bekezd\u00e9s egy-egy gondolatmenetet tartalmaz (2-5 mondat). A hozz\u00e1\u00e9rt\u0151k azt szokt\u00e1k mondani, hogy egy bekezd\u00e9s ne legyen hosszabb, mint 10 mondat.<\/p>\n<figure style=\"width: 168px\" class=\"wp-caption alignright\"><a href=\"https:\/\/upload.wikimedia.org\/wikipedia\/commons\/thumb\/b\/be\/History_of_Miami_County%2C_Indiana_-_DPLA_-_389f1f518811e7acfd563369cd708112_%28page_448%29.jpg\/537px-History_of_Miami_County%2C_Indiana_-_DPLA_-_389f1f518811e7acfd563369cd708112_%28page_448%29.jpg\"><img loading=\"lazy\" decoding=\"async\" src=\"https:\/\/upload.wikimedia.org\/wikipedia\/commons\/thumb\/b\/be\/History_of_Miami_County%2C_Indiana_-_DPLA_-_389f1f518811e7acfd563369cd708112_%28page_448%29.jpg\/168px-History_of_Miami_County%2C_Indiana_-_DPLA_-_389f1f518811e7acfd563369cd708112_%28page_448%29.jpg\" alt=\"Bekezd\u00e9sekre osztott sz\u00f6veg\" width=\"168\" height=\"240\" \/><\/a><figcaption class=\"wp-caption-text\">Bekezd\u00e9sekre osztott sz\u00f6veg<\/figcaption><\/figure>\n<p>A bekezd\u00e9snek most a formai jellemz\u0151ivel foglalkozunk. Az iskol\u00e1ban \u00fagy tan\u00edtj\u00e1k, hogy a bekezd\u00e9s els\u0151 sor\u00e1t 2-3 bet\u0171vel kezdj\u00fck beljebb. Ez term\u00e9szetesen megszokott, sz\u00e9p bekezd\u00e9sk\u00e9pet biztos\u00edt.<\/p>\n<p>Term\u00e9szetesen a bekezd\u00e9s els\u0151 sora lehet k\u00f6zelebb is a marg\u00f3hoz, mint a t\u00f6rzse, ilyenkor (nem a kikezd\u00e9s az nagyon m\u00e1s) f\u00fcgg\u0151 bekezd\u00e9sr\u0151l besz\u00e9l\u00fcnk. Ilyenkor a tagol\u00e1s hangs\u00falyosabb.<\/p>\n<p>A bekezd\u00e9s els\u0151 bet\u0171je lehet inici\u00e1l\u00e9 jelleg\u0171, ami a k\u00e9zzel \u00edrott, gazdagon d\u00edsz\u00edtett k\u00f3dexekre utal vissza. Megfelel\u0151 haszn\u00e1lata exkluz\u00edv hangulatot k\u00f6lcs\u00f6n\u00f6z a dokumentumnak. Ilyenkor a blokk bekezd\u00e9s haszn\u00e1lata a c\u00e9lszer\u0171 (az els\u0151 sor ott kezd\u0151dik, ahol a bekezd\u00e9s t\u00f6rzse)<\/p>\n<p>A bekezd\u00e9s el\u0151tt \u00e9s ut\u00e1n hagyhatunk t\u00e9rk\u00f6zt, ami tagoltabb \u00edr\u00e1sk\u00e9pet eredm\u00e9nyez. R\u00f6vid bekezd\u00e9sek eset\u00e9n azonban sz\u00e9tt\u00f6rdeli a dokumentum \u00f6sszk\u00e9p\u00e9t.<\/p>\n<p>A sork\u00f6z s\u0171r\u00edt\u00e9s\u00e9vel \u00e9s ritk\u00edt\u00e1s\u00e1val is lehet az \u00f6sszk\u00e9pet befoly\u00e1solni. Az alap\u00e9rtelmezett be\u00e1ll\u00edt\u00e1s \u00e1ltal\u00e1ban megfelel, azonban gyakran el\u0151\u00edrj\u00e1k, hogy egy-egy dokumentumot egyszeres vagy m\u00e1sf\u00e9lszeres sork\u00f6zzel kell-e leadni.<\/p>\n<p>A bekezd\u00e9sek megfelel\u0151 tagol\u00e1s\u00e1val a dokumentumunk eszt\u00e9tikai tagol\u00e1s\u00e1n k\u00edv\u00fcl a logikai tagol\u00e1st is hangs\u00falyosabb\u00e1 tehetj\u00fck.<\/p>\n<p>A dokumentumok \u00e1ttekint\u00e9sekor ellen\u0151rizni kell, hogy nem keletkezett-e fatty\u00fasor. A legt\u00f6bb sz\u00f6vegszerkeszt\u0151 lehet\u0151v\u00e9 teszi a fatty\u00fasorok automatikus elker\u00fcl\u00e9s\u00e9t. \u00c1rvasorr\u00f3l akkor besz\u00e9l\u00fcnk, ha a lap alj\u00e1n egy, a k\u00f6vetkez\u0151 oldalon tal\u00e1lhat\u00f3 bekezd\u00e9s els\u0151 sora van. Ha egy bekezd\u00e9s utols\u00f3 sora a k\u00f6vetkez\u0151 oldalon tal\u00e1lhat\u00f3, akkor \u00f6zvegysorr\u00f3l\u00a0 besz\u00e9l\u00fcnk.<\/p>\n<h3>Kapcsol\u00f3d\u00f3 cikkek<\/h3>\n<ul>\n<li><a title=\"Az Office programcsomagok\" href=\"http:\/\/www.itkommando.hu\/site\/leirasok\/az-office-programcsomagok\/\">Az Office programcsomagok<\/a><\/li>\n<li><a title=\"A sz\u00f6vegszerkeszt\u00e9s alapjai 1\" href=\"http:\/\/www.itkommando.hu\/site\/leirasok\/a-szovegszerkesztes-alapjai-1\/\">A sz\u00f6vegszerkeszt\u00e9s alapjai 1<\/a><\/li>\n<li><a title=\"A sz\u00f6vegszerkeszt\u00e9s alapjai 2.\" href=\"http:\/\/www.itkommando.hu\/site\/leirasok\/a-szovegszerkesztes-alapjai-2\/\">A sz\u00f6vegszerkeszt\u00e9s alapjai 2<\/a><\/li>\n<li><a href=\"https:\/\/www.itkommando.hu\/site\/office-dokumentumok-jelszavas-vedelme\/\">Office dokumentumok jelszavas v\u00e9delme<\/a><\/li>\n<\/ul>\n","protected":false},"excerpt":{"rendered":"<p>A foly\u00f3sz\u00f6veget a jobb olvashat\u00f3s\u00e1g kedv\u00e9\u00e9rt \u00e1ltal\u00e1ban bekezd\u00e9sekre tagoljuk. Egy-egy bekezd\u00e9s egy-egy gondolatmenetet tartalmaz (2-5 mondat). A hozz\u00e1\u00e9rt\u0151k azt szokt\u00e1k mondani, hogy egy bekezd\u00e9s ne legyen hosszabb, mint 10 mondat.&hellip;<a href=\"https:\/\/www.itkommando.hu\/site\/leirasok\/a-bekezdesekrol\/\" class=\"more-link\"><span class=\"more-button\">Tov\u00e1bb a r\u00e9szletekre<span class=\"screen-reader-text\">A bekezd\u00e9sekr\u0151l<\/span><\/span><\/a><\/p>\n","protected":false},"author":1,"featured_media":3177,"parent":2921,"menu_order":0,"comment_status":"closed","ping_status":"closed","template":"","meta":{"footnotes":""},"categories":[11,82,13,16],"tags":[],"class_list":["post-3176","page","type-page","status-publish","has-post-thumbnail","hentry","category-munkaallomas","category-office-tanacsok","category-szoftver","category-tanacsok"],"aioseo_notices":[],"_links":{"self":[{"href":"https:\/\/www.itkommando.hu\/site\/wp-json\/wp\/v2\/pages\/3176","targetHints":{"allow":["GET"]}}],"collection":[{"href":"https:\/\/www.itkommando.hu\/site\/wp-json\/wp\/v2\/pages"}],"about":[{"href":"https:\/\/www.itkommando.hu\/site\/wp-json\/wp\/v2\/types\/page"}],"author":[{"embeddable":true,"href":"https:\/\/www.itkommando.hu\/site\/wp-json\/wp\/v2\/users\/1"}],"replies":[{"embeddable":true,"href":"https:\/\/www.itkommando.hu\/site\/wp-json\/wp\/v2\/comments?post=3176"}],"version-history":[{"count":6,"href":"https:\/\/www.itkommando.hu\/site\/wp-json\/wp\/v2\/pages\/3176\/revisions"}],"predecessor-version":[{"id":5495,"href":"https:\/\/www.itkommando.hu\/site\/wp-json\/wp\/v2\/pages\/3176\/revisions\/5495"}],"up":[{"embeddable":true,"href":"https:\/\/www.itkommando.hu\/site\/wp-json\/wp\/v2\/pages\/2921"}],"wp:featuredmedia":[{"embeddable":true,"href":"https:\/\/www.itkommando.hu\/site\/wp-json\/wp\/v2\/media\/3177"}],"wp:attachment":[{"href":"https:\/\/www.itkommando.hu\/site\/wp-json\/wp\/v2\/media?parent=3176"}],"wp:term":[{"taxonomy":"category","embeddable":true,"href":"https:\/\/www.itkommando.hu\/site\/wp-json\/wp\/v2\/categories?post=3176"},{"taxonomy":"post_tag","embeddable":true,"href":"https:\/\/www.itkommando.hu\/site\/wp-json\/wp\/v2\/tags?post=3176"}],"curies":[{"name":"wp","href":"https:\/\/api.w.org\/{rel}","templated":true}]}}