{"id":3245,"date":"2015-06-01T13:19:25","date_gmt":"2015-06-01T12:19:25","guid":{"rendered":"http:\/\/www.itkommando.hu\/site\/?page_id=3245"},"modified":"2021-07-14T18:36:18","modified_gmt":"2021-07-14T17:36:18","slug":"mindent-bele-router-2-resz","status":"publish","type":"page","link":"https:\/\/www.itkommando.hu\/site\/leirasok\/a-pi-termekcsalad\/mindent-bele-router-2-resz\/","title":{"rendered":"Mindent bele router 2. r\u00e9sz"},"content":{"rendered":"<p>Miut\u00e1n az OpenWRT image hib\u00e1inak jav\u00edt\u00e1sa v\u00e1rhat\u00f3an eltart egy darabig, a router oper\u00e1ci\u00f3s rendszer\u00e9nek v\u00e1lasszunk valami m\u00e1st.<\/p>\n<figure id=\"attachment_3227\" aria-describedby=\"caption-attachment-3227\" style=\"width: 150px\" class=\"wp-caption alignright\"><a href=\"http:\/\/www.itkommando.hu\/site\/wp-content\/uploads\/A-BPi-R1_alaplap.jpg\"><img loading=\"lazy\" decoding=\"async\" class=\"wp-image-3227 size-thumbnail\" src=\"http:\/\/www.itkommando.hu\/site\/wp-content\/uploads\/A-BPi-R1_alaplap-150x150.jpg\" alt=\"A BPi-R1 router alaplap\" width=\"150\" height=\"150\" srcset=\"https:\/\/www.itkommando.hu\/site\/wp-content\/uploads\/A-BPi-R1_alaplap-150x150.jpg 150w, https:\/\/www.itkommando.hu\/site\/wp-content\/uploads\/A-BPi-R1_alaplap-300x300.jpg 300w, https:\/\/www.itkommando.hu\/site\/wp-content\/uploads\/A-BPi-R1_alaplap.jpg 458w\" sizes=\"auto, (max-width: 150px) 100vw, 150px\" \/><\/a><figcaption id=\"caption-attachment-3227\" class=\"wp-caption-text\">A BPi-R1 alaplap. A fekete leragaszt\u00e1s fel\u00fclet szerelt alkatr\u00e9szeket takar, ha leszedj\u00fck, a HDD r\u00f6vidz\u00e1rlatot okozhat<\/figcaption><\/figure>\n<p>A Bananian egyszer m\u00e1r megmutatta, hogy m\u0171k\u00f6dik. Nyer\u0151 csapaton ne v\u00e1ltoztassunk. B\u00e1r az ArchLinux is sz\u00f3ba ker\u00fclt, azonban az image m\u00e9rete is a dupl\u00e1ja. Ink\u00e1bb maradtunk a j\u00e1rt \u00faton.<\/p>\n<p>T\u00f6lts\u00fck le az <a title=\"Az aktu\u00e1lis Bananian image let\u00f6lt\u00e9se\" href=\"http:\/\/dl.bananian.org\/releases\/bananian-latest.zip\" target=\"_blank\" rel=\"noopener\">image-t<\/a>. A <a title=\"A BPi-R1 mint CRM szerver\" href=\"http:\/\/www.itkommando.hu\/site\/leirasok\/a-bpi-r1-mint-crm-szerver\/\" target=\"_blank\" rel=\"noopener\">CRM szervert<\/a> le\u00edr\u00f3 cikk\u00fcnkben m\u00e1r le\u00edrt m\u00f3don ki\u00edrjuk az SD k\u00e1rty\u00e1ra, \u00e9s csin\u00e1ljuk v\u00e9gig az <tt>Az oper\u00e1ci\u00f3s rendszer telep\u00edt\u00e9se<\/tt> fejezetben foglaltakat.<\/p>\n<p>Az els\u0151 meglepet\u00e9s akkor fog \u00e9rni, amikor az internetbe\u00e1ll\u00edt\u00e1sokat pr\u00f3b\u00e1ljuk megtenni. \u00d6sszesen egy vezet\u00e9kes h\u00e1l\u00f3zati adaptert tal\u00e1lunk (eth0).<br \/>\nEz egybeesik a <a title=\"A BPi-R1 router specifik\u00e1ci\u00f3ja\" href=\"https:\/\/web.archive.org\/web\/20160326011742\/www.bananapi.com\/index.php\/component\/content\/article?layout=edit&amp;id=59\" target=\"_blank\" rel=\"noopener\">specifik\u00e1ci\u00f3val<\/a>, ami egy vezet\u00e9kes h\u00e1l\u00f3zati csatlakoz\u00f3t \u00edg\u00e9r. A\u00a0\/etc\/network\/if-pre-up.d mapp\u00e1ban tal\u00e1lhat\u00f3\u00a0<code>swconfig<\/code> \u00e1llom\u00e1ny k\u00e9t virtu\u00e1lis adaptert \u00e1ll\u00edt be. eth0.101 \u00e9s eth0.102 Az \u00e1llom\u00e1ny szerkeszt\u00e9s\u00e9vel term\u00e9szetesen ett\u0151l elt\u00e9r\u0151 be\u00e1ll\u00edt\u00e1st is megtehet\u00fcnk. Itt egy p\u00e9lda egy 3 \u00a0(virtu\u00e1lis) adapteres be\u00e1ll\u00edt\u00e1sra:<\/p>\n<p><code>#---------------------------#<br \/>\n# BPI-R1 VLAN configuration #<br \/>\n#---------------------------#<br \/>\n#<br \/>\n# This will create the following ethernet ports:<br \/>\n# - eth0.101 = WAN (single port)<br \/>\n# - eth0.102 = LAN (4 port switch)<br \/>\n#<br \/>\n# You have to adjust your \/etc\/network\/interfaces<br \/>\n#<br \/>\n# Comment out the next line to enable the VLAN configuration:<br \/>\nexit 0 <\/code> #<\/p>\n<p>ifconfig eth0 up<\/p>\n<p># The swconfig port number are:<br \/>\n# |2|1|0|4| |3| \u00a0 \u00a0 \u00a0 \u00a0&lt;&#8211;J\u00f3l l\u00e1that\u00f3, hogy a portok sorsz\u00e1moz\u00e1sa kiss\u00e9 elt\u00e9r\u0151 logik\u00e1val t\u00f6rt\u00e9nik, mint amire sz\u00e1m\u00edtan\u00e1nk<br \/>\n# (looking at front of ports)<\/p>\n<p>swconfig dev eth0 set reset 1<br \/>\nswconfig dev eth0 set enable_vlan 1<br \/>\nswconfig dev eth0 vlan 101 set ports &#8216;3 8t&#8217;<br \/>\nswconfig dev eth0 vlan 102 set ports &#8216;4 0 8t&#8217;<br \/>\nswconfig dev eth0 vlan 103 set ports &#8216;1 2 8t&#8217;<\/p>\n<p>swconfig dev eth0 set apply 1<\/p>\n<p>Ez a be\u00e1ll\u00edt\u00e1s 3 virtu\u00e1lis adaptert hoz l\u00e9tre eth0.101, eth0.102 \u00e9s eth0.103. Az eth0.101 az internet csatlakoz\u00f3<br \/>\naz eth0.102 \u00e9s az eth0.103 k\u00e9t-k\u00e9t port a LAN oldalon.<\/p>\n<p>Term\u00e9szetesen a <code>\/etc\/network\/interfaces<\/code> f\u00e1jlt is megfelel\u0151en m\u00f3dos\u00edtani kell.<\/p>\n<p><code># interfaces(5) file used by ifup(8) and ifdown(8)<br \/>\nauto lo<br \/>\niface lo inet loopback<\/code><\/p>\n<p>auto eth0.101 eth0.102 eth0.103<\/p>\n<p># dhcp configuration<br \/>\niface eth0.101 inet dhcp<\/p>\n<p># static ip configuration<br \/>\niface eth0.103 inet static<br \/>\naddress 192.168.5.241<br \/>\nnetmask 255.255.255.0<\/p>\n<p>iface eth0.102 inet static<br \/>\naddress 192.168.0.254<br \/>\nnetmask 255.255.255.0<\/p>\n<p>Ezzel azt \u00e1ll\u00edtottuk be, hogy van egy &#8222;internet portunk&#8221; (eth0.101) \u00e9s k\u00e9t-k\u00e9t portunk fix IP-vel. Mivel az (\u00f6sszesen) 5 port m\u00f6g\u00f6tt egy darab gigabites ethernet port van, a teljes s\u00e1vsz\u00e9less\u00e9g nem haladja meg az 1000 MB-t. Ez annyib\u00f3l nem probl\u00e9ma, hogy az SD k\u00e1rtya sem k\u00e9pes ekkora s\u00e1vsz\u00e9less\u00e9get kiszolg\u00e1lni.<\/p>\n<p>Szerelt\u00fcnk a k\u00e9sz\u00fcl\u00e9kbe egy HDD-t, hogy a t\u00e1rol\u00f3kapacit\u00e1s kiszolg\u00e1lja az \u00fcgyfel\u00fcnket. Mivel csak egy HDD beszerel\u00e9s\u00e9re van lehet\u0151s\u00e9g, a RAID megold\u00e1sok nem j\u00f6nnek sz\u00f3ba &#8211; az\u00e9rt RAID helyett, mondjuk HA (high availibity) is sz\u00f3ba j\u00f6het -.<\/p>\n<p>Ha ppoe (\u201ejelszavas&#8221;) internetcsatlakoz\u00e1sunk van, akkor telep\u00edteni kell a <code>ppoeconf<\/code> csomagot. A k\u00e9sz\u00fcl\u00e9ket csatlakoztatjuk az internethez, majd a <code>ppoeconf<\/code> parancs be\u00edr\u00e1sa ut\u00e1n egy sorozat k\u00e9rd\u00e9st kapunk, amit megv\u00e1laszolva az internet be\u00e1ll\u00edtottnak tekinthet\u0151.<\/p>\n<p>Telep\u00edts\u00fck a squid proxyt. Ezzel a munka\u00e1llom\u00e1sok internet hozz\u00e1f\u00e9r\u00e9s\u00e9t nagyon r\u00e9szletesen szab\u00e1lyozhatjuk.<\/p>\n<p>A samba szerver telep\u00edt\u00e9se ut\u00e1n egy kiv\u00e1l\u00f3 h\u00e1l\u00f3zati t\u00e1rol\u00f3t kapunk. Az alapcsomag azonban nem tartalmazza p\u00e9ld\u00e1ul az <code>smbpasswd<\/code> utilityt, ami a felhaszn\u00e1l\u00f3szint\u0171 biztons\u00e1g haszn\u00e1lata eset\u00e9n n\u00e9lk\u00fcl\u00f6zhetetlen (term\u00e9szetesen, ha csak otthoni feladatokra, azonos\u00edt\u00e1s n\u00e9lk\u00fcli megoszt\u00e1sokkal haszn\u00e1ljuk, nincs r\u00e1 sz\u00fcks\u00e9g). Az <code>smbpasswd<\/code> n\u00e9h\u00e1ny hasznos egy\u00e9b alkalmaz\u00e1ssal egy\u00fctt a <code>samba-common-bin<\/code> csomagban van, ezt k\u00fcl\u00f6n kell telep\u00edteni.<\/p>\n<p>Minden szolg\u00e1ltat\u00e1sn\u00e1l \u00e9rtelemszer\u0171en be kell \u00e1ll\u00edtani, hogy melyik (virtu\u00e1lis) h\u00e1l\u00f3zati adaptereket haszn\u00e1lhatj\u00e1k, hiszen nem szeretn\u00e9nk, ha a c\u00e9ges adatok az internet fel\u0151l is el\u00e9rhet\u0151ek lenn\u00e9nek.<\/p>\n<p>Az, hogy \u00f6sszesen egy vezet\u00e9kes ethernet csatlakoz\u00f3 van 5 csatlakoz\u00f3ra elosztva, n\u00e9ha \u00e9rdekes mell\u00e9khat\u00e1sokkal j\u00e1r. DHCP internetcsatlakoz\u00e1s eset\u00e9n nem lehet a k\u00e1bel egyszer\u0171 kih\u00faz\u00e1s\u00e1val \u00a0\u00e9s \u00fajra csatlakoztat\u00e1s\u00e1val, mivel a \u201ek\u00e1rtya \u00fagy tudja\u2033 van m\u00e9g hozz\u00e1 k\u00e1bel csatlakoztatva \u00e9s nem kezdem\u00e9nyez IP c\u00edm k\u00e9r\u00e9st.<\/p>\n<p>Az adatok t\u00e1rol\u00e1s\u00e1ra beraktunk egy 1T t\u00e1rol\u00f3kapacit\u00e1s\u00fa 2,5&#8243;\u208bos HDD-t. 7200 RPM-es t\u00edpust v\u00e1lasztottunk a gyorsabb adathozz\u00e1f\u00e9r\u00e9s miatt (a holtid\u0151k miatt l\u00e9nyeges). A be\u00e9p\u00edt\u00e9se teljesen logikus, b\u00e1r kicsit szokatlan, hogy \u00f6sszesen 1 darab csavarral lehet r\u00f6gz\u00edteni, de a kialak\u00edt\u00e1s olyan, hogy ez el\u00e9g is. A v\u00e1s\u00e1rl\u00e1sn\u00e1l oda kell figyelni, hogy a HDD fogyaszt\u00e1sa miatt legal\u00e1bb 2A-es t\u00e1pegys\u00e9get v\u00e1lasszunk. Egyes f\u00f3rumok 3A-est aj\u00e1nlanak, ezt nem l\u00e1tjuk indokoltnak, azonban a teljes\u00edtm\u00e9nytartal\u00e9k semmi esete sem \u00e1rt. Mi a <a title=\"malnapc.hu\" href=\"http:\/\/malnapc.hu\" target=\"_blank\" rel=\"noopener\">malnapc.hu<\/a> \u00e1ltal aj\u00e1nlott <a title=\"A 2,1 A-s Sunny t\u00e1p\" href=\"http:\/\/malnapc.hu\/yis\/sunny-1460-5v-21a-tap-micro-usb-14m\" target=\"_blank\" rel=\"noopener\">Sunny t\u00e1pegys\u00e9get<\/a> haszn\u00e1ljuk.<\/p>\n<h3>\u00a0Kapcsol\u00f3d\u00f3 cikkek<\/h3>\n<ul>\n<li><a title=\"Mindent bele router\" href=\"http:\/\/www.itkommando.hu\/site\/leirasok\/mindent-bele-router\/\">Mindent bele router<\/a><\/li>\n<li><a title=\"A PI term\u00e9kcsal\u00e1d\" href=\"http:\/\/www.itkommando.hu\/site\/leirasok\/a-pi-termekcsalad\/\">A PI term\u00e9kcsal\u00e1d<\/a><\/li>\n<li><a href=\"https:\/\/www.itkommando.hu\/site\/leirasok\/a-pi-termekcsalad\/mindent-bele-router-tapasztalatai\/\">A mindent bele router tapasztalatai<\/a><\/li>\n<li><a href=\"https:\/\/www.itkommando.hu\/site\/leirasok\/egy-router-tobb-vpn-el\/\">Egy sokfeladatos router<\/a><\/li>\n<\/ul>\n","protected":false},"excerpt":{"rendered":"<p>Miut\u00e1n az OpenWRT image hib\u00e1inak jav\u00edt\u00e1sa v\u00e1rhat\u00f3an eltart egy darabig, a router oper\u00e1ci\u00f3s rendszer\u00e9nek v\u00e1lasszunk valami m\u00e1st. A Bananian egyszer m\u00e1r megmutatta, hogy m\u0171k\u00f6dik. Nyer\u0151 csapaton ne v\u00e1ltoztassunk. B\u00e1r az&hellip;<a href=\"https:\/\/www.itkommando.hu\/site\/leirasok\/a-pi-termekcsalad\/mindent-bele-router-2-resz\/\" class=\"more-link\"><span class=\"more-button\">Tov\u00e1bb a r\u00e9szletekre<span class=\"screen-reader-text\">Mindent bele router 2. r\u00e9sz<\/span><\/span><\/a><\/p>\n","protected":false},"author":1,"featured_media":3227,"parent":2973,"menu_order":0,"comment_status":"closed","ping_status":"closed","template":"","meta":{"footnotes":""},"categories":[83,91,70,90,72,77,80,16],"tags":[],"class_list":["post-3245","page","type-page","status-publish","has-post-thumbnail","hentry","category-bananian","category-feketeoveseknek","category-internet","category-kockaknak","category-linux","category-operacios-rendserek","category-raspberry-pi-es-banan-pi","category-tanacsok"],"aioseo_notices":[],"_links":{"self":[{"href":"https:\/\/www.itkommando.hu\/site\/wp-json\/wp\/v2\/pages\/3245","targetHints":{"allow":["GET"]}}],"collection":[{"href":"https:\/\/www.itkommando.hu\/site\/wp-json\/wp\/v2\/pages"}],"about":[{"href":"https:\/\/www.itkommando.hu\/site\/wp-json\/wp\/v2\/types\/page"}],"author":[{"embeddable":true,"href":"https:\/\/www.itkommando.hu\/site\/wp-json\/wp\/v2\/users\/1"}],"replies":[{"embeddable":true,"href":"https:\/\/www.itkommando.hu\/site\/wp-json\/wp\/v2\/comments?post=3245"}],"version-history":[{"count":22,"href":"https:\/\/www.itkommando.hu\/site\/wp-json\/wp\/v2\/pages\/3245\/revisions"}],"predecessor-version":[{"id":5519,"href":"https:\/\/www.itkommando.hu\/site\/wp-json\/wp\/v2\/pages\/3245\/revisions\/5519"}],"up":[{"embeddable":true,"href":"https:\/\/www.itkommando.hu\/site\/wp-json\/wp\/v2\/pages\/2973"}],"wp:featuredmedia":[{"embeddable":true,"href":"https:\/\/www.itkommando.hu\/site\/wp-json\/wp\/v2\/media\/3227"}],"wp:attachment":[{"href":"https:\/\/www.itkommando.hu\/site\/wp-json\/wp\/v2\/media?parent=3245"}],"wp:term":[{"taxonomy":"category","embeddable":true,"href":"https:\/\/www.itkommando.hu\/site\/wp-json\/wp\/v2\/categories?post=3245"},{"taxonomy":"post_tag","embeddable":true,"href":"https:\/\/www.itkommando.hu\/site\/wp-json\/wp\/v2\/tags?post=3245"}],"curies":[{"name":"wp","href":"https:\/\/api.w.org\/{rel}","templated":true}]}}