{"id":3398,"date":"2015-07-26T16:14:40","date_gmt":"2015-07-26T15:14:40","guid":{"rendered":"http:\/\/www.itkommando.hu\/site\/?page_id=3398"},"modified":"2021-07-14T18:12:30","modified_gmt":"2021-07-14T17:12:30","slug":"a-mobil-keszulekek-biztonsagi-beallitasai","status":"publish","type":"page","link":"https:\/\/www.itkommando.hu\/site\/leirasok\/a-mobil-keszulekek-biztonsagi-beallitasai\/","title":{"rendered":"A mobil k\u00e9sz\u00fcl\u00e9kek biztons\u00e1gos haszn\u00e1lata"},"content":{"rendered":"<p>A mobil k\u00e9sz\u00fcl\u00e9kek biztons\u00e1gi be\u00e1ll\u00edt\u00e1sait a legt\u00f6bb felhaszn\u00e1l\u00f3 sajn\u00e1latos m\u00f3don nem kezeli a fontoss\u00e1g\u00e1hoz m\u00e9lt\u00f3an, pedig \u00e9ppen a hordozhat\u00f3s\u00e1guk miatt az illet\u00e9ktelen hozz\u00e1f\u00e9r\u00e9snek jobban ki vannak t\u00e9ve, mint az asztali k\u00e9sz\u00fcl\u00e9kek (tegye fel a kez\u00e9t, aki m\u00e9g nem hagyta ott valahol a mobiltelefonj\u00e1t, tabletj\u00e9t ak\u00e1r csak n\u00e9h\u00e1ny percre fel\u00fcgyelet n\u00e9lk\u00fcl).<\/p>\n<p>A mobileszk\u00f6z\u00f6k \u00e1ltal\u00e1ban jelent\u0151sen t\u00f6bb adatot t\u00e1rolnak r\u00f3lunk, mint az asztaliak (navig\u00e1ci\u00f3s adatok, kontakt list\u00e1k, f\u00e9nyk\u00e9pek), a t\u00e1rolt jelszavak, a v\u00e1s\u00e1rl\u00e1sokr\u00f3l sz\u00f3l\u00f3 visszaigazol\u00e1sok is aranyb\u00e1ny\u00e1t jelentenek a \u201ehozz\u00e1\u00e9rt\u0151knek&#8221;.<\/p>\n<p>A \u201enulladik feladat&#8221; annak a v\u00e9giggondol\u00e1sa, hogy a k\u00e9sz\u00fcl\u00e9ket mire haszn\u00e1ljuk. A felesleges alkalmaz\u00e1sokat (ha lehet) t\u00e1vol\u00edtsuk el.<\/p>\n<h3>Telep\u00edts\u00fcnk v\u00edrus\u00edrt\u00f3t<\/h3>\n<p>Egy telefon \u00e9pp\u00fagy ki van t\u00e9ve a rosszindulat\u00fa programoknak, mint egy asztali g\u00e9p. Mindenf\u00e9lek\u00e9pp \u00e9rdemes egy m\u00e1rk\u00e1s v\u00edrusirt\u00f3t telep\u00edteni.<\/p>\n<h3>Haszn\u00e1ljunk k\u00e9perny\u0151z\u00e1rat<\/h3>\n<figure style=\"width: 180px\" class=\"wp-caption alignright\"><a href=\"https:\/\/upload.wikimedia.org\/wikipedia\/commons\/thumb\/d\/d4\/Qtmoko_v26_Lock.png\/450px-Qtmoko_v26_Lock.png?uselang=hu\"><img loading=\"lazy\" decoding=\"async\" class=\"\" src=\"https:\/\/upload.wikimedia.org\/wikipedia\/commons\/thumb\/d\/d4\/Qtmoko_v26_Lock.png\/180px-Qtmoko_v26_Lock.png?uselang=hu\" alt=\"A k\u00e9perny\u0151z\u00e1r a biztons\u00e1g els\u0151 l\u00e9p\u00e9se\" width=\"180\" height=\"240\" \/><\/a><figcaption class=\"wp-caption-text\">A k\u00e9p forr\u00e1sa: <a href=\"https:\/\/commons.wikimedia.org\/wiki\/File:Qtmoko_v26_Lock.png?uselang=hu\">Wikip\u00e9dia<\/a><\/figcaption><\/figure>\n<p>Egy j\u00f3l megv\u00e1lasztott k\u00e9perny\u0151z\u00e1r (sreenlock) megnehez\u00edti az illet\u00e9ktelen hozz\u00e1f\u00e9r\u00e9st a k\u00e9sz\u00fcl\u00e9khez. A k\u00e9perny\u0151z\u00e1rhoz haszn\u00e1lhatunk pin k\u00f3dot, mint\u00e1zatot, a saj\u00e1t arck\u00e9p\u00fcnket, ujjlenyomatunkat. A k\u00fcl\u00f6nb\u00f6z\u0151 oper\u00e1ci\u00f3s rendszerek \u00e1ltal\u00e1ban lehet\u0151v\u00e9 teszik a v\u00e1laszt\u00e1st t\u00f6bb lehet\u0151s\u00e9g k\u00f6z\u00fcl. Mindenki megtal\u00e1lhatja a sz\u00e1m\u00e1ra legk\u00e9nyelmesebb megold\u00e1st. Minden megold\u00e1snak megvannak a h\u00edvei \u00e9s ellenz\u0151i, de hat\u00e1rozottan \u00e1ll\u00edthat\u00f3, hogy a leggyeng\u00e9bb v\u00e9delem is sokkal t\u00f6bbet \u00e9r, mintha semmilyen v\u00e9delem sem lenne, hiszen az elm\u00e9ly\u00fclt tud\u00e1ssal rendelkez\u0151 rosszindulat\u00fa szakemberek jelent\u0151sen kevesebben vannak, mint az alkalommal \u00e9l\u0151 tolvajok.<\/p>\n<h3>Haszn\u00e1ljunk titkos\u00edt\u00e1st<\/h3>\n<p>A legt\u00f6bb k\u00e9sz\u00fcl\u00e9kben az SD k\u00e1rtya cser\u00e9lhet\u0151. Az ezen t\u00e1rolt adatok titkos\u00edt\u00e1s\u00e1t az oper\u00e1ci\u00f3s rendszerek t\u00e1mogatj\u00e1k. Ebben az esetben, ha a k\u00e9sz\u00fcl\u00e9ket el is vesz\u00edtj\u00fck, az adatok nem ker\u00fclnek illet\u00e9ktelen kezekbe.<\/p>\n<p>A kommunik\u00e1ci\u00f3 titkos\u00edt\u00e1sa is \u00a0l\u00e9nyeges lehet, p\u00e9ld\u00e1ul \u00fczleti vagy szerelmi \u00fczenetek eset\u00e9n, azonban ha a titkos kommunik\u00e1ci\u00f3t ki\u00e9p\u00edtett\u00fck, \u00e9rdemes min\u00e9l gyakrabban haszn\u00e1lni, hiszen ha kiz\u00e1r\u00f3lag a val\u00f3ban bizalmas kommunik\u00e1ci\u00f3ra haszn\u00e1ljuk, akkor felh\u00edvjuk a k\u00f6rnyezet\u00fcnk figyelm\u00e9t arra, hogy az adott \u00fczenettel \u00e9rdemes foglalkozni. Ha a \u201eh\u00e9tk\u00f6znapi&#8221; kommunik\u00e1ci\u00f3t is titkos\u00edtott csatorn\u00e1kon v\u00e9gezz\u00fck, akkor a k\u00fcls\u0151 megfigyel\u0151k dolg\u00e1t jelent\u0151sen megnehez\u00edthetj\u00fck.<\/p>\n<p>Az <a href=\"https:\/\/www.itkommando.hu\/site\/a_halozat_szolgalataban\/tanulmanyok\/a-kriptografia-tortenete-2\/\">Enigma<\/a> t\u00f6rt\u00e9nete azonban eml\u00e9keztessen mindig arra, hogy amennyiben egy \u00fczenet kell\u0151en \u00e9rt\u00e9kes, akkor \u00e9rdemes a (t\u00f6k\u00e9letesnek gondolt) titkos\u00edt\u00e1st is felt\u00f6rni.<\/p>\n<h3>Haszn\u00e1ljunk VPN-t<\/h3>\n<p>Amennyiben nyilv\u00e1nos hotspotokat vesz\u00fcnk ig\u00e9nybe, \u00e9rdemes <a href=\"http:\/\/www.itkommando.hu\/site\/a-vpn-rol\/\">VPN<\/a> kapcsolatot <sup><a href=\"#footnote_1_3398\" id=\"identifier_1_3398\" class=\"footnote-link footnote-identifier-link\" title=\"A VPN kapcsolat titkos&iacute;tott kommunik&aacute;ci&oacute;t biztos&iacute;t a k&eacute;sz&uuml;l&eacute;k&uuml;nk &eacute;s a szolg&aacute;ltat&oacute; szervere k&ouml;z&ouml;tt, ezzel v&eacute;dve az adatainkat\">1<\/a><\/sup> haszn\u00e1lni a b\u00f6ng\u00e9sz\u00e9shez, hiszen akaratlanul is rengeteg adatot kiadunk magunkr\u00f3l internethaszn\u00e1lat k\u00f6zben. A nagy forgalm\u00fa hotspotok eset\u00e9n j\u00f3 es\u00e9llyel\u00a0\u201ehallgat\u00f3zik&#8221; valaki, aki p\u00e9nz\u00fcgyi vissza\u00e9l\u00e9shez, vagy egy k\u00e9s\u0151bbi \u00e1tver\u00e9shez haszn\u00e1lhat\u00f3 adatokat gy\u0171jt.<\/p>\n<h3>Haszn\u00e1ljunk <a href=\"http:\/\/www.itkommando.hu\/site\/a_halozat_szolgalataban\/tanulmanyok\/szuksegem-van-mentesi-backup-rendre\/\">Backup<\/a> rendszereket<\/h3>\n<figure style=\"width: 320px\" class=\"wp-caption alignright\"><a href=\"https:\/\/upload.wikimedia.org\/wikipedia\/commons\/3\/3c\/Threx_open.jpg\"><img loading=\"lazy\" decoding=\"async\" src=\"https:\/\/upload.wikimedia.org\/wikipedia\/commons\/thumb\/3\/3c\/Threx_open.jpg\/320px-Threx_open.jpg\" alt=\"Bacjup Bitons\u00e1gos adatkezel\u00e9s\" width=\"320\" height=\"206\" \/><\/a><figcaption class=\"wp-caption-text\">A k\u00e9p forr\u00e1sa: <a href=\"https:\/\/commons.wikimedia.org\/wiki\/File:Threx_open.jpg\">Wikip\u00e9dia<\/a><\/figcaption><\/figure>\n<p>A mobil eszk\u00f6z\u00f6k\u00f6n t\u00e1rolt adatokr\u00f3l k\u00e9sz\u00edts\u00fcnk gyakran biztons\u00e1gi ment\u00e9st. Erre vannak automatikusan m\u0171k\u00f6d\u0151 programok, amik a ment\u00e9st automatikusan elv\u00e9gzik, ha az otthoni WiFi \u00a0h\u00e1l\u00f3zathoz csatlakozunk, azonnal elkezdi a ment\u00e9si folyamatot.<\/p>\n<p>A k\u00fcl\u00f6nb\u00f6z\u0151 felh\u0151kiszolg\u00e1l\u00f3k (OneDrive, GoogleDrive, Dropbox) is haszn\u00e1lhat\u00f3ak, s\u0151t, ha van saj\u00e1t vagy c\u00e9ges NAS szerver\u00fcnk, gyakran annak is van ilyen szolg\u00e1ltat\u00e1sa, csak \u00a0a megfelel\u0151 programot kell a mobil eszk\u00f6zre telep\u00edteni.<\/p>\n<h3>Haszn\u00e1ljuk a fej\u00fcnket<\/h3>\n<figure style=\"width: 185px\" class=\"wp-caption alignright\"><a href=\"https:\/\/upload.wikimedia.org\/wikipedia\/commons\/e\/e6\/Arcimboldo_Autumn_1572_%28private%29.jpg\"><img loading=\"lazy\" decoding=\"async\" class=\"\" src=\"https:\/\/upload.wikimedia.org\/wikipedia\/commons\/thumb\/e\/e6\/Arcimboldo_Autumn_1572_%28private%29.jpg\/185px-Arcimboldo_Autumn_1572_%28private%29.jpg\" alt=\"A logikus gondolkod\u00e1s legjobb adatv\u00e9delem\" width=\"185\" height=\"240\" \/><\/a><figcaption class=\"wp-caption-text\">A k\u00e9p forr\u00e1sa:<a href=\"https:\/\/commons.wikimedia.org\/wiki\/File:Arcimboldo_Autumn_1572_%28private%29.jpg\"> Wikip\u00e9dia<\/a><\/figcaption><\/figure>\n<p>A ny\u00e1r a lazas\u00e1g, a fesztiv\u00e1lok, a strand ideje (a t\u00e9l a lazas\u00e1g, a forralt bor, a s\u00edel\u00e9s \u00e9s sz\u00e1nk\u00f3z\u00e1s ideje), azonban ne felejtkezz\u00fcnk meg az alapvet\u0151 \u00f3vatoss\u00e1gr\u00f3l. A mobil eszk\u00f6z\u00f6k \u00e9rz\u00e9kenyek a hidegre, melegre, porra, v\u00edzre, s\u00f6rre&#8230;<\/p>\n<p>Ha a programunk olyan (strand, jelent\u0151s alkoholfogyaszt\u00e1ssal j\u00e1r\u00f3 programok&#8230;.), amikor az eszk\u00f6z fel\u00fcgyelete nem biztos\u00edthat\u00f3, ink\u00e1bb hagyjuk otthon (sz\u00e1llodai szob\u00e1ban, sz\u00e1lloda sz\u00e9fj\u00e9ben, kemping port\u00e1j\u00e1n).<\/p>\n<p>Az aktu\u00e1lisan nem haszn\u00e1lt adatokat t\u00f6r\u00f6lj\u00fck le, ezzel elker\u00fclj\u00fck, hogy vissza\u00e9ljenek vele, vagy egy esetleg egy<a href=\"https:\/\/www.itkommando.hu\/site\/a_halozat_szolgalataban\/tanulmanyok\/a-hataron-belenezhetnek-az-adatainba\/\"> hat\u00e1r\u00e1tl\u00e9p\u00e9s eset\u00e9n f\u00e9lre\u00e9rt\u00e9sre<\/a> adhat okot.<\/p>\n<p>Ha nincs r\u00e1 sz\u00fcks\u00e9g, kapcsoljuk ki a k\u00fcl\u00f6nb\u00f6z\u0151 szolg\u00e1ltat\u00e1sokat, ezzel nem csak az \u00fczemid\u0151t n\u00f6velj\u00fck meg, hanem \u00f6nmagunkr\u00f3l is kevesebb inform\u00e1ci\u00f3t szolg\u00e1ltatunk <sup><a href=\"#footnote_2_3398\" id=\"identifier_2_3398\" class=\"footnote-link footnote-identifier-link\" title=\"A google p&eacute;ld&aacute;ul napl&oacute;zza merre j&aacute;runk\">2<\/a><\/sup><\/p>\n<p>Nyaral\u00e1skor (ha lehet) a c\u00e9ges eszk\u00f6z\u00f6ket hagyjuk otthon, ezzel biztos\u00edtva a zavartalan pihen\u00e9st.<\/p>\n<h3>Kapcsol\u00f3d\u00f3 cikkek<\/h3>\n<ul>\n<li><a href=\"http:\/\/www.itkommando.hu\/site\/kar-a-benzinert\/\">K\u00e1r a benzin\u00e9rt<\/a><\/li>\n<li><a href=\"http:\/\/www.itkommando.hu\/site\/a_halozat_szolgalataban\/tanulmanyok\/milyen-programokat-telepitsunk-mobileszkozunkre\/\">Milyen programokat telep\u00edts\u00fcnk mobileszk\u00f6z\u00fcnkre?<\/a><\/li>\n<li><a href=\"http:\/\/www.itkommando.hu\/site\/a_halozat_szolgalataban\/tanulmanyok\/tanacsok-olcso-okostelefonokhoz\/\">Tan\u00e1csok olcs\u00f3 okostelefonokhoz<\/a><\/li>\n<li><a href=\"http:\/\/www.itkommando.hu\/site\/a_halozat_szolgalataban\/tanulmanyok\/sporoljunk_a_telefonszamlan\/\">Sp\u00f3roljunk a telefonsz\u00e1ml\u00e1n<\/a><\/li>\n<\/ul>\n<ol class=\"footnotes\"><li id=\"footnote_1_3398\" class=\"footnote\">A VPN kapcsolat titkos\u00edtott kommunik\u00e1ci\u00f3t biztos\u00edt a k\u00e9sz\u00fcl\u00e9k\u00fcnk \u00e9s a szolg\u00e1ltat\u00f3 szervere k\u00f6z\u00f6tt, ezzel v\u00e9dve az adatainkat<span class=\"footnote-back-link-wrapper\">[<a href=\"#identifier_1_3398\" class=\"footnote-link footnote-back-link\">&#8617;<\/a>]<\/span><\/li><li id=\"footnote_2_3398\" class=\"footnote\">A google p\u00e9ld\u00e1ul <a href=\"https:\/\/maps.google.com\/locationhistory\/b\/0\/\" target=\"_blank\" rel=\"noopener\">napl\u00f3zza<\/a> merre j\u00e1runk<span class=\"footnote-back-link-wrapper\">[<a href=\"#identifier_2_3398\" class=\"footnote-link footnote-back-link\">&#8617;<\/a>]<\/span><\/li><\/ol>","protected":false},"excerpt":{"rendered":"<p>A mobil k\u00e9sz\u00fcl\u00e9kek biztons\u00e1gi be\u00e1ll\u00edt\u00e1sait a legt\u00f6bb felhaszn\u00e1l\u00f3 sajn\u00e1latos m\u00f3don nem kezeli a fontoss\u00e1g\u00e1hoz m\u00e9lt\u00f3an, pedig \u00e9ppen a hordozhat\u00f3s\u00e1guk miatt az illet\u00e9ktelen hozz\u00e1f\u00e9r\u00e9snek jobban ki vannak t\u00e9ve, mint az asztali&hellip;<a href=\"https:\/\/www.itkommando.hu\/site\/leirasok\/a-mobil-keszulekek-biztonsagi-beallitasai\/\" class=\"more-link\"><span class=\"more-button\">Tov\u00e1bb a r\u00e9szletekre<span class=\"screen-reader-text\">A mobil k\u00e9sz\u00fcl\u00e9kek biztons\u00e1gos haszn\u00e1lata<\/span><\/span><\/a><\/p>\n","protected":false},"author":1,"featured_media":2228,"parent":2921,"menu_order":0,"comment_status":"closed","ping_status":"closed","template":"","meta":{"footnotes":""},"categories":[14,70,63,16],"tags":[],"class_list":["post-3398","page","type-page","status-publish","has-post-thumbnail","hentry","category-biztonsag","category-internet","category-mobil-eszkozok","category-tanacsok"],"aioseo_notices":[],"_links":{"self":[{"href":"https:\/\/www.itkommando.hu\/site\/wp-json\/wp\/v2\/pages\/3398","targetHints":{"allow":["GET"]}}],"collection":[{"href":"https:\/\/www.itkommando.hu\/site\/wp-json\/wp\/v2\/pages"}],"about":[{"href":"https:\/\/www.itkommando.hu\/site\/wp-json\/wp\/v2\/types\/page"}],"author":[{"embeddable":true,"href":"https:\/\/www.itkommando.hu\/site\/wp-json\/wp\/v2\/users\/1"}],"replies":[{"embeddable":true,"href":"https:\/\/www.itkommando.hu\/site\/wp-json\/wp\/v2\/comments?post=3398"}],"version-history":[{"count":12,"href":"https:\/\/www.itkommando.hu\/site\/wp-json\/wp\/v2\/pages\/3398\/revisions"}],"predecessor-version":[{"id":5505,"href":"https:\/\/www.itkommando.hu\/site\/wp-json\/wp\/v2\/pages\/3398\/revisions\/5505"}],"up":[{"embeddable":true,"href":"https:\/\/www.itkommando.hu\/site\/wp-json\/wp\/v2\/pages\/2921"}],"wp:featuredmedia":[{"embeddable":true,"href":"https:\/\/www.itkommando.hu\/site\/wp-json\/wp\/v2\/media\/2228"}],"wp:attachment":[{"href":"https:\/\/www.itkommando.hu\/site\/wp-json\/wp\/v2\/media?parent=3398"}],"wp:term":[{"taxonomy":"category","embeddable":true,"href":"https:\/\/www.itkommando.hu\/site\/wp-json\/wp\/v2\/categories?post=3398"},{"taxonomy":"post_tag","embeddable":true,"href":"https:\/\/www.itkommando.hu\/site\/wp-json\/wp\/v2\/tags?post=3398"}],"curies":[{"name":"wp","href":"https:\/\/api.w.org\/{rel}","templated":true}]}}