{"id":3414,"date":"2015-08-03T09:22:25","date_gmt":"2015-08-03T08:22:25","guid":{"rendered":"http:\/\/www.itkommando.hu\/site\/?page_id=3414"},"modified":"2021-07-14T18:19:45","modified_gmt":"2021-07-14T17:19:45","slug":"a-bananian-frissitese","status":"publish","type":"page","link":"https:\/\/www.itkommando.hu\/site\/leirasok\/a-pi-termekcsalad\/a-bananian-frissitese\/","title":{"rendered":"A bananian friss\u00edt\u00e9se"},"content":{"rendered":"<p>A Bananian friss\u00edt\u00e9se alapesetben nem t\u00e9r el a Debiant\u00f3l:<\/p>\n<figure id=\"attachment_3227\" aria-describedby=\"caption-attachment-3227\" style=\"width: 150px\" class=\"wp-caption alignright\"><a href=\"http:\/\/www.itkommando.hu\/site\/wp-content\/uploads\/A-BPi-R1_alaplap.jpg\"><img loading=\"lazy\" decoding=\"async\" class=\"size-thumbnail wp-image-3227\" src=\"http:\/\/www.itkommando.hu\/site\/wp-content\/uploads\/A-BPi-R1_alaplap-150x150.jpg\" alt=\"A BPi-R1 alaplap\" width=\"150\" height=\"150\" srcset=\"https:\/\/www.itkommando.hu\/site\/wp-content\/uploads\/A-BPi-R1_alaplap-150x150.jpg 150w, https:\/\/www.itkommando.hu\/site\/wp-content\/uploads\/A-BPi-R1_alaplap-300x300.jpg 300w, https:\/\/www.itkommando.hu\/site\/wp-content\/uploads\/A-BPi-R1_alaplap.jpg 458w\" sizes=\"auto, (max-width: 150px) 100vw, 150px\" \/><\/a><figcaption id=\"caption-attachment-3227\" class=\"wp-caption-text\">A BPi-R1 alaplap. A fekete leragaszt\u00e1s fel\u00fclet szerelt alkatr\u00e9szeket takar, ha leszedj\u00fck, a HDD r\u00f6vidz\u00e1rlatot okozhat<\/figcaption><\/figure>\n<p><code><br \/>\n#apt-get update<br \/>\n#apt-get upgrade<\/code><\/p>\n<p>Ezzel frissen tarthatjuk a rendszert, azonban a Banaian is v\u00e1ltott a Wheezy-r\u0151l Jessie-re (verzi\u00f3sz\u00e1m v\u00e1lt\u00e1s t\u00f6rt\u00e9nt).<\/p>\n<p>Ez egy kicsit megkavarja a lapokat (na megijedni nem kell, csak az adatokat menteni).<\/p>\n<p>A dolog ugyan\u00edgy indul:<\/p>\n<p><code>#apt-get update<br \/>\n#apt-get upgrade<\/code><\/p>\n<p>azonban itt \u00e9rdekess\u00e9 v\u00e1lik:<\/p>\n<p>\u00c1ll\u00edtsuk \u00e1t a telep\u00edt\u00e9si forr\u00e1sainkat:<br \/>\n<code># sed -i 's\/wheezy\/jessie\/g' \/etc\/apt\/sources.list<\/code><\/p>\n<p>majd a &#8222;szok\u00e1sos verkli&#8221;:<\/p>\n<p><code>#apt-get update<br \/>\n#apt-get upgrade<br \/>\n#apt-get dist-update<br \/>\n#reboot <\/code><\/p>\n<figure style=\"width: 233px\" class=\"wp-caption alignright\"><img loading=\"lazy\" decoding=\"async\" src=\"https:\/\/upload.wikimedia.org\/wikipedia\/commons\/b\/bb\/Espresso.jpg\" alt=\"K\u00e1v\u00e9 a telep\u00edt\u00e9shez\" width=\"233\" height=\"218\" \/><figcaption class=\"wp-caption-text\">A k\u00e9p forr\u00e1sa:<a href=\"https:\/\/commons.wikimedia.org\/wiki\/File:Espresso.jpg\">Wikip\u00e9dia<\/a><\/figcaption><\/figure>\n<p>Mivel teljesen \u00faj verzi\u00f3 telep\u00edt\u00e9s\u00e9r\u0151l van sz\u00f3, k\u00e9sz\u00fclj\u00fck fel kis te\u00e1val, k\u00e1v\u00e9val, keksszel a m\u0171veletre.<\/p>\n<p>Elvileg k\u00e9szen vagyunk, de ebben ne legy\u00fcnk biztosak. A telep\u00edtett programok f\u00fcggv\u00e9ny\u00e9ben elk\u00e9pzelhet\u0151, hogy a telep\u00edtett csomagok verzi\u00f3sz\u00e1ma nem konzisztens.<\/p>\n<p>Adjuk ki ism\u00e9t a var\u00e1zsig\u00e9t:<\/p>\n<p><code>#apt-get upgrade<\/code><\/p>\n<p>Ha hib\u00e1t dob, reszelj\u00fck tov\u00e1bb a rendszer\u0171nket:<\/p>\n<p><code>#apt-get -f upgrade<\/code><\/p>\n<p>Ezzel az utas\u00edt\u00e1ssal automatikusan jav\u00edtjuk a f\u00fcgg\u0151s\u00e9geket.<\/p>\n<p>A k\u00f6vetkez\u0151 utas\u00edt\u00e1s elvileg felesleges, nekem azonban let\u00f6lt\u00f6tt m\u00e9g anyagot:<\/p>\n<p><code>#apt-get update<\/code><\/p>\n<p>Majd:<\/p>\n<p><code>#apt-get upgrade<\/code><\/p>\n<p>Mostm\u00e1r elvileg sim\u00e1n lefut a friss\u00edt\u00e9s. Ha nem, akkor j\u00f6n a kreat\u00edv hibakeres\u00e9s \u00e9s a hib\u00e1k k\u00e9zi jav\u00edt\u00e1sa, a sz\u00fcks\u00e9ges csomagok elt\u00e1vol\u00edt\u00e1s\u00e1val \u00e9s \u00fajratelep\u00edt\u00e9s\u00e9vel, ez\u00fattal azonban erre nem volt sz\u00fcks\u00e9g.<\/p>\n<p>Egy tesztmappa m\u00e1sol\u00e1si sebess\u00e9g\u00e9t lem\u00e9rtem friss\u00edt\u00e9s el\u0151tt \u00e9s ut\u00e1na (WiFi-n kereszt\u00fcl a notebookomra).<\/p>\n<p>Friss\u00edt\u00e9s el\u0151tt: 2,0 MB\/s<br \/>\nFriss\u00edt\u00e9s ut\u00e1n 2,3 MB\/s<\/p>\n<p>Nem erre mondj\u00e1k, hogy eget renget\u0151 teljes\u00edtm\u00e9nyn\u00f6veked\u00e9s, de a m\u00e9r\u00e9s kimutatta.<\/p>\n<h3>Kapcsol\u00f3d\u00f3 cikkek<\/h3>\n<p><a href=\"https:\/\/www.itkommando.hu\/site\/leirasok\/a-bpi-r1-mint-crm-szerver\/\">A BPi-R1 mint CRM szerver<\/a><\/p>\n<p><a href=\"https:\/\/www.itkommando.hu\/site\/leirasok\/a-pi-termekcsalad\/a-feleseg-radiot-akar-hallgatni\/\">A Feles\u00e9g r\u00e1di\u00f3t akar hallgatni<\/a><\/p>\n","protected":false},"excerpt":{"rendered":"<p>A Bananian friss\u00edt\u00e9se alapesetben nem t\u00e9r el a Debiant\u00f3l: #apt-get update #apt-get upgrade Ezzel frissen tarthatjuk a rendszert, azonban a Banaian is v\u00e1ltott a Wheezy-r\u0151l Jessie-re (verzi\u00f3sz\u00e1m v\u00e1lt\u00e1s t\u00f6rt\u00e9nt). Ez&hellip;<a href=\"https:\/\/www.itkommando.hu\/site\/leirasok\/a-pi-termekcsalad\/a-bananian-frissitese\/\" class=\"more-link\"><span class=\"more-button\">Tov\u00e1bb a r\u00e9szletekre<span class=\"screen-reader-text\">A bananian friss\u00edt\u00e9se<\/span><\/span><\/a><\/p>\n","protected":false},"author":1,"featured_media":3227,"parent":2973,"menu_order":0,"comment_status":"closed","ping_status":"closed","template":"","meta":{"footnotes":""},"categories":[83,12,72,80,13,16],"tags":[],"class_list":["post-3414","page","type-page","status-publish","has-post-thumbnail","hentry","category-bananian","category-hardver","category-linux","category-raspberry-pi-es-banan-pi","category-szoftver","category-tanacsok"],"aioseo_notices":[],"_links":{"self":[{"href":"https:\/\/www.itkommando.hu\/site\/wp-json\/wp\/v2\/pages\/3414","targetHints":{"allow":["GET"]}}],"collection":[{"href":"https:\/\/www.itkommando.hu\/site\/wp-json\/wp\/v2\/pages"}],"about":[{"href":"https:\/\/www.itkommando.hu\/site\/wp-json\/wp\/v2\/types\/page"}],"author":[{"embeddable":true,"href":"https:\/\/www.itkommando.hu\/site\/wp-json\/wp\/v2\/users\/1"}],"replies":[{"embeddable":true,"href":"https:\/\/www.itkommando.hu\/site\/wp-json\/wp\/v2\/comments?post=3414"}],"version-history":[{"count":5,"href":"https:\/\/www.itkommando.hu\/site\/wp-json\/wp\/v2\/pages\/3414\/revisions"}],"predecessor-version":[{"id":5511,"href":"https:\/\/www.itkommando.hu\/site\/wp-json\/wp\/v2\/pages\/3414\/revisions\/5511"}],"up":[{"embeddable":true,"href":"https:\/\/www.itkommando.hu\/site\/wp-json\/wp\/v2\/pages\/2973"}],"wp:featuredmedia":[{"embeddable":true,"href":"https:\/\/www.itkommando.hu\/site\/wp-json\/wp\/v2\/media\/3227"}],"wp:attachment":[{"href":"https:\/\/www.itkommando.hu\/site\/wp-json\/wp\/v2\/media?parent=3414"}],"wp:term":[{"taxonomy":"category","embeddable":true,"href":"https:\/\/www.itkommando.hu\/site\/wp-json\/wp\/v2\/categories?post=3414"},{"taxonomy":"post_tag","embeddable":true,"href":"https:\/\/www.itkommando.hu\/site\/wp-json\/wp\/v2\/tags?post=3414"}],"curies":[{"name":"wp","href":"https:\/\/api.w.org\/{rel}","templated":true}]}}