{"id":3472,"date":"2015-08-25T11:48:11","date_gmt":"2015-08-25T10:48:11","guid":{"rendered":"http:\/\/www.itkommando.hu\/site\/?page_id=3472"},"modified":"2021-07-14T12:55:22","modified_gmt":"2021-07-14T11:55:22","slug":"az-informatikai-eszkozok-a-tanulasban","status":"publish","type":"page","link":"https:\/\/www.itkommando.hu\/site\/a_halozat_szolgalataban\/tanulmanyok\/az-informatikai-eszkozok-a-tanulasban\/","title":{"rendered":"Az Internetes eszk\u00f6z\u00f6k a tanul\u00e1sban"},"content":{"rendered":"<p>Nyakunkon a szeptember (A Szeptember!), kezd\u0151dik az iskola. Az asztali g\u00e9pek, notebookok, t\u00e1blag\u00e9pek, okos telefonok lehet\u0151s\u00e9gei nem mer\u00fclnek ki a Facebook, cseveg\u0151 \u00e9s j\u00e1t\u00e9kprogramok lehet\u0151s\u00e9gein\u00e9l.<\/p>\n<h3>Wikip\u00e9dia<\/h3>\n<p>A <a href=\"http:\/\/www.itkommando.hu\/site\/a_halozat_szolgalataban\/tanulmanyok\/wikipedia\/\">Wikip\u00e9di\u00e1r\u00f3l<\/a> m\u00e1r \u00edrtunk p\u00e1r sz\u00f3t. A min\u0151s\u00e9ge el\u00e9gg\u00e9 v\u00e1ltoz\u00f3, azonban felveszi a versenyt a legt\u00f6bb pap\u00edr alap\u00fa lexikonnal. A k\u00e9sz Wikip\u00e9dia sz\u00f3cikkek az iskol\u00e1ban kev\u00e9sb\u00e9 haszn\u00e1lhat\u00f3ak, azonban a sz\u00f3cikkek v\u00e9g\u00e9n (a legt\u00f6bb esetben) fel vannak t\u00fcntetve a felhaszn\u00e1lt forr\u00e1sok, aminek alapj\u00e1n egy-egy t\u00e9ma j\u00f3l k\u00f6r\u00fclj\u00e1rhat\u00f3.<\/p>\n<p>Ha valaki egy-egy ter\u00fcletet k\u00f6r\u00fcl szeretne j\u00e1rni egy j\u00f3 \u00f6nellen\u0151rz\u00e9s, ha a megl\u00e9v\u0151 sz\u00f3cikket ki tudja eg\u00e9sz\u00edteni, vagy a t\u00e9m\u00e1ban saj\u00e1t sz\u00f3cikket tud l\u00e9trehozni.<\/p>\n<h3>Keres\u0151<\/h3>\n<p>A <a href=\"https:\/\/Google.com\" target=\"_blank\" rel=\"noopener\">Google<\/a> minden adatb\u00e1ny\u00e1szatn\u00e1l j\u00f3 bar\u00e1tunk, azonban mivel a keres\u00e9si eredm\u00e9nyeket testre szabja, a keres\u00e9si eredm\u00e9nyek csak korl\u00e1tozottan \u00a0reproduk\u00e1lhat\u00f3ak.<\/p>\n<p>A <a href=\"https:\/\/duckduckgo.com\/\" target=\"_blank\" rel=\"noopener\">DuckDuckGo<\/a> egy hasonl\u00f3an j\u00f3 keres\u0151, azonban a keres\u00e9si eredm\u00e9nyei reproduk\u00e1lhat\u00f3ak \u00e9s olyankor is ad haszn\u00e1lhat\u00f3 eredm\u00e9nyt, amikor a Google kudarcot vall. Ez term\u00e9szetesen ford\u00edtva is igaz.<\/p>\n<p>Ha mindk\u00e9t keres\u0151 kudarcot vall, a Microsoft \u00e1ltal \u00fczemeltetett <a href=\"http:\/\/bing.com\" target=\"_blank\" rel=\"noopener\">Bing<\/a> m\u00e9g mindig j\u00f3 szolg\u00e1latot tehet.<\/p>\n<h3>K\u00e9pt\u00e1rak<\/h3>\n<p>Ha egy-egy dolgozatot, prezent\u00e1ci\u00f3t k\u00e9pekkel kell ell\u00e1tni, j\u00f3l j\u00f6hetnek a k\u00fcl\u00f6nb\u00f6z\u0151, szabadon felhaszn\u00e1lhat\u00f3 k\u00e9peket tartalmaz\u00f3 k\u00e9pt\u00e1rak<\/p>\n<figure style=\"width: 156px\" class=\"wp-caption alignright\"><a href=\"https:\/\/upload.wikimedia.org\/wikipedia\/commons\/3\/3f\/Agatha_Christie_with_her_daughter_Rosalind.jpg\"><img loading=\"lazy\" decoding=\"async\" class=\"\" src=\"https:\/\/upload.wikimedia.org\/wikipedia\/commons\/3\/3f\/Agatha_Christie_with_her_daughter_Rosalind.jpg\" alt=\"Agatha Cristie egy p\u00e9ldak\u00e9p\" width=\"156\" height=\"267\" \/><\/a><figcaption class=\"wp-caption-text\">P\u00e9lda k\u00e9p.<br \/>A k\u00e9p forr\u00e1sa: <a href=\"https:\/\/commons.wikimedia.org\/wiki\/File:Agatha_Christie_with_her_daughter_Rosalind.jpg\">Wikipedia<\/a><\/figcaption><\/figure>\n<p>.<\/p>\n<p>A <a href=\"https:\/\/commons.wikimedia.org\/\" target=\"_blank\" rel=\"noopener\">Wikimedia commons<\/a> a Wikip\u00e9di\u00e1hoz tartoz\u00f3 nemzetk\u00f6zi k\u00e9pt\u00e1r. A k\u00e9peket szabadon fel lehet haszn\u00e1lni, m\u00f3dos\u00edtani, azonban a forr\u00e1st fel kell t\u00fcntetni.<\/p>\n<figure id=\"attachment_3475\" aria-describedby=\"caption-attachment-3475\" style=\"width: 150px\" class=\"wp-caption alignleft\"><a href=\"http:\/\/www.itkommando.hu\/site\/wp-content\/uploads\/Flickr_licence.png\"><img loading=\"lazy\" decoding=\"async\" class=\"wp-image-3475 size-thumbnail\" src=\"http:\/\/www.itkommando.hu\/site\/wp-content\/uploads\/Flickr_licence-150x150.png\" alt=\"K\u00e9pt\u00e1rak: Flickr\" width=\"150\" height=\"150\" \/><\/a><figcaption id=\"caption-attachment-3475\" class=\"wp-caption-text\">A Flickr licenc lehet\u0151s\u00e9gei<\/figcaption><\/figure>\n<p>A <a href=\"https:\/\/www.flickr.com\" target=\"_blank\" rel=\"noopener\">flickr<\/a> rengeteg k\u00e9pet tartalmaz, elt\u00e9r\u0151 licencel\u00e9ssel. Egy iskolai dolgozat eset\u00e9n a licenc s\u00e9rt\u00e9st \u00e1ltal\u00e1ban a jogtulajdonosok sem veszik t\u00falzottan komolyan, azonban a val\u00f3s \u00e9letre val\u00f3 felk\u00e9sz\u00edt\u00e9s jegy\u00e9ben \u00e9rdemes odafigyelni a k\u00e9pek jogi st\u00e1tusz\u00e1ra.<\/p>\n<ul>\n<li><strong>Creative Commons:<\/strong> \u00a0Szabadon felhaszn\u00e1lhat\u00f3, azonban n\u00e9h\u00e1ny jogot a szerz\u0151 fenntart: p\u00e9ld\u00e1ul a k\u00e9p \u00fczleti c\u00e9lra nem haszn\u00e1lhat\u00f3 (egy dolgozat nyilv\u00e1nval\u00f3an nem \u00fczleti tev\u00e9kenys\u00e9g), nem m\u00f3dos\u00edthat\u00f3, felhaszn\u00e1l\u00e1s eset\u00e9n a forr\u00e1sra mutat\u00f3 linket is ki kell tenni stb.<\/li>\n<li><strong>Commercial use allowed:<\/strong> \u00dczleti c\u00e9lra is haszn\u00e1lhat\u00f3<\/li>\n<li><strong>Modifications allowed:<\/strong> A k\u00e9p szabadon m\u00f3dos\u00edthat\u00f3<\/li>\n<li><strong>Commercial use &amp; mods allowed:<\/strong> Szabadon m\u00f3dos\u00edthat\u00f3 \u00e9s \u00fczleti c\u00e9lra is felhaszn\u00e1lhat\u00f3<\/li>\n<li><strong>No known copyright restrictions:<\/strong> Nincsenek megszor\u00edt\u00e1sok a k\u00e9p szabadon felhaszn\u00e1lhat\u00f3<\/li>\n<li><strong>US Govement works:<\/strong> Az egyes\u00fclt \u00c1llamok korm\u00e1nyhivatalai \u00e1ltal k\u00e9sz\u00edtett k\u00e9pek, <a href=\"https:\/\/www.usa.gov\/government-works\" target=\"_blank\" rel=\"noopener\">n\u00e9h\u00e1ny megk\u00f6t\u00e9ssel<\/a> szabadon felhaszn\u00e1lhat\u00f3ak<\/li>\n<\/ul>\n<h3>Ford\u00edt\u00e1s<\/h3>\n<p>Ford\u00edt\u00e1s eset\u00e9n a sok mosolyra okot ad\u00f3 Google ford\u00edt\u00f3t c\u00e9lszer\u0171 nagy \u00edvben ker\u00fclni, helyette a <a href=\"http:\/\/szotar.lap.hu\" target=\"_blank\" rel=\"noopener\">szotar.lap.hu<\/a> oldalon v\u00e1logatni a professzion\u00e1lis (\u00e9s kev\u00e9sb\u00e9 professzion\u00e1lis) sz\u00f3t\u00e1rak k\u00f6z\u00f6tt. Sajnos a mesters\u00e9ges intelligenci\u00e1k m\u00e9g nem \u00e1llnak azon a szinten, hogy elfogadhat\u00f3 ford\u00edt\u00e1st k\u00e9sz\u00edtsenek.<\/p>\n<p>Ha az adott nyelvet j\u00f3l ismerj\u00fck, akkor nyers ford\u00edt\u00e1sra j\u00f3k lehetnek a robot ford\u00edt\u00f3k.<\/p>\n","protected":false},"excerpt":{"rendered":"<p>Nyakunkon a szeptember (A Szeptember!), kezd\u0151dik az iskola. Az asztali g\u00e9pek, notebookok, t\u00e1blag\u00e9pek, okos telefonok lehet\u0151s\u00e9gei nem mer\u00fclnek ki a Facebook, cseveg\u0151 \u00e9s j\u00e1t\u00e9kprogramok lehet\u0151s\u00e9gein\u00e9l. Wikip\u00e9dia A Wikip\u00e9di\u00e1r\u00f3l m\u00e1r \u00edrtunk&hellip;<a href=\"https:\/\/www.itkommando.hu\/site\/a_halozat_szolgalataban\/tanulmanyok\/az-informatikai-eszkozok-a-tanulasban\/\" class=\"more-link\"><span class=\"more-button\">Tov\u00e1bb a r\u00e9szletekre<span class=\"screen-reader-text\">Az Internetes eszk\u00f6z\u00f6k a tanul\u00e1sban<\/span><\/span><\/a><\/p>\n","protected":false},"author":1,"featured_media":3480,"parent":397,"menu_order":0,"comment_status":"closed","ping_status":"closed","template":"","meta":{"footnotes":""},"categories":[89,16,67],"tags":[],"class_list":["post-3472","page","type-page","status-publish","has-post-thumbnail","hentry","category-felhasznaloknak","category-tanacsok","category-wikipedia"],"aioseo_notices":[],"_links":{"self":[{"href":"https:\/\/www.itkommando.hu\/site\/wp-json\/wp\/v2\/pages\/3472","targetHints":{"allow":["GET"]}}],"collection":[{"href":"https:\/\/www.itkommando.hu\/site\/wp-json\/wp\/v2\/pages"}],"about":[{"href":"https:\/\/www.itkommando.hu\/site\/wp-json\/wp\/v2\/types\/page"}],"author":[{"embeddable":true,"href":"https:\/\/www.itkommando.hu\/site\/wp-json\/wp\/v2\/users\/1"}],"replies":[{"embeddable":true,"href":"https:\/\/www.itkommando.hu\/site\/wp-json\/wp\/v2\/comments?post=3472"}],"version-history":[{"count":8,"href":"https:\/\/www.itkommando.hu\/site\/wp-json\/wp\/v2\/pages\/3472\/revisions"}],"predecessor-version":[{"id":5481,"href":"https:\/\/www.itkommando.hu\/site\/wp-json\/wp\/v2\/pages\/3472\/revisions\/5481"}],"up":[{"embeddable":true,"href":"https:\/\/www.itkommando.hu\/site\/wp-json\/wp\/v2\/pages\/397"}],"wp:featuredmedia":[{"embeddable":true,"href":"https:\/\/www.itkommando.hu\/site\/wp-json\/wp\/v2\/media\/3480"}],"wp:attachment":[{"href":"https:\/\/www.itkommando.hu\/site\/wp-json\/wp\/v2\/media?parent=3472"}],"wp:term":[{"taxonomy":"category","embeddable":true,"href":"https:\/\/www.itkommando.hu\/site\/wp-json\/wp\/v2\/categories?post=3472"},{"taxonomy":"post_tag","embeddable":true,"href":"https:\/\/www.itkommando.hu\/site\/wp-json\/wp\/v2\/tags?post=3472"}],"curies":[{"name":"wp","href":"https:\/\/api.w.org\/{rel}","templated":true}]}}